{"id":36097,"date":"2010-10-15T21:36:06","date_gmt":"2010-10-15T18:36:06","guid":{"rendered":"https:\/\/gontis.eu\/"},"modified":"2010-10-15T21:36:06","modified_gmt":"2010-10-15T18:36:06","slug":"gyvenimo-aprasymas","status":"publish","type":"page","link":"https:\/\/web.vu.lt\/tfai\/v.gontis\/gyvenimo-aprasymas\/","title":{"rendered":"Gyvenimo apra\u0161ymas"},"content":{"rendered":"<p>Fizini\u0173 moksl\u0173 daktaras, visuomen\u0117s veik\u0117jas.<\/p>\n<p>Profesija: Fizikas teoretikas.<\/p>\n<p>Gimimo vieta: 1954m. rugpj\u016b\u010dio 27 d., Rietave, Plung\u0117s r.<\/p>\n<p>T\u0117vai: T\u0117vas Gustavas Gontis, Vincento (g. 1921 m. sausio 4 d. Vink\u0161n\u0117n\u0173 k., \u0160iauli\u0173 vals\u010dius, valstie\u010di\u0173 \u0161eimoje). Gustavas 1938 m. baig\u0117 \u0160iauli\u0173 valstybin\u0119 berniuk\u0173 gimnazij\u0105, o 1942 m. pavasar\u012f Dotnuvos \u017eem\u0117s \u016bkio akademijos Agronomijos skyri\u0173, \u012fgydamas agronomo specialyb\u0119. Apie \u0161\u012f laikotarp\u012f ra\u0161oma jo autobiografin\u0117je knygoje \u201eSugriautos tvirtov\u0117s\u201c (2000m.). 1944 m. Gustavas Gontis prad\u0117jo dirbti Radvili\u0161kio vals\u010diaus agronomu. 1945 m. persikelia dirbti \u012f Jaki\u0161ki\u0173 \u017eem\u0117s \u016bkio mechanizavimo mokykl\u0105 (Joni\u0161kio r.). Nuo 1947 m. jis d\u0117stytojavo Joni\u0161k\u0117lio (Pasvalio r.) \u017eem\u0117s \u016bkio technikume. Nuo 1951 m. iki 1961 m. dirbo Rietavo (Plung\u0117s r.) \u017eem\u0117s \u016bkio technikumo direktoriumi. Prisiminimai apie \u0161\u012f laikotarp\u012f apra\u0161yti jo knygoje \u201eLaisv\u0117s kibirk\u0161t\u0117l\u0117, arba Rietavo romanas\u201c (2002). Nuo 1961 m. iki 1969 m. dirbo Marijampol\u0117s gyvulininkyst\u0117s (v\u0117liau \u017eem\u0117s \u016bkio) technikumo direktoriumi, o nuo 1969 iki 1971 m. met\u0173, technikum\u0105 reorganizavus \u012f tarybin\u012f \u016bk\u012f-technikum\u0105, direktoriaus pavaduotoju mokymo reikalams. 1971-1986 m. G. Gontis dirbo d\u0117stytoju. Pirmoji knyga Gustavo \u201eVink\u0161n\u0117n\u0173 kaimo istorijos\u201c, i\u0161leista 1999 m. G. Gontis i\u0161leido 5 knygas ir du eil\u0117ra\u0161\u010di\u0173 rinkinius. Mama &#8211; Liongina Gontien\u0117, (Liongina Jonkut\u0117, Pilypo g. 1924 m. bir\u017eelio 24 d. Jaki\u0161ki\u0173 kaime Joni\u0161kio vals\u010diaus, valstie\u010di\u0173 \u0161eimoje &#8211; 1991 m. vasario 18 d. Marijampol\u0117). Ji nuo 1948 met\u0173 vis\u0105 laik\u0105 dirbo kartu su vyru tose pat mokyklose \u2013 d\u0117st\u0117 lietuvi\u0173 kalb\u0105 ir literat\u016br\u0105, istorij\u0105.<\/p>\n<p>\u0160eimynin\u0117 pad\u0117tis: \u017dmona \u2014 Nijol\u0117 Gontien\u0117, Juozo (iki 1984 m. Kujelyt\u0117, g. 1958m. rugs\u0117jo 26 d. Ajuti\u0161ki\u0173 k., Roki\u0161kio r.). 1976m. baig\u0117 Panev\u0117\u017eio A.Doma\u0161evi\u010diaus medicinos mokykl\u0105, dirba vyresni\u0105ja slaugytoja Vilniaus universiteto ligonin\u0117je Santari\u0161ki\u0173 klinikos.<\/p>\n<p>Vaikai: Vaikai &#8211; Goda Gontyt\u0117 (g. 1984 m. rugpj\u016b\u010dio 21 d. Vilniuje), 2008 m. baig\u0117 Vilniaus dail\u0117s akademij\u0105 ir 2013 m. Gerit Rietveldo Akademij\u0105 Amsterdame (Gerrit Rietveld Akademie), yra grafin\u0117 dizainer\u0117; \u2014 Vytis Gontis (g. 1986 m. sausio 26 d. Vilniuje), 2009 m. baig\u0117 Vilniaus technologij\u0173 ir dizaino kolegij\u0105, dirba kompiuterin\u0117s reklamos srityje.<\/p>\n<p>I\u0161silavinimas: 1961-1972 m\u00a0 mok\u0117si Marijampol\u0117s IV vidurin\u0117je mokykloje. 1972m. \u012fstojo \u012f Vilniaus universiteto (VU) Fizikos fakultet\u0105, kur\u012f 1977m. baig\u0117 \u012fgydamas fiziko teoretiko specialyb\u0119. 1985m. baig\u0117 neakivaizdin\u0119 aspirant\u016br\u0105, apgyn\u0117 disertacij\u0105 &quot;Auk\u0161tos temperat\u016bros plazmos priemai\u0161\u0173 spinduliavimo charakteristikos&quot; ir \u012fgijo moksl\u0173 daktaro mokslo laipsn\u012f. 1994m. sta\u017eavosi Nacionaliniame mokslo fonde JAV (National Science Foundation). &quot;2007 metais V. Gontis VU TFAI atliko habilitacijos proced\u016br\u0105, o 2009 metais laim\u0117jo konkurs\u0105 vyriausiojo mokslo darbuotojo pareigoms u\u017eimti.&quot;\u00a02014-2015 m. sta\u017eavosi Bostono universitete, JAV.<\/p>\n<p>Karjera: Paskirtas dirbti \u012f Moksl\u0173 Akademijos Fizikos institut\u0105 jaunesniuoju mokslo darbuotoju. 1991\u20131992m. \u2013 Lietuvos Respublikos Vyriausyb\u0117s kanceliarijos Mokslo ir studij\u0173 skyriaus ved\u0117jas.1992\u20131993m. \u2013 Mokslo, studij\u0173 ir technologij\u0173 tarnybos prie Lietuvos Respublikos Vyriausyb\u0117s generalinis direktorius. 1994\u20131996m. \u2013 Ekonomikos ir privatizavimo instituto prie Ekonomikos ministerijos mokslo darbuotojas. 1996\u20132001m. \u2013 JAV organizacijos \u201eInternational Executive Service Corps\u201c atstovyb\u0117s Lietuvoje verslo paslaug\u0173 pl\u0117tros direktorius. 2008-2009m. ir 2011 m. \u2013 Vilniaus universiteto Fizikos fakulteto profesorius. 2003-2007m. Lietuvos mokslo tarybos narys. 2007m. iki dabar dirba Vilniaus universiteto Teorin\u0117s fizikos ir astronomijos instituto vyriausiuoju mokslo darbuotoju, yra Kompleksini\u0173, fizini\u0173 ir socialini\u0173 sistem\u0173 grup\u0117s vadovas.<\/p>\n<p>Publikacijos: 1977m. paskelb\u0117 72 mokslinius straipsnius, spr\u0119sdamas \u012fvairius plazmos spektroskopijos, netiesin\u0117s dinamikos, klasikinio ir kvantinio chaoso bei fizikini\u0173 metod\u0173 taikymo ekonomikoje u\u017edavinius. Nuo 2001m. publikuoja straipsnius naujoje tarpdisciplinin\u0117je tyrim\u0173 srityje \u201eEkonofizika\u201c, kuri artimai siejasi su Ekonometrija ir platesniais statistin\u0117s fizikos taikymais modeliuojant socialines sistemas. V. Gon\u010dio darb\u0173 s\u0105ra\u0161\u0105 su daugelio straipsni\u0173 pilnais tekstais galite rasti jo asmenin\u0117je svetain\u0117je: https:\/\/web.vu.lt\/tfai\/v.gontis\/publications.<\/p>\n<p>Naryst\u0117 organizacijose: 1989m. aktyviai dalyvavo steigiant ir kuriant Lietuvos mokslinink\u0173 s\u0105jung\u0105. 1997-2006 m. ir nuo 2012m. iki 2016m.V. Gontis buvo Lietuvos mokslinink\u0173 s\u0105jungos pirmininkas. Yra Lietuvos ir Europos fizik\u0173 draugij\u0173 bei Euroscience narys.<\/p>\n<p>Pasiekimai: Prad\u0117jo ir t\u0119sia Ekonofizikos mokslinius tyrimus Lietuvoje, siekia i\u0161pl\u0117toti statistin\u0117s fizikos taikymus ir kitose socialini\u0173 moksl\u0173 srityse. Dalyvavo kuriant nepriklausomos Lietuvos mokslo ir studij\u0173 valstybinio reguliavimo sistem\u0105. 1991-1993m. k\u016br\u0117 ir vadovavo LR Vyriausyb\u0117s Mokslo ir studij\u0173 skyriui bei Mokslo, studij\u0173 ir technologij\u0173 tarnybai. Tuo laikotarpiu pareng\u0117 ir pateik\u0117 Vyriausybei patvirtinti daugel\u012f Mokslo ir studij\u0173 \u012fstatym\u0105 papildan\u010di\u0173 Vyriausyb\u0117s nutarim\u0173 ir kit\u0173 normatyvini\u0173 dokument\u0173. Dirbdamas \u0161\u012f darb\u0105, pad\u0117jo Lietuvoje \u012fgyvendinti \u012fvairias ES programas. Lietuvos mokslinink\u0173 s\u0105jungos pavedimu pareng\u0117 Lietuvos mokslo ir studij\u0173 teisinio reglamentavimo koncepcij\u0105. 1996 m Lietuvos mokslinink\u0173 s\u0105junga delegavo V. Gont\u012f atstovauti mokslo interesams Spaudos, radijo ir televizijos r\u0117mimo fonde. Buvo i\u0161rinktas ir 1996\u20131999m. \u00a0dirbo \u0161io fondo tarybos pirmininku. 1997-2001m. V.Gontis buvo UNESCO Nacionalin\u0117s komisijos narys, mokslo komiteto pirmininkas. Jis dalyvavo 29 ir 30 UNESCO Generalin\u0117se konferencijose, skait\u0117 ten prane\u0161imus, taip pat \u012fgyvendino UNESCO Pasaulio mokslo konferencijos nutarimus Baltijos valstyb\u0117se, vykdydamas regionin\u012f UNESCO projekt\u0105 V. Gontis kartu su Lietuvos mokslinink\u0173 s\u0105junga daug prisid\u0117jo organizuojant XI, XII ir XIII Pasaulio lietuvi\u0173 mokslo ir k\u016brybos simpoziumus.<\/p>\n<p>Hobiai: Vis\u0105 gyvenim\u0105 domisi sportu ir pats sportuoja. Daugiausiai laiko skiria futbolui, kaln\u0173 slidin\u0117jimui ir tenisui. \u0160iuo metu daug laiko praleid\u017eia gamtoje, savo sodyboje Brinki\u0161ki\u0173 kaime.<\/p>\n<p>Kita veikla: Moksliniai tyrimai visada buvo pagrindin\u0117 veikla. Mokslin\u0119 karjer\u0105 prad\u0117jo dirbdamas Plazmos spektroskopijos skyriuje, pirmasis vadovas Julius \u0160alkauskas (Prof. Stasio \u0160alkauskio s\u016bnus). Pirmieji darbai keit\u0117si pereinant nuo \u017eemos temperat\u016bros plazmos spinduliuot\u0117s skai\u010diavim\u0173 prie auk\u0161tos temperat\u016bros plazmos (valdomos termobraduolin\u0117s reakcijos galimybi\u0173 tyrimai Tokamak \u012frenginyje) spinduliavimo energijos nuostoli\u0173 modeliavimo. Vadovaujant profesoriams Zenonui Rudzikui ir Valerij Stepanivich Lisitsa 1985m. apgyn\u0117 disertacij\u0105 &quot;Auk\u0161tos temperat\u016bros plazmos priemai\u0161\u0173 spinduliavimo charakteristikos&quot;. Bendradarbiaudamas su Bronislovu Kaulakiu, dirbo dinaminio chaoso srityje, tyr\u0117 vienma\u010dio vandenilio atomo harmoniniame i\u0161oriniame lauke statistines savybes klasikinio ir kvantinio apra\u0161ymo sand\u016broje.<\/p>\n<p>Palink\u0117jimas: Kiekvienas esame didelio, sud\u0117tingo ir \u012fvairaus pasaulio dalel\u0117. Gavome \u0161\u012f palikim\u0105 i\u0161 \u00a0gausyb\u0117s ankstesni\u0173 kart\u0173. Siekis pa\u017einti mus supant\u012f pasaul\u012f daugeliui gali tapti gyvenimo aistra ir prasm\u0117. Ateinan\u010dios kartos vertins m\u016bs\u0173 atliktus darbus pagal tai, kiek sugeb\u0117jome praskleisti pa\u017einimo skraist\u0119 ir palikti joms vis\u0105\u00a0 gamtin\u0119 ir kult\u016brin\u0119 \u0161io pasaulio \u012fvairov\u0119. Atsakomyb\u0117 prie\u0161 buvusias ir b\u016bsimas kartas yra tai, kas leid\u017eia pakilti vir\u0161 savo asmenini\u0173 interes\u0173 ir suteikia prasm\u0119 visiems m\u016bs\u0173 siekiams.<\/p>\n","protected":false},"excerpt":{"rendered":"<p>Fizini\u0173 moksl\u0173 daktaras, visuomen\u0117s veik\u0117jas. Profesija: Fizikas teoretikas. Gimimo vieta: 1954m. rugpj\u016b\u010dio 27 d., Rietave, Plung\u0117s r. T\u0117vai: T\u0117vas Gustavas Gontis, Vincento (g. 1921 m. sausio 4 d. Vink\u0161n\u0117n\u0173 k., \u0160iauli\u0173 vals\u010dius, valstie\u010di\u0173 \u0161eimoje). Gustavas 1938 m. baig\u0117 \u0160iauli\u0173 valstybin\u0119 berniuk\u0173 gimnazij\u0105, o 1942 m. pavasar\u012f Dotnuvos \u017eem\u0117s \u016bkio akademijos Agronomijos skyri\u0173, \u012fgydamas agronomo specialyb\u0119. [&hellip;]<\/p>\n","protected":false},"author":2,"featured_media":0,"parent":0,"menu_order":0,"comment_status":"closed","ping_status":"closed","template":"","meta":{"footnotes":""},"class_list":["post-36097","page","type-page","status-publish","hentry"],"_links":{"self":[{"href":"https:\/\/web.vu.lt\/tfai\/v.gontis\/wp-json\/wp\/v2\/pages\/36097","targetHints":{"allow":["GET"]}}],"collection":[{"href":"https:\/\/web.vu.lt\/tfai\/v.gontis\/wp-json\/wp\/v2\/pages"}],"about":[{"href":"https:\/\/web.vu.lt\/tfai\/v.gontis\/wp-json\/wp\/v2\/types\/page"}],"author":[{"embeddable":true,"href":"https:\/\/web.vu.lt\/tfai\/v.gontis\/wp-json\/wp\/v2\/users\/2"}],"replies":[{"embeddable":true,"href":"https:\/\/web.vu.lt\/tfai\/v.gontis\/wp-json\/wp\/v2\/comments?post=36097"}],"version-history":[{"count":0,"href":"https:\/\/web.vu.lt\/tfai\/v.gontis\/wp-json\/wp\/v2\/pages\/36097\/revisions"}],"wp:attachment":[{"href":"https:\/\/web.vu.lt\/tfai\/v.gontis\/wp-json\/wp\/v2\/media?parent=36097"}],"curies":[{"name":"wp","href":"https:\/\/api.w.org\/{rel}","templated":true}]}}