{"id":2,"date":"2021-11-15T04:25:20","date_gmt":"2021-11-15T04:25:20","guid":{"rendered":"https:\/\/web.vu.lt\/tfai\/v.gontis\/?page_id=2"},"modified":"2021-11-19T19:03:50","modified_gmt":"2021-11-19T17:03:50","slug":"puslapio-pavyzdys","status":"publish","type":"page","link":"https:\/\/web.vu.lt\/tfai\/v.gontis\/puslapio-pavyzdys\/","title":{"rendered":"Apie autori\u0173"},"content":{"rendered":"\n<p><img decoding=\"async\" class=\"alignleft size-medium wp-image-531\" style=\"width: 150px;\" src=\"https:\/\/web.vu.lt\/tfai\/v.gontis\/wp-content\/uploads\/2021\/11\/Gontis-lake-JAV.jpg\" alt=\"\">Vilniaus universiteto Teorin\u0117s fizikos ir astronomijos instituto vyriausiasis mokslo darbuotojas. Mokslini\u0173 interes\u0173 sritis: statistin\u0117 fizika, klasikini\u0173 ir kvantini\u0173 sistem\u0173 dinaminis chaosas, ekonofizika, rizikos fizika.<\/p>\n\n\n\n<p><strong>Adresas:<\/strong> Saul\u0117tekio al. 3-A433, Vilnius LT-10257, Lietuva<br><strong>Mobilus Tel.:<\/strong> (+370-698) 12384<br><strong>E-pa\u0161tas:<\/strong> <a href=\"mailto:vygintas%28%29gontis.eu\">vygintas()gontis.eu<\/a><br><strong>Web:<\/strong><a href=\"http:\/\/gontis.eu\">http:\/\/gontis.eu<\/a><\/p>\n\n\n\n<p><\/p>\n","protected":false},"excerpt":{"rendered":"<p>Vilniaus universiteto Teorin\u0117s fizikos ir astronomijos instituto vyriausiasis mokslo darbuotojas. Mokslini\u0173 interes\u0173 sritis: statistin\u0117 fizika, klasikini\u0173 ir kvantini\u0173 sistem\u0173 dinaminis chaosas, ekonofizika, rizikos fizika. Adresas: Saul\u0117tekio al. 3-A433, Vilnius LT-10257, LietuvaMobilus Tel.: (+370-698) 12384E-pa\u0161tas: vygintas()gontis.euWeb:http:\/\/gontis.eu<\/p>\n","protected":false},"author":1,"featured_media":0,"parent":0,"menu_order":0,"comment_status":"closed","ping_status":"open","template":"","meta":{"footnotes":""},"class_list":["post-2","page","type-page","status-publish","hentry"],"_links":{"self":[{"href":"https:\/\/web.vu.lt\/tfai\/v.gontis\/wp-json\/wp\/v2\/pages\/2","targetHints":{"allow":["GET"]}}],"collection":[{"href":"https:\/\/web.vu.lt\/tfai\/v.gontis\/wp-json\/wp\/v2\/pages"}],"about":[{"href":"https:\/\/web.vu.lt\/tfai\/v.gontis\/wp-json\/wp\/v2\/types\/page"}],"author":[{"embeddable":true,"href":"https:\/\/web.vu.lt\/tfai\/v.gontis\/wp-json\/wp\/v2\/users\/1"}],"replies":[{"embeddable":true,"href":"https:\/\/web.vu.lt\/tfai\/v.gontis\/wp-json\/wp\/v2\/comments?post=2"}],"version-history":[{"count":3,"href":"https:\/\/web.vu.lt\/tfai\/v.gontis\/wp-json\/wp\/v2\/pages\/2\/revisions"}],"predecessor-version":[{"id":17,"href":"https:\/\/web.vu.lt\/tfai\/v.gontis\/wp-json\/wp\/v2\/pages\/2\/revisions\/17"}],"wp:attachment":[{"href":"https:\/\/web.vu.lt\/tfai\/v.gontis\/wp-json\/wp\/v2\/media?parent=2"}],"curies":[{"name":"wp","href":"https:\/\/api.w.org\/{rel}","templated":true}]}}