{"id":2,"date":"2025-05-30T11:04:18","date_gmt":"2025-05-30T11:04:18","guid":{"rendered":"https:\/\/web.vu.lt\/mif\/v.gruzauskas\/?page_id=2"},"modified":"2026-02-22T11:33:09","modified_gmt":"2026-02-22T09:33:09","slug":"puslapio-pavyzdys","status":"publish","type":"page","link":"https:\/\/web.vu.lt\/mif\/v.gruzauskas","title":{"rendered":"Pradinis"},"content":{"rendered":"\n<figure class=\"wp-block-embed\"><div class=\"wp-block-embed__wrapper\">\nhttps:\/\/scholar.google.com\/citations?user=WPsIcy8AAAAJ&#038;hl=en\n<\/div><\/figure>\n\n\n\n<p><strong>doc. dr. Valentas Gru\u017eauskas <\/strong>\u2013 Vilniaus universiteto Matematikos ir informatikos fakulteto (VU MIF) docentas ir vyresnysis mokslo darbuotojas, Dirbtinio intelekto metod\u0173 laboratorijos (Artificial Intelligence Methods Lab, AIML) vadovas.<\/p>\n\n\n\n<p>Dirbtinio intelekto metod\u0173 laboratorija (AIML, aiml.lt) siekia kurti ir pl\u0117toti patikimus, skaidrius ir atkuriamus dirbtinio intelekto (DI) metodus bei j\u0173 eksperimentavimo infrastrukt\u016br\u0105, u\u017etikrinant metod\u0173 atsparum\u0105 ir rezultat\u0173 atkartojamum\u0105. Laboratorija dirba \u0161iose srityse:<\/p>\n\n\n\n<ul class=\"wp-block-list\">\n<li>paai\u0161kinamas dirbtinis intelektas (XAI) ir modeli\u0173 skaidrumo metodai;<\/li>\n\n\n\n<li>multimodalus DI (pvz., derinant vaizdus, tekst\u0105 ir kitus duomen\u0173 \u0161altinius);<\/li>\n\n\n\n<li>agentiniai \/ agent\u0173 pagrindu kuriami metodai (automatizavimui, orkestravimui, vertinimui);<\/li>\n\n\n\n<li>DI sistem\u0173 rizik\u0173 valdymas ir atitikties vertinimas pagal EU AI Act ir ISO\/IEC 42001.<\/li>\n<\/ul>\n\n\n\n<p><strong>Pareigos:<\/strong><\/p>\n\n\n\n<ul class=\"wp-block-list\">\n<li>Dirbtinio intelekto metod\u0173 laboratorijos (AIML) vadovas, VU MIF (nuo 2026 m.)<\/li>\n\n\n\n<li>Docentas, VU MIF (nuo 2022 m.)<\/li>\n\n\n\n<li>Vyresnysis mokslo darbuotojas, VU MIF (nuo 2024 m.)<\/li>\n\n\n\n<li>CEO, \u201eAI Conformity &#038; Research Consulting, MB\u201c (nuo 2024 m.)<\/li>\n<\/ul>\n\n\n\n<p><strong>I\u0161silavinimas<\/strong><\/p>\n\n\n\n<ul class=\"wp-block-list\">\n<li>2020 \u2013 Socialini\u0173 moksl\u0173 daktaras (KTU).<\/li>\n\n\n\n<li>2016 \u2013 Pramon\u0117s in\u017einerijos ir vadybos magistras (KTU).<\/li>\n\n\n\n<li>2014 \u2013 Taikomosios matematikos ir ekonomikos bakalauras (KTU).<\/li>\n<\/ul>\n\n\n\n<p>Google Scholar: <a href=\"https:\/\/scholar.google.com\/citations?user=WPsIcy8AAAAJ&#038;hl=en\">https:\/\/scholar.google.com\/citations?user=WPsIcy8AAAAJ&#038;hl=en<\/a><\/p>\n\n\n\n<p>AIML: <a href=\"https:\/\/aiml.lt\/\">https:\/\/aiml.lt\/<\/a><\/p>\n\n\n\n<div class=\"wp-block-file\"><a id=\"wp-block-file--media-20188014-eeef-4fa2-bc9e-d87bbf83881a\" href=\"https:\/\/web.vu.lt\/mif\/v.gruzauskas\/wp-content\/uploads\/2026\/02\/V-Gruzauskas-CV-academic.pdf\" target=\"_blank\" rel=\"noreferrer noopener\">V Gruzauskas CV<\/a><a href=\"https:\/\/web.vu.lt\/mif\/v.gruzauskas\/wp-content\/uploads\/2026\/02\/V-Gruzauskas-CV-academic.pdf\" class=\"wp-block-file__button wp-element-button\" download aria-describedby=\"wp-block-file--media-20188014-eeef-4fa2-bc9e-d87bbf83881a\">Parsisi\u0173sti<\/a><\/div>\n\n\n\n<p><\/p>\n","protected":false},"excerpt":{"rendered":"<p>doc. dr. Valentas Gru\u017eauskas \u2013 Vilniaus universiteto Matematikos ir informatikos fakulteto (VU MIF) docentas ir vyresnysis mokslo darbuotojas, Dirbtinio intelekto metod\u0173 laboratorijos (Artificial Intelligence Methods Lab, AIML) vadovas. Dirbtinio intelekto metod\u0173 laboratorija (AIML, aiml.lt) siekia kurti ir pl\u0117toti patikimus, skaidrius ir atkuriamus dirbtinio intelekto (DI) metodus bei j\u0173 eksperimentavimo infrastrukt\u016br\u0105, u\u017etikrinant metod\u0173 atsparum\u0105 ir rezultat\u0173 [&hellip;]<\/p>\n","protected":false},"author":1,"featured_media":0,"parent":0,"menu_order":0,"comment_status":"closed","ping_status":"open","template":"","meta":{"footnotes":""},"class_list":["post-2","page","type-page","status-publish","hentry"],"_links":{"self":[{"href":"https:\/\/web.vu.lt\/mif\/v.gruzauskas\/wp-json\/wp\/v2\/pages\/2","targetHints":{"allow":["GET"]}}],"collection":[{"href":"https:\/\/web.vu.lt\/mif\/v.gruzauskas\/wp-json\/wp\/v2\/pages"}],"about":[{"href":"https:\/\/web.vu.lt\/mif\/v.gruzauskas\/wp-json\/wp\/v2\/types\/page"}],"author":[{"embeddable":true,"href":"https:\/\/web.vu.lt\/mif\/v.gruzauskas\/wp-json\/wp\/v2\/users\/1"}],"replies":[{"embeddable":true,"href":"https:\/\/web.vu.lt\/mif\/v.gruzauskas\/wp-json\/wp\/v2\/comments?post=2"}],"version-history":[{"count":16,"href":"https:\/\/web.vu.lt\/mif\/v.gruzauskas\/wp-json\/wp\/v2\/pages\/2\/revisions"}],"predecessor-version":[{"id":73,"href":"https:\/\/web.vu.lt\/mif\/v.gruzauskas\/wp-json\/wp\/v2\/pages\/2\/revisions\/73"}],"wp:attachment":[{"href":"https:\/\/web.vu.lt\/mif\/v.gruzauskas\/wp-json\/wp\/v2\/media?parent=2"}],"curies":[{"name":"wp","href":"https:\/\/api.w.org\/{rel}","templated":true}]}}