{"id":26,"date":"2022-09-26T18:40:11","date_gmt":"2022-09-26T18:40:11","guid":{"rendered":"https:\/\/web.vu.lt\/khf\/j.astrauskiene\/?page_id=26"},"modified":"2024-07-07T17:55:02","modified_gmt":"2024-07-07T14:55:02","slug":"projects","status":"publish","type":"page","link":"https:\/\/web.vu.lt\/khf\/j.astrauskiene\/projects\/","title":{"rendered":"Projects"},"content":{"rendered":"<figure class=\"wp-block-post-featured-image\"><img loading=\"lazy\" decoding=\"async\" width=\"1060\" height=\"596\" src=\"https:\/\/web.vu.lt\/khf\/j.astrauskiene\/wp-content\/uploads\/2022\/09\/flat-lay-desk-calendar-with-succulent-plant_23-2148693378.jpg\" class=\"attachment-post-thumbnail size-post-thumbnail wp-post-image\" alt=\"\" style=\"object-fit:cover;\" srcset=\"https:\/\/web.vu.lt\/khf\/j.astrauskiene\/wp-content\/uploads\/2022\/09\/flat-lay-desk-calendar-with-succulent-plant_23-2148693378.jpg 1060w, https:\/\/web.vu.lt\/khf\/j.astrauskiene\/wp-content\/uploads\/2022\/09\/flat-lay-desk-calendar-with-succulent-plant_23-2148693378-300x169.jpg 300w, https:\/\/web.vu.lt\/khf\/j.astrauskiene\/wp-content\/uploads\/2022\/09\/flat-lay-desk-calendar-with-succulent-plant_23-2148693378-1024x576.jpg 1024w, https:\/\/web.vu.lt\/khf\/j.astrauskiene\/wp-content\/uploads\/2022\/09\/flat-lay-desk-calendar-with-succulent-plant_23-2148693378-768x432.jpg 768w\" sizes=\"auto, (max-width: 1060px) 100vw, 1060px\" \/><\/figure>\n\n\n<ul class=\"wp-block-list\">\n<li>01 07 2024 \u2013 30 08 2024 <em>Subtitr\u0173 pozicionavimas ir vizualinis suvokimas: kur\u010di\u0173j\u0173 ir girdin\u010di\u0173j\u0173 \u017ei\u016brov\u0173 skaitymo patirties lyginamoji analiz\u0117<\/em> (The Research Council of Lithuania (RCL)\u00a0Student Summer Research Internship (No. P-SV-24-258)) (Internship supervisor Jurgita Astrauskien\u0117, Student Rugil\u0117 \u017dvirblyt\u0117).<\/li>\n<\/ul>\n\n\n\n<ul class=\"wp-block-list\">\n<li>01 07 2021 \u2013 30 06 2023 06 <em>Translation of Culture-Specific Items in Contemporary Lithuanian-Dubbed Films<\/em> (09.3.3-LMT-K-712-23-0178) (Research fellow Jurgita Astrauskien\u0117; Fellowship supervisor Danguol\u0117 Satkauskait\u0117).<\/li>\n<\/ul>\n\n\n\n<ul class=\"wp-block-list\">\n<li>2018 \u2013 2023 <em>Kauno r. savivaldyb\u0117s ir Kauno miesto universitet\u0173 tarpdisciplininis itin gabi\u0173 mokini\u0173 ugdymo projektas<\/em> (The interdisciplinary project of Kaunas municipality and Kaunas city universities for the education of highly gifted students) (No. A-901;\u00a0(1.79) SU-1996) (lecturer).<\/li>\n<\/ul>\n\n\n\n<ul class=\"wp-block-list\">\n<li>01 07 2019 \u2013 31 07 2020 <em>MoBiLait: mokymosi galimybi\u0173 atv\u0117rimas \u017emon\u0117ms, negalintiems skaityti \u012fprasto spausdinto teksto, per Lietuvos bibliotek\u0173 tinkl\u0105<\/em> (MoBiLait: Enabling learning opportunities for usual print-disabled persons, through the Lithuanian Library Network (No. 02.3.1-CPVA-V-526-01-0008; 02.3.1-CPVA-V-526)) (image describer).<\/li>\n<\/ul>\n\n\n\n<p><\/p>\n","protected":false},"excerpt":{"rendered":"","protected":false},"author":1,"featured_media":49,"parent":0,"menu_order":2,"comment_status":"closed","ping_status":"closed","template":"","meta":{"footnotes":""},"class_list":["post-26","page","type-page","status-publish","hentry"],"_links":{"self":[{"href":"https:\/\/web.vu.lt\/khf\/j.astrauskiene\/wp-json\/wp\/v2\/pages\/26","targetHints":{"allow":["GET"]}}],"collection":[{"href":"https:\/\/web.vu.lt\/khf\/j.astrauskiene\/wp-json\/wp\/v2\/pages"}],"about":[{"href":"https:\/\/web.vu.lt\/khf\/j.astrauskiene\/wp-json\/wp\/v2\/types\/page"}],"author":[{"embeddable":true,"href":"https:\/\/web.vu.lt\/khf\/j.astrauskiene\/wp-json\/wp\/v2\/users\/1"}],"replies":[{"embeddable":true,"href":"https:\/\/web.vu.lt\/khf\/j.astrauskiene\/wp-json\/wp\/v2\/comments?post=26"}],"version-history":[{"count":5,"href":"https:\/\/web.vu.lt\/khf\/j.astrauskiene\/wp-json\/wp\/v2\/pages\/26\/revisions"}],"predecessor-version":[{"id":164,"href":"https:\/\/web.vu.lt\/khf\/j.astrauskiene\/wp-json\/wp\/v2\/pages\/26\/revisions\/164"}],"wp:featuredmedia":[{"embeddable":true,"href":"https:\/\/web.vu.lt\/khf\/j.astrauskiene\/wp-json\/wp\/v2\/media\/49"}],"wp:attachment":[{"href":"https:\/\/web.vu.lt\/khf\/j.astrauskiene\/wp-json\/wp\/v2\/media?parent=26"}],"curies":[{"name":"wp","href":"https:\/\/api.w.org\/{rel}","templated":true}]}}