{"id":123,"date":"2022-10-19T12:54:22","date_gmt":"2022-10-19T09:54:22","guid":{"rendered":"https:\/\/web.vu.lt\/khf\/j.astrauskiene\/?page_id=123"},"modified":"2022-10-22T12:30:14","modified_gmt":"2022-10-22T09:30:14","slug":"123-2","status":"publish","type":"page","link":"https:\/\/web.vu.lt\/khf\/j.astrauskiene\/123-2\/","title":{"rendered":"Contact"},"content":{"rendered":"\n<div class=\"wp-block-cover is-light\"><span aria-hidden=\"true\" class=\"wp-block-cover__background has-background-dim\"><\/span><img loading=\"lazy\" decoding=\"async\" width=\"2560\" height=\"1706\" class=\"wp-block-cover__image-background wp-image-124\" alt=\"\" src=\"https:\/\/web.vu.lt\/khf\/j.astrauskiene\/wp-content\/uploads\/2022\/10\/quino-al-4SNUcHPiC8c-unsplash-scaled.jpg\" style=\"object-position:50% 20%\" data-object-fit=\"cover\" data-object-position=\"50% 20%\" srcset=\"https:\/\/web.vu.lt\/khf\/j.astrauskiene\/wp-content\/uploads\/2022\/10\/quino-al-4SNUcHPiC8c-unsplash-scaled.jpg 2560w, https:\/\/web.vu.lt\/khf\/j.astrauskiene\/wp-content\/uploads\/2022\/10\/quino-al-4SNUcHPiC8c-unsplash-300x200.jpg 300w, https:\/\/web.vu.lt\/khf\/j.astrauskiene\/wp-content\/uploads\/2022\/10\/quino-al-4SNUcHPiC8c-unsplash-1024x683.jpg 1024w, https:\/\/web.vu.lt\/khf\/j.astrauskiene\/wp-content\/uploads\/2022\/10\/quino-al-4SNUcHPiC8c-unsplash-768x512.jpg 768w, https:\/\/web.vu.lt\/khf\/j.astrauskiene\/wp-content\/uploads\/2022\/10\/quino-al-4SNUcHPiC8c-unsplash-1536x1024.jpg 1536w, https:\/\/web.vu.lt\/khf\/j.astrauskiene\/wp-content\/uploads\/2022\/10\/quino-al-4SNUcHPiC8c-unsplash-2048x1365.jpg 2048w\" sizes=\"auto, (max-width: 2560px) 100vw, 2560px\" \/><div class=\"wp-block-cover__inner-container is-layout-flow wp-block-cover-is-layout-flow\">\n<p class=\"has-text-align-center has-white-color has-text-color has-x-large-font-size\"><strong>CONTACT<\/strong><\/p>\n<\/div><\/div>\n\n\n\n<p><strong>I would love to hear from You if You would like to collaborate or have questions!<\/strong><\/p>\n\n\n\n<p><em>Jurgita Astrauskien\u0117<\/em><br>E-mail: jurgita.astrauskiene@knf.vu.lt<\/p>\n\n\n\n<p><strong>Mailing address:<\/strong><br>Vilniaus universiteto Kauno fakultetas<br>Kalb\u0173, literat\u016bros ir vertimo studij\u0173 institutas<br>Muitin\u0117s g. 8, LT-44280 Kaunas, Lietuva<\/p>\n\n\n\n<p><\/p>\n","protected":false},"excerpt":{"rendered":"<p>I would love to hear from You if You would like to collaborate or have questions! Jurgita Astrauskien\u0117E-mail: jurgita.astrauskiene@knf.vu.lt Mailing address:Vilniaus universiteto Kauno fakultetasKalb\u0173, literat\u016bros ir vertimo studij\u0173 institutasMuitin\u0117s g. 8, LT-44280 Kaunas, Lietuva<\/p>\n","protected":false},"author":1,"featured_media":0,"parent":0,"menu_order":8,"comment_status":"closed","ping_status":"closed","template":"","meta":{"footnotes":""},"class_list":["post-123","page","type-page","status-publish","hentry"],"_links":{"self":[{"href":"https:\/\/web.vu.lt\/khf\/j.astrauskiene\/wp-json\/wp\/v2\/pages\/123","targetHints":{"allow":["GET"]}}],"collection":[{"href":"https:\/\/web.vu.lt\/khf\/j.astrauskiene\/wp-json\/wp\/v2\/pages"}],"about":[{"href":"https:\/\/web.vu.lt\/khf\/j.astrauskiene\/wp-json\/wp\/v2\/types\/page"}],"author":[{"embeddable":true,"href":"https:\/\/web.vu.lt\/khf\/j.astrauskiene\/wp-json\/wp\/v2\/users\/1"}],"replies":[{"embeddable":true,"href":"https:\/\/web.vu.lt\/khf\/j.astrauskiene\/wp-json\/wp\/v2\/comments?post=123"}],"version-history":[{"count":5,"href":"https:\/\/web.vu.lt\/khf\/j.astrauskiene\/wp-json\/wp\/v2\/pages\/123\/revisions"}],"predecessor-version":[{"id":131,"href":"https:\/\/web.vu.lt\/khf\/j.astrauskiene\/wp-json\/wp\/v2\/pages\/123\/revisions\/131"}],"wp:attachment":[{"href":"https:\/\/web.vu.lt\/khf\/j.astrauskiene\/wp-json\/wp\/v2\/media?parent=123"}],"curies":[{"name":"wp","href":"https:\/\/api.w.org\/{rel}","templated":true}]}}