{"id":94,"date":"2014-01-30T21:23:59","date_gmt":"2014-01-30T19:23:59","guid":{"rendered":"http:\/\/web.vu.lt\/flf\/v.zubaitiene\/?page_id=94"},"modified":"2025-05-05T15:24:24","modified_gmt":"2025-05-05T12:24:24","slug":"recenzuoti-darbai","status":"publish","type":"page","link":"https:\/\/web.vu.lt\/flf\/v.zubaitiene\/studentu-darbai\/recenzuoti-darbai\/","title":{"rendered":"Recenzuoti darbai | Reviewing"},"content":{"rendered":"<p><b>Magistro darbai<\/b><\/p>\n<p><strong>2024<\/strong><\/p>\n<p>Pavydyt\u0117 Kamil\u0117. \u201e<em>ChatGPT<\/em> generuojami iliustraciniai laukai: turinio ir kokyb\u0117s analiz\u0117 bei<br \/>\npalyginimas su BLK\u017d\u201c (vad. doc. dr. Lina Plau\u0161inaityt\u0117)<\/p>\n<p><strong>2022<\/strong><\/p>\n<p>Matulionyt\u0117 Akvil\u0117. \u201eNeapykantos kalbos konceptas lietuvi\u0173 jaunimo supratimu\u201c (vad. dr. Egl\u0117 Gudavi\u010dien\u0117)<\/p>\n<p><strong>2019<\/strong><\/p>\n<p>Plachovi\u010di\u016bt\u0117 Diana. \u201eFrazeologizmai su vabzd\u017ei\u0173 pavadinimais\u201c (vad. prof. dr. Birut\u0117 Jasi\u016bnait\u0117)<\/p>\n<p><strong>2018<\/strong><\/p>\n<p>Jackevi\u010di\u016bt\u0117 Gintar\u0117 \u201eErdv\u0117s rai\u0161ka \u0161iaur\u0117s \u017eemai\u010di\u0173 patarm\u0117je: prielinksnin\u0117s konstrukcijos\u201c (vad. prof. dr. Vytautas Kardelis)<\/p>\n<p><strong>2015<\/strong><\/p>\n<p>Butkevi\u010di\u016bt\u0117 Beata \u201eLietuvi\u0173 ir turk\u0173 kalb\u0173 deiktini\u0173 vietos prieveiksmi\u0173 analiz\u0117\u201c (vad. dr. Gintar\u0117 Jud\u017eentyt\u0117)<\/p>\n<p>Civikait\u0117 Ugn\u0117 \u201eStabili\u0173j\u0173 jungini\u0173 analiz\u0117\u201c (vad. doc. dr. Loreta Vilkien\u0117)<\/p>\n<p>\u0160ukyt\u0117 Janina \u201ePalyginimai su \u017emogaus k\u016bno dali\u0173 pavadinimais lietuvi\u0173 ir latvi\u0173 kalbose\u201c (vad. prof. dr. Birut\u0117 Jasi\u016bnait\u0117)<\/p>\n<p><b>\u00a0<\/b><b>2013<\/b><\/p>\n<p>\u0160\u010devil Oksana \u201ePomirtinio gyvenimo vaizdiniai lietuvi\u0173 frazeologizmuose\u201c (vad. prof. dr. Birut\u0117 Jasi\u016bnait\u0117)<\/p>\n<p><b>\u00a0<\/b><b>2012<\/b><\/p>\n<p>Pauk\u0161tyt\u0117 Vilma \u201eKalb\u0117jimo veiksma\u017eod\u017eiai ryt\u0173 auk\u0161tai\u010di\u0173 vilni\u0161ki\u0173 patarm\u0117je\u201c (vad. prof. dr. Vytautas Kardelis)<\/p>\n<p>Ruzgyt\u0117 Renata \u201eNauj\u0173j\u0173 Kancionalo tekst\u0173 religin\u0117 leksika\u201c (vad. doc. dr. Birut\u0117 Kaba\u0161inskait\u0117)<\/p>\n<p><b>2011<\/b><\/p>\n<p>Kiau\u0161ait\u0117 Virginija \u201eSlengo vartojimo tendencijos ir nuostatos: Panev\u0117\u017eio J. Bal\u010dikonio gimnazijos atvejis\u201c<\/p>\n<p>Petrulaityt\u0117 Sandra \u201eNeigiami \u017emogaus apib\u016bdinimai \u017demait\u0117s k\u016bryboje\u201c (vad. prof. dr. Birut\u0117 Jasi\u016bnait\u0117)<\/p>\n<p>Ma\u010diulyt\u0117 Julija \u201eEmocij\u0173 rai\u0161ka elektroniniame diskurse: politini\u0173 straipsni\u0173 komentar\u0173 analiz\u0117\u201c (vad. dr. Loreta Vilkien\u0117)<\/p>\n<p><b>2008<\/b><b><\/b><\/p>\n<p>\u0160alkauskait\u0117 Asta \u201eMaloniniai ir pejoratyviniai kreipiniai folkloro tekstuose ir dabartin\u0117 j\u0173 vartosena\u201c (vad. prof. dr. Birut\u0117 Jasi\u016bnait\u0117)<i><\/i><\/p>\n<p><b>Bakalauro darbai<\/b><\/p>\n<p><strong>2023<\/strong><\/p>\n<p>Yingxue Zhang. Lietuvi\u0173 ir kin\u0173 kalb\u0173 beekvevalent\u0117 leksika maisto aspektu (vad. Au\u0161ra Valan\u010diauskien\u0117)<\/p>\n<p><strong>2022<\/strong><\/p>\n<p>Bau\u017eait\u0117 Aist\u0117.\u00a0\u201eModalumo rai\u0161ka jud\u0117jimo veiksma\u017eod\u017eiais lietuvi\u0173 kalboje\u201c (vad. doc. dr. Erika Jasionyt\u0117-Miku\u010dionien\u0117)<\/p>\n<p>Ivanavi\u010di\u016bt\u0117 Monika.\u00a0\u201eTranslation strategies of the number category in nouns in english and lithuanian: a comparative analysis\u201c (vad. prof. habil dr. Bonifacas Stund\u017eia)<\/p>\n<p>Strazdait\u0117 Julija. \u201eKod\u0173 kaita lietuvi\u0173 ir \u0161ved\u0173 vaizdo tinklara\u0161tinink\u0173 kalboje\u201c (vad. dr. Egl\u0117 Gudavi\u010dien\u0117)<\/p>\n<p><strong>2020<\/strong><\/p>\n<p>Matulianecait\u0117 Indr\u0117. \u201eLietuvi\u0173 filologijos bakalauro darb\u0173 leksin\u0117s samplaikos\u201c (vad. dr. Egl\u0117 Gudavi\u010dien\u0117)<\/p>\n<p>Nara\u0161kevi\u010di\u016bt\u0117 Krist\u0117. \u201ePolitikos moksl\u0173 bakalauro ir magistro darb\u0173 leksin\u0117s samplaikos\u201c (vad. dr. Egl\u0117 Gudavi\u010dien\u0117)<\/p>\n<p><strong>2019<\/strong><\/p>\n<p>Kunickyt\u0117 Greta \u201eFrazeologizmai lietuvi\u0173 ir est\u0173 publicistikoje\u201c (vad. dr. Egl\u0117 Gudavi\u010dien\u0117)<\/p>\n<p><strong>2018<\/strong><\/p>\n<p>Monkut\u0117 Erika \u201eMentalinio veiksma\u017eod\u017eio \u201e\u017einoti\u201c pragmati\u0161k\u0117jimo polinkiai sakytin\u0117je lietuvi\u0173 kalboje\u201c (vad. dr. Erika Jasionyt\u0117-Miku\u010dionien\u0117)<\/p>\n<p><strong>2017<\/strong><\/p>\n<p>Mi\u0161kinyt\u0117 Karolina \u201eJausmus rei\u0161kiantys veiksma\u017eod\u017eiai socialin\u0117je erdv\u0117je\u201c (vad. dr. Gintar\u0117 Jud\u017eentyt\u0117)<\/p>\n<p><strong>2016<\/strong><\/p>\n<p>Bondarev Alexandra \u201eMeil\u0117s semantika lietuvi\u0173 kalboje:\u00a0kognityvinis veiksma\u017eod\u017ei\u0173 <em>myl\u0117ti<\/em>, <em>patikti<\/em> ir <em>geisti<\/em> tyrimas\u201c (vad. dr. Gintar\u0117 Jud\u017eentyt\u0117)<\/p>\n<p>Ganusauskait\u0117 Beatri\u010d\u0117 \u201eSKONIO konceptas lietuvi\u0173 kalboje: k\u016bni\u0161kumo aspektas\u201c (vad. prof. dr. Vytautas Kardelis)<\/p>\n<p>Po\u010depovi\u010d Marija \u201eOkaziniai dariniai reklam\u0173 tekstuose\u201c (vad. prof. dr. Irena Smetonien\u0117)<\/p>\n<p>Tupikovska Evelina\u00a0\u201eFrazeologiniai junginiai su arklio pavadinimais\u201c (vad. prof. dr. Birut\u0117 Jasi\u016bnait\u0117)<\/p>\n<p><b>2015<\/b><\/p>\n<p>Fokina Neringa \u201eNamini\u0173 gyv\u016bn\u0173 vardai: davimo polinkiai ir j\u0173 daryba\u201c (vad. doc. dr. Daiva Sinkevi\u010di\u016bt\u0117)<\/p>\n<p>Me\u0161kauskait\u0117 Agn\u0117 \u201eLietuvi\u0173 ir ispan\u0173 frazeologizmai su laukini\u0173 gyv\u016bn\u0173 pavadinimais\u201c (vad. prof. dr. Birut\u0117 Jasi\u016bnait\u0117)<\/p>\n<p>\u0160arkanait\u0117 Birut\u0117 \u201eSlavizmai\u00a0<em>Lietuvi\u0173 kalbos \u017eodyne<\/em>\u201c (vad. prof. dr. Vytautas Kardelis)<\/p>\n<p><strong>2014<\/strong><\/p>\n<p>Matulevi\u010di\u016bt\u0117 Vaida \u201eSuomi\u0173 kalbos onomatop\u0117jiniai veiksma\u017eod\u017eiai\u201c (vad. doc. dr. Regina Venckut\u0117)<\/p>\n<p><b>2013<\/b><\/p>\n<p>\u0160ukyt\u0117 Janina \u201ePalyginimai su \u017emogaus k\u016bno dali\u0173 pavadinimais\u201c (vad. prof. dr. Birut\u0117 Jasi\u016bnait\u0117)<\/p>\n<p>Zujevait\u0117 Agn\u0117 \u201eLietuvi\u0173 kalbos uogini\u0173 augal\u0173 pavadinim\u0173 motyvacija\u201c (vad. prof. dr. Birut\u0117 Jasi\u016bnait\u0117)<\/p>\n<p><b>2012<\/b><\/p>\n<p>Beliukevi\u010di\u016bt\u0117 Dovil\u0117 \u201eMaisto produkt\u0173 ir valgi\u0173 pavadinimai XIX a.\u201c (vad. doc. dr. Birut\u0117 Kaba\u0161inskait\u0117)<\/p>\n<p>Charevi\u010di\u016bt\u0117 Karolina \u201eMoterims skirt\u0173 \u017eurnal\u0173 (XIX\u2013XX a.) kalbos ypatyb\u0117s\u201c (vad. doc. dr. Irena Smetonien\u0117)<\/p>\n<p>Drebulyt\u0117 Ram\u016bn\u0117 \u201eLietuvi\u0173 ir slov\u0117n\u0173 posakiai apie gimim\u0105 ir mirt\u012f\u201c (vad. doc. dr. Jelena Konickaja)<\/p>\n<p>Ku\u010dinskait\u0117 Egl\u0117 \u201ePrie\u0161d\u0117lio <i>da-<\/i> istorija\u201c (vad. doc. dr. Antanas Smetona)<\/p>\n<p>Lebedevait\u0117 Rita \u201e\u017dmogaus apib\u016bdinimas augal\u0173 pavadinimais lietuvi\u0173 kalboje\u201c (vad. lekt. dr. Gintar\u0117 Jud\u017eentyt\u0117)<\/p>\n<p>Nedzinskait\u0117 Modesta \u201eAdministracini\u0173 tekst\u0173 kalbos ypatyb\u0117s\u201c (vad. doc. dr. Nijol\u0117 Linkevi\u010dien\u0117)<\/p>\n<p>Ruseckyt\u0117 Greta \u201eMenin\u0117s rai\u0161kos priemon\u0117s redakciniuose straipsniuose\u201c (vad. doc. dr. Nijol\u0117 Linkevi\u010dien\u0117)<\/p>\n<p><b>2011<\/b><\/p>\n<p>Barauskait\u0117 Dalia \u201eBendrin\u0117s lietuvi\u0173 kalbos istorinio ir pozicinio ilgumo balsi\u0173 kiekyb\u0117 ir kokyb\u0117\u201c (vad. doc. dr. Regina Kliukien\u0117)<\/p>\n<p>Bogdziun Julija \u201eFrazeologizmai Romualdo Granausko k\u016bryboje\u201c (vad. doc. dr. Birut\u0117 Jasi\u016bnait\u0117)<\/p>\n<p>Civilka Mantas \u201eLietuvi\u0173 ir vokie\u010di\u0173 kalb\u0173 lyginamieji frazeologizmai su gyv\u016bn\u0173 pavadinimais\u201c (vad. dr. Virginija Masiulionyt\u0117)<\/p>\n<p>Kaminskas Gediminas \u201eLaiko rai\u0161ka Konstantino Sirvydo 1629 met\u0173 pamoksl\u0173 rinkinyje \u201ePunktai sakym\u0173\u201c (vad. prof. dr. Vytautas Kardelis)<\/p>\n<p>Vasiliauskait\u0117 Viktorija \u201eKalbin\u0117s rai\u0161kos ypatyb\u0117s lietuvi\u0161kos ir voki\u0161kos spaudos reklaminiuose tekstuose\u201c<\/p>\n<p>Zurbait\u0117 Giedr\u0117 \u201eSvetimyb\u0117s ir naujadarai lietuvi\u0161kuose tinklara\u0161\u010diuose\u201c (vad. doc. dr. Loreta Vilkien\u0117)<\/p>\n<p><b>2010<\/b><\/p>\n<p>Andriulaitien\u0117 Gail\u0117 \u201eNenormin\u0117 kalba Juozo Erlicko k\u016bryboje\u201c (vad. dr. Egl\u0117 Gudavi\u010dien\u0117)<\/p>\n<p>Prunskyt\u0117 Ieva \u201eMikos Valtario \u201eKaralyst\u0117s paslaptis\u201c vertimo \u012f lietuvi\u0173 kalb\u0105 leksika\u201c (vad. doc. dr. Regina Venckut\u0117)<\/p>\n<p><b>2009<\/b><\/p>\n<p>\u010cerneckaja Olga \u201eLeksin\u0117s \u012fvaizd\u017eio formavimo priemon\u0117s interviu \u017eanro tekstuose\u201c (vad. doc. dr. Loreta Vilkien\u0117)<\/p>\n<p><b>2008<\/b><\/p>\n<p>Galubavi\u010di\u016bt\u0117 Egl\u0117 \u201eLietuvi\u0173 senovini\u0173 vestuvini\u0173 apeig\u0173 pavadinimai\u201c (vad. doc. dr. Birut\u0117 Jasi\u016bnait\u0117)<\/p>\n<p>Mu\u0161ketait\u0117 Sigita \u201eSpalvas rei\u0161kiantys b\u016bdvard\u017eiai lietuvi\u0173 ir est\u0173 kalbose\u201c<\/p>\n","protected":false},"excerpt":{"rendered":"<p>Magistro darbai 2024 Pavydyt\u0117 Kamil\u0117. \u201eChatGPT generuojami iliustraciniai laukai: turinio ir kokyb\u0117s analiz\u0117 bei palyginimas su BLK\u017d\u201c (vad. doc. dr. Lina Plau\u0161inaityt\u0117) 2022 Matulionyt\u0117 Akvil\u0117. \u201eNeapykantos kalbos konceptas lietuvi\u0173 jaunimo supratimu\u201c (vad. dr. Egl\u0117 Gudavi\u010dien\u0117) 2019 Plachovi\u010di\u016bt\u0117 Diana. \u201eFrazeologizmai su vabzd\u017ei\u0173 pavadinimais\u201c (vad. prof. dr. Birut\u0117 Jasi\u016bnait\u0117) 2018 Jackevi\u010di\u016bt\u0117 Gintar\u0117 \u201eErdv\u0117s rai\u0161ka \u0161iaur\u0117s \u017eemai\u010di\u0173 patarm\u0117je: [&hellip;]<\/p>\n","protected":false},"author":34,"featured_media":0,"parent":73,"menu_order":1,"comment_status":"closed","ping_status":"open","template":"","meta":[],"_links":{"self":[{"href":"https:\/\/web.vu.lt\/flf\/v.zubaitiene\/wp-json\/wp\/v2\/pages\/94"}],"collection":[{"href":"https:\/\/web.vu.lt\/flf\/v.zubaitiene\/wp-json\/wp\/v2\/pages"}],"about":[{"href":"https:\/\/web.vu.lt\/flf\/v.zubaitiene\/wp-json\/wp\/v2\/types\/page"}],"author":[{"embeddable":true,"href":"https:\/\/web.vu.lt\/flf\/v.zubaitiene\/wp-json\/wp\/v2\/users\/34"}],"replies":[{"embeddable":true,"href":"https:\/\/web.vu.lt\/flf\/v.zubaitiene\/wp-json\/wp\/v2\/comments?post=94"}],"version-history":[{"count":27,"href":"https:\/\/web.vu.lt\/flf\/v.zubaitiene\/wp-json\/wp\/v2\/pages\/94\/revisions"}],"predecessor-version":[{"id":1840,"href":"https:\/\/web.vu.lt\/flf\/v.zubaitiene\/wp-json\/wp\/v2\/pages\/94\/revisions\/1840"}],"up":[{"embeddable":true,"href":"https:\/\/web.vu.lt\/flf\/v.zubaitiene\/wp-json\/wp\/v2\/pages\/73"}],"wp:attachment":[{"href":"https:\/\/web.vu.lt\/flf\/v.zubaitiene\/wp-json\/wp\/v2\/media?parent=94"}],"curies":[{"name":"wp","href":"https:\/\/api.w.org\/{rel}","templated":true}]}}