{"id":165,"date":"2014-02-05T21:19:43","date_gmt":"2014-02-05T19:19:43","guid":{"rendered":"http:\/\/web.vu.lt\/flf\/v.zubaitiene\/?page_id=165"},"modified":"2019-02-24T10:23:59","modified_gmt":"2019-02-24T08:23:59","slug":"leksika","status":"publish","type":"page","link":"https:\/\/web.vu.lt\/flf\/v.zubaitiene\/studentams\/destomi-dalykai\/specialybes-kalba-ir-retorika\/seminaru-temos\/leksika\/","title":{"rendered":"Leksika ir \u017eod\u017ei\u0173 daryba"},"content":{"rendered":"","protected":true},"excerpt":{"rendered":"","protected":true},"author":34,"featured_media":0,"parent":149,"menu_order":4,"comment_status":"closed","ping_status":"open","template":"","meta":[],"_links":{"self":[{"href":"https:\/\/web.vu.lt\/flf\/v.zubaitiene\/wp-json\/wp\/v2\/pages\/165"}],"collection":[{"href":"https:\/\/web.vu.lt\/flf\/v.zubaitiene\/wp-json\/wp\/v2\/pages"}],"about":[{"href":"https:\/\/web.vu.lt\/flf\/v.zubaitiene\/wp-json\/wp\/v2\/types\/page"}],"author":[{"embeddable":true,"href":"https:\/\/web.vu.lt\/flf\/v.zubaitiene\/wp-json\/wp\/v2\/users\/34"}],"replies":[{"embeddable":true,"href":"https:\/\/web.vu.lt\/flf\/v.zubaitiene\/wp-json\/wp\/v2\/comments?post=165"}],"version-history":[{"count":9,"href":"https:\/\/web.vu.lt\/flf\/v.zubaitiene\/wp-json\/wp\/v2\/pages\/165\/revisions"}],"predecessor-version":[{"id":530,"href":"https:\/\/web.vu.lt\/flf\/v.zubaitiene\/wp-json\/wp\/v2\/pages\/165\/revisions\/530"}],"up":[{"embeddable":true,"href":"https:\/\/web.vu.lt\/flf\/v.zubaitiene\/wp-json\/wp\/v2\/pages\/149"}],"wp:attachment":[{"href":"https:\/\/web.vu.lt\/flf\/v.zubaitiene\/wp-json\/wp\/v2\/media?parent=165"}],"curies":[{"name":"wp","href":"https:\/\/api.w.org\/{rel}","templated":true}]}}