{"id":930,"date":"2015-02-13T11:17:52","date_gmt":"2015-02-13T09:17:52","guid":{"rendered":"http:\/\/web.vu.lt\/flf\/p.lavrinec\/?page_id=930"},"modified":"2015-02-13T11:17:52","modified_gmt":"2015-02-13T09:17:52","slug":"lavrinec-atsako-i-moksleiviu-klausimyna","status":"publish","type":"page","link":"https:\/\/web.vu.lt\/flf\/p.lavrinec\/apie-mane\/lavrinec-atsako-i-moksleiviu-klausimyna\/","title":{"rendered":"Pavel Lavrinec atsako \u012f Vilniaus \u0160v. Kristoforo gimnazijos moksleivi\u0173 klausimyn\u0105"},"content":{"rendered":"<p><a href=\"http:\/\/www.bernardinai.lt\/straipsnis\/2014-12-08-pavel-lavrinec-atsako-i-vilniaus-sv-kristoforo-gimnazijos-moksleiviu-klausimyna\/124990\" target=\"_blank\">Pavel Lavrinec atsako \u012f Vilniaus \u0160v. Kristoforo gimnazijos moksleivi\u0173 klausimyn\u0105<\/a>. <em>Bernardinai<\/em>. Gruod\u017eio 8 d., 2014.<br \/>\n<strong>Kaip atradote savo pa\u0161aukim\u0105? Ar daug ie\u0161kojote, klydote, abejojote?<\/strong><br \/>\n\u0160iandien esu filologas rusistas. Daugiausia mane domina rus\u0173 i\u0161eivijos literat\u016bra ir spauda, ypa\u010d tarpukario Lietuvoje ir Vilniaus kra\u0161te, taip pat rus\u0173 kult\u016bra Lietuvoje 19 am\u017eiaus pabaigoje ir 20 am\u017eiaus prad\u017eioje. \u017dvelgiant \u012f praeit\u012f, galima pagalvoti, kad a\u0161 nuosekliai \u0117jau prie \u0161i\u0173 tem\u0173. Ta\u010diau teisingiau t\u0105 keli\u0105 galima suprasti kaip galimybi\u0173, pasirinkim\u0173 serij\u0105. <a href=\"http:\/\/www.bernardinai.lt\/straipsnis\/2014-12-08-pavel-lavrinec-atsako-i-vilniaus-sv-kristoforo-gimnazijos-moksleiviu-klausimyna\/124990\" target=\"_blank\"><em>Skaityti toliau<\/em><\/a><\/p>\n","protected":false},"excerpt":{"rendered":"<p>Pavel Lavrinec atsako \u012f Vilniaus \u0160v. Kristoforo gimnazijos moksleivi\u0173 klausimyn\u0105. Bernardinai. Gruod\u017eio 8 d., 2014. Kaip atradote savo pa\u0161aukim\u0105? Ar daug ie\u0161kojote, klydote, abejojote? \u0160iandien esu filologas rusistas. Daugiausia mane domina rus\u0173 i\u0161eivijos literat\u016bra ir spauda, ypa\u010d tarpukario Lietuvoje ir Vilniaus kra\u0161te, taip pat rus\u0173 kult\u016bra Lietuvoje 19 am\u017eiaus pabaigoje ir 20 am\u017eiaus prad\u017eioje. \u017dvelgiant [&hellip;]<\/p>\n","protected":false},"author":25,"featured_media":0,"parent":106,"menu_order":0,"comment_status":"closed","ping_status":"open","template":"","meta":[],"_links":{"self":[{"href":"https:\/\/web.vu.lt\/flf\/p.lavrinec\/wp-json\/wp\/v2\/pages\/930"}],"collection":[{"href":"https:\/\/web.vu.lt\/flf\/p.lavrinec\/wp-json\/wp\/v2\/pages"}],"about":[{"href":"https:\/\/web.vu.lt\/flf\/p.lavrinec\/wp-json\/wp\/v2\/types\/page"}],"author":[{"embeddable":true,"href":"https:\/\/web.vu.lt\/flf\/p.lavrinec\/wp-json\/wp\/v2\/users\/25"}],"replies":[{"embeddable":true,"href":"https:\/\/web.vu.lt\/flf\/p.lavrinec\/wp-json\/wp\/v2\/comments?post=930"}],"version-history":[{"count":1,"href":"https:\/\/web.vu.lt\/flf\/p.lavrinec\/wp-json\/wp\/v2\/pages\/930\/revisions"}],"predecessor-version":[{"id":931,"href":"https:\/\/web.vu.lt\/flf\/p.lavrinec\/wp-json\/wp\/v2\/pages\/930\/revisions\/931"}],"up":[{"embeddable":true,"href":"https:\/\/web.vu.lt\/flf\/p.lavrinec\/wp-json\/wp\/v2\/pages\/106"}],"wp:attachment":[{"href":"https:\/\/web.vu.lt\/flf\/p.lavrinec\/wp-json\/wp\/v2\/media?parent=930"}],"curies":[{"name":"wp","href":"https:\/\/api.w.org\/{rel}","templated":true}]}}