{"id":28,"date":"2022-08-31T08:29:17","date_gmt":"2022-08-31T08:29:17","guid":{"rendered":"https:\/\/web.vu.lt\/flf\/e.petroniene\/?page_id=28"},"modified":"2022-12-28T07:49:26","modified_gmt":"2022-12-28T07:49:26","slug":"publications","status":"publish","type":"page","link":"https:\/\/web.vu.lt\/flf\/e.petroniene\/index.php\/publications\/","title":{"rendered":"Publications"},"content":{"rendered":"\n<p>Petronien\u0117, E. Puncevi\u010d, K. <em>Diachronic Features of English Synonyms. <\/em>\u041d\u0430\u0443\u043a\u043e\u0432\u0438\u0439 \u0432\u0456\u0441\u043d\u0438\u043a \u0427\u0435\u0440\u043d\u0456\u0432\u0435\u0446\u044c\u043a\u043e\u0433\u043e \u0443\u043d\u0456\u0432\u0435\u0440\u0441\u0438\u0442\u0435\u0442\u0443: \u0437\u0431\u0456\u0440\u043d\u0438\u043a \u043d\u0430\u0443\u043a\u043e\u0432\u0438\u0445 \u043f\u0440\u0430\u0446\u044c. \u2013 2017, Nr. \/No. 783, psl.\/ p. 87-102.&nbsp; \u0427\u0435\u0440\u043d\u0456\u0432\u0446\u0456: \u0412\u0438\u0434\u0430\u0432\u043d\u0438\u0447\u0438\u0439 \u0434\u0456\u043c \u201e\u0420\u041e\u0414\u041e\u0412\u0406\u0414\u201d.<\/p>\n\n\n\n<p>Petronien\u0117, E., \u0160imkien\u0117, I. <em>English Word Order and the Principle of FSP.<\/em> \u017dmogus ir \u017eodis. Svetimos kalbos, &#8211; 2016, 18 (3), psl.\/p. 57-67. Vilnius: LEU leidykla \/ Vilnius: LEU Publishing House.<\/p>\n\n\n\n<p>Petronien\u0117, E., \u0421\u0430\u0434\u043e\u0432\u043d\u0438\u043a-\u0427\u0443\u0447\u0432\u0430\u0433\u0430 \u041d. \u0412. <em>Functioning of the Category of Gender in the Modern Texts of Fantasy Genre: Upgrading and Downgrading Pronominal Transposition. <\/em>\u041d\u0410\u0423\u041a\u041e\u0412\u0418\u0419 \u0412\u0406\u0421\u041d\u0418\u041a \u041c\u0406\u0416\u041d\u0410\u0420\u041e\u0414\u041d\u041e\u0413\u041e \u0413\u0423\u041c\u0410\u041d\u0406\u0422\u0410\u0420\u041d\u041e\u0413\u041e \u0423\u041d\u0406\u0412\u0415\u0420\u0421\u0418\u0422\u0415\u0422. \u0421\u0435\u0440\u0456\u044f: \u0424\u0406\u041b\u041e\u041b\u041e\u0413\u0406\u042f. \u0417\u0411\u0406\u0420\u041d\u0418\u041a \u041d\u0410\u0423\u041a\u041e\u0412\u0418\u0425 \u041f\u0420\u0410\u0426\u042c \u2013 2016, 23 (2), psl.\/p. 4-7. Odesa.<\/p>\n\n\n\n<p>Petronien\u0117 E. <em>Introductory Seminars to A History of English.<\/em> \u2013 2013. Vilnius: Publishing House of Vilnius Pedagogical University.<\/p>\n\n\n\n<p>Petronien\u0117 E. <em>Process as Theme in Lithuanian and English Sentences.<\/em> Kalba ir kontekstai. \u2013 2011, T. IV (1), p. 154-162. Vilnius: Publishing House of Vilnius Pedagogical University.<\/p>\n\n\n\n<p>Petronien\u0117 E. <em>Linking Individual Student Effort in Writing to Shared Activities and Peer Feedback<\/em>. Teaching English as a Foreign Language and Literature, &#8211; 2010, T. 2, Nr. 1, p. 24-39.<\/p>\n\n\n\n<p>Petronien\u0117, E. The Order of Thought and the Order of Words. <em>Kalbotyra<\/em>. \u2013 2007, 57(3), p. 204-210. Vilnius: Publishing House of Vilnius University.<\/p>\n\n\n\n<p>Petronien\u0117 E. <em>Thematicity in Lithuanian and its Realization in English. <\/em>Kalba ir kontekstai.<em> <\/em>\u2013 2006, T.1., p. 127-264. Vilnius: Publishing House of Vilnius Pedagogical University.<\/p>\n\n\n\n<p><\/p>\n","protected":false},"excerpt":{"rendered":"<p>Petronien\u0117, E. Puncevi\u010d, K. Diachronic Features of English Synonyms. \u041d\u0430\u0443\u043a\u043e\u0432\u0438\u0439 \u0432\u0456\u0441\u043d\u0438\u043a \u0427\u0435\u0440\u043d\u0456\u0432\u0435\u0446\u044c\u043a\u043e\u0433\u043e \u0443\u043d\u0456\u0432\u0435\u0440\u0441\u0438\u0442\u0435\u0442\u0443: \u0437\u0431\u0456\u0440\u043d\u0438\u043a \u043d\u0430\u0443\u043a\u043e\u0432\u0438\u0445 \u043f\u0440\u0430\u0446\u044c. \u2013 2017, Nr. \/No. 783, psl.\/ p. 87-102.&nbsp; \u0427\u0435\u0440\u043d\u0456\u0432\u0446\u0456: \u0412\u0438\u0434\u0430\u0432\u043d\u0438\u0447\u0438\u0439 \u0434\u0456\u043c \u201e\u0420\u041e\u0414\u041e\u0412\u0406\u0414\u201d. Petronien\u0117, E., \u0160imkien\u0117, I. English Word Order and the Principle of FSP. \u017dmogus ir \u017eodis. Svetimos kalbos, &#8211; 2016, 18 (3), psl.\/p. 57-67. Vilnius: LEU leidykla \/&hellip; <a class=\"more-link\" href=\"https:\/\/web.vu.lt\/flf\/e.petroniene\/index.php\/publications\/\">Continue reading <span class=\"screen-reader-text\">Publications<\/span><\/a><\/p>\n","protected":false},"author":1,"featured_media":0,"parent":0,"menu_order":0,"comment_status":"closed","ping_status":"closed","template":"","meta":{"footnotes":""},"class_list":["post-28","page","type-page","status-publish","hentry","entry"],"_links":{"self":[{"href":"https:\/\/web.vu.lt\/flf\/e.petroniene\/index.php\/wp-json\/wp\/v2\/pages\/28","targetHints":{"allow":["GET"]}}],"collection":[{"href":"https:\/\/web.vu.lt\/flf\/e.petroniene\/index.php\/wp-json\/wp\/v2\/pages"}],"about":[{"href":"https:\/\/web.vu.lt\/flf\/e.petroniene\/index.php\/wp-json\/wp\/v2\/types\/page"}],"author":[{"embeddable":true,"href":"https:\/\/web.vu.lt\/flf\/e.petroniene\/index.php\/wp-json\/wp\/v2\/users\/1"}],"replies":[{"embeddable":true,"href":"https:\/\/web.vu.lt\/flf\/e.petroniene\/index.php\/wp-json\/wp\/v2\/comments?post=28"}],"version-history":[{"count":6,"href":"https:\/\/web.vu.lt\/flf\/e.petroniene\/index.php\/wp-json\/wp\/v2\/pages\/28\/revisions"}],"predecessor-version":[{"id":116,"href":"https:\/\/web.vu.lt\/flf\/e.petroniene\/index.php\/wp-json\/wp\/v2\/pages\/28\/revisions\/116"}],"wp:attachment":[{"href":"https:\/\/web.vu.lt\/flf\/e.petroniene\/index.php\/wp-json\/wp\/v2\/media?parent=28"}],"curies":[{"name":"wp","href":"https:\/\/api.w.org\/{rel}","templated":true}]}}