{"id":27,"date":"2022-08-31T08:29:17","date_gmt":"2022-08-31T08:29:17","guid":{"rendered":"https:\/\/web.vu.lt\/flf\/e.petroniene\/?page_id=27"},"modified":"2022-09-06T13:57:53","modified_gmt":"2022-09-06T13:57:53","slug":"projects","status":"publish","type":"page","link":"https:\/\/web.vu.lt\/flf\/e.petroniene\/index.php\/projects\/","title":{"rendered":"Projects"},"content":{"rendered":"\n<p>2022 m. liepa \u2013 2022 m. spalis \/ July 2022 \u2013 October 2022 Nacionalinis projektas \u201eSkaitmeninio ugdymo turinio k\u016brimas ir diegimas\u201c, 2.2.1.veiklos \u201eMetodin\u0117s pagalbos mokykloms, \u012fgyvendinan\u010dioms atnaujint\u0105 ugdymo turin\u012f, teikimas\u201c metodinink\u0117 (mokym\u0173 programos reng\u0117ja). ES&nbsp;strukt\u016brini\u0173 fond\u0173&nbsp;l\u0117\u0161os; koordinatorius \u2013 Nacionalin\u0117 \u0161vietimo agent\u016bra \/ The national project \u201cDevelopment and Implementation of the Digital Content of Education\u201d, a member of the expert group responsible for designing the professional development programme to implement the updated curriculum of foreign languages. ESI funds. Coordinator \u2013 The National Education Agency.<\/p>\n\n\n\n<p>2021 m. sausis \u2013 2022 m. liepa \/ January 2021 \u2013 July 2022 Nacionalinis projektas \u201eSkaitmeninio ugdymo turinio k\u016brimas ir diegimas\u201c, 1.1.1 veiklos \u201eBendr\u0173j\u0173 ugdymo program\u0173 ir jas lydin\u010dios med\u017eiagos rengimas\u201c (vidurinio ugdymo u\u017esienio kalb\u0173 bendr\u0173j\u0173 program\u0173 ir \u012fgyvendinimo rekomendacij\u0173 rengimas) metodinink\u0117 (mokslinink\u0117). ES&nbsp;strukt\u016brini\u0173 fond\u0173&nbsp;l\u0117\u0161os; koordinatorius \u2013 Nacionalin\u0117 \u0161vietimo agent\u016bra&nbsp;\/ The national project \u201cDevelopment and Implementation of the Digital Content of Education\u201d, a member of the expert group responsible for the curriculum development in foreign language education. ESI funds. Coordinator \u2013 The National Education Agency.<\/p>\n\n\n\n<p>2021 m. 6 \u2013 2022 m. 6 \/ 6 September 2021 \u2013 6 June 2022 Suaugusi\u0173j\u0173 mokymo\/si projekto, remiamo JAV ambasados Lietuvoje, \u201eAngl\u0173 kalba ir medij\u0173 ra\u0161tingumas profesiniam tobul\u0117jimui\u201c koordinator\u0117 ir mokym\u0173 programos reng\u0117ja \/ &nbsp;Project for adult learners <em>English through Media Literacy, <\/em>funded by the US Embassy Lithuania. Project manager and designer of the course programme.<\/p>\n\n\n\n<p>2021 m. kovas \u2013 gruodis \/ March-December 2021 Projektas\u201cPasirenkime angl\u0173 kalbos egzaminui kartu\u201d, skirtas tikslinei pagalbai abiturientams d\u0117l COVID-19 pandemijos, \u0160MSM remiamas projektas ministro \u012fsakymu Nr. V-444, 2021 m. kovo 24 d. (konsultacij\u0173 ir vaizdin\u0117s med\u017eiagos reng\u0117ja) \/ The national project aiming at assisting school leavers in their preparation for&nbsp; the English examination in the pandemic period, initiated and funded by the Ministry of Education, Science and Sport (responsible for preparing and managing consultations and tutorials).<\/p>\n\n\n\n<p>2019 m. sausis \u2013 2021 m. rugs\u0117jis \/ January 2019 \u2013 September 2020 N\u0160A projekto Nr. 09.2.1-ESFA-V-706-02-0001 \u201cBendrojo ugdymo tyrim\u0173, vertinimo ir steb\u0117senos sistemos pl\u0117tra:&nbsp;mokini\u0173 pasiekim\u0173 vertinimas\u201d darbo grup\u0117s nar\u0117 \/ The project \u201cDevelopmet of research, assessment and monitoring system of general education: assessing student achievements\u201d, coordinated by the National Education Agency, No. 09.2.1-ESFA-V-706-02-0001. Member of the expert group.<\/p>\n\n\n\n<p>2016-2019 Tarptautinio projekto \u201cTarptautin\u0117 vertybinio ugdymo stovykla mokiniams\u201d<em>, <\/em>remiamo JAV ambasados Lietuvoje, koordinator\u0117 ir stovyklos programos reng\u0117ja\/ International project for school students <em>International Values Education Camp<\/em> funded by US Embassy Lithuania. Project manager and designer of the camp programme. <\/p>\n","protected":false},"excerpt":{"rendered":"<p>2022 m. liepa \u2013 2022 m. spalis \/ July 2022 \u2013 October 2022 Nacionalinis projektas \u201eSkaitmeninio ugdymo turinio k\u016brimas ir diegimas\u201c, 2.2.1.veiklos \u201eMetodin\u0117s pagalbos mokykloms, \u012fgyvendinan\u010dioms atnaujint\u0105 ugdymo turin\u012f, teikimas\u201c metodinink\u0117 (mokym\u0173 programos reng\u0117ja). ES&nbsp;strukt\u016brini\u0173 fond\u0173&nbsp;l\u0117\u0161os; koordinatorius \u2013 Nacionalin\u0117 \u0161vietimo agent\u016bra \/ The national project \u201cDevelopment and Implementation of the Digital Content of Education\u201d, a&hellip; <a class=\"more-link\" href=\"https:\/\/web.vu.lt\/flf\/e.petroniene\/index.php\/projects\/\">Continue reading <span class=\"screen-reader-text\">Projects<\/span><\/a><\/p>\n","protected":false},"author":1,"featured_media":0,"parent":0,"menu_order":0,"comment_status":"closed","ping_status":"closed","template":"","meta":{"footnotes":""},"class_list":["post-27","page","type-page","status-publish","hentry","entry"],"_links":{"self":[{"href":"https:\/\/web.vu.lt\/flf\/e.petroniene\/index.php\/wp-json\/wp\/v2\/pages\/27","targetHints":{"allow":["GET"]}}],"collection":[{"href":"https:\/\/web.vu.lt\/flf\/e.petroniene\/index.php\/wp-json\/wp\/v2\/pages"}],"about":[{"href":"https:\/\/web.vu.lt\/flf\/e.petroniene\/index.php\/wp-json\/wp\/v2\/types\/page"}],"author":[{"embeddable":true,"href":"https:\/\/web.vu.lt\/flf\/e.petroniene\/index.php\/wp-json\/wp\/v2\/users\/1"}],"replies":[{"embeddable":true,"href":"https:\/\/web.vu.lt\/flf\/e.petroniene\/index.php\/wp-json\/wp\/v2\/comments?post=27"}],"version-history":[{"count":13,"href":"https:\/\/web.vu.lt\/flf\/e.petroniene\/index.php\/wp-json\/wp\/v2\/pages\/27\/revisions"}],"predecessor-version":[{"id":103,"href":"https:\/\/web.vu.lt\/flf\/e.petroniene\/index.php\/wp-json\/wp\/v2\/pages\/27\/revisions\/103"}],"wp:attachment":[{"href":"https:\/\/web.vu.lt\/flf\/e.petroniene\/index.php\/wp-json\/wp\/v2\/media?parent=27"}],"curies":[{"name":"wp","href":"https:\/\/api.w.org\/{rel}","templated":true}]}}