{"id":2,"date":"2012-09-05T10:17:34","date_gmt":"2012-09-05T07:17:34","guid":{"rendered":""},"modified":"2025-05-09T13:33:16","modified_gmt":"2025-05-09T10:33:16","slug":"kontaktai-kontakt","status":"publish","type":"page","link":"https:\/\/web.vu.lt\/flf\/d.sileikaite\/","title":{"rendered":"Prad\u017eia \/ Zur Person"},"content":{"rendered":"<p><a href=\"http:\/\/web.vu.lt\/flf\/d.sileikaite\/files\/2025\/05\/307667682_5788275254516083_6462487478068372904_n.jpg\"><img loading=\"lazy\" class=\"alignnone size-medium wp-image-1449\" src=\"http:\/\/web.vu.lt\/flf\/d.sileikaite\/files\/2025\/05\/307667682_5788275254516083_6462487478068372904_n-300x225.jpg\" alt=\"\" width=\"300\" height=\"225\" srcset=\"https:\/\/web.vu.lt\/flf\/d.sileikaite\/files\/2025\/05\/307667682_5788275254516083_6462487478068372904_n-300x225.jpg 300w, https:\/\/web.vu.lt\/flf\/d.sileikaite\/files\/2025\/05\/307667682_5788275254516083_6462487478068372904_n-1024x768.jpg 1024w, https:\/\/web.vu.lt\/flf\/d.sileikaite\/files\/2025\/05\/307667682_5788275254516083_6462487478068372904_n-768x576.jpg 768w, https:\/\/web.vu.lt\/flf\/d.sileikaite\/files\/2025\/05\/307667682_5788275254516083_6462487478068372904_n-1536x1152.jpg 1536w, https:\/\/web.vu.lt\/flf\/d.sileikaite\/files\/2025\/05\/307667682_5788275254516083_6462487478068372904_n.jpg 2048w\" sizes=\"(max-width: 300px) 100vw, 300px\" \/><\/a><\/p>\n<p><strong>Dr. Diana \u0160ileikait\u0117-Kaishauri<\/strong><br \/>\nVokie\u010di\u0173 filologijos katedros docent\u0117 \/ Dozentin am Lehrstuhl f\u00fcr Deutsche Philologie<br \/>\nBaltijos kalb\u0173 ir kult\u016br\u0173 institutas \/ Institut f\u00fcr Sprachen und Kulturen im Ostseeraum<br \/>\nFilologijos fakultetas \/ Philologische Fakult\u00e4t<br \/>\nVilniaus universitetas \/ Universit\u00e4t Vilnius<br \/>\nUniversiteto g. 5, LT-01513 Vilnius<br \/>\nTel. (+370-5) 268-7230<br \/>\nEl. p. diana.sileikaite@flf.vu.lt<\/p>\n<table style=\"width: 100%;border-color: #ffffff\">\n<tbody>\n<tr style=\"border-style: none\">\n<td style=\"width: 50%;height: 23px;vertical-align: top\"><strong>Moksliniai interesai<\/strong><\/p>\n<ul>\n<li>Vokie\u010di\u0173 ir lietuvi\u0173 kalb\u0173 gretinamieji tyrimai: fonetika, frazeologija;<\/li>\n<li>Vokie\u010di\u0173 kaip svetimosios kalbos didaktika:<br \/>\nk\u016brybinis ra\u0161ymas, mokslinio teksto k\u016brimas, pasiekim\u0173 vertinimas, IT ir DI \u012franki\u0173 taikymas mokant(is) kalb\u0173;<\/li>\n<li>Ugdymo \/ studij\u0173 program\u0173 rengimas ir j\u0173 kokyb\u0117s analiz\u0117<\/li>\n<\/ul>\n<\/td>\n<td style=\"width: 50%;height: 23px;vertical-align: top\"><strong>Forschungsinteressen<\/strong><\/p>\n<ul>\n<li>Kontrastive Untersuchungen des Deutschen und des Litauischen: Phonetik, Phraseologie;<\/li>\n<li>Didaktik des DaF-Unterrichts: Kreatives Schreiben, Wissenschaftliches Schreiben, Bewertung von Lernleistungen, IT und KI-Tools f\u00fcr den Fremdsprachenunterricht;<\/li>\n<li>Entwicklung von Curricula und Studienprogrammen sowie deren Qualit\u00e4tsanalyse<\/li>\n<\/ul>\n<\/td>\n<\/tr>\n<\/tbody>\n<\/table>\n","protected":false},"excerpt":{"rendered":"<p>Dr. Diana \u0160ileikait\u0117-Kaishauri Vokie\u010di\u0173 filologijos katedros docent\u0117 \/ Dozentin am Lehrstuhl f\u00fcr Deutsche Philologie Baltijos kalb\u0173 ir kult\u016br\u0173 institutas \/ Institut f\u00fcr Sprachen und Kulturen im Ostseeraum Filologijos fakultetas \/ Philologische Fakult\u00e4t Vilniaus universitetas \/ Universit\u00e4t Vilnius Universiteto g. 5, LT-01513 Vilnius Tel. (+370-5) 268-7230 El. p. diana.sileikaite@flf.vu.lt Moksliniai interesai Vokie\u010di\u0173 ir lietuvi\u0173 kalb\u0173 gretinamieji [&hellip;]<\/p>\n","protected":false},"author":10,"featured_media":0,"parent":0,"menu_order":1,"comment_status":"open","ping_status":"closed","template":"","meta":[],"_links":{"self":[{"href":"https:\/\/web.vu.lt\/flf\/d.sileikaite\/wp-json\/wp\/v2\/pages\/2"}],"collection":[{"href":"https:\/\/web.vu.lt\/flf\/d.sileikaite\/wp-json\/wp\/v2\/pages"}],"about":[{"href":"https:\/\/web.vu.lt\/flf\/d.sileikaite\/wp-json\/wp\/v2\/types\/page"}],"author":[{"embeddable":true,"href":"https:\/\/web.vu.lt\/flf\/d.sileikaite\/wp-json\/wp\/v2\/users\/10"}],"replies":[{"embeddable":true,"href":"https:\/\/web.vu.lt\/flf\/d.sileikaite\/wp-json\/wp\/v2\/comments?post=2"}],"version-history":[{"count":21,"href":"https:\/\/web.vu.lt\/flf\/d.sileikaite\/wp-json\/wp\/v2\/pages\/2\/revisions"}],"predecessor-version":[{"id":1512,"href":"https:\/\/web.vu.lt\/flf\/d.sileikaite\/wp-json\/wp\/v2\/pages\/2\/revisions\/1512"}],"wp:attachment":[{"href":"https:\/\/web.vu.lt\/flf\/d.sileikaite\/wp-json\/wp\/v2\/media?parent=2"}],"curies":[{"name":"wp","href":"https:\/\/api.w.org\/{rel}","templated":true}]}}