{"id":490,"date":"2020-03-17T14:44:05","date_gmt":"2020-03-17T12:44:05","guid":{"rendered":"http:\/\/web.vu.lt\/flf\/b.stundzia\/?page_id=490"},"modified":"2020-03-17T14:45:13","modified_gmt":"2020-03-17T12:45:13","slug":"lietuviu-kalbotyros-ivadas-seminaru-klausimai-ir-uzduotys","status":"publish","type":"page","link":"https:\/\/web.vu.lt\/flf\/b.stundzia\/lietuviu-kalbotyros-ivadas-seminaru-klausimai-ir-uzduotys\/","title":{"rendered":"Lietuvi\u0173 kalbotyros \u012fvadas. Seminar\u0173 klausimai ir u\u017eduotys"},"content":{"rendered":"<p><a href=\"http:\/\/web.vu.lt\/flf\/b.stundzia\/files\/2020\/03\/LK\u012ev_2020_sem_03_17_u\u017eduotys.docx\" rel=\"\">LK\u012ev_2020_sem_03_17_u\u017eduotys<\/a><\/p>\n","protected":false},"excerpt":{"rendered":"<p>LK\u012ev_2020_sem_03_17_u\u017eduotys<\/p>\n","protected":false},"author":3,"featured_media":0,"parent":0,"menu_order":0,"comment_status":"closed","ping_status":"closed","template":"","meta":[],"_links":{"self":[{"href":"https:\/\/web.vu.lt\/flf\/b.stundzia\/wp-json\/wp\/v2\/pages\/490"}],"collection":[{"href":"https:\/\/web.vu.lt\/flf\/b.stundzia\/wp-json\/wp\/v2\/pages"}],"about":[{"href":"https:\/\/web.vu.lt\/flf\/b.stundzia\/wp-json\/wp\/v2\/types\/page"}],"author":[{"embeddable":true,"href":"https:\/\/web.vu.lt\/flf\/b.stundzia\/wp-json\/wp\/v2\/users\/3"}],"replies":[{"embeddable":true,"href":"https:\/\/web.vu.lt\/flf\/b.stundzia\/wp-json\/wp\/v2\/comments?post=490"}],"version-history":[{"count":3,"href":"https:\/\/web.vu.lt\/flf\/b.stundzia\/wp-json\/wp\/v2\/pages\/490\/revisions"}],"predecessor-version":[{"id":494,"href":"https:\/\/web.vu.lt\/flf\/b.stundzia\/wp-json\/wp\/v2\/pages\/490\/revisions\/494"}],"wp:attachment":[{"href":"https:\/\/web.vu.lt\/flf\/b.stundzia\/wp-json\/wp\/v2\/media?parent=490"}],"curies":[{"name":"wp","href":"https:\/\/api.w.org\/{rel}","templated":true}]}}