{"id":323,"date":"2018-02-28T20:51:11","date_gmt":"2018-02-28T18:51:11","guid":{"rendered":"http:\/\/web.vu.lt\/flf\/b.stundzia\/?page_id=323"},"modified":"2020-02-09T11:52:35","modified_gmt":"2020-02-09T09:52:35","slug":"lietuviu-kalbotyros-ivado-seminaru-medziaga","status":"publish","type":"page","link":"https:\/\/web.vu.lt\/flf\/b.stundzia\/lietuviu-kalbotyros-ivado-seminaru-medziaga\/","title":{"rendered":"Lietuvi\u0173 kalbotyros \u012fvado seminar\u0173 med\u017eiaga"},"content":{"rendered":"<p><a href=\"http:\/\/web.vu.lt\/flf\/b.stundzia\/files\/2019\/05\/Holvoet-2009-Difuziniai-subjektai-ir-objektai.pdf\" rel=\"\">Holvoet 2009 Difuziniai subjektai ir objektai<\/a><\/p>\n<p><a href=\"http:\/\/web.vu.lt\/flf\/b.stundzia\/files\/2018\/02\/LKIv_Apofonija_2018.pptx\" rel=\"\">LKIv_Apofonija_2018<\/a><\/p>\n<p><a href=\"http:\/\/web.vu.lt\/flf\/b.stundzia\/files\/2018\/03\/Kirciavimo_sistema_DLKG.pdf\" rel=\"\">Kirciavimo_sistema_DLKG<\/a><\/p>\n<p><a href=\"http:\/\/web.vu.lt\/flf\/b.stundzia\/files\/2018\/03\/Kirciavimo_sistema_Stundzia.pdf\" rel=\"\">Kirciavimo_sistema_<\/a><a href=\"http:\/\/web.vu.lt\/flf\/b.stundzia\/files\/2018\/03\/Kirciavimo_sistema_Stundzia.pdf\" rel=\"\">Stundzia<\/a><\/p>\n<p><a href=\"http:\/\/web.vu.lt\/flf\/b.stundzia\/files\/2018\/02\/Balsiu_kaita_LKE.pdf\" rel=\"\">Balsiu_kaita_LKE<\/a><\/p>\n<p><a href=\"http:\/\/web.vu.lt\/flf\/b.stundzia\/files\/2018\/02\/Garsu_kaita_DLKG.pdf\" rel=\"\">Garsu_kaita_DLKG<\/a><\/p>\n","protected":false},"excerpt":{"rendered":"<p>Holvoet 2009 Difuziniai subjektai ir objektai LKIv_Apofonija_2018 Kirciavimo_sistema_DLKG Kirciavimo_sistema_Stundzia Balsiu_kaita_LKE Garsu_kaita_DLKG<\/p>\n","protected":false},"author":3,"featured_media":0,"parent":0,"menu_order":0,"comment_status":"closed","ping_status":"closed","template":"","meta":[],"_links":{"self":[{"href":"https:\/\/web.vu.lt\/flf\/b.stundzia\/wp-json\/wp\/v2\/pages\/323"}],"collection":[{"href":"https:\/\/web.vu.lt\/flf\/b.stundzia\/wp-json\/wp\/v2\/pages"}],"about":[{"href":"https:\/\/web.vu.lt\/flf\/b.stundzia\/wp-json\/wp\/v2\/types\/page"}],"author":[{"embeddable":true,"href":"https:\/\/web.vu.lt\/flf\/b.stundzia\/wp-json\/wp\/v2\/users\/3"}],"replies":[{"embeddable":true,"href":"https:\/\/web.vu.lt\/flf\/b.stundzia\/wp-json\/wp\/v2\/comments?post=323"}],"version-history":[{"count":5,"href":"https:\/\/web.vu.lt\/flf\/b.stundzia\/wp-json\/wp\/v2\/pages\/323\/revisions"}],"predecessor-version":[{"id":416,"href":"https:\/\/web.vu.lt\/flf\/b.stundzia\/wp-json\/wp\/v2\/pages\/323\/revisions\/416"}],"wp:attachment":[{"href":"https:\/\/web.vu.lt\/flf\/b.stundzia\/wp-json\/wp\/v2\/media?parent=323"}],"curies":[{"name":"wp","href":"https:\/\/api.w.org\/{rel}","templated":true}]}}