{"id":288,"date":"2016-09-21T14:13:20","date_gmt":"2016-09-21T11:13:20","guid":{"rendered":"http:\/\/web.vu.lt\/flf\/b.stundzia\/?page_id=288"},"modified":"2020-09-12T20:29:56","modified_gmt":"2020-09-12T17:29:56","slug":"baltu-filologijos-ivadas-2016","status":"publish","type":"page","link":"https:\/\/web.vu.lt\/flf\/b.stundzia\/baltu-filologijos-ivadas-2016\/","title":{"rendered":"Balt\u0173 filologijos \u012fvadas."},"content":{"rendered":"<p><a href=\"http:\/\/web.vu.lt\/flf\/b.stundzia\/files\/2020\/09\/Balt\u0173_filol_\u012fv_2020.pdf\" rel=\"\">Balt\u0173_filol_\u012fv_2020<\/a><\/p>\n<p><a href=\"http:\/\/web.vu.lt\/flf\/b.stundzia\/files\/2020\/09\/BF\u012e_prane\u0161im\u0173_temos_2020.docx\" rel=\"\">BF\u012e_prane\u0161im\u0173_temos_2020<\/a><\/p>\n<p><a href=\"http:\/\/web.vu.lt\/flf\/b.stundzia\/files\/2019\/09\/BF\u012e_1_baltai_filologija_\u012fvadas.ppt\" rel=\"\">BF\u012e_1_baltai_filologija_\u012fvadas<\/a><\/p>\n<p><a href=\"http:\/\/web.vu.lt\/flf\/b.stundzia\/files\/2019\/09\/baltistika_LB_auksin\u0117_moneta.pdf\" rel=\"\">baltistika_LB_auksin\u0117_moneta<\/a><\/p>\n<p><a href=\"http:\/\/web.vu.lt\/flf\/b.stundzia\/files\/2019\/09\/BF\u012e_2_prie\u0161istorin\u0117s_gyv_vietos_etnogenez\u0117-1.ppt\" rel=\"\">BF\u012e_2_prie\u0161istorin\u0117s_gyv_vietos_etnogenez\u0117<\/a><\/p>\n<p><a href=\"http:\/\/web.vu.lt\/flf\/b.stundzia\/files\/2019\/09\/BF\u012e_3_kalb\u0173_kontaktai_ir_balt\u0173-fin\u0173_santykiai.ppt\" rel=\"\">BF\u012e_3_kalb\u0173_kontaktai_ir_balt\u0173-fin\u0173_santykiai<\/a><\/p>\n<p><a href=\"http:\/\/web.vu.lt\/flf\/b.stundzia\/files\/2019\/09\/Balt\u0173_kult\u016bra_LB_2Eur_moneta-1.pdf\" rel=\"\">Balt\u0173_kult\u016bra_LB_2Eur_moneta<\/a><\/p>\n<p><a href=\"http:\/\/web.vu.lt\/flf\/b.stundzia\/files\/2019\/10\/BF\u012e_4_balt\u0173_ind-iran\u0117n\u0173_german\u0173_santykiai.ppt\" rel=\"\">BF\u012e_4_balt\u0173_ind-iran\u0117n\u0173_german\u0173_santykiai<\/a><\/p>\n<p><a href=\"http:\/\/web.vu.lt\/flf\/b.stundzia\/files\/2019\/10\/BF\u012e_5_balt\u0173-slav\u0173_santykiai.ppt\" rel=\"\">BF\u012e_5_balt\u0173-slav\u0173_santykiai<\/a><\/p>\n<p><a href=\"http:\/\/web.vu.lt\/flf\/b.stundzia\/files\/2019\/10\/BF\u012e_6_balt\u0173_gen\u010di\u0173_be_ra\u0161to_ypatyb\u0117s.ppt\" rel=\"\">BF\u012e_6_balt\u0173_gen\u010di\u0173_be_ra\u0161to_ypatyb\u0117s<\/a><\/p>\n<p><a href=\"http:\/\/web.vu.lt\/flf\/b.stundzia\/files\/2019\/10\/BF\u012e_7_balt\u0173_gentys_istorin_\u0161altiniuose.ppt\" rel=\"\">BF\u012e_7_balt\u0173_gentys_istorin_\u0161altiniuose<\/a><\/p>\n<p><a href=\"http:\/\/web.vu.lt\/flf\/b.stundzia\/files\/2019\/10\/BF\u012e_8_balt\u0173_kalb\u0173_sampratos_renesanse.ppt\" rel=\"\">BF\u012e_8_balt\u0173_kalb\u0173_sampratos_renesanse<\/a><\/p>\n<p><a href=\"http:\/\/web.vu.lt\/flf\/b.stundzia\/files\/2019\/10\/BF\u012e_9_balt\u0173_kalb\u0173_tarm\u0117s.ppt\" rel=\"\">BF\u012e_9_balt\u0173_kalb\u0173_tarm\u0117s<\/a><\/p>\n<p>&nbsp;<\/p>\n<p>&nbsp;<\/p>\n","protected":false},"excerpt":{"rendered":"<p>Balt\u0173_filol_\u012fv_2020 BF\u012e_prane\u0161im\u0173_temos_2020 BF\u012e_1_baltai_filologija_\u012fvadas baltistika_LB_auksin\u0117_moneta BF\u012e_2_prie\u0161istorin\u0117s_gyv_vietos_etnogenez\u0117 BF\u012e_3_kalb\u0173_kontaktai_ir_balt\u0173-fin\u0173_santykiai Balt\u0173_kult\u016bra_LB_2Eur_moneta BF\u012e_4_balt\u0173_ind-iran\u0117n\u0173_german\u0173_santykiai BF\u012e_5_balt\u0173-slav\u0173_santykiai BF\u012e_6_balt\u0173_gen\u010di\u0173_be_ra\u0161to_ypatyb\u0117s BF\u012e_7_balt\u0173_gentys_istorin_\u0161altiniuose BF\u012e_8_balt\u0173_kalb\u0173_sampratos_renesanse BF\u012e_9_balt\u0173_kalb\u0173_tarm\u0117s &nbsp; &nbsp;<\/p>\n","protected":false},"author":3,"featured_media":0,"parent":0,"menu_order":0,"comment_status":"closed","ping_status":"closed","template":"","meta":[],"_links":{"self":[{"href":"https:\/\/web.vu.lt\/flf\/b.stundzia\/wp-json\/wp\/v2\/pages\/288"}],"collection":[{"href":"https:\/\/web.vu.lt\/flf\/b.stundzia\/wp-json\/wp\/v2\/pages"}],"about":[{"href":"https:\/\/web.vu.lt\/flf\/b.stundzia\/wp-json\/wp\/v2\/types\/page"}],"author":[{"embeddable":true,"href":"https:\/\/web.vu.lt\/flf\/b.stundzia\/wp-json\/wp\/v2\/users\/3"}],"replies":[{"embeddable":true,"href":"https:\/\/web.vu.lt\/flf\/b.stundzia\/wp-json\/wp\/v2\/comments?post=288"}],"version-history":[{"count":29,"href":"https:\/\/web.vu.lt\/flf\/b.stundzia\/wp-json\/wp\/v2\/pages\/288\/revisions"}],"predecessor-version":[{"id":557,"href":"https:\/\/web.vu.lt\/flf\/b.stundzia\/wp-json\/wp\/v2\/pages\/288\/revisions\/557"}],"wp:attachment":[{"href":"https:\/\/web.vu.lt\/flf\/b.stundzia\/wp-json\/wp\/v2\/media?parent=288"}],"curies":[{"name":"wp","href":"https:\/\/api.w.org\/{rel}","templated":true}]}}