{"id":194,"date":"2015-02-03T20:39:49","date_gmt":"2015-02-03T18:39:49","guid":{"rendered":"http:\/\/web.vu.lt\/flf\/b.stundzia\/?page_id=194"},"modified":"2020-06-01T11:36:00","modified_gmt":"2020-06-01T08:36:00","slug":"bendrine-lietuviu-kalba-fonetika-morfemika-akcentologija","status":"publish","type":"page","link":"https:\/\/web.vu.lt\/flf\/b.stundzia\/bendrine-lietuviu-kalba-fonetika-morfemika-akcentologija\/","title":{"rendered":"Fonologija ir akcentologija. Dalyko apra\u0161as ir akcentologijos paskaitos."},"content":{"rendered":"<p><a href=\"http:\/\/web.vu.lt\/flf\/b.stundzia\/files\/2020\/03\/Fonologija_akcentologija_2020_dalyko-apra\u0161as.docx\" rel=\"\">Fonologija_akcentologija_2020_dalyko apra\u0161as<\/a><\/p>\n<p><a href=\"http:\/\/web.vu.lt\/flf\/b.stundzia\/files\/2020\/04\/1.Paskaita_Kirtis_ir_priegaid\u0117_ide_kalbose.doc\" rel=\"\">1.Paskaita_Kirtis_ir_priegaid\u0117_ide_kalbose<\/a><\/p>\n<p><a href=\"http:\/\/web.vu.lt\/flf\/b.stundzia\/files\/2020\/04\/2.Kir\u010dio_priegaid\u0117s_\u017eenklai_ir_priesag\u0173_ved_kir\u010diavimas.pptx\" rel=\"\">2.Kir\u010dio_priegaid\u0117s_\u017eenklai_ir_priesag\u0173_ved_kir\u010diavimas<\/a><\/p>\n<p><a href=\"http:\/\/web.vu.lt\/flf\/b.stundzia\/files\/2020\/05\/3.Paskaita_prieb_pries_ir_gal_ved_kir\u010d.pptx\" rel=\"\">3.Paskaita_prieb_pries_ir_gal_ved_kir\u010d<\/a><\/p>\n<p><a href=\"http:\/\/web.vu.lt\/flf\/b.stundzia\/files\/2020\/05\/4.Paskaita_prie\u0161d_vard_d\u016briniai.pptx\" rel=\"\">4.Paskaita_prie\u0161d_vard_d\u016briniai<\/a><\/p>\n<p><a href=\"http:\/\/web.vu.lt\/flf\/b.stundzia\/files\/2020\/06\/5.Paskaita_veiksm_kir\u010diavimas.pptx\" rel=\"\">5.Paskaita_veiksm_kir\u010diavimas<\/a><\/p>\n<p>&nbsp;<\/p>\n<p>&nbsp;<\/p>\n<p>&nbsp;<\/p>\n<p>&nbsp;<\/p>\n","protected":false},"excerpt":{"rendered":"<p>Fonologija_akcentologija_2020_dalyko apra\u0161as 1.Paskaita_Kirtis_ir_priegaid\u0117_ide_kalbose 2.Kir\u010dio_priegaid\u0117s_\u017eenklai_ir_priesag\u0173_ved_kir\u010diavimas 3.Paskaita_prieb_pries_ir_gal_ved_kir\u010d 4.Paskaita_prie\u0161d_vard_d\u016briniai 5.Paskaita_veiksm_kir\u010diavimas &nbsp; &nbsp; &nbsp; &nbsp;<\/p>\n","protected":false},"author":3,"featured_media":0,"parent":0,"menu_order":0,"comment_status":"closed","ping_status":"closed","template":"","meta":[],"_links":{"self":[{"href":"https:\/\/web.vu.lt\/flf\/b.stundzia\/wp-json\/wp\/v2\/pages\/194"}],"collection":[{"href":"https:\/\/web.vu.lt\/flf\/b.stundzia\/wp-json\/wp\/v2\/pages"}],"about":[{"href":"https:\/\/web.vu.lt\/flf\/b.stundzia\/wp-json\/wp\/v2\/types\/page"}],"author":[{"embeddable":true,"href":"https:\/\/web.vu.lt\/flf\/b.stundzia\/wp-json\/wp\/v2\/users\/3"}],"replies":[{"embeddable":true,"href":"https:\/\/web.vu.lt\/flf\/b.stundzia\/wp-json\/wp\/v2\/comments?post=194"}],"version-history":[{"count":18,"href":"https:\/\/web.vu.lt\/flf\/b.stundzia\/wp-json\/wp\/v2\/pages\/194\/revisions"}],"predecessor-version":[{"id":550,"href":"https:\/\/web.vu.lt\/flf\/b.stundzia\/wp-json\/wp\/v2\/pages\/194\/revisions\/550"}],"wp:attachment":[{"href":"https:\/\/web.vu.lt\/flf\/b.stundzia\/wp-json\/wp\/v2\/media?parent=194"}],"curies":[{"name":"wp","href":"https:\/\/api.w.org\/{rel}","templated":true}]}}