{"id":140,"date":"2014-02-18T21:53:22","date_gmt":"2014-02-18T19:53:22","guid":{"rendered":"http:\/\/web.vu.lt\/flf\/b.stundzia\/?page_id=140"},"modified":"2020-06-14T20:55:03","modified_gmt":"2020-06-14T17:55:03","slug":"lietuviu-kalbotyros-ivadas-pd-dalyko-aprasas","status":"publish","type":"page","link":"https:\/\/web.vu.lt\/flf\/b.stundzia\/lietuviu-kalbotyros-ivadas-pd-dalyko-aprasas\/","title":{"rendered":"Lietuvi\u0173 kalbotyros \u012fvadas (PD). Student\u0173 pasirinktos prane\u0161im\u0173 ir ra\u0161to darb\u0173 temos. Dalyko apra\u0161as. Paskait\u0173, seminar\u0173 tvarkara\u0161tis. Paskait\u0173 skaidr\u0117s. Prane\u0161im\u0173 prezentacijos, egzaminas"},"content":{"rendered":"<p><a href=\"http:\/\/web.vu.lt\/flf\/b.stundzia\/files\/2020\/02\/Dalyko_apr_Liet_kalbot_\u012fv.docx\" rel=\"\">Dalyko_apr_Liet_kalbot_\u012fv<\/a><\/p>\n<p><a href=\"http:\/\/web.vu.lt\/flf\/b.stundzia\/files\/2020\/06\/LK\u012ev_egzaminas_2020.docx\" rel=\"\">LK\u012ev_egzaminas_2020<\/a><\/p>\n<p><a href=\"http:\/\/web.vu.lt\/flf\/b.stundzia\/files\/2020\/03\/LK\u012ev_prane\u0161_ra\u0161to_darb\u0173_temos_2020.docx\" rel=\"\">LK\u012ev_prane\u0161_ra\u0161to_darb\u0173_temos_2020<\/a><\/p>\n<p><a href=\"http:\/\/web.vu.lt\/flf\/b.stundzia\/files\/2020\/02\/LK\u012eV_pask_sem_tvarkara\u0161tis.docx\" rel=\"\">LK\u012eV_pask_sem_tvarkara\u0161tis<\/a><\/p>\n<p><a href=\"http:\/\/web.vu.lt\/flf\/b.stundzia\/files\/2020\/02\/Lie_kalbot_\u012fv_1.ppt\" rel=\"\">Lie_kalbot_\u012fv_1<\/a><\/p>\n<p><a href=\"http:\/\/web.vu.lt\/flf\/b.stundzia\/files\/2020\/02\/Lie_kalbot_\u012fv_2.ppt\" rel=\"\">Lie_kalbot_\u012fv_2<\/a><\/p>\n<p><a href=\"http:\/\/web.vu.lt\/flf\/b.stundzia\/files\/2020\/02\/Lie_kalbot_\u012fv_3_Lie_kalbos_kilm\u0117.ppt\" rel=\"\">Lie_kalbot_\u012fv_3_Lie_kalbos_kilm\u0117<\/a><\/p>\n<p><a href=\"http:\/\/web.vu.lt\/flf\/b.stundzia\/files\/2020\/02\/Lie_kalbot_\u012fv_4_morf_tarm\u0117s.ppt\" rel=\"\">Lie_kalbot_\u012fv_4_morf_tarm\u0117s<\/a><\/p>\n<p>&nbsp;<\/p>\n<p>&nbsp;<\/p>\n","protected":false},"excerpt":{"rendered":"<p>Dalyko_apr_Liet_kalbot_\u012fv LK\u012ev_egzaminas_2020 LK\u012ev_prane\u0161_ra\u0161to_darb\u0173_temos_2020 LK\u012eV_pask_sem_tvarkara\u0161tis Lie_kalbot_\u012fv_1 Lie_kalbot_\u012fv_2 Lie_kalbot_\u012fv_3_Lie_kalbos_kilm\u0117 Lie_kalbot_\u012fv_4_morf_tarm\u0117s &nbsp; &nbsp;<\/p>\n","protected":false},"author":3,"featured_media":0,"parent":0,"menu_order":0,"comment_status":"closed","ping_status":"closed","template":"","meta":[],"_links":{"self":[{"href":"https:\/\/web.vu.lt\/flf\/b.stundzia\/wp-json\/wp\/v2\/pages\/140"}],"collection":[{"href":"https:\/\/web.vu.lt\/flf\/b.stundzia\/wp-json\/wp\/v2\/pages"}],"about":[{"href":"https:\/\/web.vu.lt\/flf\/b.stundzia\/wp-json\/wp\/v2\/types\/page"}],"author":[{"embeddable":true,"href":"https:\/\/web.vu.lt\/flf\/b.stundzia\/wp-json\/wp\/v2\/users\/3"}],"replies":[{"embeddable":true,"href":"https:\/\/web.vu.lt\/flf\/b.stundzia\/wp-json\/wp\/v2\/comments?post=140"}],"version-history":[{"count":38,"href":"https:\/\/web.vu.lt\/flf\/b.stundzia\/wp-json\/wp\/v2\/pages\/140\/revisions"}],"predecessor-version":[{"id":553,"href":"https:\/\/web.vu.lt\/flf\/b.stundzia\/wp-json\/wp\/v2\/pages\/140\/revisions\/553"}],"wp:attachment":[{"href":"https:\/\/web.vu.lt\/flf\/b.stundzia\/wp-json\/wp\/v2\/media?parent=140"}],"curies":[{"name":"wp","href":"https:\/\/api.w.org\/{rel}","templated":true}]}}