{"id":27,"date":"2018-08-31T19:52:24","date_gmt":"2018-08-31T21:52:24","guid":{"rendered":"http:\/\/web.vu.lt\/ff\/s.toliautas\/?page_id=27"},"modified":"2024-02-25T15:17:21","modified_gmt":"2024-02-25T13:17:21","slug":"apie","status":"publish","type":"page","link":"https:\/\/web.vu.lt\/ff\/s.toliautas\/","title":{"rendered":"Apie"},"content":{"rendered":"<div class=\"wp-block-image\">\r\n<figure class=\"alignright is-resized\" data-wp-editing=\"1\">\r\n<p><img loading=\"lazy\" decoding=\"async\" class=\"alignright wp-image-275\" src=\"https:\/\/web.vu.lt\/ff\/s.toliautas\/wp-content\/uploads\/2024\/02\/jan_2024_half-240x300.jpg\" alt=\"\" width=\"200\" height=\"250\" srcset=\"https:\/\/web.vu.lt\/ff\/s.toliautas\/wp-content\/uploads\/2024\/02\/jan_2024_half-240x300.jpg 240w, https:\/\/web.vu.lt\/ff\/s.toliautas\/wp-content\/uploads\/2024\/02\/jan_2024_half-819x1024.jpg 819w, https:\/\/web.vu.lt\/ff\/s.toliautas\/wp-content\/uploads\/2024\/02\/jan_2024_half-768x960.jpg 768w, https:\/\/web.vu.lt\/ff\/s.toliautas\/wp-content\/uploads\/2024\/02\/jan_2024_half.jpg 864w\" sizes=\"auto, (max-width: 200px) 100vw, 200px\" \/><\/p>\r\n<\/figure>\r\n<\/div>\r\n\r\n<h2>Stepas Toliautas<\/h2>\r\n<h4>Docentas, dr.<\/h4>\r\n<p>Vilniaus universiteto bendruomen\u0117s narys nuo 2003 m.<br \/>Ie\u0161kai \u012fkv\u0117pimo VU? I\u0161bandyk <a href=\"https:\/\/www.idialogue.lt\/lt\/mentors\/free\/1?&amp;vu_association=1\" target=\"_blank\" rel=\"noopener\">mentoryst\u0119<\/a>! (<a href=\"https:\/\/www.idialogue.lt\/lt\/mentors\/stepas-toliautas-1434\" target=\"_blank\" rel=\"noopener\">Taip<\/a>.)<\/p>\r\n<p>&nbsp;<\/p>\r\n<p><a href=\"https:\/\/www.ff.vu.lt\/en\/science\/researcher-profiles-2\/1887-dr-stepas-toliautas\" target=\"_blank\" rel=\"noopener\">VU<\/a> | <a href=\"https:\/\/www.linkedin.com\/in\/stepas-toliautas\/\" target=\"_blank\" rel=\"noopener\">LinkedIn<\/a> | <a href=\"https:\/\/www.researchgate.net\/profile\/Stepas-Toliautas\/\" target=\"_blank\" rel=\"noopener\">ResearchGate<\/a> | <a href=\"https:\/\/web.vu.lt\/ff\/s.toliautas\/\">Nepjaukit grybo<\/a>\u00a0<a href=\"https:\/\/web.vu.lt\/ff\/s.toliautas\/wp-content\/uploads\/2022\/08\/oi_nepjaukit.mp3\" target=\"_blank\" rel=\"noopener\">*<\/a><\/p>\r\n<p>&nbsp;<\/p>\r\n<h3>Vietos ir datos<\/h3>\r\n<p>Gimiau 1985 m. Vilniuje, u\u017eaugau Fabijoni\u0161k\u0117se (kai jas pastat\u0117):<\/p>\r\n<ul>\r\n<li>S. Stanevi\u010diaus vidurin\u0117 mokykla (1991-1999)<\/li>\r\n<li>Vilniaus lic\u0117jus (1999-2003)<\/li>\r\n<li>B. Dvariono 10-met\u0117 muzikos mokykla (1991-2003)<\/li>\r\n<\/ul>\r\n<p>2003 m. \u012fstojau \u012f Vilniaus universiteto Fizikos fakultet\u0105 Saul\u0117tekyje:<\/p>\r\n<ul>\r\n<li>bakalauro studijos &#8212; Kompiuterin\u0117 fizika (2003-2007)\r\n<ul>\r\n<li>2006 m. ruduo &#8212; \u0160vedijoje, Lin\u010diopingo universitete<br \/>(pagal Erasmus main\u0173 program\u0105)<\/li>\r\n<\/ul>\r\n<\/li>\r\n<li>magistrant\u016bra &#8212; Teorin\u0117 fizika ir astronomija (2007-2009)<\/li>\r\n<li>doktorant\u016bra &#8212; fiziniai mokslai, Fizika (2009-2013)\r\n<ul>\r\n<li>2014 m. rugs\u0117j\u012f apginta daktaro disertacija<\/li>\r\n<\/ul>\r\n<\/li>\r\n<\/ul>\r\n<p>Fizikos fakultete prad\u0117jau dirbti 2007 m. baland\u012f laborantu, nuo tada buvau:<\/p>\r\n<ul>\r\n<li>in\u017einierius (2007-2014),<\/li>\r\n<li>lektorius* \/ lektorius (2014\/2017-2019),<\/li>\r\n<li>asistentas \/ docentas (2019\/2023-),<\/li>\r\n<li>projekt\u0173 mokslo darbuotojas (2012-).<\/li>\r\n<\/ul>\r\n<p>U\u017e fakulteto rib\u0173 esu programav\u0119s duomen\u0173 bazes ir \u017eaidimus mobiliesiems \u012frenginiams.<br \/>Nuo 2014 m. mane galima sutikti Naujamiestyje, Saul\u0117tekyje ir bet kokiame \u017ealiame plote tarp j\u0173 \ud83d\ude42<\/p>\r\n<p>&nbsp;<\/p>\r\n<h3>Mokslin\u0117 veikla<\/h3>\r\n<p>\u017dr. skilt\u012f <a href=\"https:\/\/web.vu.lt\/ff\/s.toliautas\/research\/\">Tyrimai<\/a>.<\/p>\r\n<p>&nbsp;<\/p>","protected":false},"excerpt":{"rendered":"<p>Stepas Toliautas Docentas, dr. Vilniaus universiteto bendruomen\u0117s narys nuo 2003 m.Ie\u0161kai \u012fkv\u0117pimo VU? I\u0161bandyk mentoryst\u0119! (Taip.) &nbsp; VU | LinkedIn | ResearchGate | Nepjaukit grybo\u00a0* &nbsp; Vietos ir datos Gimiau 1985 m. Vilniuje, u\u017eaugau Fabijoni\u0161k\u0117se (kai jas pastat\u0117): S. Stanevi\u010diaus vidurin\u0117 mokykla (1991-1999) Vilniaus lic\u0117jus (1999-2003) B. Dvariono 10-met\u0117 muzikos mokykla (1991-2003) 2003 m. \u012fstojau [&hellip;]<\/p>\n","protected":false},"author":1,"featured_media":0,"parent":0,"menu_order":0,"comment_status":"closed","ping_status":"closed","template":"","meta":{"footnotes":""},"class_list":["post-27","page","type-page","status-publish","hentry"],"_links":{"self":[{"href":"https:\/\/web.vu.lt\/ff\/s.toliautas\/wp-json\/wp\/v2\/pages\/27","targetHints":{"allow":["GET"]}}],"collection":[{"href":"https:\/\/web.vu.lt\/ff\/s.toliautas\/wp-json\/wp\/v2\/pages"}],"about":[{"href":"https:\/\/web.vu.lt\/ff\/s.toliautas\/wp-json\/wp\/v2\/types\/page"}],"author":[{"embeddable":true,"href":"https:\/\/web.vu.lt\/ff\/s.toliautas\/wp-json\/wp\/v2\/users\/1"}],"replies":[{"embeddable":true,"href":"https:\/\/web.vu.lt\/ff\/s.toliautas\/wp-json\/wp\/v2\/comments?post=27"}],"version-history":[{"count":70,"href":"https:\/\/web.vu.lt\/ff\/s.toliautas\/wp-json\/wp\/v2\/pages\/27\/revisions"}],"predecessor-version":[{"id":277,"href":"https:\/\/web.vu.lt\/ff\/s.toliautas\/wp-json\/wp\/v2\/pages\/27\/revisions\/277"}],"wp:attachment":[{"href":"https:\/\/web.vu.lt\/ff\/s.toliautas\/wp-json\/wp\/v2\/media?parent=27"}],"curies":[{"name":"wp","href":"https:\/\/api.w.org\/{rel}","templated":true}]}}