{"id":132,"date":"2019-05-03T06:25:44","date_gmt":"2019-05-03T08:25:44","guid":{"rendered":"http:\/\/web.vu.lt\/ff\/s.toliautas\/?page_id=132"},"modified":"2022-12-29T21:50:50","modified_gmt":"2022-12-29T19:50:50","slug":"teaching","status":"publish","type":"page","link":"https:\/\/web.vu.lt\/ff\/s.toliautas\/teaching\/","title":{"rendered":"Mokymas"},"content":{"rendered":"<h3>Tiriamieji darbai<\/h3>\n<p>Ie\u0161kai temos studij\u0173 tiriamajam darbui? Susisiek!<\/p>\n<p>Jei (jau) svarstai apie magistrant\u016br\u0105, atskir\u0173 molekuli\u0173 savybi\u0173 tyrimai elektronin\u0117s strukt\u016bros modeliavimo metodais yra pagrindin\u0117 ir nei\u0161semiama m\u016bs\u0173 tematika.<br \/>\nJei nori pasigirti u\u017eduo\u010di\u0173 modeliavimo ir sprendimo \u012fg\u016bd\u017eiais darbo pokalbi\u0173 metu (Universitetas neparengia gyvenimui? <a href=\"https:\/\/www.youtube.com\/watch?v=PEo09W9Giag\" target=\"_blank\" rel=\"noopener\">Nes\u0105mon\u0117<\/a>!), per\u017ei\u016br\u0117k \u0161ias temas:<\/p>\n<ul>\n<li>\u201eHidrodinamikos u\u017edavini\u0173 nestabili\u0173 sprendini\u0173 vizualizavimas realiu laiku\u201c (ar gali vaizduoti trimat\u012f rei\u0161kin\u012f jam tebevykstant? tu &#8212; 3D programuotojas);<\/li>\n<li>\u201eMolekuli\u0173 strukt\u016bros nustatymo skai\u010diavim\u0173 modeliais tikslumo ribos\u201c (ar gali rasti cheminio ry\u0161io ilg\u012f be perteklini\u0173 skaitmen\u0173? tu &#8212; kokyb\u0117s prie\u017ei\u016bros ir testavimo specialistas);<\/li>\n<\/ul>\n<p>&#8230;arba ateik su sav\u0105ja ir aptarkime j\u0105!<\/p>\n<p>&nbsp;<\/p>\n<h3>Studij\u0173 dalykai<\/h3>\n<p>\u0160iuo metu Fizikos fakultete koordinuoju ir d\u0117stau informacini\u0173 technologij\u0173 taikymo dalykus Kompiuterin\u0117s fizikos \/ Fizikos (bakalauro) bei Teorin\u0117s fizikos ir astrofizikos (magistrant\u016bros) studentams:<\/p>\n<ul>\n<li><span style=\"color: #808080;\">Programavimo \u012fvadas (C++),<\/span><\/li>\n<li>Skaitiniai metodai (<em>MATLAB<\/em>),<\/li>\n<li>Lygiagretieji skai\u010diavimai (C++),<\/li>\n<li>Dirbtinis intelektas (<em>Python<\/em>).<\/li>\n<\/ul>\n<p>Kadangi dirbtinio intelekto metodai ir taikymai yra labiausiai mane dominanti ne fizikos srities tema, retkar\u010diais pasisakau ir ja (\u017er. apa\u010dioje). Jei prireikt\u0173 prane\u0161\u0117jo, siekian\u010dio paai\u0161kinti, o ne prig\u0105sdinti &#8212; kreipkit\u0117s!<\/p>\n<ul>\n<li>Dirbtinis intelektas &#8212; tarp gerov\u0117s k\u016brimo ir gr\u0117sm\u0117s (<em>pavadinimas ne mano \ud83d\ude42<\/em>)<br \/>\n(<em>Open Readings<\/em> 2019 Cafe Scientifique renginys, 2019-02-25)<\/li>\n<li>Apie dirbtinio intelekto pasiekimus ir nes\u0117kmes &#8212; baland\u017eio 1-osios tonu:<br \/>\n<a href=\"http:\/\/www.lrt.lt\/naujienos\/mokslas_ir_it\/1\/132300\/dirbtinis_intelektas_gasdintis_ar_didziuotis\" target=\"_blank\" rel=\"noopener noreferrer\">Laba diena, Lietuva<\/a> (LRT, 2016-04-01)<\/li>\n<li>Siurblys labirinte ir kitos dirbtinio intelekto paie\u0161kos<br \/>\n(VU FF Student\u0173 mokslin\u0117s draugijos seminaras, 2014-10-21)<\/li>\n<\/ul>\n<p>&nbsp;","protected":false},"excerpt":{"rendered":"<p>Tiriamieji darbai Ie\u0161kai temos studij\u0173 tiriamajam darbui? Susisiek! Jei (jau) svarstai apie magistrant\u016br\u0105, atskir\u0173 molekuli\u0173 savybi\u0173 tyrimai elektronin\u0117s strukt\u016bros modeliavimo metodais yra pagrindin\u0117 ir nei\u0161semiama m\u016bs\u0173 tematika. Jei nori pasigirti u\u017eduo\u010di\u0173 modeliavimo ir sprendimo \u012fg\u016bd\u017eiais darbo pokalbi\u0173 metu (Universitetas neparengia gyvenimui? Nes\u0105mon\u0117!), per\u017ei\u016br\u0117k \u0161ias temas: \u201eHidrodinamikos u\u017edavini\u0173 nestabili\u0173 sprendini\u0173 vizualizavimas realiu laiku\u201c (ar gali vaizduoti [&hellip;]<\/p>\n","protected":false},"author":1,"featured_media":0,"parent":0,"menu_order":2,"comment_status":"closed","ping_status":"closed","template":"","meta":{"footnotes":""},"class_list":["post-132","page","type-page","status-publish","hentry"],"_links":{"self":[{"href":"https:\/\/web.vu.lt\/ff\/s.toliautas\/wp-json\/wp\/v2\/pages\/132","targetHints":{"allow":["GET"]}}],"collection":[{"href":"https:\/\/web.vu.lt\/ff\/s.toliautas\/wp-json\/wp\/v2\/pages"}],"about":[{"href":"https:\/\/web.vu.lt\/ff\/s.toliautas\/wp-json\/wp\/v2\/types\/page"}],"author":[{"embeddable":true,"href":"https:\/\/web.vu.lt\/ff\/s.toliautas\/wp-json\/wp\/v2\/users\/1"}],"replies":[{"embeddable":true,"href":"https:\/\/web.vu.lt\/ff\/s.toliautas\/wp-json\/wp\/v2\/comments?post=132"}],"version-history":[{"count":18,"href":"https:\/\/web.vu.lt\/ff\/s.toliautas\/wp-json\/wp\/v2\/pages\/132\/revisions"}],"predecessor-version":[{"id":270,"href":"https:\/\/web.vu.lt\/ff\/s.toliautas\/wp-json\/wp\/v2\/pages\/132\/revisions\/270"}],"wp:attachment":[{"href":"https:\/\/web.vu.lt\/ff\/s.toliautas\/wp-json\/wp\/v2\/media?parent=132"}],"curies":[{"name":"wp","href":"https:\/\/api.w.org\/{rel}","templated":true}]}}