{"id":27,"date":"2018-08-31T19:52:24","date_gmt":"2018-08-31T21:52:24","guid":{"rendered":"http:\/\/web.vu.lt\/ff\/s.toliautas\/?page_id=27"},"modified":"2024-02-25T15:17:21","modified_gmt":"2024-02-25T13:17:21","slug":"apie","status":"publish","type":"page","link":"https:\/\/web.vu.lt\/ff\/s.toliautas\/en\/","title":{"rendered":"About"},"content":{"rendered":"<div class=\"wp-block-image\">\r\n<figure class=\"alignright is-resized\">\r\n<p><img loading=\"lazy\" decoding=\"async\" class=\"alignright wp-image-275\" src=\"https:\/\/web.vu.lt\/ff\/s.toliautas\/wp-content\/uploads\/2024\/02\/jan_2024_half-240x300.jpg\" alt=\"\" width=\"200\" height=\"250\" srcset=\"https:\/\/web.vu.lt\/ff\/s.toliautas\/wp-content\/uploads\/2024\/02\/jan_2024_half-240x300.jpg 240w, https:\/\/web.vu.lt\/ff\/s.toliautas\/wp-content\/uploads\/2024\/02\/jan_2024_half-819x1024.jpg 819w, https:\/\/web.vu.lt\/ff\/s.toliautas\/wp-content\/uploads\/2024\/02\/jan_2024_half-768x960.jpg 768w, https:\/\/web.vu.lt\/ff\/s.toliautas\/wp-content\/uploads\/2024\/02\/jan_2024_half.jpg 864w\" sizes=\"auto, (max-width: 200px) 100vw, 200px\" \/><\/p>\r\n<\/figure>\r\n<\/div>\r\n\r\n<h2>Stepas Toliautas<\/h2>\r\n<h4>Associate professor, PhD<\/h4>\r\n<p>Member of Vilnius University community since 2003.<br \/>Looking for inspiration at VU? Find a <a href=\"https:\/\/www.idialogue.lt\/en\/mentors\/free\/1?&amp;vu_association=1\" target=\"_blank\" rel=\"noopener\">mentor<\/a>! (<a href=\"https:\/\/www.idialogue.lt\/en\/mentors\/stepas-toliautas-1434\" target=\"_blank\" rel=\"noopener\">Yes<\/a>.)<\/p>\r\n<p>&nbsp;<\/p>\r\n<p><a href=\"https:\/\/www.ff.vu.lt\/en\/science\/researcher-profiles-2\/1887-dr-stepas-toliautas\" target=\"_blank\" rel=\"noopener\">VU<\/a> | <a href=\"https:\/\/www.linkedin.com\/in\/stepas-toliautas\/\" target=\"_blank\" rel=\"noopener\">LinkedIn<\/a> | <a href=\"https:\/\/www.researchgate.net\/profile\/Stepas-Toliautas\/\" target=\"_blank\" rel=\"noopener\">ResearchGate<\/a> | <a href=\"https:\/\/web.vu.lt\/ff\/s.toliautas\/en\/\">C&#8217;mon guys<\/a> <a href=\"http:\/\/smbc-comics.com\/comic\/second-strike\" target=\"_blank\" rel=\"noopener\">*<\/a> <a href=\"https:\/\/www.babbel.com\/en\/magazine\/rise-of-yall\" target=\"_blank\" rel=\"noopener\">^<\/a><\/p>\r\n<p>&nbsp;<\/p>\r\n<h3>Dates and places<\/h3>\r\n<p>I was born 1985 in Vilnius and grew up in Fabijoni\u0161k\u0117s district (built in 1988):<\/p>\r\n<ul>\r\n<li>S. Stanevi\u010dius secondary school (1991-1999)<\/li>\r\n<li>Vilnius Lyceum (1999-2003)<\/li>\r\n<li>B. Dvarionas decennial music school (1991-2003)<\/li>\r\n<\/ul>\r\n<p>From 2003 I studied at the Vilnius University Faculty of Physics in Saul\u0117tekis:<\/p>\r\n<ul>\r\n<li>bachelor studies &#8212; Computer Physics (2003-2007)\r\n<ul>\r\n<li>Fall 2006 &#8212; Link<span class=\"st\">\u00f6<\/span>pings University in Sweden <br \/>(via Erasmus exchange programme)<\/li>\r\n<\/ul>\r\n<\/li>\r\n<li>masters studies &#8212; Theoretical Physics and Astronomy (2007-2009)<\/li>\r\n<li>doctoral studies &#8212; physical sciences, Physics (2009-2013)\r\n<ul>\r\n<li>PhD degree earned September 2014<\/li>\r\n<\/ul>\r\n<\/li>\r\n<\/ul>\r\n<p>I am also employed by the Faculty of Physics since April 2007 (first as lab assistant):<\/p>\r\n<ul>\r\n<li>engineer (2007-2014)<\/li>\r\n<li>lecturer* \/ lecturer (2014\/2017-2019)<\/li>\r\n<li>assistant \/ associate professor (2019\/2023-)<\/li>\r\n<li>scientific researcher (by grants, 2012-).<\/li>\r\n<\/ul>\r\n<p>Outside the faculty I&#8217;ve been known to program internal databases and mobile games.<br \/>Since 2014 you&#8217;re likely to meet me in Saul\u0117tekis campus, Naujamiestis district <br \/>&#8230;and every patch of greenery in-between \ud83d\ude42<\/p>\r\n<p>&nbsp;<\/p>\r\n<h3>Scientific activity<\/h3>\r\n<p>See <a href=\"https:\/\/web.vu.lt\/ff\/s.toliautas\/en\/research\/\">Research<\/a>.<\/p>\r\n<p>&nbsp;<\/p>","protected":false},"excerpt":{"rendered":"<p>Stepas Toliautas Associate professor, PhD Member of Vilnius University community since 2003.Looking for inspiration at VU? Find a mentor! (Yes.) &nbsp; VU | LinkedIn | ResearchGate | C&#8217;mon guys * ^ &nbsp; Dates and places I was born 1985 in Vilnius and grew up in Fabijoni\u0161k\u0117s district (built in 1988): S. Stanevi\u010dius secondary school (1991-1999) [&hellip;]<\/p>\n","protected":false},"author":1,"featured_media":0,"parent":0,"menu_order":0,"comment_status":"closed","ping_status":"closed","template":"","meta":{"footnotes":""},"class_list":["post-27","page","type-page","status-publish","hentry"],"_links":{"self":[{"href":"https:\/\/web.vu.lt\/ff\/s.toliautas\/en\/wp-json\/wp\/v2\/pages\/27","targetHints":{"allow":["GET"]}}],"collection":[{"href":"https:\/\/web.vu.lt\/ff\/s.toliautas\/en\/wp-json\/wp\/v2\/pages"}],"about":[{"href":"https:\/\/web.vu.lt\/ff\/s.toliautas\/en\/wp-json\/wp\/v2\/types\/page"}],"author":[{"embeddable":true,"href":"https:\/\/web.vu.lt\/ff\/s.toliautas\/en\/wp-json\/wp\/v2\/users\/1"}],"replies":[{"embeddable":true,"href":"https:\/\/web.vu.lt\/ff\/s.toliautas\/en\/wp-json\/wp\/v2\/comments?post=27"}],"version-history":[{"count":70,"href":"https:\/\/web.vu.lt\/ff\/s.toliautas\/en\/wp-json\/wp\/v2\/pages\/27\/revisions"}],"predecessor-version":[{"id":277,"href":"https:\/\/web.vu.lt\/ff\/s.toliautas\/en\/wp-json\/wp\/v2\/pages\/27\/revisions\/277"}],"wp:attachment":[{"href":"https:\/\/web.vu.lt\/ff\/s.toliautas\/en\/wp-json\/wp\/v2\/media?parent=27"}],"curies":[{"name":"wp","href":"https:\/\/api.w.org\/{rel}","templated":true}]}}