{"id":201,"date":"2018-02-19T14:33:41","date_gmt":"2018-02-19T16:33:41","guid":{"rendered":"http:\/\/web.vu.lt\/bti\/v.petrauskas\/?page_id=201"},"modified":"2025-02-18T06:16:09","modified_gmt":"2025-02-18T08:16:09","slug":"mokymas","status":"publish","type":"page","link":"https:\/\/web.vu.lt\/bti\/v.petrauskas\/lt\/mokymas\/","title":{"rendered":"Mokymas"},"content":{"rendered":"<p>Enzimologijos pratybos | nuo 2018 m. |<\/p>\n<p>Mokslinio ra\u0161ymo pagrindai | nuo 2018 m. |<\/p>\n<p>Mokslin\u0117s komunikacijos pagrindai | nuo 2023 m. |<\/p>\n<p>Kurs\u0173 med\u017eiaga yra Vilniaus Universiteto <a href=\"https:\/\/emokymai.vu.lt\/\">Virtualioje mokymosi aplinkoje<\/a>.<\/p>\n\n\n<p><\/p>\n","protected":false},"excerpt":{"rendered":"<p>Enzimologijos pratybos | nuo 2018 m. | Mokslinio ra\u0161ymo pagrindai | nuo 2018 m. | Mokslin\u0117s komunikacijos pagrindai | nuo 2023 m. | Kurs\u0173 med\u017eiaga yra Vilniaus Universiteto Virtualioje mokymosi aplinkoje.<\/p>\n","protected":false},"author":1,"featured_media":0,"parent":0,"menu_order":3,"comment_status":"closed","ping_status":"closed","template":"","meta":{"footnotes":""},"class_list":["post-201","page","type-page","status-publish","hentry"],"_links":{"self":[{"href":"https:\/\/web.vu.lt\/bti\/v.petrauskas\/wp-json\/wp\/v2\/pages\/201","targetHints":{"allow":["GET"]}}],"collection":[{"href":"https:\/\/web.vu.lt\/bti\/v.petrauskas\/wp-json\/wp\/v2\/pages"}],"about":[{"href":"https:\/\/web.vu.lt\/bti\/v.petrauskas\/wp-json\/wp\/v2\/types\/page"}],"author":[{"embeddable":true,"href":"https:\/\/web.vu.lt\/bti\/v.petrauskas\/wp-json\/wp\/v2\/users\/1"}],"replies":[{"embeddable":true,"href":"https:\/\/web.vu.lt\/bti\/v.petrauskas\/wp-json\/wp\/v2\/comments?post=201"}],"version-history":[{"count":14,"href":"https:\/\/web.vu.lt\/bti\/v.petrauskas\/wp-json\/wp\/v2\/pages\/201\/revisions"}],"predecessor-version":[{"id":526,"href":"https:\/\/web.vu.lt\/bti\/v.petrauskas\/wp-json\/wp\/v2\/pages\/201\/revisions\/526"}],"wp:attachment":[{"href":"https:\/\/web.vu.lt\/bti\/v.petrauskas\/wp-json\/wp\/v2\/media?parent=201"}],"curies":[{"name":"wp","href":"https:\/\/api.w.org\/{rel}","templated":true}]}}