{"id":187,"date":"2018-02-19T14:13:34","date_gmt":"2018-02-19T16:13:34","guid":{"rendered":"http:\/\/web.vu.lt\/bti\/v.petrauskas\/?page_id=187"},"modified":"2024-01-28T16:32:49","modified_gmt":"2024-01-28T18:32:49","slug":"kontaktai","status":"publish","type":"page","link":"https:\/\/web.vu.lt\/bti\/v.petrauskas\/lt\/kontaktai\/","title":{"rendered":"Kontaktai"},"content":{"rendered":"<p><img loading=\"lazy\" decoding=\"async\" class=\"alignright wp-image-513\" src=\"https:\/\/web.vu.lt\/bti\/v.petrauskas\/wp-content\/uploads\/2024\/01\/nuotrauka-7_scaled-1-200x300.jpg\" alt=\"\" width=\"180\" height=\"270\" srcset=\"https:\/\/web.vu.lt\/bti\/v.petrauskas\/wp-content\/uploads\/2024\/01\/nuotrauka-7_scaled-1-200x300.jpg 200w, https:\/\/web.vu.lt\/bti\/v.petrauskas\/wp-content\/uploads\/2024\/01\/nuotrauka-7_scaled-1-683x1024.jpg 683w, https:\/\/web.vu.lt\/bti\/v.petrauskas\/wp-content\/uploads\/2024\/01\/nuotrauka-7_scaled-1-768x1152.jpg 768w, https:\/\/web.vu.lt\/bti\/v.petrauskas\/wp-content\/uploads\/2024\/01\/nuotrauka-7_scaled-1-1024x1536.jpg 1024w, https:\/\/web.vu.lt\/bti\/v.petrauskas\/wp-content\/uploads\/2024\/01\/nuotrauka-7_scaled-1-1365x2048.jpg 1365w, https:\/\/web.vu.lt\/bti\/v.petrauskas\/wp-content\/uploads\/2024\/01\/nuotrauka-7_scaled-1-scaled.jpg 1707w\" sizes=\"auto, (max-width: 180px) 100vw, 180px\" \/><\/p>\n<h2 class=\"page-title\">Dr. Vytautas Petrauskas<\/h2>\n<p>Vyresnysis mokslo darbuotojas<br \/>\nBiotermodinamikos ir vaist\u0173 tyrimo skyrius<br \/>\nBiotechnologijos institutas<br \/>\nGyvyb\u0117s moksl\u0173 centras<br \/>\nVilniaus universitetas<br \/>\nC307 kambarys<br \/>\nSaul\u0117tekio al. 7, LT 10257 Vilnius, Lietuva<br \/>\ne-pa\u0161tas: vytautas.petrauskas<img loading=\"lazy\" decoding=\"async\" class=\"alignnone wp-image-23\" src=\"https:\/\/web.vu.lt\/bti\/v.petrauskas\/wp-content\/uploads\/2016\/01\/eta.jpg\" alt=\"\" width=\"15\" height=\"15\" \/>bti.vu.lt<\/p>\n","protected":false},"excerpt":{"rendered":"<p>Dr. Vytautas Petrauskas Vyresnysis mokslo darbuotojas Biotermodinamikos ir vaist\u0173 tyrimo skyrius Biotechnologijos institutas Gyvyb\u0117s moksl\u0173 centras Vilniaus universitetas C307 kambarys Saul\u0117tekio al. 7, LT 10257 Vilnius, Lietuva e-pa\u0161tas: vytautas.petrauskasbti.vu.lt<\/p>\n","protected":false},"author":1,"featured_media":0,"parent":0,"menu_order":0,"comment_status":"closed","ping_status":"closed","template":"","meta":{"footnotes":""},"class_list":["post-187","page","type-page","status-publish","hentry"],"_links":{"self":[{"href":"https:\/\/web.vu.lt\/bti\/v.petrauskas\/wp-json\/wp\/v2\/pages\/187","targetHints":{"allow":["GET"]}}],"collection":[{"href":"https:\/\/web.vu.lt\/bti\/v.petrauskas\/wp-json\/wp\/v2\/pages"}],"about":[{"href":"https:\/\/web.vu.lt\/bti\/v.petrauskas\/wp-json\/wp\/v2\/types\/page"}],"author":[{"embeddable":true,"href":"https:\/\/web.vu.lt\/bti\/v.petrauskas\/wp-json\/wp\/v2\/users\/1"}],"replies":[{"embeddable":true,"href":"https:\/\/web.vu.lt\/bti\/v.petrauskas\/wp-json\/wp\/v2\/comments?post=187"}],"version-history":[{"count":4,"href":"https:\/\/web.vu.lt\/bti\/v.petrauskas\/wp-json\/wp\/v2\/pages\/187\/revisions"}],"predecessor-version":[{"id":516,"href":"https:\/\/web.vu.lt\/bti\/v.petrauskas\/wp-json\/wp\/v2\/pages\/187\/revisions\/516"}],"wp:attachment":[{"href":"https:\/\/web.vu.lt\/bti\/v.petrauskas\/wp-json\/wp\/v2\/media?parent=187"}],"curies":[{"name":"wp","href":"https:\/\/api.w.org\/{rel}","templated":true}]}}