{"id":184,"date":"2018-02-19T14:08:29","date_gmt":"2018-02-19T16:08:29","guid":{"rendered":"http:\/\/web.vu.lt\/bti\/v.petrauskas\/?page_id=184"},"modified":"2025-06-24T16:50:21","modified_gmt":"2025-06-24T18:50:21","slug":"konferencijos","status":"publish","type":"page","link":"https:\/\/web.vu.lt\/bti\/v.petrauskas\/lt\/konferencijos\/","title":{"rendered":"Konferencijos"},"content":{"rendered":"<h3>Mokslin\u0117s konferencijos:<\/h3>\n<ul>\n<li>&#8220;<span data-contrast=\"none\">Accuracy versus precision in protein-ligand interaction studies<\/span>&#8220;. <span data-contrast=\"none\"><a href=\"https:\/\/www.cheminst.ca\/conference\/canadian-chemistry-conference-and-exhibition-csc-2025\/\">Canadian Chemistry Conference and Exhibition (CSC 2025)<\/a>. Otava, Kanada, bir\u017eelio 15-19, 2025 (<em>\u017eodinis<\/em>).<\/span><\/li>\n<li>&#8220;A comprehensive analysis tool for thermal shift assay data and a database for intrinsic thermodynamic parameters of protein-ligand interaction&#8221;.\u00a0 <a href=\"https:\/\/www.gibbssociety.org\/annual-conference\">The 36th Gibbs Conference on Biothermodynamics<\/a>. Carbondale, JAV, spalio 1-4, 2022 (<em>stendinis<\/em>).<\/li>\n<li>&#8220;A Comprehensive Tool for Protein-Ligand Binding Constant Determination by Thermal Shift Assay&#8221;. <a href=\"https:\/\/biokeemiaselts.ee\/febs3-conference\/\">FEBS3+ Conference of \u202fEstonian, Latvian and Lithuanian Biochemical Societies<\/a>. Talinas, Estija, bir\u017eelio 15-17, 2022 (<em>\u017eodinis<\/em>).<\/li>\n<li>&#8220;A Calorimetric Study of Interactions in the Systems of Charged Surfactants and Ionic Poly(Amino Acid)s&#8221;. XXI Conference of the International Society for Biological Calorimetry. Vilnius, Lietuva, bir\u017eelio 8-10, 2022 (<em>\u017eodinis<\/em>).<\/li>\n<li>\u201c<a href=\"https:\/\/web.vu.lt\/bti\/v.petrauskas\/wp-content\/uploads\/2019\/09\/poster.pdf\">Thermodynamics of Ion Pair Formation Between Charged Poly(Amino Acid)s and Linear Chain Surfactants<\/a>\u201c. <a href=\"http:\/\/www.ebsa2019.com\/\">Joint 12th EBSA and 10th ICBP-IUPAP Biophysics Congress<\/a>, Madridas, Ispanija, liepos 20-24, 2019 (<em>stendinis<\/em>).<\/li>\n<li>\u201c<a href=\"https:\/\/web.vu.lt\/bti\/v.petrauskas\/wp-content\/uploads\/2017\/01\/poster.pdf\">Protein-ligand binding volume determined by FPSA, densitometry, and NMR<\/a>\u201c. <a href=\"http:\/\/www.iupab2017.org\/home\">19th International Union of Pure and Applied Biophysics (IUPAB) and 11th European Biophysical Societies\u2019 Association (EBSA) Congress<\/a>, Edinburgas, \u0160kotija, liepos 16-20, 2017 (<em>stendinis<\/em>).<\/li>\n<li>\u201c<a href=\"https:\/\/web.vu.lt\/bti\/v.petrauskas\/wp-content\/uploads\/2017\/01\/LBD14_poster.pdf\" target=\"_blank\" rel=\"noopener noreferrer\">Protein-ligand binding volume determined by FPSA, densitometry, and NMR<\/a>\u201c. <a href=\"http:\/\/www.biochemistry.lt\/en\/activity\/conference-2016\/conference-rogramme\/\">XIV International Conference of the Lithuanian Biochemical Society<\/a>, Druskininkai\/Lietuva, bir\u017eelio 28-30, 2016 (<em>stendinis<\/em>)<em>.<\/em><\/li>\n<li>\u201c<a href=\"https:\/\/web.vu.lt\/bti\/v.petrauskas\/wp-content\/uploads\/2017\/01\/Vytautas_Petrauskas_IMBP8.pdf\" target=\"_blank\" rel=\"noopener noreferrer\">Determination of the protein\u2013ligand binding volume by high\u2013pressure spectrofluorimetry<\/a>\u201c. <a href=\"http:\/\/www.ccb.tu-dortmund.de\/fb03\/for1979\/Medienpool\/PDF\/8thIMBP_Program-_-Abstracts.pdf\">8th International Meeting on Biomolecules Under Pressure<\/a>, Dortmundas\/Vokietija, vasario 15-17, 2016 (<em>\u017eodinis<\/em>).<\/li>\n<li>\u201c<a href=\"https:\/\/web.vu.lt\/bti\/v.petrauskas\/wp-content\/uploads\/2017\/01\/EHPRG_poster.pdf\" target=\"_blank\" rel=\"noopener noreferrer\">High pressure spectrofluorimetry \u2013 a tool to determine protein\u2013ligand binding volume<\/a>\u201c. Joint AIRAPT-25th &amp; EHPRG-53rd International Conference on High Pressure Science and Technology, Madridas\/Ispanija, rugpj\u016b\u010dio 30 \u2013 rugs\u0117jo 4, 2015 (<em>stendinis<\/em>).<\/li>\n<li>\u201c<a href=\"https:\/\/web.vu.lt\/bti\/v.petrauskas\/wp-content\/uploads\/2017\/01\/Petrauskas_TAinstruments_Vilnius_2014.pdf\" target=\"_blank\" rel=\"noopener noreferrer\">Thermodynamics of cationic and anionic surfactant interaction<\/a>\u201c. TA Instruments 2014: Thermal analysis, rheology and microcalorimetry, Vilnius\/Lietuva, spalio 16, 2014 (<em>\u017eodinis<\/em>).<\/li>\n<li>\u201c<a href=\"https:\/\/web.vu.lt\/bti\/v.petrauskas\/wp-content\/uploads\/2017\/01\/Vytautas_Petrauskas_Gibbs27.pdf\" target=\"_blank\" rel=\"noopener noreferrer\">Thermodynamics of cationic and anionic surfactant interaction<\/a>\u201c. <a href=\"http:\/\/pages.jh.edu\/~gibbs\/pdfs\/Gibbs2013_Program.pdf\">The 27th Gibbs Conference on Biothermodynamics<\/a>, Carbondale\/JAV, spalio 5-8, 2013 (<em>\u017eodinis<\/em>).<\/li>\n<li>\u201c<a href=\"https:\/\/web.vu.lt\/bti\/v.petrauskas\/wp-content\/uploads\/2017\/01\/Vytautas_Petrauskas_CEEC_TAC2.pdf\" target=\"_blank\" rel=\"noopener noreferrer\">Volume of Hsp90 ligand binding and the unfolding phase diagram as a function of pressure and temperature<\/a>\u201c. <a href=\"http:\/\/www.ceec-tac.org\/conf2\/plenary.html\">2nd Central and Eastern European Conference on Thermal Analysis and Calorimetry<\/a>, Vilnius\/Lietuva, rugpj\u016b\u010dio 27-30, 2013 (<em>kviestinis<\/em>).<\/li>\n<li>\u201c<a href=\"https:\/\/web.vu.lt\/bti\/v.petrauskas\/wp-content\/uploads\/2017\/01\/Affinity_2013_poster.pdf\" target=\"_blank\" rel=\"noopener noreferrer\">Protein\u2013ligand affinity correlation with the ligand binding volume<\/a>\u201c. <a href=\"http:\/\/dechema.de\/en\/affinity2013_posterlist.html\" target=\"_blank\" rel=\"noopener noreferrer\">20th Biennial Meeting of the International Society for Molecular Recognition (Affinity)<\/a>, <span class=\"eventteaser_sub beta\">Viena\/Austrija<\/span>, bir\u017eelio 26-29, 2013 (<em>stendinis<\/em>).<\/li>\n<li>\u201c<a href=\"https:\/\/web.vu.lt\/bti\/v.petrauskas\/wp-content\/uploads\/2017\/01\/ISBC2012_poster.pdf\" target=\"_blank\" rel=\"noopener noreferrer\">Thermodynamics of cationic and anionic surfactant interaction<\/a>\u201c. XVII International Society of Biological Calorimetry (ISBC) Conference, Leipcigas\/Vokietija, bir\u017eelio 3-6, 2012 (<em>stendinis<\/em>).<\/li>\n<li>\u201eAktyvi\u0173 vaistini\u0173 med\u017eiag\u0173 dizainas\u201c. Podoktorant\u016bros sta\u017euotoj\u0173 konferencija, Vilnius\/Lietuva, rugs\u0117jo 27-29, 2011 (<em>\u017eodinis<\/em>).<\/li>\n<li>\u201c<a href=\"https:\/\/web.vu.lt\/bti\/v.petrauskas\/wp-content\/uploads\/2017\/01\/Affinity2011_poster.pdf\" target=\"_blank\" rel=\"noopener noreferrer\">Intrinsic Binding Parameters as a Necessity to Correlate Energetics with Structure<\/a>\u201c. 19th Biennial Meeting of the International Society for Molecular Recognition (Affinity), Tavira\/Portugalija, bir\u017eelio 16-19, 2011 (<em>stendinis<\/em>).<\/li>\n<li>\u201cEmpirical Model of Macromolecule\u2013Ligand Interaction\u201d. <a href=\"http:\/\/www.watoc2011.com\/index.php\/home\" target=\"_blank\" rel=\"noopener noreferrer\">9th triennial congress of the World Association of Theoretical and Computational Chemists WATOC<\/a>, Santjago de Kompostela\/Ispanija, liepos 17-22, 2011 (<em>stendinis<\/em>).<\/li>\n<li>\u201c<a href=\"https:\/\/web.vu.lt\/bti\/v.petrauskas\/wp-content\/uploads\/2017\/01\/ISB3_poster.pdf\" target=\"_blank\" rel=\"noopener noreferrer\">Thermodynamics of Ion Pair Formations in Proteins<\/a>\u201c. 3rd International Symposium on Biothermodynamics, Bolonija\/Italija, rugs\u0117jo 6-8, 2010 (<em>stendinis<\/em>).<\/li>\n<li>\u201cSequence of Surface Phase Transitions at O and CO Catalytic Reaction on Pd(111)\u201d. <a href=\"http:\/\/www.mpipks-dresden.mpg.de\/~nonna08\/\" target=\"_blank\" rel=\"noopener noreferrer\">International Workshop on Nonequilibrium Nanostructures<\/a>, Dresdenas\/Vokietija, gruod\u017eio 1-6, 2008 (<em>stendinis<\/em>).<\/li>\n<li>\u201eSelf\u2013formation model based on parametric space evolution\u201c. 12th World Multi\u2013Conference on Systemics, Cybernetics and Informatics, Orlando\/JAV, bir\u017eelio 29 \u2013 liepos 2, 2008 (<em>\u017eodinis<\/em>).<\/li>\n<li>\u201cModeling of phase transitions and reaction between coadsorbed oxygen and hydrogen on Pd(111)\u201d. 13th International Conference on Surface Science, Stokholmas\/\u0160vedija, liepos 2-6, 2007 (<em>stendinis<\/em>).<\/li>\n<li>\u201cModel for hydrogen-induced Sb atoms reconstruction \u221a3 \u00d7 \u221a3 \u2192 2 \u00d7 1 on Si(111)\u201d. 13th International Conference on Surface Science, Stokholmas\/\u0160vedija, liepos 2-6, 2007 (<em>stendinis<\/em>).<\/li>\n<li>\u201cSimulation of Hydrogen-Induced Reconstruction of Oxygen on Pd(111)\u201d. 13th International Symposium on Ultrafast Phenomena in Semiconductors, Vilnius\/Lietuva, 2007 (<em>stendinis<\/em>).<\/li>\n<li>\u201cOrdered structures of subphthalocyanine molecules on Ag(111)\u201d. 13th International Congress on Thin Films and 8th International Conference on Atomically Controlled Surfaces, Interfaces and Nanostructures, Stokholmas\/\u0160vedija, bir\u017eelio 20-23, 2005 (<em>stendinis<\/em>).<\/li>\n<li>\u201cModelling of phase transitions and reaction at CO adsorption on oxygen precovered Pd(111)\u201d. 13th International Congress on Thin Films and 8th International Conference on Atomically Controlled Surfaces, Interfaces and Nanostructures, Stokholmas\/\u0160vedija, bir\u017eelio 20-23, 2005 (<em>stendinis<\/em>).<\/li>\n<li>\u201cEffect of Surface Anisotropy on Magnetization of Core-Shell Bimetallic Nanoparticles\u201d. International Conference on Structure and Spectroscopy, Vilnius\/Lietuva, rugs\u0117jo 23-26, 2004 (<em>stendinis<\/em>).<\/li>\n<li>\u201cModelling of SubPc Self-Assembly on Ag(111)\u201d. 12th International Symposium on Ultrafast Phenomena in Semiconductors, Vilnius\/Lietuva, rugpj\u016b\u010dio 22-25, 2004 (<em>stendinis<\/em>).<\/li>\n<li>\u201cEffect of Surface Anisotropy in Core-Shell Bimetallic Nanoparticles\u201d. 12th International Symposium on Ultrafast Phenomena in Semiconductors, Vilnius\/Lietuva, rugpj\u016b\u010dio 22-25, 2004 (<em>stendinis<\/em>).<\/li>\n<li>\u201ePhase diagram of subphtalocyanine ordering on Ag(111)\u201c. Tarptautinis seminaras \u201eInvestigation of biological materials and macromolecular structures on the nanoscale\u201c, Vilnius\/Lietuva, vasario 20-23, 2004 (<em>\u017eodinis<\/em>).<\/li>\n<\/ul>\n<h3>Kitos konferencijos:<\/h3>\n<ul>\n<li>\u201eBSHR HealthPort project as a success story in developing the European Union Strategy for the Baltic Sea Region\u201c. Neformali parlamentin\u0117 diskusija ES Baltijos j\u016bros regiono strategijos klausimais, Vilnius\/Lietuva, spalio 27, 2013 (<em>\u017eodinis<\/em>).<\/li>\n<li>\u201eCollaborative EU scientific projects and the salaries in Eastern and Western Europe\u201c. Bioinnovation &amp; ScanBalt Forum, Gdanskas\/Lenkija, spalio 18, 2013 (<em>\u017eodinis<\/em>).<\/li>\n<\/ul>\n","protected":false},"excerpt":{"rendered":"<p>Mokslin\u0117s konferencijos: &#8220;Accuracy versus precision in protein-ligand interaction studies&#8220;. Canadian Chemistry Conference and Exhibition (CSC 2025). Otava, Kanada, bir\u017eelio 15-19, 2025 (\u017eodinis). &#8220;A comprehensive analysis tool for thermal shift assay data and a database for intrinsic thermodynamic parameters of protein-ligand interaction&#8221;.\u00a0 The 36th Gibbs Conference on Biothermodynamics. Carbondale, JAV, spalio 1-4, 2022 (stendinis). &#8220;A Comprehensive [&hellip;]<\/p>\n","protected":false},"author":1,"featured_media":0,"parent":0,"menu_order":2,"comment_status":"closed","ping_status":"closed","template":"","meta":{"footnotes":""},"class_list":["post-184","page","type-page","status-publish","hentry"],"_links":{"self":[{"href":"https:\/\/web.vu.lt\/bti\/v.petrauskas\/wp-json\/wp\/v2\/pages\/184","targetHints":{"allow":["GET"]}}],"collection":[{"href":"https:\/\/web.vu.lt\/bti\/v.petrauskas\/wp-json\/wp\/v2\/pages"}],"about":[{"href":"https:\/\/web.vu.lt\/bti\/v.petrauskas\/wp-json\/wp\/v2\/types\/page"}],"author":[{"embeddable":true,"href":"https:\/\/web.vu.lt\/bti\/v.petrauskas\/wp-json\/wp\/v2\/users\/1"}],"replies":[{"embeddable":true,"href":"https:\/\/web.vu.lt\/bti\/v.petrauskas\/wp-json\/wp\/v2\/comments?post=184"}],"version-history":[{"count":8,"href":"https:\/\/web.vu.lt\/bti\/v.petrauskas\/wp-json\/wp\/v2\/pages\/184\/revisions"}],"predecessor-version":[{"id":532,"href":"https:\/\/web.vu.lt\/bti\/v.petrauskas\/wp-json\/wp\/v2\/pages\/184\/revisions\/532"}],"wp:attachment":[{"href":"https:\/\/web.vu.lt\/bti\/v.petrauskas\/wp-json\/wp\/v2\/media?parent=184"}],"curies":[{"name":"wp","href":"https:\/\/api.w.org\/{rel}","templated":true}]}}