{"id":439,"date":"2018-05-04T07:51:25","date_gmt":"2018-05-04T07:51:25","guid":{"rendered":"http:\/\/web.vu.lt\/tf\/j.gumbis\/?page_id=439"},"modified":"2025-01-10T16:13:18","modified_gmt":"2025-01-10T14:13:18","slug":"publikacijos","status":"publish","type":"page","link":"http:\/\/web.vu.lt\/tf\/j.gumbis\/publikacijos\/","title":{"rendered":"Publikacijos"},"content":{"rendered":"<h5><span style=\"color: #403b3b; font-family: georgia, palatino;\"><img data-recalc-dims=\"1\" loading=\"lazy\" decoding=\"async\" class=\"alignnone wp-image-218\" src=\"https:\/\/i0.wp.com\/www10157.vu.lt\/wp-content\/uploads\/2018\/04\/5-kvardratukai-puslapio-virsuj-300x42.png?resize=171%2C20\" alt=\"\" width=\"171\" height=\"20\" \/><\/span><\/h5>\n<h2 class=\"lts_headline_parent lts_headline_type1  \"><span style=\"color:#545759;\" class=\"lts_headline headline_type1\"><span style=\"font-family: georgia, palatino;\"><strong>Moksliniai straipsniai recenzuojamuose leidiniuose<\/strong>:<\/span><\/span><\/h2>\n<ol>\n<li><span style=\"color: #696666; font-family: georgia, palatino;\">Jaunius Gumbis. \u201e\u0160iuolaikinis po\u017ei\u016bris \u012f \u201eform\u0173 konflikto\u201c problem\u0105 2001 m. Lietuvos Respublikos civiliniame kodekse\u201c \/\/ Teis\u0117, Vilnius: Vilniaus universitetas, 2002, Nr. 42;<\/span><\/li>\n<li><span style=\"color: #696666; font-family: georgia, palatino;\">Jaunius Gumbis. \u201eAsmens autonomijos priva\u010diuose susitarimuose ribojimo prie\u017eastys ir apimtis\u201d \/\/ Teis\u0117, Vilnius: Vilniaus universitetas, 2002, Nr. 42;<\/span><\/li>\n<li><span style=\"color: #696666; font-family: georgia, palatino;\">Jaunius Gumbis. \u201eEutanazija \u017emogaus teisi\u0173 ir autonomijos kontekstu\u201d \/\/ Teis\u0117, Vilnius: Vilniaus universitetas, 2003, Nr. 47;<\/span><\/li>\n<li><span style=\"color: #696666; font-family: georgia, palatino;\">Jaunius Gumbis. \u201eMink\u0161tas\u201d \u012fstatymas kaip pirminis teis\u0117s dokumentas\u201d \/\/ Teis\u0117, Vilnius: Vilniaus universitetas, 2003, Nr. 48;<\/span><\/li>\n<li><span style=\"color: #696666; font-family: georgia, palatino;\">Jaunius Gumbis. \u201eConsideration doktrinos reik\u0161m\u0117 bendrojoje teis\u0117je ir sugretinimas su Lietuvos teise\u201c \/\/ Teis\u0117, Vilnius: Vilniaus universitetas, 2003, Nr. 49;<\/span><\/li>\n<li><span style=\"color: #696666; font-family: georgia, palatino;\">Jaunius Gumbis. ,,Diskrecija: teorinis po\u017ei\u016bris\u201d \/\/ Teis\u0117, Vilnius: Vilniaus universitetas, 2004, Nr. 52;<\/span><\/li>\n<li><span style=\"color: #696666; font-family: georgia, palatino;\">Jaunius Gumbis. \u201eVie\u0161ojo intereso s\u0105vokos nustatymo problema\u201c \/\/ Socialiniai mokslai, 2006, Nr. 1;<\/span><\/li>\n<li><span style=\"color: #696666; font-family: georgia, palatino;\">Jaunius Gumbis. \u201eNauj\u0173 besiformuojan\u010di\u0173 visuomenini\u0173 santyki\u0173 valstybinis reguliavimas ar savireguliacija\u201c \/\/ Teis\u0117, 2006, Nr. 58;<\/span><\/li>\n<li><span style=\"color: #696666; font-family: georgia, palatino;\">Jaunius\u00a0Gumbis. \u201eBendra standart\u0173 sistema, kaip unikali galimyb\u0117 suderinti Europos S\u0105jungos sutar\u010di\u0173 teis\u0119\u201c \/\/ Socialiniai mokslai, 2008, Nr. 3 (61);<\/span><\/li>\n<li><span style=\"color: #696666; font-family: georgia, palatino;\">Jaunius Gumbis. \u201e\u017dmogaus teis\u0117s \u0161iandien\u201c \/\/ Jurisprudencija, 2009;<\/span><\/li>\n<li><span style=\"color: #696666; font-family: georgia, palatino;\">Jaunius Gumbis. \u201eTeis\u0117s samprata: logikos taikymo problematika\u201c \/\/ Teis\u0117, 2010. Nr. 76, p. 46-62, ISSN 1392-1274;<\/span><\/li>\n<li><span style=\"color: #696666; font-family: georgia, palatino;\">Jaunius Gumbis. \u201eConstitutional aspects of dispute resoliution by means of arbitration\u201c \/\/ Yearbook on International Arbitration, Volume I, Vienna, Graz: NWV Neuer Wissenschaftlicher Verlag, 2010, p. 167-174, ISBN 978-3-7083-0715-2;<\/span><\/li>\n<li><span style=\"color: #696666; font-family: georgia, palatino;\">\u201eDo Human Rights Guarantee Autonomy?\u201c (bendraautoris) \/\/ Cuadernos constitucionales de la Catedra fabrique Furio Ceriol, Universitat De Valencia, no. 62\/63, 2011, p.77-93, ISSN 1133-7087 2008;<\/span><\/li>\n<li><span style=\"color: #696666; font-family: georgia, palatino;\">Jaunius Gumbis. \u201eThe Impact of the ABGB on the Lithuanian Civil Law\u201c \/\/ 200 Jahre ABGB \u2013 Ausstrahlungen, 2011, p. 197-209, Viena: Manzsche Verlags- und Universit\u00e4tsbuchhandlung, ISBN 9783214177867;<\/span><\/li>\n<li><span style=\"color: #696666; font-family: georgia, palatino;\">\u201eJustice in Arbitration \u2013 Is It Equal to Justice Exercised by Courts?\u201c\u00a0(bendraautoris) \/\/ Yearbook on International Arbitration, Volume II, Vienna, Graz: NWV Neuer Wissenschaftlicher Verlag, 2012, p. 101-106, ISBN 978-3-7083-0824-1;<\/span><\/li>\n<li><span style=\"color: #696666; font-family: georgia, palatino;\">Jaunius Gumbis \u201eTeis\u0117s samprata: teis\u0117s rib\u0173 nustatymo problematika\u201c \/\/ Vilniaus universiteto Teis\u0117s fakulteto prof. J. Prapies\u010dio 60-me\u010dio leidinys, 2012, p. 610-625, ISBN 9786099540702;<\/span><\/li>\n<li><span style=\"color: #696666; font-family: georgia, palatino;\">\u201eArbitration and Disputes Arising out of Public Procurement Contracts \u2013 Incompatibility or Regularity?\u201c (bendraautoris) \/\/ Yearbook on International Arbitration, Volume III, Vienna, Graz: NWV Neuer Wissenschaftlicher Verlag, 2013, p. 83-90, ISBN 978-3-7083-0911-8;<\/span><\/li>\n<li><span style=\"color: #696666; font-family: georgia, palatino;\">Jaunius Gumbis. \u201eIssues on Concept of Law: Overstatement of Importance of Logic as Shortfall of Law\u201c \/\/ Liber Amicorum David Pugsley, Brussels: Bruylant, 2013, p. 81-89, ISBN-978-2-8027-4269-2;<\/span><\/li>\n<li><span style=\"color: #696666; font-family: georgia, palatino;\">\u201eLithuania: National indvidualism in the European Union\u2018\u2018. The monograph on the tenth anniversary of the enlargement of the EU towards Central and Eastern Europe (bendraautoris) \/\/ Comparative Public Law Review (Revista General de Derecho P\u00fablico Comparado), No. 16, 2014, p. 165-190, ISSN: 1988-5091;<\/span><\/li>\n<li><span style=\"color: #696666; font-family: georgia, palatino;\">Jaunius Gumbis. \u201eCivil Code for Europe \u2013 Legal Grounds and Instruments for Harmonisation\u201c \/\/ Baltic journal of law &amp; politics [elektroninis i\u0161teklius] \/ Faculty of Political Science and Diplomacy of Vytautas Magnus University, Faculty of Law of Vytautas Magnus University. \u2013 2016 \u2013 ISSN 2029-0454;<\/span><\/li>\n<li><span style=\"color: #696666; font-family: georgia, palatino;\">\u201eApplication of selected elements of procedural justice in arbitration\u201d (bendraautoris) \/\/ Yearbook on International Arbitration, Volume V, Vienna, Graz: NWV Neuer Wissenschaftlicher Verlag, 2017, ISBN 978-3-7083-1149-4;<\/span><\/li>\n<li><span style=\"color: #696666; font-family: georgia, palatino;\">\u201eState\u2019s right to regulate: what constitutes a compensable expropriation in investor-state arbitration\u201d (bendraautoris) \/\/ Yearbook on International Arbitration, Volume V, Vienna, Graz: NWV Neuer Wissenschaftlicher Verlag, 2017, ISBN 978-3-7083-1149-4;\u00a0<\/span><\/li>\n<li><span style=\"color: #696666; font-family: georgia, palatino;\">Jaunius Gumbis; Jurgita Randakeviciute-Alpman, &#8220;Non-Compliance with EU Competition Law as a Public Policy Violation: Lessons for FRAND Arbitration,&#8221; Yearbook on International Arbitration, Volume VII, Vienna, Graz: NWV Neuer Wissenschaftlicher Verlag, 2021: 49-76, ISBN 978-3-7083-1354-2;<\/span><\/li>\n<li><span style=\"font-family: georgia, palatino; color: #333333;\"><span style=\"color: #696666; font-family: georgia, palatino;\">Jaunius Gumbis; Jurgis Bartkus, \u201cThe Problem of Establishing the Truth in International Arbitration Proceedings\u201d, Yearbook on International Arbitration and ADR, Volume VIII, Vienna, Graz: NWV Neuer Wissenschaftlicher Verlag, 2024: 297-307, ISBN 978-3-7083-4217-7.<\/span><\/span><\/li>\n<\/ol>\n<h2 class=\"lts_headline_parent lts_headline_type1  \"><span style=\"color:#545759;\" class=\"lts_headline headline_type1\"><strong><span style=\"font-family: georgia, palatino;\">Kiti moksliniai straipsniai ir leidiniai:<\/span><\/strong><\/span><\/h2>\n<ol>\n<li><span style=\"color: #696666; font-family: georgia, palatino;\">\u201eGetting the Deal Through: Telecoms 2002\u201d \/\/ London: Law Business Research Ltd., 2002, Lietuvos skyriaus bendraautoris;<\/span><\/li>\n<li><span style=\"color: #696666; font-family: georgia, palatino;\">\u201eGetting the Deal Through: Electricity Regulation 2003\u201d \/\/ London: Law Business Research Ltd., 2003, Lietuvos skyriaus bendraautoris;<\/span><\/li>\n<li><span style=\"color: #696666; font-family: georgia, palatino;\">Jaunius Gumbis. \u201eLithuanian Gas and Electricity Sectors: Policy Overview\u201d \/\/ OGEL, 1 tomas, 4 leidimas, 2003 rugs\u0117jo m\u0117n.;<\/span><\/li>\n<li><span style=\"color: #696666; font-family: georgia, palatino;\">Jaunius Gumbis. \u201eLithuania: Regulation of the Electricity Sector\u201d \/\/ OGEL, 1 tomas, 3 leidimas, 2003 liepos m\u0117n;<\/span><\/li>\n<li><span style=\"color: #696666; font-family: georgia, palatino;\">,,Getting the Deal Through: Telecoms 2003\u201d \/\/ London: Law Business Research Ltd., 2003, Lietuvos skyriaus bendraautoris;<\/span><\/li>\n<li><span style=\"color: #696666; font-family: georgia, palatino;\">\u201eReform of Lithuania\u2019s Competition Rules\u201d (bendraautoris) \/\/ Global Competition Law Review, 7 tomas, 7 leidimas, 2004 rugs\u0117jo m\u0117n.;<\/span><\/li>\n<li><span style=\"color: #696666; font-family: georgia, palatino;\">\u201eStudy on the Conditions of Claims for Damages in Case of Infringement of EC Competition Rules\u201d (bendraautoris) \/\/ Ashurst, 2004 rugs\u0117jo m\u0117n.;<\/span><\/li>\n<li><span style=\"color: #696666; font-family: georgia, palatino;\">\u201eGetting the Deal Through: Telecoms 2004\u201d \/\/ London: Law Business Research Ltd., 2004, Lietuvos skyriaus bendraautoris;<\/span><\/li>\n<li><span style=\"color: #696666; font-family: georgia, palatino;\">Visuotin\u0117 lietuvi\u0173 enciklopedija \/\/ Vilnius: Mokslo ir enciklopedij\u0173 leidybos institutas, 7 tomas, 2005, bendraautoris;<\/span><\/li>\n<li><span style=\"color: #696666; font-family: georgia, palatino;\">,,Merger Control Worldwide\u201d \/\/ London: Cambridge University, 2005 rugs\u0117jo m\u0117n., Lietuvos skyriaus bendraautoris;<\/span><\/li>\n<li><span style=\"color: #696666; font-family: georgia, palatino;\">\u201eThe Lithuanian Market for Electronic Communications\u201d (bendraautoris) \/\/ Telecommunication Laws in Europe, 5 leidimas, 2005;<\/span><\/li>\n<li><span style=\"color: #696666; font-family: georgia, palatino;\">Jaunius Gumbis. ,,Wind Power Regulation in Lithuania\u201d \/\/ OGEL, 2 tomas, 3 leidimas, 2005;<\/span><\/li>\n<li><span style=\"color: #696666; font-family: georgia, palatino;\">\u201eInternational Public Procurement\u201d \/\/ Ocean Publications, Inc., 2006, Lietuvos skyriaus bendraautoris;<\/span><\/li>\n<li><span style=\"color: #696666; font-family: georgia, palatino;\">\u201eInternational Energy Law and Taxation Review\u201d. Renewable Energy: The Promotion of Electricity from Renewable Energy Sources \/\/ London: Sweet &amp; Maxwell Limited, 10 leidimas, 2007 spalio m\u0117n., Lietuvos skyriaus bendraautoris;<\/span><\/li>\n<li><span style=\"color: #696666; font-family: georgia, palatino;\">\u201eNuclear Power in the Baltic Region: Key Aspects\u201d (bendraautoris)\/\/ OGEL, 5 tomas, 4 leidimas, 2007 lapkri\u010dio m\u0117n.;<\/span><\/li>\n<li><span style=\"color: #696666; font-family: georgia, palatino;\">\u201eComparative Cartel Enforcement Practitioner Textbook\u201d (bendraautoris) \/\/ DLA Piper, 2008;<\/span><\/li>\n<li><span style=\"color: #696666; font-family: georgia, palatino;\">\u201eCompetition Cases from the European Union\u201d \/\/ London: Sweet &amp; Maxwell, 2008, Lietuvos skyriaus autorius;<\/span><\/li>\n<li><span style=\"color: #696666; font-family: georgia, palatino;\">\u201eGetting the Deal Through. Modernisation in Europe 2008\u201d \/\/ London: Global Competition Review, 2008, Lietuvos skyriaus bendraautoris;<\/span><\/li>\n<li><span style=\"color: #696666; font-family: georgia, palatino;\">\u201eAnti-cartel Enforcement Worldwide\u201d \/\/ London: Cambridge University Press, 2009, Lietuvos skyriaus bendraautoris;<\/span><\/li>\n<li><span style=\"color: #696666; font-family: georgia, palatino;\">\u201eGetting the Deal Through \u2013 Merger Control 2009\u201d \/\/ London: Law Business Research Ltd, 2009, Lietuvos skyriaus bendraautoris;<\/span><\/li>\n<li><span style=\"color: #696666; font-family: georgia, palatino;\">\u201eInternational Energy Law Review\u201d\/\/ London: Sweet &amp; Maxwell Limited, 2 leidimas, 2009, Lietuvos skyriaus bendraautoris;<\/span><\/li>\n<li><span style=\"color: #696666; font-family: georgia, palatino;\">\u201eSports Image Rights in Lithuania\u201d (bendraautoris) \/\/ The International Sports Law Journal, The Hague: Asser International Sports Law Centre, 2010\/1-2, p. 50-56, ISSN 1567-7559, bendraautoris;<\/span><\/li>\n<li><span style=\"color: #696666; font-family: georgia, palatino;\">\u201eInternational Public Procurement\u201d \/\/ New York: Oxford University Press, Inc., 2010-1, ISBN 978-0-379-01252-1, Lietuvos skyriaus bendraautoris;<\/span><\/li>\n<li><span style=\"color: #696666; font-family: georgia, palatino;\">\u201eCartel Enforcement \u2013 Lithuania\u201d (bendraautoris) \/\/ Cartel Enforcement Worldwide, United Kingdom: CMP Publishing Ltd, 2011, p. 581-629, ISBN-10: 1907174079, ISBN-13: 978-1-907174-07-0;<\/span><\/li>\n<li><span style=\"color: #696666; font-family: georgia, palatino;\">\u201eInternational Public Procurement\u201d \/\/ Thomson Reuters, 10\/2012, ISBN: 9780379012521, Lietuvos skyriaus bendraautoris;<\/span><\/li>\n<li><span style=\"color: #696666; font-family: georgia, palatino;\">\u201eMerger Control Worldwide\u201c \/\/ Volume II, United Kingdom: Cambridge University Press, 2 leidimas, 2012, p. 910-922, ISBN 978-0-521-19509-6, Lietuvos skyriaus bendraautoris;<\/span><\/li>\n<li><span style=\"color: #696666; font-family: georgia, palatino;\">\u201ePrevention of Fraud, Corruption and Bribery Offences Committed by Legal Entities which Seek Financial and Economic Benefit\u201d \/\/ European Commission, T.M.C. Asser Institute, 2012, bendraautoris;<\/span><\/li>\n<li><span style=\"color: #696666; font-family: georgia, palatino;\">\u201eSports Image Rights in Lithuania\u201c (bendraautoris) \/\/ The International Sports Law Journal, The Hague: Asser International Sports Law Centre, 2013\/1-2, p. 50-56, ISSN 1567-7559, (atnaujintas straipsnis);<\/span><\/li>\n<li><span style=\"color: #696666; font-family: georgia, palatino;\">\u201eInternational Public Procurement\u201c \/\/ United Kingdom: Thomson Reuters, 10\/2013, p. 24-58, ISBN: 9780379012521, Lietuvos skyriaus bendraautoris;<\/span><\/li>\n<li><span style=\"color: #696666; font-family: georgia, palatino;\">\u201eEnergy Law &amp; Regulation in the European Union\u201c \/\/ United Kingdom: Thomson Reuters (Professional) UK Limited, 2013, ISBN 978-0-421-59510-1, Lietuvos skyriaus bendraautoris;<\/span><\/li>\n<li><span style=\"color: #696666; font-family: georgia, palatino;\">\u201eThe Lithuanian Market for Electronic Communications\u201c (bendraautoris) \/\/ \u201eTelecommunication Laws in Europe\u201c, West Sussex: Bloomsbury Professional Limited, 6 leidimas, 2013, p. 656-681, ISBN: 978 1 84766 885 1;<\/span><\/li>\n<li><span style=\"color: #696666; font-family: georgia, palatino;\">\u201eTrade Marks Trade Names World Law and Practice\u201c \/\/ United Kingdom: Sweet &amp; Maxwell, 52 leidimas, 2013, ISBN: 9780752002750, Lietuvos skyriaus bendraautoris;<\/span><\/li>\n<li><span style=\"color: #696666; font-family: georgia, palatino;\">\u201eSuggestions for Uniform EU Local Law Amendments to the Standard Contractual Clauses for Data Processors 2010\/87\/EU\u201c (bendraautoris) \/\/ Bloomberg BNA. World Data Protection Report, Volum 14, Number 12, December 2014, Washington: the Bureau of NationaL Affairs, INC., 2014, ISSN 1473-3579;<\/span><\/li>\n<li><span style=\"color: #696666; font-family: georgia, palatino;\">\u201eData Protection &amp; Privacy\u201c \/\/ London: Thomson Reuters (Professional) UK Limited, 2 leidimas, 2014, p. 451-471, ISBN: 9780414032521, Lietuvos skyriaus bendraautoris;<\/span><\/li>\n<li><span style=\"color: #696666; font-family: georgia, palatino;\">Jaunius Gumbis. \u201eConcept of Legal Professional Privilege in Lithuania\u201c \/\/ Legal Professional Privilege. Global Handbook, 3 leidimas, 2014, p. 124-126, Brussels: DLA Piper, DEC14 2796457;<\/span><\/li>\n<li><span style=\"color: #696666; font-family: georgia, palatino;\">\u201eLithuania Towards the Security of Gas Supply\u201c (bendraautoris) \/\/ CEE Legal Matters, 2015, 2 leidimas, p. 74-76, DLA Piper, FEB15 2894896;<\/span><\/li>\n<li><span style=\"color: #696666; font-family: georgia, palatino;\">\u201eLaw and Culture: A Theory of Comparative Variation in Bona Fide Purchase Rules\u201c (bendraautoris) \/\/ Oxford Journal of Legal Studies, Oxford: Oxford University Press, March 2015, p. 1\u201332, ISSN 0143-6503;<\/span><\/li>\n<li><span style=\"color: #696666; font-family: georgia, palatino;\">\u201eInternational Public Procurement\u201c \/\/ Thomson Reuters, 5\/2015, ISBN: 9780379012521, Lietuvos skyriaus bendraautoris;<\/span><\/li>\n<li><span style=\"color: #696666; font-family: georgia, palatino;\">\u201eData protection &amp; privacy\u201c \/\/ London: Thomson Reuters, 3 leidimas, vyr. red.: Monika Kuschewsky, London: Covington &amp; Burling LLP, 2016, Pp. 531-552, ISBN: 9780414057333, Lietuvos skyriaus bendraautoris;<\/span><\/li>\n<li><span style=\"color: #696666; font-family: georgia, palatino;\">\u201eGlobal Data Protection Legislation\u201c \/\/ London: Linklaters LLP, 2016, p. 163-168, Lietuvos skyriaus bendraautoris;<\/span><\/li>\n<li><span style=\"color: #696666; font-family: georgia, palatino;\">\u201eConcept of legal professional privilege in Lithuania\u201d (bendraautoris)\/\/ Legal Professional Privilege Global Guide (\u201cPasaulinis advokato profesin\u0117s paslapties vadovas\u201c), 4 leidimas, Brussels: DLA Piper, 2016, 171 p.;<\/span><\/li>\n<li><span style=\"color: #696666; font-family: georgia, palatino;\">\u201eTrade Marks Trade Names World Law and Practice\u201c \/\/ United Kingdom: Sweet &amp; Maxwell, 60 leidimas, 2016, ISBN: 9780752002750, Lietuvos skyriaus bendraautoris;<\/span><\/li>\n<li><span style=\"color: #696666; font-family: georgia, palatino;\">\u201eEU Law on Cookies\u201d \/\/ DLA Piper, 2016, Lietuvos skyriaus bendraautoris;<\/span><\/li>\n<li><span style=\"color: #696666; font-family: georgia, palatino;\">\u00a0Leidinio \u201eInternational Public Procurement\u201c \/\/ Thomson Reuters, 2018, ISBN: 9780379012521, Lietuvos skyriaus bendraautorius.\u00a0<\/span><\/li>\n<li><span style=\"color: #696666; font-family: georgia, palatino;\">\u201eThe Lithuanian Market for Electronic Communications\u201c (bendraautoris) \/\/ \u201eTelecommunication Laws in Europe\u201c, West Sussex: Bloomsbury Professional Limited, 7 leidimas, 2024, p. 311-332, ISBN: 978 1 52651 895 8;<\/span><\/li>\n<\/ol>\n<h2 class=\"lts_headline_parent lts_headline_type1  \"><span style=\"color:#545759;\" class=\"lts_headline headline_type1\"><strong><span style=\"font-family: georgia, palatino;\">Vadov\u0117liai:<\/span><\/strong><\/span><\/h2>\n<ol>\n<li><span style=\"color: #696666; font-family: georgia, palatino;\">Jaunius Gumbis. Vilniaus Universiteto vadov\u0117lis \u201eLietuvos Teisin\u0117s institucijos\u2018\u2018 (bendraautoris), Vilnius, 2011, 512 p., ISBN: 978-9955-30-104-2.<\/span><\/li>\n<\/ol>\n<h2 class=\"lts_headline_parent lts_headline_type1  \"><span style=\"color:#545759;\" class=\"lts_headline headline_type1\"><strong><span style=\"font-family: georgia, palatino;\">Monografijos (autorius)<\/span><\/strong>:<\/span><\/h2>\n<ol>\n<li><span style=\"color: #696666; font-family: georgia, palatino;\">\u201eTeisinis argumentavimas: realistinis po\u017ei\u016bris\u201c <em>(<a href=\"http:\/\/web.vu.lt\/tf\/j.gumbis\/teisinis-argumentavimas\/\">skaityti<\/a>) <\/em>\/\/ Jaunius Gumbis, Vilnius, 2018, 254 psl., ISBN: 978-609-475-256-8;<\/span><\/li>\n<li><span style=\"color: #696666; font-family: georgia, palatino;\">\u201eTeis\u0117s teorija: fundamentalus teis\u0117s ribos klausimas\u201c <em>(<a href=\"http:\/\/web.vu.lt\/tf\/j.gumbis\/fundamentalus-teises-ribos-klausimas\/\">skaityti<\/a>)<\/em> \/\/ Jaunius Gumbis, Vilnius, 2018, 161 psl., ISBN: 978-609-475-257-5;<\/span><\/li>\n<li><span style=\"color: #696666; font-family: georgia, palatino;\">\u201eLegal reasoning: a realistic approach\u201c (monografija angl\u0173 k.;<em><a href=\"http:\/\/web.vu.lt\/tf\/j.gumbis\/legal-reasoning-en\/\">\u00a0skaityti<\/a>)<\/em> \/\/ Jaunius Gumbis, Vilnius, 2018, 267 psl., ISBN: 978-609-475-258-2.<\/span><\/li>\n<\/ol>\n<h2 class=\"lts_headline_parent lts_headline_type1  \"><span style=\"color:#545759;\" class=\"lts_headline headline_type1\"><strong><span style=\"font-family: georgia, palatino;\">Monografijos (bendraautoris)<\/span><\/strong>:<\/span><\/h2>\n<ol>\n<li><span style=\"color: #696666; font-family: georgia, palatino;\">Monografija \u201eCompetition Law in Lithuania\u201c \/\/ The Netherlands: Kluwer Law International BV, 2011, 164 p., ISBN 978-90-411-3688-6;<\/span><\/li>\n<li><span style=\"color: #696666; font-family: georgia, palatino;\">Monografija \u201eCompetition Law in Lithuania\u201c \/\/ The Netherlands: Kluwer Law International BV, 2014, 182 p., ISBN 978-90-411-5422-4;<\/span><\/li>\n<li><span style=\"color: #696666; font-family: georgia, palatino;\">Monografija \u201eMedical Law in Lithuania\u201c \/\/ The Netherlands: Kluwer Law International BV, 2015, 202 p., ISBN 978-90-411-6069-0;<\/span><\/li>\n<li><span style=\"color: #696666; font-family: georgia, palatino;\">Monografija \u201eEnergy Law in Lithuania\u201c \/\/ The Netherlands: Kluwer Law International BV, 2015, ISBN 978-90-411-6077-5;<\/span><\/li>\n<li><span style=\"color: #696666; font-family: georgia, palatino;\">Monografija \u201eEnergy Law in Lithuania&#8221; \/\/ The Netherlands: Kluwer Law International BV, 2017, ISBN 978-90-411-1405-1;<\/span><\/li>\n<li><span style=\"font-family: georgia, palatino; color: #696666;\">Monografija LITHUANIA. International Bank and Other Guarantees Handbook Europe. \/\/ The Netherlands: Kluwer Law International BV, 2017, ISBN\u00a09789041141200;<\/span><\/li>\n<li><span style=\"color: #696666; font-family: georgia, palatino;\">Monografija \u201eLithuania\u201c. In International Encyclopaedia of Laws: Medical Law. \/\/ The Netherlands: Kluwer Law International BV, 2018, 208 p., ISBN 978-90-654-4943-6;<\/span><\/li>\n<li><span style=\"color: #696666; font-family: georgia, palatino;\">Monografija \u201eCompetition Law in Lithuania. Third edition.\u201c \/\/ The Netherlands: Kluwer Law International BV, 2019, 208 p., ISBN 978-94-035-1631-8.<\/span><\/li>\n<\/ol>\n<h2 class=\"lts_headline_parent lts_headline_type1  \"><span style=\"color:#545759;\" class=\"lts_headline headline_type1\"><strong><span style=\"font-family: georgia, palatino;\">Mokslo veikal\u0173 vertimai<\/span>:<\/strong><\/span><\/h2>\n<ol>\n<li><span style=\"color: #696666; font-family: georgia, palatino;\">Jaunius Gumbis specialusis redaktorius. Ronald Dworkin. Rimtas po\u017ei\u016bris \u012f teises \/\/ Lietuvos ra\u0161ytoj\u0173 s\u0105jungos leidykla. 2004.<\/span><\/li>\n<\/ol>\n<h2 class=\"lts_headline_parent lts_headline_type1  \"><span style=\"color:#545759;\" class=\"lts_headline headline_type1\"><strong><span style=\"font-family: georgia, palatino;\">Knyg\u0173 recenzijos:<\/span><\/strong><\/span><\/h2>\n<ol>\n<li><span style=\"font-family: georgia, palatino;\"><span style=\"color: #696666;\">Trumpas \u012fvadas \u012f adaptyvi\u0105j\u0105 lyderyst\u0119 \/ Ronald Heifetz, Alexander Grashow, Mary Linsky, Donald L. Liurie. \u2013\u00a0<\/span><span style=\"color: #696666;\">Vilnius : Vilniaus universitetas : Vilniaus universiteto leidykla, 2017, 92 p., ISBN 978-609-459-890-6. <\/span><\/span><\/li>\n<\/ol>\n<h2 class=\"lts_headline_parent lts_headline_type1  \"><span style=\"color:#545759;\" class=\"lts_headline headline_type1\"><span style=\"font-family: georgia, palatino;\"><strong>Studijoms skirti leidiniai<\/strong><\/span>:<\/span><\/h2>\n<ol>\n<li><span style=\"font-family: georgia, palatino;\"><span style=\"color: #696666;\">2018 m. parengtas ,,Casebook&#8221; Lietuvos skyrius, skirtas kasmetinei vasaros teises mokyklai Zalcburgo universitete (University of Salzburg), Austrijoje;<\/span><\/span><\/li>\n<li><span style=\"font-family: georgia, palatino;\"><span style=\"color: #696666;\">2020 m. parengtas \u201eIntroduction to Lithuanian Legal System\u201c, skirtas kasmetinei vasaros teis\u0117s mokyklai Zalcburgo universitete (University of Salzburg), Austrijoje;<\/span><\/span><\/li>\n<li><span style=\"font-family: georgia, palatino;\"><span style=\"color: #696666;\">2021 m. parengtas \u201eStudy on Citizenship in Lithuania\u201c, skirtas kasmetinei vasaros teis\u0117s mokyklai Zalcburgo universitete (University of Salzburg), Austrijoje.<\/span><\/span><\/li>\n<\/ol>\n","protected":false},"excerpt":{"rendered":"<p>Jaunius Gumbis. \u201e\u0160iuolaikinis po\u017ei\u016bris \u012f \u201eform\u0173 konflikto\u201c problem\u0105 2001 m. Lietuvos Respublikos civiliniame kodekse\u201c \/\/ Teis\u0117, Vilnius: Vilniaus universitetas, 2002, Nr. 42; Jaunius Gumbis. \u201eAsmens autonomijos priva\u010diuose susitarimuose ribojimo prie\u017eastys ir apimtis\u201d \/\/ Teis\u0117, Vilnius: Vilniaus universitetas, 2002, Nr. 42; Jaunius Gumbis. \u201eEutanazija \u017emogaus teisi\u0173 ir autonomijos kontekstu\u201d \/\/ Teis\u0117, Vilnius: Vilniaus universitetas, 2003, Nr.<br \/><a class=\"moretag\" href=\"http:\/\/web.vu.lt\/tf\/j.gumbis\/publikacijos\/\">+ Read More<\/a><\/p>\n","protected":false},"author":1,"featured_media":0,"parent":0,"menu_order":0,"comment_status":"closed","ping_status":"closed","template":"","meta":{"footnotes":""},"class_list":["post-439","page","type-page","status-publish","hentry"],"jetpack_sharing_enabled":true,"jetpack_shortlink":"https:\/\/wp.me\/P9ThXS-75","_links":{"self":[{"href":"http:\/\/web.vu.lt\/tf\/j.gumbis\/wp-json\/wp\/v2\/pages\/439","targetHints":{"allow":["GET"]}}],"collection":[{"href":"http:\/\/web.vu.lt\/tf\/j.gumbis\/wp-json\/wp\/v2\/pages"}],"about":[{"href":"http:\/\/web.vu.lt\/tf\/j.gumbis\/wp-json\/wp\/v2\/types\/page"}],"author":[{"embeddable":true,"href":"http:\/\/web.vu.lt\/tf\/j.gumbis\/wp-json\/wp\/v2\/users\/1"}],"replies":[{"embeddable":true,"href":"http:\/\/web.vu.lt\/tf\/j.gumbis\/wp-json\/wp\/v2\/comments?post=439"}],"version-history":[{"count":27,"href":"http:\/\/web.vu.lt\/tf\/j.gumbis\/wp-json\/wp\/v2\/pages\/439\/revisions"}],"predecessor-version":[{"id":1075,"href":"http:\/\/web.vu.lt\/tf\/j.gumbis\/wp-json\/wp\/v2\/pages\/439\/revisions\/1075"}],"wp:attachment":[{"href":"http:\/\/web.vu.lt\/tf\/j.gumbis\/wp-json\/wp\/v2\/media?parent=439"}],"curies":[{"name":"wp","href":"https:\/\/api.w.org\/{rel}","templated":true}]}}