{"id":272,"date":"2026-01-30T20:07:28","date_gmt":"2026-01-30T22:07:28","guid":{"rendered":"http:\/\/web.vu.lt\/mif\/a.medziunas\/?page_id=272"},"modified":"2026-01-30T20:14:27","modified_gmt":"2026-01-30T22:14:27","slug":"publications","status":"publish","type":"page","link":"http:\/\/web.vu.lt\/mif\/a.medziunas\/publications\/","title":{"rendered":"Publications"},"content":{"rendered":"\n<ul><li><strong>Ambrosch, M.; Viscasillas V\u00e1zquez, C.; Solano, E.; Ulla, A.; P\u00e9rez-Couto, X.;  P\u00e9rez-Fern\u00e1ndez, E.; Med\u017ei\u016bnas, A.; Manteiga, M.; Dafonte, C.; Drazdauskas, A.; Magrini, L.; Mikolaitis, \u0160.; \u0160atas, V.<\/strong> Detection of hot subdwarf binaries and sdB stars using machine learning methods and a large sample of Gaia XP spectra. <em>Astronomy and Astrophysics<\/em> 2026 (Accepted) https:\/\/doi.org\/10.48550\/arXiv.2601.21727<\/li><li><strong>Kubilius, K.; Med\u017ei\u016bnas, A.<\/strong> A Class of Fractional Stochastic Differential Equations with a Soft Wall.\u00a0<em>Fractal Fract.<\/em>\u00a02023,\u00a0<em>7<\/em>, 110. https:\/\/doi.org\/10.3390\/fractalfract7020110<\/li><li><strong>Kubilius, K.; Med\u017ei\u016bnas, A. <\/strong>Pathwise Convergent Approximation for the Fractional SDEs. <em>Mathematics<\/em> 2022, 10, 669. https:\/\/doi.org\/10.3390\/math10040669<\/li><li><strong>Med\u017ei\u016bnas, A. <\/strong>On the congruence of finite sums involving generalized harmonic numbers modulo p2. <em>Ann. Polon. Math.<\/em> 2021, 126, 279\u2013292.<\/li><li><strong>Kubilius, K.; Med\u017ei\u016bnas, A.<\/strong> Positive Solutions of the Fractional SDEs with Non-Lipschitz Diffusion Coefficient. <em>Mathematics<\/em> 2021, 9, 18. https:\/\/doi.org\/10.3390\/math9010018<\/li><\/ul>\n","protected":false},"excerpt":{"rendered":"<p>Ambrosch, M.; Viscasillas V\u00e1zquez, C.; Solano, E.; Ulla, A.; P\u00e9rez-Couto, X.; P\u00e9rez-Fern\u00e1ndez, E.; Med\u017ei\u016bnas, A.; Manteiga, M.; Dafonte, C.; Drazdauskas, A.; Magrini, L.; Mikolaitis, \u0160.; \u0160atas, V. Detection of hot subdwarf binaries and sdB stars using machine learning methods and a large sample of Gaia XP spectra. Astronomy and Astrophysics 2026 (Accepted) https:\/\/doi.org\/10.48550\/arXiv.2601.21727 Kubilius, K.; [&hellip;]<\/p>\n","protected":false},"author":1,"featured_media":0,"parent":0,"menu_order":0,"comment_status":"closed","ping_status":"closed","template":"","meta":[],"_links":{"self":[{"href":"http:\/\/web.vu.lt\/mif\/a.medziunas\/wp-json\/wp\/v2\/pages\/272"}],"collection":[{"href":"http:\/\/web.vu.lt\/mif\/a.medziunas\/wp-json\/wp\/v2\/pages"}],"about":[{"href":"http:\/\/web.vu.lt\/mif\/a.medziunas\/wp-json\/wp\/v2\/types\/page"}],"author":[{"embeddable":true,"href":"http:\/\/web.vu.lt\/mif\/a.medziunas\/wp-json\/wp\/v2\/users\/1"}],"replies":[{"embeddable":true,"href":"http:\/\/web.vu.lt\/mif\/a.medziunas\/wp-json\/wp\/v2\/comments?post=272"}],"version-history":[{"count":3,"href":"http:\/\/web.vu.lt\/mif\/a.medziunas\/wp-json\/wp\/v2\/pages\/272\/revisions"}],"predecessor-version":[{"id":280,"href":"http:\/\/web.vu.lt\/mif\/a.medziunas\/wp-json\/wp\/v2\/pages\/272\/revisions\/280"}],"wp:attachment":[{"href":"http:\/\/web.vu.lt\/mif\/a.medziunas\/wp-json\/wp\/v2\/media?parent=272"}],"curies":[{"name":"wp","href":"https:\/\/api.w.org\/{rel}","templated":true}]}}