{"id":83,"date":"2021-05-05T10:28:37","date_gmt":"2021-05-05T08:28:37","guid":{"rendered":"http:\/\/web.vu.lt\/khf\/e.gabrenaite\/?page_id=83"},"modified":"2021-06-07T10:45:45","modified_gmt":"2021-06-07T08:45:45","slug":"english","status":"publish","type":"page","link":"http:\/\/web.vu.lt\/khf\/e.gabrenaite\/english\/","title":{"rendered":"ENGLISH"},"content":{"rendered":"\n<p><strong>CONTACTS<\/strong><\/p>\n\n\n\n<div class=\"wp-block-media-text alignwide has-media-on-the-right is-stacked-on-mobile is-vertically-aligned-center is-image-fill has-background\" style=\"background-color:#f4f7fa;grid-template-columns:auto 47%\"><figure class=\"wp-block-media-text__media\" style=\"background-image:url(http:\/\/web.vu.lt\/khf\/e.gabrenaite\/wp-content\/uploads\/2021\/05\/logo_en-1024x538.png);background-position:50% 50%\"><img loading=\"lazy\" decoding=\"async\" width=\"1024\" height=\"538\" src=\"http:\/\/web.vu.lt\/khf\/e.gabrenaite\/wp-content\/uploads\/2021\/05\/logo_en-1024x538.png\" alt=\"\" class=\"wp-image-122 size-full\" srcset=\"http:\/\/web.vu.lt\/khf\/e.gabrenaite\/wp-content\/uploads\/2021\/05\/logo_en-1024x538.png 1024w, http:\/\/web.vu.lt\/khf\/e.gabrenaite\/wp-content\/uploads\/2021\/05\/logo_en-300x158.png 300w, http:\/\/web.vu.lt\/khf\/e.gabrenaite\/wp-content\/uploads\/2021\/05\/logo_en-768x403.png 768w, http:\/\/web.vu.lt\/khf\/e.gabrenaite\/wp-content\/uploads\/2021\/05\/logo_en.png 1200w\" sizes=\"auto, (max-width: 1024px) 100vw, 1024px\" \/><\/figure><div class=\"wp-block-media-text__content\">\n<p><strong>Dr. Egl\u0117 Gabr\u0117nait\u0117<\/strong><br>Institute of Language, Literature and Translation Studies<br>E-mail egle.gabrenaite@knf.vu.lt<br>Kaunas Faculty of Vilnius University<br>Muitin\u0117s Street. 8, Kaunas LT-44280 <br><a href=\"http:\/\/www.knf.vu.lt\" data-type=\"URL\" data-id=\"www.knf.vu.lt\">www.knf.vu.lt<\/a><br><a rel=\"noreferrer noopener\" href=\"http:\/\/www.knf.vu.lt\" target=\"_blank\"><\/a><\/p>\n<\/div><\/div>\n\n\n\n<div class=\"wp-block-columns is-layout-flex wp-container-core-columns-is-layout-9d6595d7 wp-block-columns-is-layout-flex\">\n<div class=\"wp-block-column is-layout-flow wp-block-column-is-layout-flow\">\n<p><strong>RESEARCH AREAS<\/strong><br>Rhetoric of Persuasive Discourse<br>Persuasive Communication and Propaganda<br>Linguistic and Stylistic Analysis of Discourse<br>Normative Linguistics<\/p>\n<\/div>\n\n\n\n<div class=\"wp-block-column is-layout-flow wp-block-column-is-layout-flow\">\n<p><strong>STUDY SUBJECTS<br><\/strong>Advertising and Propaganda (BA)<br>Language of Negotiation (BA)<br>Corpus Linguistics (BA)<br>Global Communication and Negotiation (MA)<br>Linguistic Strategies of Persuasive Discourse (MA)<br>Normative Linguistics and Corpus Planning Practice (MA)<br>The Methods and Approaches to Linguistic Analysis (MA)<\/p>\n<\/div>\n<\/div>\n\n\n\n<p><\/p>\n\n\n\n<p><strong>PUBLICATIONS<\/strong><\/p>\n\n\n\n<p><strong>2021<\/strong><\/p>\n\n\n\n<p>Gabr\u0117nait\u0117, Egl\u0117; Triau\u0161yt\u0117, Monika. The rhetoric of Lithuanian MeToo discourse \/\/ Informacijos mokslai. Vilnius : Vilniaus universiteto leidykla. ISSN 1392-0561. eISSN 1392- 1487. 2021, t. 92, p. 46-64. DOI:<a href=\"https:\/\/doi.org\/10.15388\/Im.2021.92.51\"> https:\/\/doi.org\/10.15388\/Im.2021.92.51<\/a>.\u00a0<\/p>\n\n\n\n<p>Bir\u017eietien\u0117, Skirmant\u0117; Gabr\u0117nait\u0117, Egl\u0117. Rinkim\u0173 programos kaip politin\u0117s retorikos \u017eanras = Candidate Programs as a Genre of Political Rhetoric \/\/ Respectus philologicus. Vilnius: Vilniaus universiteto leidykla, 2021, vol. 39(44), p. 46\u201357. DOI: <a href=\"http:\/\/dx.doi.org\/10.15388\/RESPECTUS.2020.39.44.76\">http:\/\/dx.doi.org\/10.15388\/RESPECTUS.2020.39.44.76<\/a> &nbsp;<\/p>\n\n\n\n<p><strong>2020<\/strong><\/p>\n\n\n\n<p>Gabr\u0117nait\u0117, Egl\u0117; Triau\u0161yt\u0117, Monika. Provokacija kaip \u017eanras: retorin\u0117s MeToo diskurso apibr\u0117\u017etys = Provocation as a genre: rhetorical definitions of MeToo discourse \/\/ Respectus philologicus. Vilnius: Vilniaus universiteto leidykla, 2020, vol. 37(42), p. 78\u201390. DOI: <a href=\"http:\/\/dx.doi.org\/10.15388\/RESPECTUS.2020.37.42.40\">http:\/\/dx.doi.org\/10.15388\/RESPECTUS.2020.37.42.40<\/a> &nbsp;<\/p>\n\n\n\n<p><strong>2019<\/strong><\/p>\n\n\n\n<p>Gabr\u0117nait\u0117, Egl\u0117. Retorin\u0117 elokucija: politinio diskurso fig\u016bratyvioji rai\u0161ka = Rhetorical elocution: figurative expression of political discourse \/\/ Lituanistica. Vilnius: Lietuvos moksl\u0173 akademijos leidykla, 2019, t. 65, Nr. 3, p. 220\u2013229. DOI: <a href=\"http:\/\/dx.doi.org\/10.6001\/lituanistica.v65i3.4094\">http:\/\/dx.doi.org\/10.6001\/lituanistica.v65i3.4094<\/a><\/p>\n\n\n\n<p><strong>2018<\/strong><\/p>\n\n\n\n<p>Bir\u017eietien\u0117, Skirmant\u0117; Gabr\u0117nait\u0117, Egl\u0117. Eristinis argumentavimas politin\u0117je reklamoje = Eristic argumentation in political advertising \/\/ \u017dmogus ir \u017eodis. Vilnius: Lietuvos edukologijos universitetas, 2018, t. 20, Nr. 3, p. 74\u201382. DOI: <a href=\"http:\/\/dx.doi.org\/10.15823\/zz.2018.18\">http:\/\/dx.doi.org\/10.15823\/zz.2018.18<\/a> &nbsp;<\/p>\n\n\n\n<p>Gabr\u0117nait\u0117, Egl\u0117. Gr\u0117sm\u0117s retorika kaip paveikaus diskurso instrumentas = Rhetoric of threats as a tool for persuasive discourse \/\/ Valoda \u20132018. Valoda da\u017e\u0101du kult\u016bru kontekst\u0101: XXVIII Zin\u0101tnisko rakstu kr\u0101jums = [Language 2018. Language in various cultural contexts]: Proceedings of scientific readings XXVIII \/ Editor S. Polkov\u0146ikova; Daugavpils Universitate Humanitara Fakultate. Daugavpils: Saule, 2018, p. 172\u2013179. Prieiga: <a href=\"https:\/\/du.lv\/wp-content\/uploads\/2019\/02\/Valoda_2018_DRUKA_GALA.pdf\">https:\/\/du.lv\/wp-content\/uploads\/2019\/02\/Valoda_2018_DRUKA_GALA.pdf<\/a><\/p>\n\n\n\n<p><strong>2017<\/strong><\/p>\n\n\n\n<p>Gabr\u0117nait\u0117, Egl\u0117. Politin\u0117 retorika: vertybin\u0117s topikos d\u0117menys = Political rhetoric: components of value topic \/\/ \u017dmogus kalbos erdv\u0117je: mokslini\u0173 straipsni\u0173 t\u0119stinis rinkinys. Kaunas: Vilniaus universiteto Kauno fakultetas, 2017, Nr. 9, p. 73\u201385. Prieiga: <a href=\"http:\/\/www.knf.vu.lt\/dokumentai\/failai\/konferenciju\/ZKE_2017.pdf\">http:\/\/www.knf.vu.lt\/dokumentai\/failai\/konferenciju\/ZKE_2017.pdf<\/a> &nbsp;<\/p>\n\n\n\n<p><strong>2016<\/strong><\/p>\n\n\n\n<p>Gabr\u0117nait\u0117, Egl\u0117; Mikalauskas, Arvydas. Politin\u0117s retorikos pragmatika = The pragmatism of political rhetoric \/\/ Valoda \u2013 2016: Valoda da\u017e\u0101du kult\u016bru kontekst\u0101. Daugavpils: Saule, 2016, p. 236\u2013245. Prieiga: <a href=\"https:\/\/du.lv\/wp-content\/uploads\/2015\/12\/Valoda_2016_Drukatava.pdf\">https:\/\/du.lv\/wp-content\/uploads\/2015\/12\/Valoda_2016_Drukatava.pdf<\/a><\/p>\n\n\n\n<p>Gabr\u0117nait\u0117, Egl\u0117. Politinio komentaro retorika: \u017eanro transformacijos = The rhetoric of political commentary: genre transformations \/\/ Respectus philologicus. Vilnius: Vilniaus universiteto leidykla, 2016, Nr. 29, p. 25\u201332. DOI: <a href=\"http:\/\/dx.doi.org\/10.15388\/RESPECTUS.2016.29.34.03\">http:\/\/dx.doi.org\/10.15388\/RESPECTUS.2016.29.34.03<\/a> &nbsp;<\/p>\n\n\n\n<p><strong>2015<\/strong><\/p>\n\n\n\n<p>Gabr\u0117nait\u0117, Egl\u0117. Retorin\u0117 skolinimosi topika reklamoje = The rhetoric topic of borrowing in advertising \/\/ Respectus philologicus. Vilnius: Vilniaus universiteto leidykla, 2015, Nr. 28 (33) A, p. 81\u201389. DOI: <a href=\"http:\/\/dx.doi.org\/10.15388\/RESPECTUS.2015.28.33A.7\">http:\/\/dx.doi.org\/10.15388\/RESPECTUS.2015.28.33A.7<\/a> &nbsp;<\/p>\n\n\n\n<p><strong>2014<\/strong><\/p>\n\n\n\n<p>Bir\u017eietien\u0117, Skirmant\u0117; Gabr\u0117nait\u0117, Egl\u0117. Eristinis argumentavimas reklamoje \/\/ Respectus Philologicus. Vilnius: Vilniaus universiteto leidykla, 2014, Nr. 26, p. 190\u2013202. DOI: <a href=\"http:\/\/dx.doi.org\/10.15388\/RESPECTUS.2014.26.31.15\">http:\/\/dx.doi.org\/10.15388\/RESPECTUS.2014.26.31.15<\/a> &nbsp;<\/p>\n\n\n\n<p>Gabr\u0117nait\u0117, Egl\u0117. Stiliaus fig\u016bros kaip retoriniai paralogizmai = Figures of speech as rhetorical paralogism \/\/ Valoda \u2013 2014. Valoda da\u017e\u0101du kult\u016bru kontekst\u0101.: Daugavpils: Daugavpils Universit\u0101tes \u0101kademiskais apg\u0101ds \u201eSaule\u201c, 2014, T. 24, p. 398\u2013405. Prieiga: <a href=\"https:\/\/du.lv\/wp-content\/uploads\/2015\/12\/Valoda_2014_DRUKAI.pdf\">https:\/\/du.lv\/wp-content\/uploads\/2015\/12\/Valoda_2014_DRUKAI.pdf<\/a> &nbsp;<\/p>\n\n\n\n<p>Gabr\u0117nait\u0117, Egl\u0117. Paveikiojo diskurso argumentacija: argumentum ad tempus \/\/ Verbum. Vilnius: Vilniaus universiteto leidykla, 2014, t. 5, p. 86\u201395. DOI: <a href=\"http:\/\/dx.doi.org\/10.15388\/Verb.2014.5.5001\">http:\/\/dx.doi.org\/10.15388\/Verb.2014.5.5001<\/a><\/p>\n\n\n\n<p><strong>2011<\/strong><\/p>\n\n\n\n<p>Gabr\u0117nait\u0117, Egl\u0117. Retorin\u0117s argumentacijos sklaida \u012ftikin\u0117jamuosiuose diskursuose = Rhetorical argumentation in persuasive discources \/\/ Valoda \u2013 2011: valoda da\u017eadu kult\u016bru konteksta: Zinatnisko rakstu krajums. T. 21. Daugavpils: Saule, 2011, p. 346\u2013355.<\/p>\n\n\n\n<p><strong>2010<\/strong><\/p>\n\n\n\n<p>Gabr\u0117nait\u0117, Egl\u0117. Reklamos retorika: verbalini\u0173 \u2013 vizualini\u0173 metafor\u0173 topika = The rhetoric of advertising: verbal and visual metaphors \/\/ Valoda \u2013 2010: valoda da\u017eadu kult\u016bru konteksta. Daugavpils: Saule, 2010, p. 303\u2013312.<\/p>\n\n\n\n<p>Gabr\u0117nait\u0117, Egl\u0117. Retorin\u0117s poreiki\u0173 topikos rai\u0161ka reklamos diskurse = Rhetorical topic of need in a discourse of advertising \/\/ \u017dmogus kalbos erdv\u0117je: mokslini\u0173 straipsni\u0173 rinkinys. Nr. 6. Kaunas: Naujasis lankas, 2010, p. 426\u2013430. Prieiga: <a href=\"http:\/\/www.knf.vu.lt\/dokumentai\/failai\/katedru\/uzsienio\/zmogus_erdveje_2010.pdf\">http:\/\/www.knf.vu.lt\/dokumentai\/failai\/katedru\/uzsienio\/zmogus_erdveje_2010.pdf<\/a><\/p>\n\n\n\n<p><strong>2008<\/strong><\/p>\n\n\n\n<p>Gabr\u0117nait\u0117, Egl\u0117. Semantic and stylistic spread of punctuation marks in printed advertising \/\/ American and European studies = \u0410\u043c\u0435\u0440\u0438\u043a\u0430\u043d\u0441\u043a\u0438\u0435 \u0438 \u0435\u0432\u0440\u043e\u043f\u0435\u0439\u0441\u043a\u0438\u0435 \u0438\u0441\u0441\u043b\u0435\u0434\u043e\u0432\u0430\u043d\u0438\u044f: yearbook 2006\u20132007. Vol. 1. Minsk, 2008, p. 143\u2013150.<\/p>\n\n\n\n<p><strong>2007<\/strong><\/p>\n\n\n\n<p>Gabr\u0117nait\u0117, Egl\u0117. Retorin\u0117 topika reklamoje = Rhetorical topics in advertisement \/\/ Tekstai ir kontekstai: transformacij\u0173 sklaida: mokslini\u0173 straipsni\u0173 rinkinys. Kaunas: Vilniaus universiteto leidykla, 2007, 258\u2013266.<\/p>\n\n\n\n<p><strong>2006<\/strong><\/p>\n\n\n\n<p>Gabr\u0117nait\u0117, Egl\u0117. Emocin\u0117s argumentacijos metodai reklamoje = Methods of emotional argumentation in advertising \/\/ Valoda \u2013 2006: valoda da\u017eadu kult\u016bru konteksta. Daugavpils: Saule, 2006, p. 118\u2013125.<\/p>\n\n\n\n<p>Gabr\u0117nait\u0117, Egl\u0117. Konceptualioji metafora reklamoje = Conceptual metaphor in advertisement \/\/ Kalbos vienet\u0173 semantika ir strukt\u016bra = Semantics and structure of language units: mokslini\u0173 straipsni\u0173 rinkinys, parengtas pagal konferencijos prane\u0161imus. Klaip\u0117da: Klaip\u0117dos universiteto leidykla, 2006, p. 51\u201358.<\/p>\n\n\n\n<p>Gabr\u0117nait\u0117, Egl\u0117. \u0412\u043e\u0437\u0434\u0435\u0439\u0441\u0442\u0432\u0438\u0435 \u043a\u0443\u043b\u044c\u0442\u0443\u0440\u043d\u044b\u0445 \u0440\u0430\u0437\u043b\u0438\u0447\u0438\u0439 \u043d\u0430 \u0440\u0435\u043a\u043b\u0430\u043c\u043d\u0443\u044e \u043f\u0435\u0440\u0441\u0432\u0430\u0437\u0438\u044e \/\/ \u0421\u0435\u043c\u0438\u043e\u0437\u0438\u0441 \u0438 \u043a\u0443\u043b\u044c\u0442\u0443\u0440\u0430: \u0441\u0431\u043e\u0440\u043d\u0438\u043a \u043d\u0430\u0443\u0447\u043d\u044b\u0445 \u0441\u0442\u0430\u0442\u0435\u0439. \u0412\u044b\u043f. 2. \u0421\u044b\u043a\u0442\u044b\u0432\u043a\u0430\u0440, 2006, p. 108\u2013118. Gabr\u0117nait\u0117, Egl\u0117. Retorin\u0117 persvazija reklamoje = Rhetorical persuasion in advertising \/\/ Filologija, 2006, Nr. 11, p. 24\u201328. Prieiga: <a href=\"http:\/\/etalpykla.lituanistikadb.lt\/fedora\/get\/LT-LDB-0001:J.04~2006~1367154333707\/DS.002.0.01.ARTIC\">http:\/\/etalpykla.lituanistikadb.lt\/fedora\/get\/LT-LDB-0001:J.04~2006~1367154333707\/DS.002.0.01.ARTIC<\/a><\/p>\n\n\n\n<p><\/p>\n\n\n\n<p><strong>LEARNING LITERATURE<\/strong><\/p>\n\n\n\n<p>Gabr\u0117nait\u0117, Egl\u0117. Retorin\u0117 paveiki\u0173j\u0173 diskurs\u0173 analiz\u0117: mokomoji knyga. \u2013 Vilnius: Vilniaus universitetas, 2021. \u2013 115 p. ISBN 978-609-07-0589-6. Prieiga: <a href=\"https:\/\/www.knygynas.vu.lt\/retorine-paveikiuju-diskursu-analize-2\">https:\/\/www.knygynas.vu.lt\/retorine-paveikiuju-diskursu-analize-2<\/a><\/p>\n\n\n\n<p><\/p>\n\n\n\n<p><strong>PUBLICATIONS IN CONFERENCE PROCEEDINGS<\/strong><strong><\/strong><\/p>\n\n\n\n<p>Gabr\u0117nait\u0117 E., Bir\u017eietien\u0117 S. <em>Rinkim\u0173 programa kaip politin\u0117s retorikos \u017eanras<\/em>. \u017danro konferencija: 2-oji respublikin\u0117 mokslin\u0117 tarpdalykin\u0117 konferencija. Prane\u0161im\u0173 santraukos. Vilniaus universiteto Kauno fakultetas, 2019. Prieiga: <a href=\"https:\/\/www.lvb.lt\/permalink\/f\/1470m9t\/ELABAPDB57727197\">https:\/\/www.lvb.lt\/permalink\/f\/1470m9t\/ELABAPDB57727197<\/a><\/p>\n\n\n\n<p>Gabr\u0117nait\u0117 E., Triau\u0161yt\u0117 M. <em>Provokacija kaip \u017eanras: retorin\u0117 provokatyvaus naratyvo analiz\u0117<\/em>. \u017danro konferencija: 2-oji respublikin\u0117 mokslin\u0117 tarpdalykin\u0117 konferencija. Prane\u0161im\u0173 santraukos. Vilniaus universiteto Kauno fakultetas, 2019. Prieiga: <a href=\"https:\/\/www.lvb.lt\/permalink\/f\/1470m9t\/ELABAPDB57728283\">https:\/\/www.lvb.lt\/permalink\/f\/1470m9t\/ELABAPDB57728283<\/a><\/p>\n\n\n\n<p>Gabr\u0117nait\u0117 E. <em>Gr\u0117sm\u0117s retorika kaip paveikaus diskurso k\u016brimo instrumentas. <\/em>Tarptautin\u0117s mokslin\u0117s konferencijos \u201eTekstai ir kontekstai: paribio fenomenas\u201cprane\u0161im\u0173 santraukos. Vilniaus universiteto Kauno fakultetas, 2017 04 27\u201328. Prieiga: <a href=\"http:\/\/www.knf.vu.lt\/dokumentai\/failai\/konferenciju\/SANTRAUKOS-1.pdf\">http:\/\/www.knf.vu.lt\/dokumentai\/failai\/konferenciju\/SANTRAUKOS-1.pdf<\/a><\/p>\n\n\n\n<p>Gabr\u0117nait\u0117 E. <em>Retorin\u0117 reklamos argumentacija: argumentum ad tempus. <\/em>Tarptautin\u0117s mokslin\u0117s konferencijos \u201eTekstas<em>: <\/em>lingvistika ir poetika\u201c prane\u0161im\u0173 santraukos. \u0160iauliai, 2013 11 22. Prieiga: <a href=\"http:\/\/www.su.lt\/bylos\/fakultetai\/humanitarinis\/mokslas\/tl%2019%20tezs.pdf\">http:\/\/www.su.lt\/bylos\/fakultetai\/humanitarinis\/mokslas\/tl%2019%20tezs.pdf<\/a><\/p>\n\n\n\n<p>Gabr\u0117nait\u0117 E., Bir\u017eietien\u0117 S. <em>Eristin\u0117 argumentacija reklamoje<\/em>. Tarptautin\u0117s mokslin\u0117s konferencijos \u201eReklama quasi menas\u201c prane\u0161im\u0173 santraukos. Kaunas, 2014 04 10\u201311, 6. Prieiga: <a href=\"http:\/\/www.reklamamenas.khf.vu.lt\/images\/Abstracts_Ads_quasi_Ads.pdf\">http:\/\/www.reklamamenas.khf.vu.lt\/images\/Abstracts_Ads_quasi_Ads.pdf<\/a><\/p>\n\n\n\n<p>Gabr\u0117nait\u0117 E., Bir\u017eietien\u0117 S. <em>Eristic argumentation in commercial advertising: the case of Lithuanian ads.<\/em> Tarptautin\u0117s mokslin\u0117s konferencijos \u201eRhetoric in Europe\u201c prane\u0161im\u0173 med\u017eiaga. Saro \u017eem\u0117s universitetas (Vokietija), 2013 10 09\u201313. Prieiga: <a href=\"http:\/\/www.uni-saarland.de\/fileadmin\/user_upload\/Institute\/eir\/Proceedings\/Paper_Skirmante_Birzietiene.pdf\">http:\/\/www.uni-saarland.de\/fileadmin\/user_upload\/Institute\/eir\/Proceedings\/Paper_Skirmante_Birzietiene.pdf<\/a><\/p>\n\n\n\n<p>Gabr\u0117nait\u0117 E. <em>Autoritetas reklamoje: kreipimosi \u012f adresat\u0105 specifika<\/em>. VI tarptautin\u0117s mokslin\u0117s konferencijos \u201ePasaulio vaizdas kalboje\u201c programa ir prane\u0161im\u0173 santraukos. \u0160iauliai: V\u0161\u012e \u0160iauli\u0173 universiteto leidykla, 2010, 18\u201319.<\/p>\n\n\n\n<p>Gabr\u0117nait\u0117 E. <em>Retorin\u0117 persvazija reklamoje<\/em>. Tekstas: lingvistika ir poetika:&nbsp;14 mokslin\u0117s konferencijos med\u017eiaga. \u0160iauliai: \u0160iauli\u0173 universitetas, 2005, 13\u201314. Gabr\u0117nait\u0117 E. <em>Semantin\u0117 ir stilistin\u0117 skyrybos \u017eenkl\u0173 sklaida spausdintin\u0117je reklamoje<\/em>.&nbsp;Naujausi humanitariniai tyrin\u0117jimai \u2013 2005. Vilnius: Vilniaus universiteto leidykla, 2005, 11\u201312.<\/p>\n","protected":false},"excerpt":{"rendered":"<p>CONTACTS Dr. Egl\u0117 Gabr\u0117nait\u0117Institute of Language, Literature and Translation StudiesE-mail egle.gabrenaite@knf.vu.ltKaunas Faculty of Vilnius UniversityMuitin\u0117s Street. 8, Kaunas LT-44280 www.knf.vu.lt RESEARCH AREASRhetoric of Persuasive DiscoursePersuasive Communication and PropagandaLinguistic and Stylistic Analysis of DiscourseNormative Linguistics STUDY SUBJECTSAdvertising and Propaganda (BA)Language of Negotiation (BA)Corpus Linguistics (BA)Global Communication and Negotiation (MA)Linguistic Strategies of Persuasive Discourse (MA)Normative Linguistics and [&hellip;]<\/p>\n","protected":false},"author":1,"featured_media":0,"parent":0,"menu_order":6,"comment_status":"closed","ping_status":"closed","template":"","meta":{"footnotes":""},"class_list":["post-83","page","type-page","status-publish","hentry"],"_links":{"self":[{"href":"http:\/\/web.vu.lt\/khf\/e.gabrenaite\/wp-json\/wp\/v2\/pages\/83","targetHints":{"allow":["GET"]}}],"collection":[{"href":"http:\/\/web.vu.lt\/khf\/e.gabrenaite\/wp-json\/wp\/v2\/pages"}],"about":[{"href":"http:\/\/web.vu.lt\/khf\/e.gabrenaite\/wp-json\/wp\/v2\/types\/page"}],"author":[{"embeddable":true,"href":"http:\/\/web.vu.lt\/khf\/e.gabrenaite\/wp-json\/wp\/v2\/users\/1"}],"replies":[{"embeddable":true,"href":"http:\/\/web.vu.lt\/khf\/e.gabrenaite\/wp-json\/wp\/v2\/comments?post=83"}],"version-history":[{"count":52,"href":"http:\/\/web.vu.lt\/khf\/e.gabrenaite\/wp-json\/wp\/v2\/pages\/83\/revisions"}],"predecessor-version":[{"id":146,"href":"http:\/\/web.vu.lt\/khf\/e.gabrenaite\/wp-json\/wp\/v2\/pages\/83\/revisions\/146"}],"wp:attachment":[{"href":"http:\/\/web.vu.lt\/khf\/e.gabrenaite\/wp-json\/wp\/v2\/media?parent=83"}],"curies":[{"name":"wp","href":"https:\/\/api.w.org\/{rel}","templated":true}]}}