{"id":68,"date":"2021-05-04T10:18:16","date_gmt":"2021-05-04T08:18:16","guid":{"rendered":"http:\/\/web.vu.lt\/khf\/e.gabrenaite\/?page_id=68"},"modified":"2021-05-04T10:18:36","modified_gmt":"2021-05-04T08:18:36","slug":"konferenciju-pranesimu-tezes","status":"publish","type":"page","link":"http:\/\/web.vu.lt\/khf\/e.gabrenaite\/konferenciju-pranesimu-tezes\/","title":{"rendered":"KONFERENCIJ\u0172 PRANE\u0160IM\u0172 TEZ\u0116S"},"content":{"rendered":"\n<p>Gabr\u0117nait\u0117 E., Bir\u017eietien\u0117 S. <em>Rinkim\u0173 programa kaip politin\u0117s retorikos \u017eanras<\/em>. \u017danro konferencija: 2-oji respublikin\u0117 mokslin\u0117 tarpdalykin\u0117 konferencija. Prane\u0161im\u0173 santraukos. Vilniaus universiteto Kauno fakultetas, 2019. Prieiga: <a href=\"https:\/\/www.lvb.lt\/permalink\/f\/1470m9t\/ELABAPDB57727197\">https:\/\/www.lvb.lt\/permalink\/f\/1470m9t\/ELABAPDB57727197<\/a><\/p>\n\n\n\n<p>Gabr\u0117nait\u0117 E., Triau\u0161yt\u0117 M. <em>Provokacija kaip \u017eanras: retorin\u0117 provokatyvaus naratyvo analiz\u0117<\/em>. \u017danro konferencija: 2-oji respublikin\u0117 mokslin\u0117 tarpdalykin\u0117 konferencija. Prane\u0161im\u0173 santraukos. Vilniaus universiteto Kauno fakultetas, 2019. Prieiga: <a href=\"https:\/\/www.lvb.lt\/permalink\/f\/1470m9t\/ELABAPDB57728283\">https:\/\/www.lvb.lt\/permalink\/f\/1470m9t\/ELABAPDB57728283<\/a><\/p>\n\n\n\n<p>Gabr\u0117nait\u0117 E. <em>Gr\u0117sm\u0117s retorika kaip paveikaus diskurso k\u016brimo instrumentas. <\/em>Tarptautin\u0117s mokslin\u0117s konferencijos \u201eTekstai ir kontekstai: paribio fenomenas\u201cprane\u0161im\u0173 santraukos. Vilniaus universiteto Kauno fakultetas, 2017 04 27\u201328. Prieiga: <a href=\"http:\/\/www.knf.vu.lt\/dokumentai\/failai\/konferenciju\/SANTRAUKOS-1.pdf\">http:\/\/www.knf.vu.lt\/dokumentai\/failai\/konferenciju\/SANTRAUKOS-1.pdf<\/a><\/p>\n\n\n\n<p>Gabr\u0117nait\u0117 E. <em>Retorin\u0117 reklamos argumentacija: argumentum ad tempus. <\/em>Tarptautin\u0117s mokslin\u0117s konferencijos \u201eTekstas<em>: <\/em>lingvistika ir poetika\u201c prane\u0161im\u0173 santraukos. \u0160iauliai, 2013 11 22. Prieiga: <a href=\"http:\/\/www.su.lt\/bylos\/fakultetai\/humanitarinis\/mokslas\/tl%2019%20tezs.pdf\">http:\/\/www.su.lt\/bylos\/fakultetai\/humanitarinis\/mokslas\/tl%2019%20tezs.pdf<\/a><\/p>\n\n\n\n<p>Gabr\u0117nait\u0117 E., Bir\u017eietien\u0117 S. <em>Eristin\u0117 argumentacija reklamoje<\/em>. Tarptautin\u0117s mokslin\u0117s konferencijos \u201eReklama quasi menas\u201c prane\u0161im\u0173 santraukos. Kaunas, 2014 04 10\u201311, 6. Prieiga: <a href=\"http:\/\/www.reklamamenas.khf.vu.lt\/images\/Abstracts_Ads_quasi_Ads.pdf\">http:\/\/www.reklamamenas.khf.vu.lt\/images\/Abstracts_Ads_quasi_Ads.pdf<\/a><\/p>\n\n\n\n<p>Gabr\u0117nait\u0117 E., Bir\u017eietien\u0117 S. <em>Eristic argumentation in commercial advertising: the case of Lithuanian ads.<\/em> Tarptautin\u0117s mokslin\u0117s konferencijos \u201eRhetoric in Europe\u201c prane\u0161im\u0173 med\u017eiaga. Saro \u017eem\u0117s universitetas (Vokietija), 2013 10 09\u201313. Prieiga: <a href=\"http:\/\/www.uni-saarland.de\/fileadmin\/user_upload\/Institute\/eir\/Proceedings\/Paper_Skirmante_Birzietiene.pdf\">http:\/\/www.uni-saarland.de\/fileadmin\/user_upload\/Institute\/eir\/Proceedings\/Paper_Skirmante_Birzietiene.pdf<\/a><\/p>\n\n\n\n<p>Gabr\u0117nait\u0117 E. <em>Autoritetas reklamoje: kreipimosi \u012f adresat\u0105 specifika<\/em>. VI tarptautin\u0117s mokslin\u0117s konferencijos \u201ePasaulio vaizdas kalboje\u201c programa ir prane\u0161im\u0173 santraukos. \u0160iauliai: V\u0161\u012e \u0160iauli\u0173 universiteto leidykla, 2010, 18\u201319.<\/p>\n\n\n\n<p>Gabr\u0117nait\u0117 E. <em>Retorin\u0117 persvazija reklamoje<\/em>. Tekstas: lingvistika ir poetika:&nbsp;14 mokslin\u0117s konferencijos med\u017eiaga. \u0160iauliai: \u0160iauli\u0173 universitetas, 2005, 13\u201314. Gabr\u0117nait\u0117 E. <em>Semantin\u0117 ir stilistin\u0117 skyrybos \u017eenkl\u0173 sklaida spausdintin\u0117je reklamoje<\/em>.&nbsp;Naujausi humanitariniai tyrin\u0117jimai \u2013 2005. Vilnius: Vilniaus universiteto leidykla, 2005, 11\u201312.<\/p>\n","protected":false},"excerpt":{"rendered":"<p>Gabr\u0117nait\u0117 E., Bir\u017eietien\u0117 S. Rinkim\u0173 programa kaip politin\u0117s retorikos \u017eanras. \u017danro konferencija: 2-oji respublikin\u0117 mokslin\u0117 tarpdalykin\u0117 konferencija. Prane\u0161im\u0173 santraukos. Vilniaus universiteto Kauno fakultetas, 2019. Prieiga: https:\/\/www.lvb.lt\/permalink\/f\/1470m9t\/ELABAPDB57727197 Gabr\u0117nait\u0117 E., Triau\u0161yt\u0117 M. Provokacija kaip \u017eanras: retorin\u0117 provokatyvaus naratyvo analiz\u0117. \u017danro konferencija: 2-oji respublikin\u0117 mokslin\u0117 tarpdalykin\u0117 konferencija. Prane\u0161im\u0173 santraukos. Vilniaus universiteto Kauno fakultetas, 2019. Prieiga: https:\/\/www.lvb.lt\/permalink\/f\/1470m9t\/ELABAPDB57728283 Gabr\u0117nait\u0117 E. [&hellip;]<\/p>\n","protected":false},"author":1,"featured_media":0,"parent":0,"menu_order":4,"comment_status":"closed","ping_status":"closed","template":"","meta":{"footnotes":""},"class_list":["post-68","page","type-page","status-publish","hentry"],"_links":{"self":[{"href":"http:\/\/web.vu.lt\/khf\/e.gabrenaite\/wp-json\/wp\/v2\/pages\/68","targetHints":{"allow":["GET"]}}],"collection":[{"href":"http:\/\/web.vu.lt\/khf\/e.gabrenaite\/wp-json\/wp\/v2\/pages"}],"about":[{"href":"http:\/\/web.vu.lt\/khf\/e.gabrenaite\/wp-json\/wp\/v2\/types\/page"}],"author":[{"embeddable":true,"href":"http:\/\/web.vu.lt\/khf\/e.gabrenaite\/wp-json\/wp\/v2\/users\/1"}],"replies":[{"embeddable":true,"href":"http:\/\/web.vu.lt\/khf\/e.gabrenaite\/wp-json\/wp\/v2\/comments?post=68"}],"version-history":[{"count":2,"href":"http:\/\/web.vu.lt\/khf\/e.gabrenaite\/wp-json\/wp\/v2\/pages\/68\/revisions"}],"predecessor-version":[{"id":70,"href":"http:\/\/web.vu.lt\/khf\/e.gabrenaite\/wp-json\/wp\/v2\/pages\/68\/revisions\/70"}],"wp:attachment":[{"href":"http:\/\/web.vu.lt\/khf\/e.gabrenaite\/wp-json\/wp\/v2\/media?parent=68"}],"curies":[{"name":"wp","href":"https:\/\/api.w.org\/{rel}","templated":true}]}}