{"id":54,"date":"2021-05-03T17:42:09","date_gmt":"2021-05-03T15:42:09","guid":{"rendered":"http:\/\/web.vu.lt\/khf\/e.gabrenaite\/?page_id=54"},"modified":"2021-05-05T09:28:32","modified_gmt":"2021-05-05T07:28:32","slug":"mokomoji-medziaga","status":"publish","type":"page","link":"http:\/\/web.vu.lt\/khf\/e.gabrenaite\/mokomoji-medziaga\/","title":{"rendered":"MOKOMOJI LITERAT\u016aRA"},"content":{"rendered":"\n<p>Gabr\u0117nait\u0117, Egl\u0117. Retorin\u0117 paveiki\u0173j\u0173 diskurs\u0173 analiz\u0117: mokomoji knyga. \u2013 Vilnius: Vilniaus universitetas, 2021. \u2013 115 p. ISBN 978-609-07-0589-6. Prieiga: <a href=\"https:\/\/www.knygynas.vu.lt\/retorine-paveikiuju-diskursu-analize-2\">https:\/\/www.knygynas.vu.lt\/retorine-paveikiuju-diskursu-analize-2<\/a> \u00a0<\/p>\n\n\n\n<figure class=\"wp-block-image size-large\"><img loading=\"lazy\" decoding=\"async\" width=\"636\" height=\"898\" src=\"http:\/\/web.vu.lt\/khf\/e.gabrenaite\/wp-content\/uploads\/2021\/05\/Untitled.png\" alt=\"\" class=\"wp-image-56\" srcset=\"http:\/\/web.vu.lt\/khf\/e.gabrenaite\/wp-content\/uploads\/2021\/05\/Untitled.png 636w, http:\/\/web.vu.lt\/khf\/e.gabrenaite\/wp-content\/uploads\/2021\/05\/Untitled-212x300.png 212w\" sizes=\"auto, (max-width: 636px) 100vw, 636px\" \/><\/figure>\n\n\n\n<p><\/p>\n","protected":false},"excerpt":{"rendered":"<p>Gabr\u0117nait\u0117, Egl\u0117. Retorin\u0117 paveiki\u0173j\u0173 diskurs\u0173 analiz\u0117: mokomoji knyga. \u2013 Vilnius: Vilniaus universitetas, 2021. \u2013 115 p. ISBN 978-609-07-0589-6. Prieiga: https:\/\/www.knygynas.vu.lt\/retorine-paveikiuju-diskursu-analize-2 \u00a0<\/p>\n","protected":false},"author":1,"featured_media":0,"parent":0,"menu_order":4,"comment_status":"closed","ping_status":"closed","template":"","meta":{"footnotes":""},"class_list":["post-54","page","type-page","status-publish","hentry"],"_links":{"self":[{"href":"http:\/\/web.vu.lt\/khf\/e.gabrenaite\/wp-json\/wp\/v2\/pages\/54","targetHints":{"allow":["GET"]}}],"collection":[{"href":"http:\/\/web.vu.lt\/khf\/e.gabrenaite\/wp-json\/wp\/v2\/pages"}],"about":[{"href":"http:\/\/web.vu.lt\/khf\/e.gabrenaite\/wp-json\/wp\/v2\/types\/page"}],"author":[{"embeddable":true,"href":"http:\/\/web.vu.lt\/khf\/e.gabrenaite\/wp-json\/wp\/v2\/users\/1"}],"replies":[{"embeddable":true,"href":"http:\/\/web.vu.lt\/khf\/e.gabrenaite\/wp-json\/wp\/v2\/comments?post=54"}],"version-history":[{"count":3,"href":"http:\/\/web.vu.lt\/khf\/e.gabrenaite\/wp-json\/wp\/v2\/pages\/54\/revisions"}],"predecessor-version":[{"id":82,"href":"http:\/\/web.vu.lt\/khf\/e.gabrenaite\/wp-json\/wp\/v2\/pages\/54\/revisions\/82"}],"wp:attachment":[{"href":"http:\/\/web.vu.lt\/khf\/e.gabrenaite\/wp-json\/wp\/v2\/media?parent=54"}],"curies":[{"name":"wp","href":"https:\/\/api.w.org\/{rel}","templated":true}]}}