{"id":52,"date":"2021-05-03T17:33:54","date_gmt":"2021-05-03T15:33:54","guid":{"rendered":"http:\/\/web.vu.lt\/khf\/e.gabrenaite\/?page_id=52"},"modified":"2021-05-03T17:34:23","modified_gmt":"2021-05-03T15:34:23","slug":"konferencijos","status":"publish","type":"page","link":"http:\/\/web.vu.lt\/khf\/e.gabrenaite\/konferencijos\/","title":{"rendered":"KONFERENCIJOS"},"content":{"rendered":"\n<figure class=\"wp-block-table is-style-stripes\"><table class=\"has-subtle-pale-blue-background-color has-fixed-layout has-background\"><tbody><tr><td><strong>Institucija (\u0161alis)<\/strong><\/td><td><strong>Konferencijos tema<\/strong><\/td><td><strong>Prane\u0161imo pavadinimas<\/strong><\/td><td><strong>Metai<\/strong><\/td><\/tr><tr><td>Daugpilio universitetas (Latvija)<strong><\/strong><\/td><td>International scientific conference <em>XXXI <\/em><em>Scientific Readings<\/em><strong><\/strong><\/td><td><em>Politin\u0117s reklamos retorika: promet\u0117ji\u0161kasis naratyvas<\/em> Programa: <a href=\"https:\/\/lasijumi.du.lv\/files\/DU_HF_XXXI_Zin_las_2021_PROGRAMMA.pdf\">https:\/\/lasijumi.du.lv\/files\/DU_HF_XXXI_Zin_las_2021_PROGRAMMA.pdf<\/a><strong><\/strong><\/td><td>2021 01 28\u201329<strong><\/strong><\/td><\/tr><tr><td>Liepojos universitetas (Latvija)<\/td><td>International scientific conference <em>V\u0101rds un t\u0101 p\u0113t\u012b\u0161anas aspekti<\/em><\/td><td><em>Retoriniai aktualiojo diskurso tyrimai: COVID-19 gr\u0117sm\u0117s suvoktis <\/em>(kartu su Domante Vai\u0161vylaite) Programa: <a href=\"https:\/\/vards.liepu.lv\/en\/program\">https:\/\/vards.liepu.lv\/en\/program<\/a><\/td><td>2020 11 26\u201327<\/td><\/tr><tr><td>Vilniaus universitetas (Lietuva)<\/td><td>International scientific conference <em>Gender Studies and Research in 2019: Centenary Achievements and Perspectives<\/em><\/td><td>Rhetorical Definitions of Provocative Narrative: The Case of <em>#MeToo<\/em> in Lithuanian Public Discourse (kartu su Monika Triau\u0161yte) Programa: <a href=\"http:\/\/www.genderconference.kf.vu.lt\/lt\/programme\/\">http:\/\/www.genderconference.kf.vu.lt\/lt\/programme\/<\/a><\/td><td>2019 11 21\u201323<\/td><\/tr><tr><td>Vilniaus universiteto Kauno fakultetas (Lietuva)<strong><\/strong><\/td><td>Respublikin\u0117 mokslin\u0117 tarpdalykin\u0117 konferencija <em>\u017danras<\/em><\/td><td><em>Provokacija kaip \u017eanras: retorin\u0117 provokatyvaus naratyvo analiz\u0117 <\/em>(kartu su Monika Triau\u0161yte)<\/td><td>2019 10 11<strong><\/strong><\/td><\/tr><tr><td>Vilniaus universiteto Kauno fakultetas (Lietuva)<strong><\/strong><\/td><td>Respublikin\u0117 mokslin\u0117 tarpdalykin\u0117 konferencija <em>\u017danras<\/em><\/td><td><em>Rinkim\u0173 programa kaip retorikos \u017eanras<\/em> (kartu su Skirmante Bir\u017eietiene)<\/td><td>2019 10 11<strong><\/strong><\/td><\/tr><tr><td>Vroclavo universitetas (Lenkija)<strong><\/strong><\/td><td>V International Lithuanian Congress<strong><\/strong><\/td><td><em>Politinio diskurso fig\u016bratyvioji rai\u0161ka<\/em> Programa: <a href=\"https:\/\/labaswroclaw.files.wordpress.com\/2019\/05\/program-mkl-2019-final.pdf\">https:\/\/labaswroclaw.files.wordpress.com\/2019\/05\/program-mkl-2019-final.pdf<\/a><strong><\/strong><\/td><td>2019 05 16\u201317<strong><\/strong><\/td><\/tr><tr><td>Daugpilio universitetas (Latvija)<\/td><td>International scientific conference <em>XXVIII <\/em><em>Scientific Readings<\/em><\/td><td><em>Politin\u0117s retorikos d\u0117menys: argumentum in terorem<\/em> Programa: <a href=\"https:\/\/du.lv\/wp-content\/uploads\/2018\/01\/DU_Zin_las_2018_PROGRAMMA.pdf\">https:\/\/du.lv\/wp-content\/uploads\/2018\/01\/DU_Zin_las_2018_PROGRAMMA.pdf<\/a><em><\/em><\/td><td>2018 &nbsp;01 25\u201326<\/td><\/tr><tr><td>Lietuvos edukologijos universiteto Humanitarinio ugdymo fakultetas (Lietuva)<\/td><td>Tarptautin\u0117 mokslin\u0117 konferencija <em>Lingvistiniai, didaktiniai ir sociokult\u016briniai kalbos funkcionavimo aspektai<\/em><\/td><td><em>Eristin\u0117 argumentacija politiniame diskurse <\/em>(kartu su Skirmante Bir\u017eietiene) <em><\/em><\/td><td>2018 05 03\u201304<\/td><\/tr><tr><td>Vilniaus universiteto Kauno fakultetas (Lietuva)<\/td><td>Tarptautin\u0117 mokslin\u0117 konferencija <em>Tekstai ir kontekstai: paribio fenomenas<\/em><\/td><td><em>Gr\u0117sm\u0117s retorika kaip paveikaus diskurso k\u016brimo instrumentas<\/em> Programa: <a href=\"http:\/\/www.knf.vu.lt\/dokumentai\/failai\/konferenciju\/9_versija.pdf\">http:\/\/www.knf.vu.lt\/dokumentai\/failai\/konferenciju\/9_versija.pdf<\/a><em><\/em><\/td><td>2017 04 27\u201328<\/td><\/tr><tr><td>Daugpilio universitetas (Latvija)<\/td><td>International scientific conference <em>XXVI <\/em><em>Scientific Readings<\/em><\/td><td><em>Politin\u0117s retorikos pragmatika<\/em> Programa: <a href=\"https:\/\/du.lv\/wp-content\/uploads\/2016\/01\/HF-ZL_2016_programma_DRUKA.pdf\">https:\/\/du.lv\/wp-content\/uploads\/2016\/01\/HF-ZL_2016_programma_DRUKA.pdf<\/a><em><\/em><\/td><td>2016&nbsp;01 28\u201329<\/td><\/tr><tr><td>Vilniaus universiteto Kauno humanitarinis fakultetas (Lietuva)<\/td><td>Tarptautin\u0117 mokslin\u0117 konferencija <em>\u017dmogus kalbos erdv\u0117je<\/em><\/td><td><em>Politin\u0117 retorika: vertybin\u0117s topikos d\u0117menys<\/em> Programa: <a href=\"http:\/\/www.knf.vu.lt\/dokumentai\/failai\/konferenciju\/ZKE\/ZKE_2016_programa_1.pdf\">http:\/\/www.knf.vu.lt\/dokumentai\/failai\/konferenciju\/ZKE\/ZKE_2016_programa_1.pdf<\/a><em><\/em><\/td><td>2016&nbsp;05&nbsp;12\u201313<\/td><\/tr><tr><td>Vilniaus universiteto Kauno humanitarinis fakultetas (Lietuva)<\/td><td>Respublikin\u0117 mokslin\u0117 tarpdalykin\u0117 konferencija <em>\u017danras<\/em><\/td><td><em>Politinio komentaro retorika: \u017eanro transformacijos<\/em> Programa: <a href=\"http:\/\/www.knf.vu.lt\/aktualijos\/221-renginiai\/1582-respublikine-moksline-tarpdalykine-konferencija-zanro#konferencijos-programa\">http:\/\/www.knf.vu.lt\/aktualijos\/221-renginiai\/1582-respublikine-moksline-tarpdalykine-konferencija-zanro#konferencijos-programa<\/a><em><\/em><\/td><td>2015 10 23<\/td><\/tr><tr><td>Klaip\u0117dos universitetas (Lietuva)<\/td><td>Tarptautin\u0117 mokslin\u0117 konferencija <em>Kalbos vienet\u0173 semantika ir strukt\u016bra<\/em><\/td><td><em>Pa\u017eado retorika: vertybin\u0117s topikos d\u0117menys<\/em> Programa: <a href=\"http:\/\/baltnexus.lt\/uploads\/2015\/KU_conference_2015.pdf\">http:\/\/baltnexus.lt\/uploads\/2015\/KU_conference_2015.pdf<\/a><em><\/em><\/td><td>2015 06 11\u201312<\/td><\/tr><tr><td>Vilniaus universiteto Kauno humanitarinis fakultetas (Lietuva)<\/td><td>Tarptautin\u0117 mokslin\u0117 konferencija <em>Tell me 2015<\/em><\/td><td><em>Politin\u0117s komunikacijos retorika: kaip Kaunas mer\u0105 rinko<\/em> Programa: <a href=\"http:\/\/www.knf.vu.lt\/dokumentai\/failai\/konferenciju\/tellme\/TELL-ME-2015-PROGRAMA.pdf\">http:\/\/www.knf.vu.lt\/dokumentai\/failai\/konferenciju\/tellme\/TELL-ME-2015-PROGRAMA.pdf<\/a><em><\/em><\/td><td>2015 04 21\u201322<\/td><\/tr><tr><td>Daugpilio universitetas (Latvija)<em><\/em> &nbsp;<\/td><td>International scientific conference <em>XXIV <\/em><em>Scientific Readings<\/em><\/td><td><em>Stiliaus fig\u016bros kaip retorin\u0117s argumentacijos instrumentai<\/em> Programa: <a href=\"https:\/\/du.lv\/wp-content\/uploads\/2016\/01\/DU_HF_Zinatnisko_lasijumu_2015_programma-1.pdf\">https:\/\/du.lv\/wp-content\/uploads\/2016\/01\/DU_HF_Zinatnisko_lasijumu_2015_programma-1.pdf<\/a><em><\/em><\/td><td>2014&nbsp;01 30\u201331<\/td><\/tr><tr><td>Vilniaus universiteto Kauno humanitarinis fakultetas (Lietuva)<\/td><td>Tarptautin\u0117 mokslin\u0117 konferencija <em>\u017dmogus kalbos erdv\u0117je<\/em><\/td><td><em>Retorin\u0117 skolinimosi topika reklamoje<\/em> Programa: <a href=\"http:\/\/www.knf.vu.lt\/dokumentai\/failai\/konferenciju\/ZKE_2014_programa_05_06.pdf\">http:\/\/www.knf.vu.lt\/dokumentai\/failai\/konferenciju\/ZKE_2014_programa_05_06.pdf<\/a><em><\/em><\/td><td>2014 05&nbsp;15\u201316<\/td><\/tr><tr><td>Vilniaus universiteto Kauno humanitarinis fakultetas (Lietuva)<\/td><td>Tarptautin\u0117 mokslin\u0117 konferencija <em>Reklama quasi menas<\/em><\/td><td><em>Eristin\u0117 argumentacija reklamoje <\/em>(kartu su S. Bir\u017eietiene) Programa: <em>&nbsp;<\/em><a href=\"http:\/\/www.reklamamenas.khf.vu.lt\/images\/Abstracts_Ads_quasi_Ads.pdf\"><em>http:\/\/www.reklamamenas.khf.vu.lt\/images\/Abstracts_Ads_quasi_Ads.pdf<\/em><\/a><em><\/em><\/td><td>2014 04 10\u201311<\/td><\/tr><tr><td>Saro \u017eem\u0117s universitetas (Vokietija)<\/td><td>Tarptautin\u0117 mokslin\u0117 konferencija <em>Rhetoric in Europe<\/em><\/td><td><em>Eristic argumentation in commercial advertising: the case of Lithuanian ads <\/em>(kartu su S. Bir\u017eietiene) Konferencijos med\u017eiaga: <a href=\"http:\/\/www.uni-saarland.de\/fileadmin\/user_upload\/Institute\/eir\/Proceedings\/Paper_Skirmante_Birzietiene.pdf\">http:\/\/www.uni-saarland.de\/fileadmin\/user_upload\/Institute\/eir\/Proceedings\/Paper_Skirmante_Birzietiene.pdf<\/a><em><\/em><\/td><td>2013 10 09\u201313<\/td><\/tr><tr><td>\u0160iauli\u0173 universitetas (Lietuva)<\/td><td>Tarptautin\u0117&nbsp; mokslin\u0117 konferencija <em>Tekstas: lingvistika ir poetika<\/em><\/td><td>Plenarinis prane\u0161imas <em>Retorin\u0117 reklamos argumentacija: argumentum ad tempus<\/em> Santraukos:&nbsp; <a href=\"http:\/\/www.su.lt\/bylos\/fakultetai\/humanitarinis\/mokslas\/tl%2019%20tezs.pdf\">http:\/\/www.su.lt\/bylos\/fakultetai\/humanitarinis\/mokslas\/tl%2019%20tezs.pdf<\/a><em><\/em><\/td><td>2013 11 22<\/td><\/tr><tr><td>Daugpilio universitetas (Latvija)<\/td><td>International scientific conference <em>XXI <\/em><em>Scientific Readings<\/em><\/td><td><em>Retorin\u0117s argumentacijos sklaida \u012ftikin\u0117jamuosiuose diskursuose<\/em><\/td><td>2011&nbsp;01&nbsp;27\u201328<\/td><\/tr><tr><td>\u0160iauli\u0173 universitetas (Lietuva)<\/td><td>Tarptautin\u0117 mokslin\u0117 konferencija <em>Pasaulio vaizdas kalboje<\/em><\/td><td><em>Autoritetas reklamoje: kreipimosi \u012f adresat\u0105 specifika<\/em><\/td><td>2010&nbsp;10&nbsp;21\u201322<\/td><\/tr><tr><td>Mykolo Riomerio universitetas (Lietuva)<\/td><td>Tarptautin\u0117 mokslin\u0117 konferencija <em>\u0160iuolaikinio pasaulio dinamikos i\u0161\u0161\u016bkiai humanitariniams mokslams<\/em><\/td><td><em>Reklamos retorika<\/em> Programa: <a href=\"https:\/\/www.mruni.eu\/lt\/hmi_konferencija\/programos\/konferencijos_programa\/\">https:\/\/www.mruni.eu\/lt\/hmi_konferencija\/programos\/konferencijos_programa\/<\/a><em><\/em><\/td><td>2010 12 02\u201303<\/td><\/tr><tr><td>\u0160iauli\u0173 universitetas (Lietuva)<\/td><td>Tarptautin\u0117 mokslin\u0117 konferencija <em>Pasaulio vaizdas kalboje<\/em><\/td><td><em>Autoritetas reklamoje: kreipimosi \u012f adresat\u0105 specifika<\/em><em><\/em><\/td><td>2010&nbsp;10&nbsp;21\u201322<\/td><\/tr><tr><td>Daugpilio universitetas (Latvija)<\/td><td>Tarptautin\u0117 mokslin\u0117 konferencija <em>XX Moksliniai skaitymai<\/em><\/td><td><em>Reklamos retorika: vizualini\u0173 \u2013 verbalini\u0173 metafor\u0173 topika<\/em><em><\/em><\/td><td>2010&nbsp;01&nbsp;28\u201329<\/td><\/tr><tr><td>Vilniaus universiteto Kauno humanitarinis fakultetas (Lietuva) &nbsp;<\/td><td>Tarptautin\u0117 mokslin\u0117 konferencija <em>Tekstai ir kontekstai: konfliktai ir slapti susitarimai<\/em><\/td><td><em>Tropai reklamos diskurse: pragmatinis aspektas<\/em><\/td><td>2010 10&nbsp;14\u201315<\/td><\/tr><tr><td>Vilniaus universiteto Kauno humanitarinis fakultetas (Lietuva)<\/td><td>Tarptautin\u0117 mokslin\u0117 konferencija <em>\u017dmogus kalbos erdv\u0117je<\/em><\/td><td><em>Poreiki\u0173 topikos rai\u0161ka reklamoje<\/em><em><\/em><\/td><td>2010&nbsp;05&nbsp;14\u201315<\/td><\/tr><tr><td>Daugpilio universitetas (Latvija)<\/td><td>Tarptautin\u0117 mokslin\u0117 konferencija <em>XVII Moksliniai skaitymai<\/em><\/td><td>Prane\u0161imas <em>Reklamos topika: retorin\u0117s minties fig\u016bros<\/em><em><\/em><\/td><td>2007&nbsp;01&nbsp;25\u201326<\/td><\/tr><tr><td>Vilniaus universiteto Kauno humanitarinis fakultetas (Lietuva)<\/td><td>Tarptautin\u0117 mokslin\u0117 konferencija <em>\u017dmogus kalbos erdv\u0117je<\/em><\/td><td><em>Captatio benevolentiae topo realizacija reklamos tekstuose<\/em><em><\/em><\/td><td>2008&nbsp;05&nbsp;16\u201317<\/td><\/tr><tr><td>Vilniaus universiteto Kauno humanitarinis fakultetas (Lietuva)<\/td><td>Tarptautin\u0117 mokslin\u0117 konferencija <em>Tekstai ir kontekstai: interaktyvios perspektyvos<\/em><\/td><td><em>Elokucin\u0117 topika reklamoje<\/em><em><\/em><\/td><td>2008&nbsp;10&nbsp;16\u201317<\/td><\/tr><tr><td>Vilniaus universiteto Kauno humanitarinis fakultetas (Lietuva)<\/td><td>Tarptautin\u0117 mokslin\u0117 konferencija <em>FIHUSO \u2013 2007<\/em><\/td><td><em>Deontinis modalumas ir jo rai\u0161ka reklamos tekstuose<\/em><em><\/em><\/td><td>2007&nbsp;05&nbsp;18\u201319<\/td><\/tr><tr><td>\u0160iauli\u0173 universitetas (Lietuva)<\/td><td>Tarptautin\u0117 mokslin\u0117 konferencija <em>Pasaulio vaizdas kalboje<\/em><\/td><td><em>Mitologinio konteksto elementai reklamoje<\/em><em><\/em><\/td><td>2006&nbsp;10&nbsp;12\u201313<\/td><\/tr><tr><td>Kauno technologijos universitetas (Lietuva)<\/td><td>Tarptautin\u0117 mokslin\u0117 konferencija <em>Kalba, kult\u016bra ir technologijos<\/em><\/td><td><em>Reklamos kalba: kult\u016brinio konteksto elementai<\/em><em><\/em><\/td><td>2006&nbsp;05&nbsp;19\u201321<\/td><\/tr><tr><td>Komijos respublikinis pedagoginis institutas (Rusijos federacija)<\/td><td>Tarptautin\u0117 mokslin\u0117 konferencija <em>Nacionalin\u0117 semiotika: tekstai, artefaktai, interpretacijos<\/em><\/td><td><em>\u0412\u043e\u0437\u0434\u0435\u0439\u0441\u0442\u0432\u0438\u0435 \u043a\u0443\u043b\u044c\u0442\u0443\u0440\u043d\u044b\u0445 \u0440\u0430\u0437\u043b\u0438\u0447\u0438\u0439 \u043d\u0430 \u0440\u0435\u043a\u043b\u0430\u043c\u043d\u0443\u044e \u043f\u0435\u0440\u0441\u0432\u0430\u0437\u0438\u044e<\/em><em><\/em><\/td><td>2006&nbsp;05&nbsp;4\u20135<\/td><\/tr><tr><td>Daugpilio universitetas (Latvija)<\/td><td>Tarptautin\u0117 mokslin\u0117 konferencija <em>XVI Moksliniai skaitymai<\/em><\/td><td><em>Emocin\u0117s argumentacijos metodai reklamoje<\/em><em><\/em><\/td><td>2006&nbsp;01&nbsp;26\u201327<\/td><\/tr><tr><td>\u0160iauli\u0173 universitetas (Lietuva)<\/td><td>Tarptautin\u0117 mokslin\u0117 konferencija <em>Tekstas: lingvistika ir poetika 14<\/em><\/td><td><em>Retorin\u0117 persvazija reklamoje<\/em><em><\/em><\/td><td>2005&nbsp;11&nbsp;17<\/td><\/tr><tr><td>Vilniaus universiteto Kauno humanitarinis fakultetas (Lietuva)<\/td><td>Tarptautin\u0117 mokslin\u0117 konferencija <em>Tekstai ir kontekstai: transformacij\u0173 sklaida<\/em><\/td><td><em>Retorin\u0117 topika reklamoje<\/em><em><\/em><\/td><td>2005&nbsp;10&nbsp;13\u201314<\/td><\/tr><tr><td>Klaip\u0117dos universitetas (Lietuva)<\/td><td>Tarptautin\u0117 mokslin\u0117 konferencija <em>Kalbos vienet\u0173 semantika ir strukt\u016bra<\/em><\/td><td><em>Konceptualioji metafora reklamoje<\/em><em><\/em><\/td><td>2005&nbsp;06&nbsp;10<\/td><\/tr><tr><td>Vilniaus universiteto Filologijos fakultetas (Lietuva)<\/td><td>Respublikin\u0117 mokslin\u0117 konferencija <em>Naujausi humanitariniai tyrin\u0117jimai \u2013 2005<\/em><\/td><td><em>Semantin\u0117 ir stilistin\u0117 skyrybos \u017eenkl\u0173 sklaida spausdintin\u0117je reklamoje<\/em><em><\/em><\/td><td>2005&nbsp;05&nbsp;18<\/td><\/tr><\/tbody><\/table><\/figure>\n","protected":false},"excerpt":{"rendered":"<p>Institucija (\u0161alis) Konferencijos tema Prane\u0161imo pavadinimas Metai Daugpilio universitetas (Latvija) International scientific conference XXXI Scientific Readings Politin\u0117s reklamos retorika: promet\u0117ji\u0161kasis naratyvas Programa: https:\/\/lasijumi.du.lv\/files\/DU_HF_XXXI_Zin_las_2021_PROGRAMMA.pdf 2021 01 28\u201329 Liepojos universitetas (Latvija) International scientific conference V\u0101rds un t\u0101 p\u0113t\u012b\u0161anas aspekti Retoriniai aktualiojo diskurso tyrimai: COVID-19 gr\u0117sm\u0117s suvoktis (kartu su Domante Vai\u0161vylaite) Programa: https:\/\/vards.liepu.lv\/en\/program 2020 11 26\u201327 Vilniaus universitetas [&hellip;]<\/p>\n","protected":false},"author":1,"featured_media":0,"parent":0,"menu_order":3,"comment_status":"closed","ping_status":"closed","template":"","meta":{"footnotes":""},"class_list":["post-52","page","type-page","status-publish","hentry"],"_links":{"self":[{"href":"http:\/\/web.vu.lt\/khf\/e.gabrenaite\/wp-json\/wp\/v2\/pages\/52","targetHints":{"allow":["GET"]}}],"collection":[{"href":"http:\/\/web.vu.lt\/khf\/e.gabrenaite\/wp-json\/wp\/v2\/pages"}],"about":[{"href":"http:\/\/web.vu.lt\/khf\/e.gabrenaite\/wp-json\/wp\/v2\/types\/page"}],"author":[{"embeddable":true,"href":"http:\/\/web.vu.lt\/khf\/e.gabrenaite\/wp-json\/wp\/v2\/users\/1"}],"replies":[{"embeddable":true,"href":"http:\/\/web.vu.lt\/khf\/e.gabrenaite\/wp-json\/wp\/v2\/comments?post=52"}],"version-history":[{"count":1,"href":"http:\/\/web.vu.lt\/khf\/e.gabrenaite\/wp-json\/wp\/v2\/pages\/52\/revisions"}],"predecessor-version":[{"id":53,"href":"http:\/\/web.vu.lt\/khf\/e.gabrenaite\/wp-json\/wp\/v2\/pages\/52\/revisions\/53"}],"wp:attachment":[{"href":"http:\/\/web.vu.lt\/khf\/e.gabrenaite\/wp-json\/wp\/v2\/media?parent=52"}],"curies":[{"name":"wp","href":"https:\/\/api.w.org\/{rel}","templated":true}]}}