{"id":50,"date":"2021-05-03T17:31:37","date_gmt":"2021-05-03T15:31:37","guid":{"rendered":"http:\/\/web.vu.lt\/khf\/e.gabrenaite\/?page_id=50"},"modified":"2021-05-20T08:54:03","modified_gmt":"2021-05-20T06:54:03","slug":"publikacijos","status":"publish","type":"page","link":"http:\/\/web.vu.lt\/khf\/e.gabrenaite\/publikacijos\/","title":{"rendered":"PUBLIKACIJOS"},"content":{"rendered":"\n<p><strong>2021<\/strong><\/p>\n\n\n\n<p>Gabr\u0117nait\u0117, Egl\u0117; Triau\u0161yt\u0117, Monika. The rhetoric of Lithuanian MeToo discourse \/\/ Informacijos mokslai. Vilnius : Vilniaus universiteto leidykla. ISSN 1392-0561. eISSN 1392- 1487. 2021, t. 92, p. 46-64. DOI:<a href=\"https:\/\/doi.org\/10.15388\/Im.2021.92.51\"> https:\/\/doi.org\/10.15388\/Im.2021.92.51<\/a>.\u00a0<\/p>\n\n\n\n<p>Bir\u017eietien\u0117, Skirmant\u0117; Gabr\u0117nait\u0117, Egl\u0117. Rinkim\u0173 programos kaip politin\u0117s retorikos \u017eanras = Candidate Programs as a Genre of Political Rhetoric \/\/ Respectus philologicus. Vilnius: Vilniaus universiteto leidykla, 2021, vol. 39(44), p. 46\u201357. DOI: <a href=\"http:\/\/dx.doi.org\/10.15388\/RESPECTUS.2020.39.44.76\">http:\/\/dx.doi.org\/10.15388\/RESPECTUS.2020.39.44.76<\/a> &nbsp;<\/p>\n\n\n\n<p><strong>2020<\/strong><\/p>\n\n\n\n<p>Gabr\u0117nait\u0117, Egl\u0117; Triau\u0161yt\u0117, Monika. Provokacija kaip \u017eanras: retorin\u0117s MeToo diskurso apibr\u0117\u017etys = Provocation as a genre: rhetorical definitions of MeToo discourse \/\/ Respectus philologicus. Vilnius: Vilniaus universiteto leidykla, 2020, vol. 37(42), p. 78\u201390. DOI: <a href=\"http:\/\/dx.doi.org\/10.15388\/RESPECTUS.2020.37.42.40\">http:\/\/dx.doi.org\/10.15388\/RESPECTUS.2020.37.42.40<\/a> &nbsp;<\/p>\n\n\n\n<p><strong>2019<\/strong><\/p>\n\n\n\n<p>Gabr\u0117nait\u0117, Egl\u0117. Retorin\u0117 elokucija: politinio diskurso fig\u016bratyvioji rai\u0161ka = Rhetorical elocution: figurative expression of political discourse \/\/ Lituanistica. Vilnius: Lietuvos moksl\u0173 akademijos leidykla, 2019, t. 65, Nr. 3, p. 220\u2013229. DOI: <a href=\"http:\/\/dx.doi.org\/10.6001\/lituanistica.v65i3.4094\">http:\/\/dx.doi.org\/10.6001\/lituanistica.v65i3.4094<\/a><\/p>\n\n\n\n<p><strong>2018<\/strong><\/p>\n\n\n\n<p>Bir\u017eietien\u0117, Skirmant\u0117; Gabr\u0117nait\u0117, Egl\u0117. Eristinis argumentavimas politin\u0117je reklamoje = Eristic argumentation in political advertising \/\/ \u017dmogus ir \u017eodis. Vilnius: Lietuvos edukologijos universitetas, 2018, t. 20, Nr. 3, p. 74\u201382. DOI: <a href=\"http:\/\/dx.doi.org\/10.15823\/zz.2018.18\">http:\/\/dx.doi.org\/10.15823\/zz.2018.18<\/a> &nbsp;<\/p>\n\n\n\n<p>Gabr\u0117nait\u0117, Egl\u0117. Gr\u0117sm\u0117s retorika kaip paveikaus diskurso instrumentas = Rhetoric of threats as a tool for persuasive discourse \/\/ Valoda \u20132018. Valoda da\u017e\u0101du kult\u016bru kontekst\u0101: XXVIII Zin\u0101tnisko rakstu kr\u0101jums = [Language 2018. Language in various cultural contexts]: Proceedings of scientific readings XXVIII \/ Editor S. Polkov\u0146ikova; Daugavpils Universitate Humanitara Fakultate. Daugavpils: Saule, 2018, p. 172\u2013179. Prieiga: <a href=\"https:\/\/du.lv\/wp-content\/uploads\/2019\/02\/Valoda_2018_DRUKA_GALA.pdf\">https:\/\/du.lv\/wp-content\/uploads\/2019\/02\/Valoda_2018_DRUKA_GALA.pdf<\/a><\/p>\n\n\n\n<p><strong>2017<\/strong><\/p>\n\n\n\n<p>Gabr\u0117nait\u0117, Egl\u0117. Politin\u0117 retorika: vertybin\u0117s topikos d\u0117menys = Political rhetoric: components of value topic \/\/ \u017dmogus kalbos erdv\u0117je: mokslini\u0173 straipsni\u0173 t\u0119stinis rinkinys. Kaunas: Vilniaus universiteto Kauno fakultetas, 2017, Nr. 9, p. 73\u201385. Prieiga: <a href=\"http:\/\/www.knf.vu.lt\/dokumentai\/failai\/konferenciju\/ZKE_2017.pdf\">http:\/\/www.knf.vu.lt\/dokumentai\/failai\/konferenciju\/ZKE_2017.pdf<\/a> &nbsp;<\/p>\n\n\n\n<p><strong>2016<\/strong><\/p>\n\n\n\n<p>Gabr\u0117nait\u0117, Egl\u0117; Mikalauskas, Arvydas. Politin\u0117s retorikos pragmatika = The pragmatism of political rhetoric \/\/ Valoda \u2013 2016: Valoda da\u017e\u0101du kult\u016bru kontekst\u0101. Daugavpils: Saule, 2016, p. 236\u2013245. Prieiga: <a href=\"https:\/\/du.lv\/wp-content\/uploads\/2015\/12\/Valoda_2016_Drukatava.pdf\">https:\/\/du.lv\/wp-content\/uploads\/2015\/12\/Valoda_2016_Drukatava.pdf<\/a><\/p>\n\n\n\n<p>Gabr\u0117nait\u0117, Egl\u0117. Politinio komentaro retorika: \u017eanro transformacijos = The rhetoric of political commentary: genre transformations \/\/ Respectus philologicus. Vilnius: Vilniaus universiteto leidykla, 2016, Nr. 29, p. 25\u201332. DOI: <a href=\"http:\/\/dx.doi.org\/10.15388\/RESPECTUS.2016.29.34.03\">http:\/\/dx.doi.org\/10.15388\/RESPECTUS.2016.29.34.03<\/a> &nbsp;<\/p>\n\n\n\n<p><strong>2015<\/strong><\/p>\n\n\n\n<p>Gabr\u0117nait\u0117, Egl\u0117. Retorin\u0117 skolinimosi topika reklamoje = The rhetoric topic of borrowing in advertising \/\/ Respectus philologicus. Vilnius: Vilniaus universiteto leidykla, 2015, Nr. 28 (33) A, p. 81\u201389. DOI: <a href=\"http:\/\/dx.doi.org\/10.15388\/RESPECTUS.2015.28.33A.7\">http:\/\/dx.doi.org\/10.15388\/RESPECTUS.2015.28.33A.7<\/a> &nbsp;<\/p>\n\n\n\n<p><strong>2014<\/strong><\/p>\n\n\n\n<p>Bir\u017eietien\u0117, Skirmant\u0117; Gabr\u0117nait\u0117, Egl\u0117. Eristinis argumentavimas reklamoje \/\/ Respectus Philologicus. Vilnius: Vilniaus universiteto leidykla, 2014, Nr. 26, p. 190\u2013202. DOI: <a href=\"http:\/\/dx.doi.org\/10.15388\/RESPECTUS.2014.26.31.15\">http:\/\/dx.doi.org\/10.15388\/RESPECTUS.2014.26.31.15<\/a> &nbsp;<\/p>\n\n\n\n<p>Gabr\u0117nait\u0117, Egl\u0117. Stiliaus fig\u016bros kaip retoriniai paralogizmai = Figures of speech as rhetorical paralogism \/\/ Valoda \u2013 2014. Valoda da\u017e\u0101du kult\u016bru kontekst\u0101.: Daugavpils: Daugavpils Universit\u0101tes \u0101kademiskais apg\u0101ds \u201eSaule\u201c, 2014, T. 24, p. 398\u2013405. Prieiga: <a href=\"https:\/\/du.lv\/wp-content\/uploads\/2015\/12\/Valoda_2014_DRUKAI.pdf\">https:\/\/du.lv\/wp-content\/uploads\/2015\/12\/Valoda_2014_DRUKAI.pdf<\/a> &nbsp;<\/p>\n\n\n\n<p>Gabr\u0117nait\u0117, Egl\u0117. Paveikiojo diskurso argumentacija: argumentum ad tempus \/\/ Verbum. Vilnius: Vilniaus universiteto leidykla, 2014, t. 5, p. 86\u201395. DOI: <a href=\"http:\/\/dx.doi.org\/10.15388\/Verb.2014.5.5001\">http:\/\/dx.doi.org\/10.15388\/Verb.2014.5.5001<\/a><\/p>\n\n\n\n<p><strong>2011<\/strong><\/p>\n\n\n\n<p>Gabr\u0117nait\u0117, Egl\u0117. Retorin\u0117s argumentacijos sklaida \u012ftikin\u0117jamuosiuose diskursuose = Rhetorical argumentation in persuasive discources \/\/ Valoda \u2013 2011: valoda da\u017eadu kult\u016bru konteksta: Zinatnisko rakstu krajums. T. 21. Daugavpils: Saule, 2011, p. 346\u2013355.<\/p>\n\n\n\n<p><strong>2010<\/strong><\/p>\n\n\n\n<p>Gabr\u0117nait\u0117, Egl\u0117. Reklamos retorika: verbalini\u0173 \u2013 vizualini\u0173 metafor\u0173 topika = The rhetoric of advertising: verbal and visual metaphors \/\/ Valoda \u2013 2010: valoda da\u017eadu kult\u016bru konteksta. Daugavpils: Saule, 2010, p. 303\u2013312.<\/p>\n\n\n\n<p>Gabr\u0117nait\u0117, Egl\u0117. Retorin\u0117s poreiki\u0173 topikos rai\u0161ka reklamos diskurse = Rhetorical topic of need in a discourse of advertising \/\/ \u017dmogus kalbos erdv\u0117je: mokslini\u0173 straipsni\u0173 rinkinys. Nr. 6. Kaunas: Naujasis lankas, 2010, p. 426\u2013430. Prieiga: <a href=\"http:\/\/www.knf.vu.lt\/dokumentai\/failai\/katedru\/uzsienio\/zmogus_erdveje_2010.pdf\">http:\/\/www.knf.vu.lt\/dokumentai\/failai\/katedru\/uzsienio\/zmogus_erdveje_2010.pdf<\/a><\/p>\n\n\n\n<p><strong>2008<\/strong><\/p>\n\n\n\n<p>Gabr\u0117nait\u0117, Egl\u0117. Semantic and stylistic spread of punctuation marks in printed advertising \/\/ American and European studies = \u0410\u043c\u0435\u0440\u0438\u043a\u0430\u043d\u0441\u043a\u0438\u0435 \u0438 \u0435\u0432\u0440\u043e\u043f\u0435\u0439\u0441\u043a\u0438\u0435 \u0438\u0441\u0441\u043b\u0435\u0434\u043e\u0432\u0430\u043d\u0438\u044f: yearbook 2006\u20132007. Vol. 1. Minsk, 2008, p. 143\u2013150.<\/p>\n\n\n\n<p><strong>2007<\/strong><\/p>\n\n\n\n<p>Gabr\u0117nait\u0117, Egl\u0117. Retorin\u0117 topika reklamoje = Rhetorical topics in advertisement \/\/ Tekstai ir kontekstai: transformacij\u0173 sklaida: mokslini\u0173 straipsni\u0173 rinkinys. Kaunas: Vilniaus universiteto leidykla, 2007, 258\u2013266.<\/p>\n\n\n\n<p><strong>2006<\/strong><\/p>\n\n\n\n<p>Gabr\u0117nait\u0117, Egl\u0117. Emocin\u0117s argumentacijos metodai reklamoje = Methods of emotional argumentation in advertising \/\/ Valoda \u2013 2006: valoda da\u017eadu kult\u016bru konteksta. Daugavpils: Saule, 2006, p. 118\u2013125.<\/p>\n\n\n\n<p>Gabr\u0117nait\u0117, Egl\u0117. Konceptualioji metafora reklamoje = Conceptual metaphor in advertisement \/\/ Kalbos vienet\u0173 semantika ir strukt\u016bra = Semantics and structure of language units: mokslini\u0173 straipsni\u0173 rinkinys, parengtas pagal konferencijos prane\u0161imus. Klaip\u0117da: Klaip\u0117dos universiteto leidykla, 2006, p. 51\u201358.<\/p>\n\n\n\n<p>Gabr\u0117nait\u0117, Egl\u0117. \u0412\u043e\u0437\u0434\u0435\u0439\u0441\u0442\u0432\u0438\u0435 \u043a\u0443\u043b\u044c\u0442\u0443\u0440\u043d\u044b\u0445 \u0440\u0430\u0437\u043b\u0438\u0447\u0438\u0439 \u043d\u0430 \u0440\u0435\u043a\u043b\u0430\u043c\u043d\u0443\u044e \u043f\u0435\u0440\u0441\u0432\u0430\u0437\u0438\u044e \/\/ \u0421\u0435\u043c\u0438\u043e\u0437\u0438\u0441 \u0438 \u043a\u0443\u043b\u044c\u0442\u0443\u0440\u0430: \u0441\u0431\u043e\u0440\u043d\u0438\u043a \u043d\u0430\u0443\u0447\u043d\u044b\u0445 \u0441\u0442\u0430\u0442\u0435\u0439. \u0412\u044b\u043f. 2. \u0421\u044b\u043a\u0442\u044b\u0432\u043a\u0430\u0440, 2006, p. 108\u2013118.<\/p>\n\n\n\n<p>Gabr\u0117nait\u0117, Egl\u0117. Retorin\u0117 persvazija reklamoje = Rhetorical persuasion in advertising \/\/ Filologija, 2006, Nr. 11, p. 24\u201328. Prieiga: <a href=\"http:\/\/etalpykla.lituanistikadb.lt\/fedora\/get\/LT-LDB-0001:J.04~2006~1367154333707\/DS.002.0.01.ARTIC\">http:\/\/etalpykla.lituanistikadb.lt\/fedora\/get\/LT-LDB-0001:J.04~2006~1367154333707\/DS.002.0.01.ARTIC<\/a><\/p>\n","protected":false},"excerpt":{"rendered":"<p>2021 Gabr\u0117nait\u0117, Egl\u0117; Triau\u0161yt\u0117, Monika. The rhetoric of Lithuanian MeToo discourse \/\/ Informacijos mokslai. Vilnius : Vilniaus universiteto leidykla. ISSN 1392-0561. eISSN 1392- 1487. 2021, t. 92, p. 46-64. DOI: https:\/\/doi.org\/10.15388\/Im.2021.92.51.\u00a0 Bir\u017eietien\u0117, Skirmant\u0117; Gabr\u0117nait\u0117, Egl\u0117. Rinkim\u0173 programos kaip politin\u0117s retorikos \u017eanras = Candidate Programs as a Genre of Political Rhetoric \/\/ Respectus philologicus. Vilnius: Vilniaus [&hellip;]<\/p>\n","protected":false},"author":1,"featured_media":0,"parent":0,"menu_order":2,"comment_status":"closed","ping_status":"closed","template":"","meta":{"footnotes":""},"class_list":["post-50","page","type-page","status-publish","hentry"],"_links":{"self":[{"href":"http:\/\/web.vu.lt\/khf\/e.gabrenaite\/wp-json\/wp\/v2\/pages\/50","targetHints":{"allow":["GET"]}}],"collection":[{"href":"http:\/\/web.vu.lt\/khf\/e.gabrenaite\/wp-json\/wp\/v2\/pages"}],"about":[{"href":"http:\/\/web.vu.lt\/khf\/e.gabrenaite\/wp-json\/wp\/v2\/types\/page"}],"author":[{"embeddable":true,"href":"http:\/\/web.vu.lt\/khf\/e.gabrenaite\/wp-json\/wp\/v2\/users\/1"}],"replies":[{"embeddable":true,"href":"http:\/\/web.vu.lt\/khf\/e.gabrenaite\/wp-json\/wp\/v2\/comments?post=50"}],"version-history":[{"count":3,"href":"http:\/\/web.vu.lt\/khf\/e.gabrenaite\/wp-json\/wp\/v2\/pages\/50\/revisions"}],"predecessor-version":[{"id":144,"href":"http:\/\/web.vu.lt\/khf\/e.gabrenaite\/wp-json\/wp\/v2\/pages\/50\/revisions\/144"}],"wp:attachment":[{"href":"http:\/\/web.vu.lt\/khf\/e.gabrenaite\/wp-json\/wp\/v2\/media?parent=50"}],"curies":[{"name":"wp","href":"https:\/\/api.w.org\/{rel}","templated":true}]}}