{"id":8,"date":"2020-08-01T08:55:50","date_gmt":"2020-08-01T05:55:50","guid":{"rendered":"http:\/\/web.vu.lt\/gmc\/v.gegzna\/?page_id=8"},"modified":"2026-01-12T20:52:44","modified_gmt":"2026-01-12T18:52:44","slug":"teaching","status":"publish","type":"page","link":"http:\/\/web.vu.lt\/gmc\/v.gegzna\/lt\/teaching\/","title":{"rendered":"2025-2026 mokslo metai"},"content":{"rendered":"<p>Vilniaus universiteto \u00a0<a href=\"http:\/\/www.gmc.vu.lt\/\" target=\"_blank\" rel=\"noopener noreferrer\">Gyvyb\u0117s moksl\u0173 centro<\/a> Biomoksl\u0173 institute skaitau paskaitas ir vedu praktinius u\u017esi\u0117mimus.<\/p>\n<p>Mano paskait\u0173 tvarkara\u0161tis: <a href=\"https:\/\/mif.vu.lt\/timetable\/600000\/employees\/vilmantas-gegzna\/\">nuoroda<\/a>.<\/p>\n<h2>Dalykai, kuriuos d\u0117stau:<\/h2>\n<ol>\n<li>Biostatistika (<em>paskaitos ir pratybos<\/em>)<\/li>\n<\/ol>\n<h2>Seniau d\u0117styti kursai:<\/h2>\n<ol>\n<li>\u012evadas \u012f duomen\u0173 analiz\u0119 programa R (<em>paskaitos ir praktiniai u\u017esi\u0117mimai)<\/em><\/li>\n<\/ol>\n<p><em>\u00a0<\/em>\u201e<a href=\"https:\/\/www.datacamp.com\/groups\/education\">DataCamp<\/a>\u201c universiteto studentams suteik\u0117 nemokam\u0105 prieig\u0105 prie j\u0173 mokomosios platformos pratyboms.<\/p>\n<p><\/p>","protected":false},"excerpt":{"rendered":"<p>Vilniaus universiteto \u00a0Gyvyb\u0117s moksl\u0173 centro Biomoksl\u0173 institute skaitau paskaitas ir vedu praktinius u\u017esi\u0117mimus. Mano paskait\u0173 tvarkara\u0161tis: nuoroda. Dalykai, kuriuos d\u0117stau: Biostatistika (paskaitos ir pratybos) Seniau d\u0117styti kursai: \u012evadas \u012f duomen\u0173 analiz\u0119 programa R (paskaitos ir praktiniai u\u017esi\u0117mimai) \u00a0\u201eDataCamp\u201c universiteto studentams suteik\u0117 nemokam\u0105 prieig\u0105 prie j\u0173 mokomosios platformos pratyboms.<\/p>\n","protected":false},"author":1,"featured_media":0,"parent":0,"menu_order":0,"comment_status":"closed","ping_status":"closed","template":"","meta":{"footnotes":""},"class_list":["post-8","page","type-page","status-publish","hentry"],"_links":{"self":[{"href":"http:\/\/web.vu.lt\/gmc\/v.gegzna\/lt\/wp-json\/wp\/v2\/pages\/8","targetHints":{"allow":["GET"]}}],"collection":[{"href":"http:\/\/web.vu.lt\/gmc\/v.gegzna\/lt\/wp-json\/wp\/v2\/pages"}],"about":[{"href":"http:\/\/web.vu.lt\/gmc\/v.gegzna\/lt\/wp-json\/wp\/v2\/types\/page"}],"author":[{"embeddable":true,"href":"http:\/\/web.vu.lt\/gmc\/v.gegzna\/lt\/wp-json\/wp\/v2\/users\/1"}],"replies":[{"embeddable":true,"href":"http:\/\/web.vu.lt\/gmc\/v.gegzna\/lt\/wp-json\/wp\/v2\/comments?post=8"}],"version-history":[{"count":57,"href":"http:\/\/web.vu.lt\/gmc\/v.gegzna\/lt\/wp-json\/wp\/v2\/pages\/8\/revisions"}],"predecessor-version":[{"id":143,"href":"http:\/\/web.vu.lt\/gmc\/v.gegzna\/lt\/wp-json\/wp\/v2\/pages\/8\/revisions\/143"}],"wp:attachment":[{"href":"http:\/\/web.vu.lt\/gmc\/v.gegzna\/lt\/wp-json\/wp\/v2\/media?parent=8"}],"curies":[{"name":"wp","href":"https:\/\/api.w.org\/{rel}","templated":true}]}}