{"id":23,"date":"2017-08-01T08:52:56","date_gmt":"2017-08-01T05:52:56","guid":{"rendered":"http:\/\/web.vu.lt\/gmc\/v.gegzna\/?page_id=23"},"modified":"2023-09-04T12:14:05","modified_gmt":"2023-09-04T09:14:05","slug":"pradzia","status":"publish","type":"page","link":"http:\/\/web.vu.lt\/gmc\/v.gegzna\/lt\/","title":{"rendered":"Sveiki atvyk\u0119!"},"content":{"rendered":"<p><\/p>\n<h1>Vilmantas G\u0117g\u017ena<\/h1>\n<p>Vilniaus universiteto \u00a0Gyvyb\u0117s moksl\u0173 centro Biomoksl\u0173 instituto lektorius<\/p>\n<p>Saul\u0117tekio al. 7, LT-10222 Vilnius<br \/>\nKabinetas: V127<br \/>\nEl. pa\u0161tas:\u00a0vilmantas <em>[ta\u0161kas]<\/em> gegzna<em> [eta]<\/em> gmc <em>[ta\u0161kas]<\/em> vu <em>[ta\u0161kas]<\/em> lt<\/p>\n<p>Orcid ID: <a href=\"https:\/\/orcid.org\/0000-0002-9500-5167\">0000-0002-9500-5167<\/a><\/p>","protected":false},"excerpt":{"rendered":"<p>Vilmantas G\u0117g\u017ena Vilniaus universiteto \u00a0Gyvyb\u0117s moksl\u0173 centro Biomoksl\u0173 instituto lektorius Saul\u0117tekio al. 7, LT-10222 Vilnius Kabinetas: V127 El. pa\u0161tas:\u00a0vilmantas [ta\u0161kas] gegzna [eta] gmc [ta\u0161kas] vu [ta\u0161kas] lt Orcid ID: 0000-0002-9500-5167<\/p>\n","protected":false},"author":1,"featured_media":0,"parent":0,"menu_order":0,"comment_status":"closed","ping_status":"closed","template":"","meta":{"footnotes":""},"class_list":["post-23","page","type-page","status-publish","hentry"],"_links":{"self":[{"href":"http:\/\/web.vu.lt\/gmc\/v.gegzna\/lt\/wp-json\/wp\/v2\/pages\/23","targetHints":{"allow":["GET"]}}],"collection":[{"href":"http:\/\/web.vu.lt\/gmc\/v.gegzna\/lt\/wp-json\/wp\/v2\/pages"}],"about":[{"href":"http:\/\/web.vu.lt\/gmc\/v.gegzna\/lt\/wp-json\/wp\/v2\/types\/page"}],"author":[{"embeddable":true,"href":"http:\/\/web.vu.lt\/gmc\/v.gegzna\/lt\/wp-json\/wp\/v2\/users\/1"}],"replies":[{"embeddable":true,"href":"http:\/\/web.vu.lt\/gmc\/v.gegzna\/lt\/wp-json\/wp\/v2\/comments?post=23"}],"version-history":[{"count":20,"href":"http:\/\/web.vu.lt\/gmc\/v.gegzna\/lt\/wp-json\/wp\/v2\/pages\/23\/revisions"}],"predecessor-version":[{"id":136,"href":"http:\/\/web.vu.lt\/gmc\/v.gegzna\/lt\/wp-json\/wp\/v2\/pages\/23\/revisions\/136"}],"wp:attachment":[{"href":"http:\/\/web.vu.lt\/gmc\/v.gegzna\/lt\/wp-json\/wp\/v2\/media?parent=23"}],"curies":[{"name":"wp","href":"https:\/\/api.w.org\/{rel}","templated":true}]}}