{"id":5,"date":"2021-01-17T12:49:02","date_gmt":"2021-01-17T12:49:02","guid":{"rendered":"http:\/\/web.vu.lt\/fsf\/e.sumskiene\/?page_id=5"},"modified":"2021-01-17T13:00:33","modified_gmt":"2021-01-17T13:00:33","slug":"create-your-website-with-blocks","status":"publish","type":"page","link":"http:\/\/web.vu.lt\/fsf\/e.sumskiene\/","title":{"rendered":"Publications"},"content":{"rendered":"\n<p>Laimut\u0117 \u017dalimien\u0117, Violeta Gevorgianien\u0117, Donata Petru\u017eyt\u0117, Egl\u0117 \u0160umskien\u0117, Miroslavas Seniutis, Lijana Gvaldait\u0117. 2020. Institucin\u0117s agresijos aprai\u0161kos vaiko gerov\u0117s profesional\u0173 veikloje.&nbsp; Filosofija. Sociologija. 31(2) 148-156<\/p>\n\n\n\n<p>Laimut\u0117 \u017dalimien\u0117, Lijana Gvaldait\u0117, Violeta Gevorgianien\u0117, Donata Petru\u017eyt\u0117, Miroslavas Seniutis, Egl\u0117 \u0160umskien\u0117. 2020. Vaiko teisi\u0173 apsaugos specialist\u0173 darbo organizavimo klausimai teisinio reglamentavimo kontekste. Socialinis darbas. Patirtis ir metodai, 2020, nr. 25 (1), p. 27-46<\/p>\n\n\n\n<p>Egl\u0117 \u0160umskien\u0117; Monika Nemanyt\u0117 2020. Discursive exploitation or actual impact: Mental health anti-stigma campaigns in the post-communist area. Archives of psychiatry and psychotherapy, vol. 22, iss. 1 S1 &#8211; Straipsnis DB Clarivate Analytics Web of Science<\/p>\n\n\n\n<p>Ieva Adomaityt\u0117 Suba\u010dien\u0117; Agn\u0117 Girkontait\u0117; Donata Petru\u017eyt\u0117; Egl\u0117 \u0160umskien\u0117 2020. Lietuvos socialinio verslo pradinink\u0173 patirtys. Socialin\u0117 teorija, empirija, politika ir praktika, t. 21. S1 &#8211; Straipsnis DB Clarivate Analytics Web of Science<\/p>\n\n\n\n<p>Mai Yamaguchi; Egl\u0117 \u0160umskien\u0117. 2020. Technologies in social care: considering future directions for social work professionals in Japan and Lithuania Bulletin of the Japan Lutheran College and Theological Seminary, no. 53 S4 &#8211; Straipsnis kitose duomen\u0173 baz\u0117se<\/p>\n\n\n\n<p>Egl\u0117 \u0160umskien\u0117; Violeta Gevorgianien\u0117; Rasa Genien\u0117 2019. Implementation of CRPD in the Post-Soviet region: between imitation and authenticity. The Routledge handbook of disability activism \/ Edited by Maria Berghs, Tsitsi Chataika, Yahya El-Lahib, Kudakwashe Dube Y &#8211; Knygos dalis (skyrius)<\/p>\n\n\n\n<p>Egl\u0117 \u0160umskien\u0117; Donata Petru\u017eyt\u0117; Vaiva Klimait\u0117 2018 Biomedical and psychosocial interventions in the mental health care system in Lithuania: &#8220;Leaving the psychiatrist&#8217;s clinic &#8211; with at least a couple of prescriptions&#8221; Archives of psychiatry and psychotherapy, Vol. 20, iss. 1 S1 &#8211; Straipsnis DB Clarivate Analytics Web of Science<\/p>\n\n\n\n<p>Egl\u0117 \u0160umskien\u0117; Jurga Mataityt\u0117-Dir\u017eien\u0117; Vaiva Klimait\u0117; Donata Petru\u017eyt\u0117 2017. Stigmos daugiamati\u0161kumas psichikos sveikatos prie\u017ei\u016bros sistemoje Filosofija. Sociologija, T. 28, Nr. 4 S1 &#8211; Straipsnis DB Clarivate Analytics Web of Science<\/p>\n\n\n\n<p>Egl\u0117 \u0160umskien\u0117 2017. Advocacy for children with intellectual disabilities: the case of the Baltic States Rebellious parents: parental movements in Central-Eastern Europe and Russia \/ Edited by Katalin F\u00e1bi\u00e1n, El\u017cbieta Korolczuk S5 &#8211; Straipsnis kituose recenzuojamuose leidiniuose<\/p>\n\n\n\n<p>Egl\u0117 \u0160umskien\u0117 2017. Disability hate crime: the overlooked consequence of the deinstitutionalization of care STEPP : socialin\u0117 teorija, empirija, politika ir praktika, Nr. 15 S1 &#8211; Straipsnis DB Clarivate Analytics Web of Science<\/p>\n\n\n\n<p>Violeta Gevorgianien\u0117; Egl\u0117 \u0160umskien\u0117. 2017. P.S. for post-Soviet: A glimpse to a life of persons with intellectual disabilities Journal of intellectual disabilities, Vol. 21, Iss. 3, sp. iss. SI S1 &#8211; Straipsnis DB Clarivate Analytics Web of Science<\/p>\n\n\n\n<p>Egl\u0117 \u0160umskien\u0117 2017. Ekspert\u0173 po\u017ei\u016bris \u012f Lietuvos psichikos sveikatos prie\u017ei\u016bros sistem\u0105 Psichikos sveikatos ir gerov\u0117s paradigm\u0173 kaita Lietuvoje: monografija \/ sudarytojos: Donata Petru\u017eyt\u0117, Egl\u0117 \u0160umskien\u0117 Y &#8211; Knygos dalis (skyrius)<\/p>\n\n\n\n<p>Donata Petru\u017eyt\u0117; Egl\u0117 \u0160umskien\u0117 2017. Psichikos sveikatos ir gerov\u0117s paradigm\u0173 kaita Lietuvoje K1a &#8211; Monografija<\/p>\n\n\n\n<p>Egl\u0117 \u0160umskien\u0117 &nbsp;2016. Human rights of persons with intellectual disabilities in Lithuanian social care institutions Journal of intellectual disability research, Vol. 60, no 7-8, special issue T1a &#8211; Tez\u0117s DB Clarivate Analytics Web of Science<\/p>\n\n\n\n<p>Egl\u0117 \u0160umskien\u0117; Gintaras \u0160umskas; Jurga Mataityt\u0117-Dir\u017eien\u0117; Dainius P\u016bras; R\u016bta Karali\u016bnien\u0117 2016. Media and political agenda setting: the case of mental health policy in Lithuania STEPP : socialin\u0117 teorija, empirija, politika ir praktika, Nr. 13 S1 &#8211; Straipsnis DB Clarivate Analytics Web of Science<\/p>\n\n\n\n<div style=\"height:100px\" aria-hidden=\"true\" class=\"wp-block-spacer\"><\/div>\n\n\n\n<div class=\"wp-block-columns alignwide are-vertically-aligned-center is-style-twentytwentyone-columns-overlap is-layout-flex wp-container-core-columns-is-layout-9d6595d7 wp-block-columns-is-layout-flex\">\n<div class=\"wp-block-column is-vertically-aligned-center is-layout-flow wp-block-column-is-layout-flow\">\n<div style=\"height:100px\" aria-hidden=\"true\" class=\"wp-block-spacer\"><\/div>\n<\/div>\n\n\n\n<div class=\"wp-block-column is-vertically-aligned-center is-layout-flow wp-block-column-is-layout-flow\">\n<div style=\"height:100px\" aria-hidden=\"true\" class=\"wp-block-spacer\"><\/div>\n<\/div>\n<\/div>\n\n\n\n<div style=\"height:50px\" aria-hidden=\"true\" class=\"wp-block-spacer\"><\/div>\n\n\n\n<div class=\"wp-block-columns alignwide are-vertically-aligned-top is-layout-flex wp-container-core-columns-is-layout-9d6595d7 wp-block-columns-is-layout-flex\">\n<div class=\"wp-block-column is-vertically-aligned-top is-layout-flow wp-block-column-is-layout-flow\">\n<h3 class=\"wp-block-heading\">Add block patterns<\/h3>\n\n\n\n<p>Block patterns are pre-designed groups of blocks. To add one, select the Add Block button [+] in the toolbar at the top of the editor. Switch to the Patterns tab underneath the search bar, and choose a pattern.<\/p>\n<\/div>\n\n\n\n<div class=\"wp-block-column is-vertically-aligned-top is-layout-flow wp-block-column-is-layout-flow\">\n<h3 class=\"wp-block-heading\">Frame your images<\/h3>\n\n\n\n<p>Twenty Twenty-One includes stylish borders for your content. With an Image block selected, open the &#8220;Styles&#8221; panel within the Editor sidebar. Select the &#8220;Frame&#8221; block style to activate it.<\/p>\n<\/div>\n\n\n\n<div class=\"wp-block-column is-vertically-aligned-top is-layout-flow wp-block-column-is-layout-flow\">\n<h3 class=\"wp-block-heading\">Overlap columns<\/h3>\n\n\n\n<p>Twenty Twenty-One also includes an overlap style for column blocks. With a Columns block selected, open the &#8220;Styles&#8221; panel within the Editor sidebar. Choose the &#8220;Overlap&#8221; block style to try it out.<\/p>\n<\/div>\n<\/div>\n\n\n\n<div style=\"height:100px\" aria-hidden=\"true\" class=\"wp-block-spacer\"><\/div>\n\n\n\n<div class=\"wp-block-cover alignwide has-green-background-color has-background-dim is-style-twentytwentyone-border\"><div class=\"wp-block-cover__inner-container is-layout-flow wp-block-cover-is-layout-flow\">\n<div style=\"height:20px\" aria-hidden=\"true\" class=\"wp-block-spacer\"><\/div>\n\n\n\n<p class=\"has-huge-font-size\">Need help?<\/p>\n\n\n\n<div style=\"height:75px\" aria-hidden=\"true\" class=\"wp-block-spacer\"><\/div>\n\n\n\n<div class=\"wp-block-columns is-layout-flex wp-container-core-columns-is-layout-9d6595d7 wp-block-columns-is-layout-flex\">\n<div class=\"wp-block-column is-layout-flow wp-block-column-is-layout-flow\">\n<p><a href=\"https:\/\/wordpress.org\/support\/article\/twenty-twenty-one\/\">Read the Theme Documentation<\/a><\/p>\n<\/div>\n\n\n\n<div class=\"wp-block-column is-layout-flow wp-block-column-is-layout-flow\">\n<p><a href=\"https:\/\/wordpress.org\/support\/theme\/twentytwentyone\/\">Check out the Support Forums<\/a><\/p>\n<\/div>\n<\/div>\n\n\n\n<div style=\"height:20px\" aria-hidden=\"true\" class=\"wp-block-spacer\"><\/div>\n<\/div><\/div>\n","protected":false},"excerpt":{"rendered":"<p>Laimut\u0117 \u017dalimien\u0117, Violeta Gevorgianien\u0117, Donata Petru\u017eyt\u0117, Egl\u0117 \u0160umskien\u0117, Miroslavas Seniutis, Lijana Gvaldait\u0117. 2020. Institucin\u0117s agresijos aprai\u0161kos vaiko gerov\u0117s profesional\u0173 veikloje.&nbsp; Filosofija. Sociologija. 31(2) 148-156 Laimut\u0117 \u017dalimien\u0117, Lijana Gvaldait\u0117, Violeta Gevorgianien\u0117, Donata Petru\u017eyt\u0117, Miroslavas Seniutis, Egl\u0117 \u0160umskien\u0117. 2020. Vaiko teisi\u0173 apsaugos specialist\u0173 darbo organizavimo klausimai teisinio reglamentavimo kontekste. Socialinis darbas. Patirtis ir metodai, 2020, nr. 25&hellip; <a class=\"more-link\" href=\"http:\/\/web.vu.lt\/fsf\/e.sumskiene\/\">Continue reading <span class=\"screen-reader-text\">Publications<\/span><\/a><\/p>\n","protected":false},"author":1,"featured_media":0,"parent":0,"menu_order":0,"comment_status":"closed","ping_status":"closed","template":"","meta":{"footnotes":""},"class_list":["post-5","page","type-page","status-publish","hentry","entry"],"_links":{"self":[{"href":"http:\/\/web.vu.lt\/fsf\/e.sumskiene\/wp-json\/wp\/v2\/pages\/5","targetHints":{"allow":["GET"]}}],"collection":[{"href":"http:\/\/web.vu.lt\/fsf\/e.sumskiene\/wp-json\/wp\/v2\/pages"}],"about":[{"href":"http:\/\/web.vu.lt\/fsf\/e.sumskiene\/wp-json\/wp\/v2\/types\/page"}],"author":[{"embeddable":true,"href":"http:\/\/web.vu.lt\/fsf\/e.sumskiene\/wp-json\/wp\/v2\/users\/1"}],"replies":[{"embeddable":true,"href":"http:\/\/web.vu.lt\/fsf\/e.sumskiene\/wp-json\/wp\/v2\/comments?post=5"}],"version-history":[{"count":3,"href":"http:\/\/web.vu.lt\/fsf\/e.sumskiene\/wp-json\/wp\/v2\/pages\/5\/revisions"}],"predecessor-version":[{"id":26,"href":"http:\/\/web.vu.lt\/fsf\/e.sumskiene\/wp-json\/wp\/v2\/pages\/5\/revisions\/26"}],"wp:attachment":[{"href":"http:\/\/web.vu.lt\/fsf\/e.sumskiene\/wp-json\/wp\/v2\/media?parent=5"}],"curies":[{"name":"wp","href":"https:\/\/api.w.org\/{rel}","templated":true}]}}