{"id":8,"date":"2008-09-05T15:16:36","date_gmt":"2008-09-05T12:16:36","guid":{"rendered":"http:\/\/web.vu.lt\/flf\/?page_id=8"},"modified":"2014-08-28T14:57:14","modified_gmt":"2014-08-28T11:57:14","slug":"puslapis-4","status":"publish","type":"page","link":"http:\/\/web.vu.lt\/flf\/puslapiu-medis\/puslapis-2\/puslapis-4\/","title":{"rendered":"Failo siuntimo forma"},"content":{"rendered":"<p><a href=\"http:\/\/web.vu.lt\/flf\/files\/2008\/09\/vu_logo.png\"><img loading=\"lazy\" class=\"alignleft size-full wp-image-33\" src=\"http:\/\/web.vu.lt\/flf\/files\/2008\/09\/vu_logo.png\" alt=\"vu_logo\" width=\"57\" height=\"64\" \/><\/a>Pavyzdinis puslapis. 4.<\/p>\n<p><!--cforms name=\"Fail\u0173 atsiuntimas\"--><\/p>\n<p>Atsiradus poreikiui tur\u0117ti fail\u0173 \u012fk\u0117limo (upload) form\u0105, pra\u0161ome kreiptis \u012f sistemos administratorius.<\/p>\n","protected":false},"excerpt":{"rendered":"<p>Pavyzdinis puslapis. 4. Atsiradus poreikiui tur\u0117ti fail\u0173 \u012fk\u0117limo (upload) form\u0105, pra\u0161ome kreiptis \u012f sistemos administratorius.<\/p>\n","protected":false},"author":23,"featured_media":0,"parent":6,"menu_order":2,"comment_status":"closed","ping_status":"open","template":"","meta":[],"_links":{"self":[{"href":"http:\/\/web.vu.lt\/flf\/wp-json\/wp\/v2\/pages\/8"}],"collection":[{"href":"http:\/\/web.vu.lt\/flf\/wp-json\/wp\/v2\/pages"}],"about":[{"href":"http:\/\/web.vu.lt\/flf\/wp-json\/wp\/v2\/types\/page"}],"author":[{"embeddable":true,"href":"http:\/\/web.vu.lt\/flf\/wp-json\/wp\/v2\/users\/23"}],"replies":[{"embeddable":true,"href":"http:\/\/web.vu.lt\/flf\/wp-json\/wp\/v2\/comments?post=8"}],"version-history":[{"count":8,"href":"http:\/\/web.vu.lt\/flf\/wp-json\/wp\/v2\/pages\/8\/revisions"}],"predecessor-version":[{"id":89,"href":"http:\/\/web.vu.lt\/flf\/wp-json\/wp\/v2\/pages\/8\/revisions\/89"}],"up":[{"embeddable":true,"href":"http:\/\/web.vu.lt\/flf\/wp-json\/wp\/v2\/pages\/6"}],"wp:attachment":[{"href":"http:\/\/web.vu.lt\/flf\/wp-json\/wp\/v2\/media?parent=8"}],"curies":[{"name":"wp","href":"https:\/\/api.w.org\/{rel}","templated":true}]}}