{"id":5,"date":"2008-09-05T15:12:51","date_gmt":"2008-09-05T12:12:51","guid":{"rendered":"http:\/\/web.vu.lt\/flf\/puslapiu-medis\/"},"modified":"2014-12-22T15:21:57","modified_gmt":"2014-12-22T12:21:57","slug":"puslapiu-medis","status":"publish","type":"page","link":"http:\/\/web.vu.lt\/flf\/puslapiu-medis\/","title":{"rendered":"Puslapi\u0173 medis"},"content":{"rendered":"<p>Tai puslapi\u0173 med\u017eio pavyzdys, kai i\u0161 puslapi\u0173 galima sudaryti pavyzd\u017eiui toki\u0105 strukt\u016br\u0105:<\/p>\n<ul>\n<li>Apie<\/li>\n<li>Puslapi\u0173 medis\n<ul>\n<li>Puslapis 2\n<ul>\n<li>Puslapis 5<\/li>\n<li>Puslapis 4<\/li>\n<\/ul>\n<\/li>\n<li>Puslapis 3<\/li>\n<\/ul>\n<\/li>\n<\/ul>\n<p>Toks medis sukuriamas, puslapiams priskiriant auk\u0161tesniuosius puslapius.<\/p>\n<p>Ra\u0161ant arba redaguojant puslap\u012f, skiltyje \u201eAuk\u0161tesnysis puslapis\u201c galima pasirinkti norim\u0105 \u201emed\u017eio \u0161ak\u0105\u201c, prie kurios bus prikabintas \u0161is puslapis.<\/p>\n<p>Prie \u201emed\u017eio \u0161akos\u201c prikabintus puslapius galima rikiuoti skiltyje \u201eEil\u0117s tvarka\u201c nurod\u017eius numer\u012f. Kuo numeris ma\u017eesnis tuo auk\u0161\u010diau toje \u0161akoje puslapis bus rodomas. Puslapiai rikiuojami pagal ab\u0117c\u0117l\u0119, jeigu nurodyti numeriai sutampa.<\/p>\n","protected":false},"excerpt":{"rendered":"<p>Tai puslapi\u0173 med\u017eio pavyzdys, kai i\u0161 puslapi\u0173 galima sudaryti pavyzd\u017eiui toki\u0105 strukt\u016br\u0105: Apie Puslapi\u0173 medis Puslapis 2 Puslapis 5 Puslapis 4 Puslapis 3 Toks medis sukuriamas, puslapiams priskiriant auk\u0161tesniuosius puslapius. Ra\u0161ant arba redaguojant puslap\u012f, skiltyje \u201eAuk\u0161tesnysis puslapis\u201c galima pasirinkti norim\u0105 \u201emed\u017eio \u0161ak\u0105\u201c, prie kurios bus prikabintas \u0161is puslapis. Prie \u201emed\u017eio \u0161akos\u201c prikabintus puslapius galima rikiuoti [&hellip;]<\/p>\n","protected":false},"author":23,"featured_media":0,"parent":0,"menu_order":0,"comment_status":"closed","ping_status":"closed","template":"","meta":[],"_links":{"self":[{"href":"http:\/\/web.vu.lt\/flf\/wp-json\/wp\/v2\/pages\/5"}],"collection":[{"href":"http:\/\/web.vu.lt\/flf\/wp-json\/wp\/v2\/pages"}],"about":[{"href":"http:\/\/web.vu.lt\/flf\/wp-json\/wp\/v2\/types\/page"}],"author":[{"embeddable":true,"href":"http:\/\/web.vu.lt\/flf\/wp-json\/wp\/v2\/users\/23"}],"replies":[{"embeddable":true,"href":"http:\/\/web.vu.lt\/flf\/wp-json\/wp\/v2\/comments?post=5"}],"version-history":[{"count":2,"href":"http:\/\/web.vu.lt\/flf\/wp-json\/wp\/v2\/pages\/5\/revisions"}],"predecessor-version":[{"id":91,"href":"http:\/\/web.vu.lt\/flf\/wp-json\/wp\/v2\/pages\/5\/revisions\/91"}],"wp:attachment":[{"href":"http:\/\/web.vu.lt\/flf\/wp-json\/wp\/v2\/media?parent=5"}],"curies":[{"name":"wp","href":"https:\/\/api.w.org\/{rel}","templated":true}]}}