{"id":92,"date":"2014-01-30T21:23:03","date_gmt":"2014-01-30T19:23:03","guid":{"rendered":"http:\/\/web.vu.lt\/flf\/v.zubaitiene\/?page_id=92"},"modified":"2023-08-29T21:58:31","modified_gmt":"2023-08-29T18:58:31","slug":"vadovauti-darbai","status":"publish","type":"page","link":"http:\/\/web.vu.lt\/flf\/v.zubaitiene\/studentu-darbai\/vadovauti-darbai\/","title":{"rendered":"Vadovauti darbai | Supervision"},"content":{"rendered":"<p><b>Magistro darbai<\/b><\/p>\n<p><strong>2023<\/strong><\/p>\n<p>Julija Und\u017eyt\u0117 \u201eInchoatyvini\u0173 veiksma\u017eod\u017ei\u0173 semantika ir vartojimas lietuvi\u0173 ir ispan\u0173 kalbose\u201c<\/p>\n<p><strong>2021<\/strong><\/p>\n<p>Kietyt\u0117 Samanta \u201ePrie\u0161d\u0117li\u0173 <em>\u012f-<\/em>,<em> nu-<\/em>,<em> i\u0161-<\/em>, <em>pri- <\/em>polisemija lietuvi\u0173 kalboje\u201c<\/p>\n<p><strong>2019<\/strong><\/p>\n<p>Kerzait\u0117 Ieva\u00a0\u201eVertinimo rai\u0161ka \u201eLiterat\u016bra ir menas\u201c interviu\u201c<\/p>\n<p>Lisauskait\u0117 Agn\u0117\u00a0\u201ePad\u0117ties ir slinkties veiksma\u017eod\u017eiai diachroniniu aspektu\u201c<\/p>\n<p><strong>2017<\/strong><\/p>\n<p>Dumbliauskait\u0117 Agn\u0117 \u201eVertinimo rai\u0161ka lietuvi\u0161kose ir itali\u0161kose knyg\u0173 recenzijose\u201c<\/p>\n<p><b>2013<\/b><\/p>\n<p>Jus\u010di\u016bt\u0117 Gintar\u0117 \u201eB\u016bdvard\u017ei\u0173 <i>geras\u2013blogas<\/i> ir <i>a\u0161trus\u2013bukas<\/i> daugiareik\u0161mi\u0161kumas\u201c<\/p>\n<p><b>2012<\/b><\/p>\n<p>Pil\u017eis Irina \u201eB\u016bdvard\u017ei\u0173 <i>kar\u0161tas\u2013\u0161altas<\/i> leksin\u0117 semantin\u0117 strukt\u016bra ir vartosena lietuvi\u0173 ir rus\u0173 kalbose\u201c<\/p>\n<p><b>\u00a0<\/b><\/p>\n<p><b>Bakalauro darbai<\/b><\/p>\n<p><strong>2023<\/strong><\/p>\n<p>Xue Sun. \u201eSpalv\u0173 pavadinimai lietuvi\u0173 ir kin\u0173 kalbose\u201c<\/p>\n<p><strong>2022<\/strong><\/p>\n<p>Balsevi\u010di\u016bt\u0117 R\u016bta.\u00a0\u201eStereotipai neigiamuose internetiniuose komentaruose\u201c<\/p>\n<p><strong>2021<\/strong><\/p>\n<p>Grigait\u0117 Morta Monika. \u201eKohezija ir koherencija mokslo populiarinimo tekstuose\u201c<\/p>\n<p>Kondratovi\u010d Arina. \u201eNuomon\u0117s rai\u0161ka Seimo pos\u0117d\u017ei\u0173 stenogramose\u201c<\/p>\n<p><strong>2020<\/strong><\/p>\n<p>Kivarait\u0117 Gabija. \u201e\u0160nekamosios kalbos \u012ftaka publicistiniams tekstams\u201c<\/p>\n<p>Len\u010diauskait\u0117 Lina. \u201eAntonimini\u0173 b\u016bdvard\u017ei\u0173 <em>tamsus<\/em> ir <em>\u0161viesus<\/em>, <em>gilus<\/em> ir <em>seklus<\/em> daugiareik\u0161mi\u0161kumas lietuvi\u0173 ir latvi\u0173 kalbose\u201c<\/p>\n<p>Mi\u010diulis Ignas. \u201eTarminio Rimanto Kmitos romano <em>Pietinia kronikas<\/em> leksikos analiz\u0117\u201c<\/p>\n<p>Sabalyt\u0117 Migl\u0117. \u201eIntertekstualumas ir kohezija Andriaus Tapino romane <em>Prezidentas<\/em>\u201c<\/p>\n<p><strong>2019<\/strong><\/p>\n<p>Fetingyt\u0117 Marta \u201eNeigiamai konotuota leksika publicistiniame stiliuje\u201c<\/p>\n<p>Kietyt\u0117 Samanta \u201eTemperat\u016br\u0105 ir pavir\u0161i\u0173 rei\u0161kian\u010di\u0173 b\u016bdvard\u017ei\u0173 metaforizacija lietuvi\u0173 ir latvi\u0173 kalbose\u201c<\/p>\n<p>M\u0117linyt\u0117 Rusn\u0117 \u201eHumoro ir ironijos rai\u0161kos priemon\u0117s Juozo Erlicko k\u016bryboje\u201c<\/p>\n<p>Sidorovi\u010d Justina \u201eKult\u016bros ir religijos atspind\u017eiai lietuvi\u0173 ir turk\u0173 frazeologijoje\u201c<\/p>\n<p><strong>2018<\/strong><\/p>\n<p>Gedgaudait\u0117 Greta \u201eGiminyst\u0117s terminai lietuvi\u0173 ir latvi\u0173 kalb\u0173 patarl\u0117se\u201c<\/p>\n<p>Lopuchinien\u0117 Julija \u201eVILTIES konceptas lietuvi\u0173 ir rus\u0173 kalbose\u201c<\/p>\n<p>Micutait\u0117 Neringa \u201eSavybi\u0173 ir po\u017eymi\u0173 suvokimas lietuvi\u0173 kalboje:\u00a0<em>smalsumas\u2013abejingumas, a\u0161trumas\u2013bukumas<\/em>\u201c<\/p>\n<p><strong>2017<\/strong><\/p>\n<p>Galkauskait\u0117 Just\u0117 \u201e\u017dmogaus aplinkos konceptualizacija lietuvi\u0173 patarl\u0117se ir j\u0173 angli\u0161kuose atitikmenyse\u201c<\/p>\n<p>Kerzait\u0117 Ieva \u201eKult\u016bros \u012fvyki\u0173 konceptualizacija lietuvi\u0161kuose ir ispani\u0161kuose straipsniuose\u201c<\/p>\n<p>Kri\u0161\u010di\u016bnait\u0117 Agn\u0117 \u201ePercepciniai veiksma\u017eod\u017eiai Gabriel Garc\u00eda M\u00e1rquez k\u016brinyje \u201e\u0160imtas met\u0173 vienatv\u0117s\u201c<\/p>\n<p>Lisauskait\u0117 Agn\u0117 \u201eAktyvi\u0105 veikl\u0105 rei\u0161kian\u010di\u0173 veiksma\u017eod\u017ei\u0173 semantika Kristijono Donelai\u010dio \u201eMetuose\u201c ir jo vertime \u012f ispan\u0173 kalb\u0105\u201c<\/p>\n<p>Vizgirdait\u0117 Aist\u0117 \u201eStabilieji junginiai ir metaforos \u0161vietimo diskurse\u201c<\/p>\n<p><strong>2016<\/strong><\/p>\n<p>Ramun\u0117 \u010caikauskait\u0117 \u201eB\u016bdvard\u017ei\u0173 <em>kietas<\/em> ir <em>mink\u0161tas<\/em>\u00a0leksin\u0117 semantin\u0117 strukt\u016bra ir vartosena\u201c<\/p>\n<p>Ieva Daug\u0117lait\u0117 \u201eKalbos ypatyb\u0117s ir vertinimas lyties aspektu socialiniame tinklalapyje \u201eFacebook\u201c<\/p>\n<p>Regina Kaziuk\u0117nait\u0117 \u201eNaikinimo veiksma\u017eod\u017ei\u0173 semantika lietuvi\u0173 kalboje\u201c<\/p>\n<p>Monika Maldutyt\u0117 \u201eKalbin\u0117 rai\u0161ka Andriaus Tapino\u00a0tinklara\u0161tyje ir socialiniame tinklalapyje \u201eFacebook\u201c<\/p>\n<p>Izabel\u0117 Meidut\u0117 \u201eSmogimo veiksma\u017eod\u017ei\u0173 <em>(mu\u0161ti, smogti, kirsti)<\/em> semantika lietuvi\u0173 kalboje\u201c<\/p>\n<p>Rusn\u0117 Paulavi\u010di\u016bt\u0117 \u201e\u012evyki\u0173 konceptualizavimas Lrytas.lt politikos straipsni\u0173 antra\u0161t\u0117se\u201c<\/p>\n<p>Dovil\u0117 Plok\u0161tyt\u0117 \u201eNaujos reik\u0161m\u0117s ir j\u0173 semantin\u0117 motyvacija\u201c<\/p>\n<p>Viktorija Zajan\u010dkovskaja\u00a0\u00a0\u201eEmocij\u0173 rai\u0161ka tinklara\u0161\u010diuose\u201c<\/p>\n<p>Ieva Zorubait\u0117 \u201ePozicini\u0173 veiksma\u017eod\u017ei\u0173 (s<em>tov\u0117ti, s\u0117d\u0117ti, gul\u0117ti<\/em>) semantika lietuvi\u0173 kalboje\u201c<\/p>\n<p><b>2015<\/b><\/p>\n<p>Greta Jankauskait\u0117 \u201eLietuvos pramog\u0173 atstov\u0173 leksin\u0117s rai\u0161kos priemon\u0117s\u201c<\/p>\n<p>Laura Pranaityt\u0117 \u201eB\u016bdvard\u017ei\u0173\u00a0<em>sausas\u2013\u0161lapias\u00a0<\/em>leksin\u0117 semantin\u0117 strukt\u016bra\u201c<\/p>\n<p>Deimant\u0117 \u017daliauskait\u0117 \u201eSeimo nari\u0173 kalb\u0173 leksin\u0117s rai\u0161kos priemon\u0117s\u201c<\/p>\n<p><strong>2014<\/strong><\/p>\n<p>Au\u0161ra Jok\u0161ait\u0117 \u201eVidines \u017emogaus ypatybes rei\u0161kian\u010di\u0173 b\u016bdvard\u017ei\u0173 semantika ir vartosena patarl\u0117se ir prie\u017eod\u017eiuose\u201c<\/p>\n<p>Greta Lopetkait\u0117 \u201eFreimas KONFLIKTAS lietuvi\u0173 kalboje\u201c<\/p>\n<p>Orinta Ma\u017eeikait\u0117 \u201eFreimas ATAKA lietuvi\u0173 kalboje\u201c<\/p>\n<p>Agn\u0117 Tavorait\u0117 \u201eMetakalbini\u0173 komentar\u0173 <em>kaip sakoma&#8230;<\/em>\u00a0komentuojamosios dalies leksin\u0117s savyb\u0117s\u201c<\/p>\n<p><b>2012<\/b><\/p>\n<p>Bekeryt\u0117 Edita \u201eRai\u0161kos priemon\u0117s internetiniuose komentaruose\u201c<\/p>\n<p>Daudait\u0117 Evelina \u201eNeigiam\u0173 jausmini\u0173 reakcij\u0173 konceptai\u201c<\/p>\n<p>Freimanait\u0117 Kamil\u0117 \u201eEmocijas rei\u0161kiantys ir kintan\u010dios b\u016bsenos veiksma\u017eod\u017eiai bei j\u0173 sinonimai lietuvi\u0173 ir latvi\u0173 kalbose\u201c<\/p>\n<p>Jonu\u0161ait\u0117 Gintar\u0117 \u201eGamtos rei\u0161kini\u0173 ir objekt\u0173 pavadinimai: sinonimai ir j\u0173 vartojimas perkeltin\u0117mis reik\u0161m\u0117mis\u201c<\/p>\n<p>Jurk\u0161ait\u0117 Jovita \u201eSemantin\u0117 informacija <i>Zanavyk\u0173 \u0161nektos \u017eodyno<\/i> I tome (A\u2013K)<\/p>\n<p>Klebonait\u0117 Rasa \u201e<i>Pyk\u010dio <\/i>semantinis laukas\u201c<\/p>\n<p>Klimavi\u010di\u016bt\u0117 R\u016bta \u201eAsmenis \u012fvardijantys daiktavard\u017eiai: sinonimija ir vartosena\u201c<\/p>\n<p>Kundrotait\u0117 Mant\u0117 \u201eAsmenis apib\u016bdinantys b\u016bdvard\u017eiai: sinonimai ir vartosena\u201c<\/p>\n<p>Truncait\u0117 Sigita \u201e<i>Baim\u0117s<\/i> semantinis laukas\u201c<\/p>\n<p><b>2011<\/b><\/p>\n<p>Anilionyt\u0117 Inga, \u201eKonotuotoji leksika B. Sruogos ir Z. Stankaus k\u016bryboje\u201c<\/p>\n<p>Burokait\u0117 Monika \u201eGausumo ir negausumo rai\u0161kia lietuvi\u0173 kalboje\u201c<\/p>\n<p>Deltuvait\u0117 Egl\u0117 \u201e<i>D\u017eiaugsmo<\/i> konceptas lietuvi\u0173 ir ital\u0173 kalbose\u201c<\/p>\n<p>Krav\u010denkovait\u0117 Daiva \u201eB\u016bdvard\u017ei\u0173 perkeltin\u0117 vartosena lietuvi\u0173 ir vokie\u010di\u0173 kalbose\u201c<\/p>\n<p>Nikitina Brigita \u201ePerkeltin\u0117s tarptautini\u0173 \u017eod\u017ei\u0173 reik\u0161m\u0117s <i>Tarptautini\u0173 \u017eod\u017ei\u0173 \u017eodyne <\/i>ir <i>Dabartin\u0117s lietuvi\u0173 kalbos \u017eodyne<\/i>\u201c<\/p>\n<p>Seniut Kristina \u201eAktyvi\u0105 veikl\u0105 rei\u0161kiantys frazeologizmai\u00a0lietuvi\u0173 kalboje\u201c<\/p>\n<p>Spalvyt\u0117 Deimant\u0117 \u201ePerkeltin\u0117s reik\u0161m\u0117s b\u016bdvard\u017eiai ir j\u0173 vertimas \u012f ital\u0173 kalb\u0105 rinkinyje <em>In forma di parole. Mappa della poesia lituana<\/em>\u201c<\/p>\n<p>Svoinialo Oksana \u201eVeiksma\u017eod\u017ei\u0173 perkeltin\u0117 vartosena K. Borutos, M. Katili\u0161kio ir V. Ramono k\u016bryboje\u201c<\/p>\n<p>\u0160laustait\u0117 Dalia \u201eNamo dali\u0173 pavadinimai lietuvi\u0173 ir ital\u0173 kalbose\u201c<\/p>\n<p>Zlatkut\u0117 Egl\u0117 \u201e\u017dmog\u0173 apib\u016bdinantys palyginimai lietuvi\u0173 kalboje\u201c<\/p>\n<p><b>2010<\/b><\/p>\n<p>Domarkait\u0117 Ineta \u201eVeiksma\u017eod\u017eio\u00a0<em>pulti\u00a0<\/em>reik\u0161mi\u0173 semantin\u0117 motyvacija\u201c<\/p>\n<p>Kulevi\u010d Vanda\u00a0\u201eParametro ypatybes rei\u0161kian\u010di\u0173 b\u016bdvard\u017ei\u0173 (<em>didelis: ma\u017eas, storas: plonas)<\/em> semantika\u201c<\/p>\n<p>Michnovi\u010d Romuald \u201eVeiksma\u017eod\u017eio <i>skirti <\/i>ir jo prie\u0161d\u0117lini\u0173 vedini\u0173 reik\u0161mi\u0173 semantin\u0117 strukt\u016bra\u201c<\/p>\n<p>Pil\u017eis Irina \u201eB\u016bdvard\u017eio <i>laisvas<\/i> leksin\u0117 semantin\u0117 strukt\u016bra lietuvi\u0173 ir rus\u0173 kalbose\u201c<\/p>\n","protected":false},"excerpt":{"rendered":"<p>Magistro darbai 2023 Julija Und\u017eyt\u0117 \u201eInchoatyvini\u0173 veiksma\u017eod\u017ei\u0173 semantika ir vartojimas lietuvi\u0173 ir ispan\u0173 kalbose\u201c 2021 Kietyt\u0117 Samanta \u201ePrie\u0161d\u0117li\u0173 \u012f-, nu-, i\u0161-, pri- polisemija lietuvi\u0173 kalboje\u201c 2019 Kerzait\u0117 Ieva\u00a0\u201eVertinimo rai\u0161ka \u201eLiterat\u016bra ir menas\u201c interviu\u201c Lisauskait\u0117 Agn\u0117\u00a0\u201ePad\u0117ties ir slinkties veiksma\u017eod\u017eiai diachroniniu aspektu\u201c 2017 Dumbliauskait\u0117 Agn\u0117 \u201eVertinimo rai\u0161ka lietuvi\u0161kose ir itali\u0161kose knyg\u0173 recenzijose\u201c 2013 Jus\u010di\u016bt\u0117 Gintar\u0117 \u201eB\u016bdvard\u017ei\u0173 geras\u2013blogas [&hellip;]<\/p>\n","protected":false},"author":34,"featured_media":0,"parent":73,"menu_order":0,"comment_status":"closed","ping_status":"open","template":"","meta":[],"_links":{"self":[{"href":"http:\/\/web.vu.lt\/flf\/v.zubaitiene\/wp-json\/wp\/v2\/pages\/92"}],"collection":[{"href":"http:\/\/web.vu.lt\/flf\/v.zubaitiene\/wp-json\/wp\/v2\/pages"}],"about":[{"href":"http:\/\/web.vu.lt\/flf\/v.zubaitiene\/wp-json\/wp\/v2\/types\/page"}],"author":[{"embeddable":true,"href":"http:\/\/web.vu.lt\/flf\/v.zubaitiene\/wp-json\/wp\/v2\/users\/34"}],"replies":[{"embeddable":true,"href":"http:\/\/web.vu.lt\/flf\/v.zubaitiene\/wp-json\/wp\/v2\/comments?post=92"}],"version-history":[{"count":30,"href":"http:\/\/web.vu.lt\/flf\/v.zubaitiene\/wp-json\/wp\/v2\/pages\/92\/revisions"}],"predecessor-version":[{"id":1729,"href":"http:\/\/web.vu.lt\/flf\/v.zubaitiene\/wp-json\/wp\/v2\/pages\/92\/revisions\/1729"}],"up":[{"embeddable":true,"href":"http:\/\/web.vu.lt\/flf\/v.zubaitiene\/wp-json\/wp\/v2\/pages\/73"}],"wp:attachment":[{"href":"http:\/\/web.vu.lt\/flf\/v.zubaitiene\/wp-json\/wp\/v2\/media?parent=92"}],"curies":[{"name":"wp","href":"https:\/\/api.w.org\/{rel}","templated":true}]}}