{"id":6,"date":"2011-04-21T14:09:01","date_gmt":"2011-04-21T12:09:01","guid":{"rendered":"http:\/\/web.vu.lt\/flf\/v.zeimantiene\/"},"modified":"2026-02-16T17:07:48","modified_gmt":"2026-02-16T15:07:48","slug":"publikacijos","status":"publish","type":"page","link":"http:\/\/web.vu.lt\/flf\/v.zeimantiene\/publikacijos\/","title":{"rendered":"Publikacijos \/ Publications"},"content":{"rendered":"<p><strong>Straipsniai mokslo leidiniuose:<\/strong><\/p>\n<p style=\"text-align: left\">2024: Eine korpusgest\u00fctzte Untersuchung zu deutschen <em>nachdem<\/em>-S\u00e4tzen: Tempusformen, Funktionen und formelhafte Muster.<span style=\"font-style: inherit;font-weight: inherit\">\u00a0<em>Einheit des Faches \u2013 Vielfalt der Perspektiven. Ausgew\u00e4hlte Beitr\u00e4ge zum XII. Nordisch-Baltischen Germanistentreffen<\/em><\/span><em><span style=\"font-style: inherit;font-weight: inherit\"> in Reykjav\u00edk vom 8. <\/span><\/em>\u2013<em> 10. Juni 2022<\/em><span style=\"font-style: inherit;font-weight: inherit\">. Oddn\u00fd G. Sverrisd\u00f3ttir, Frank Thomas Grub, Ewald Reuter, Hrsg.\u00a0Berlin: Peter Lang. 71\u201382. (<\/span><em><span style=\"font-style: inherit;font-weight: inherit\">Nordeurop\u00e4ische Arbeiten zur Literatur, Sprache und Kultur <\/span><\/em>18<span style=\"font-style: inherit;font-weight: inherit\">)<\/span><\/p>\n<p style=\"text-align: left\">2024: Verwendung der Bezeichnungen f\u00fcr Demenz in deutschen und litauischen Medien. <em><a href=\"https:\/\/www.apgads.lu.lv\/izdevumi\/brivpieejas-izdevumi\/gramatas\/linguistic-and-medical-aspects-in-health-care-focus-on-dementia\/\">Linguistic and Medical Aspects in Health Care. Focus on Dementia<\/a>.<\/em> Balode, Ineta; Lele-Rozent\u0101le, Dzintra; Priede, Zanda (compilers and scientific editors). Riga: University of Latvia Press. 77\u2013107. (su <strong>Ariana Burmistrova<\/strong>) <a href=\"https:\/\/www.apgads.lu.lv\/izdevumi\/brivpieejas-izdevumi\/gramatas\/linguistic-and-medical-aspects-in-health-care-focus-on-dementia\/07\/\">PDF<\/a><\/p>\n<p style=\"text-align: left\">2024: Demencijos pavadinim\u0173 vartojimas \u017einiasklaidoje vokie\u010di\u0173 ir lietuvi\u0173 kalba.\u00a0<em><a href=\"https:\/\/www.apgads.lu.lv\/izdevumi\/brivpieejas-izdevumi\/gramatas\/lingvistikas-un-medicinas-aspekti-veselibas-aprupe-uzmanibas-centra-demence\/\">Lingvistikas un medic\u012bnas aspekti vesel\u012bbas apr\u016bp\u0113. Uzman\u012bbas centr\u0101 \u2013 demence<\/a>. Balode, Ineta; Lele-Rozent\u0101le, Dzintra; Priede, Zanda (sast. un zin. red.). <\/em>R\u012bga: LU Akad\u0113miskais apg\u0101ds. 75\u2013104. (su <strong>Ariana Burmistrova<\/strong>) <a href=\"https:\/\/www.apgads.lu.lv\/izdevumi\/brivpieejas-izdevumi\/gramatas\/lingvistikas-un-medicinas-aspekti-veselibas-aprupe-uzmanibas-centra-demence\/07\/\">PDF<\/a><\/p>\n<p>2024: Deutsch als Erg\u00e4nzungssprache in ausgew\u00e4hlten Bereichen Litauens. <a href=\"http:\/\/www.gfl-journal.de\/index.php\"><em>German as a foreign language<\/em><\/a> 1\/2024, 116\u2013137. (su <strong>Egle Kontutyte<\/strong>)<\/p>\n<p style=\"text-align: left\">2021:\u00a0The perfective present in Lithuanian. <em>Baltic Linguistics<\/em> 12 (2021), 249\u2013293. (su <strong>Axeliu Holvoetu<\/strong> ir <strong>Anna Daugavet<\/strong>) <a href=\"https:\/\/www.journals.polon.uw.edu.pl\/index.php\/bl\/article\/view\/925\/665\">PDF<\/a><\/p>\n<p style=\"text-align: left\">2021:\u00a0Lithuanian reflexive-based impersonals with accusative objects.\u00a0<i>Studies in Baltic and other Languages.\u00a0<\/i><i>A Festschrift for Axel Holvoet on the occasion of his 65th birthday.\u00a0<\/i>Peter Arkadiev, Jurgis Pakerys, Inesa \u0160e\u0161kauskien\u0117, Vaiva \u017deimantien\u0117, eds.\u00a0Vilnius: Vilnius University Press. 358\u2013380. (su<strong> Birute Sprauniene<\/strong>) (<em>Vilnius University Open Series<\/em> 16)\u00a0<a href=\"https:\/\/www.zurnalai.vu.lt\/open-series\/article\/view\/24521\/23771\">PDF<\/a><\/p>\n<p style=\"text-align: left\">2020: The Passive Family in Baltic.\u00a0<em>Baltic Linguistics<\/em>\u00a011, 27\u2013128. doi: https:\/\/doi.org\/10.32798\/bl.699\u00a0(su<strong> Nicole Nau <\/strong>ir<strong> Birute Sprauniene<\/strong>) <a href=\"https:\/\/www.journals.polon.uw.edu.pl\/index.php\/bl\/article\/view\/699\/520\">PDF<\/a><\/p>\n<p style=\"text-align: left\">2020: Germanistik f\u00fcr den Beruf: Baltische Perspektiven. <em>Germanistik f\u00fcr den Beruf<\/em>.\u00a0Ulrike Ha\u00df, Vaiva \u017deimantien\u0117, Egl\u0117 Kontutyt\u0117, Hrsg.\u00a0Berlin u.\u00a0a.: Peter Lang. 13\u201325. (<em>Forum Angewandte<\/em> <em>Linguistik <\/em>64)\u00a0(su<strong> Ulrike Ha\u00df\u00a0<\/strong>ir<strong>\u00a0Egle Kontutyte<\/strong>)<\/p>\n<p style=\"text-align: left\">2020: Zum zweisprachigen juristischen Wortschatz: Was fehlt in deutsch-litauischen Rechtsw\u00f6rterb\u00fcchern? <em>W\u00f6rter, W\u00f6rterb\u00fccher, Wortsch\u00e4tze. (Korpus-)Linguistische Perspektiven<\/em>. Derya G\u00fcr-Seker, Hg. Duisburg: Universit\u00e4tsverlag Rhein-Ruhr.\u00a0249\u2013264. (su<strong> Egle Kontutyte<\/strong>)<\/p>\n<p style=\"text-align: left\">2019:\u00a0Absentives or ambidirectionals? Motion-cum-purpose constructions with \u2018be\u2019 and the infinitive in Baltic and elsewhere. <em>Baltic Linguistics<\/em> 10 (2019), 155\u2013193. doi:\u00a0https:\/\/doi.org\/10.32798\/bl.363 (su<strong> Axeliu Holvoetu<\/strong>) <a href=\"https:\/\/www.journals.polon.uw.edu.pl\/index.php\/bl\/article\/view\/363\">PDF<\/a><\/p>\n<p style=\"text-align: left\">2019:\u00a0Deutsche <em>nachdem<\/em>-S\u00e4tze aus der Lernperspektive.<em> Bridging Languages and Cultures. Linguistics, Translation Studies and Intercultural Communication. <\/em>Guntars Dreijers,\u2009Agnese Dubova,\u2009J\u0101nis Veckr\u0101cis, Hrsg.\u00a0Berlin: Frank &amp; Timme. 271\u2013288. (<em>Trans\u00dcD. Arbeiten zur Theorie und Praxis des \u00dcbersetzens und Dolmetschens\u00a0<\/em>104)<\/p>\n<p style=\"text-align: left\">2018: Der Absentiv aus der Perspektive des Litauischen. <em>Fremde und eigene Sprachen. Linguistische Perspektiven<\/em>.\u00a0Hrsg. v. V. Masiulionyt\u0117, S. Volungevi\u010dien\u0117. Frankfurt am Main: Peter Lang. 401\u2013410. (<em>Linguistik International<\/em> 40)<\/p>\n<p style=\"text-align: left\">2017: KoGloss \u2013 Ein Projekt hat doch kein Ende. Perspektiven in Forschung und Lehre. <em>Deutsch: lokal \u2013 regional \u2013 global.<\/em>\u00a0Festschrift f\u00fcr Gerhard Stickel zum 80. Geburtstag. Jarochna D\u0105browska-Burkhardt, Ludwig M. Eichinger, Uta Itakura, Hrsg. T\u00fcbingen: Narr. 233-246. (<em>Studien zur deutschen Sprache \u2013 Forschungen des Instituts f\u00fcr Deutsche Sprache<\/em> 77) (<strong>su Ulrike Ha\u00df<\/strong>\u00a0<strong>ir\u00a0Egle Kontutyte<\/strong>)<\/p>\n<p style=\"text-align: left\">2017: Kalbos ir j\u0173 vartojimas mokslo darbuose: Vilniaus universiteto mokslo \u017eurnal\u0173 tyrimas. <em>SANTALKA: Filologija, Edukologija \/ COACTIVITY: Philology, Educology<\/em> 24, 2 (2016), 101-112. (<strong>su Virginija Masiulionyte<\/strong>) <a href=\"https:\/\/www.lituanistika.lt\/content\/69826\">PDF<\/a><\/p>\n<p style=\"text-align: left\">2016: Contexts for the choice of genitive vs. instrumental in contemporary Lithuanian. <em>Argument Realization in Baltic.\u00a0<\/em>Axel Holvoet and Nicole Nau, eds. Amsterdam\/Philadelphia:\u00a0John Benjamins. 259-331. doi:\u00a0https:\/\/doi.org\/10.1075\/vargreb.3.06wie [VARGReB 3] \u00a0(su<strong> Bj\u00f6rnu Wiemeriu<\/strong>)<\/p>\n<p style=\"text-align: left\">2016: Deutsch als Wissenschaftssprache in Litauen: Zur Sprachverwendung in den wissenschaftlichen Zeitschriften der Universit\u00e4t Vilnius im Zeitraum von 2004 bis 2013. <em>Sprache in der Wissenschaft. Germanistische Einblicke.<\/em> Egl\u0117 Kontutyt\u0117, Vaiva \u017deimantien\u0117, Hrsg. Frankfurt am Main: Peter Lang. 63-85. (<em>Duisburger Arbeiten zur Sprach- und Kulturwissenschaft<\/em> 111) (<strong>su Virginija Masiulionyte<\/strong>)<\/p>\n<p style=\"text-align: left\">2013: Sprach- und diskursspezifische Konstruktionen dargestellt anhand von typischen deutschen und litauischen Formulierungsmustern aus den KoGloss-Korpora. <em>Perspektiven<\/em>. Das IX. Nordisch-Baltische Germanistentreffen, 14.-16. Juni 2012 in Bergen\/Os. Herausgegeben von Michael Grote, Kjetil Berg Henjum, Espen Ingebrigtsen, Jan Paul Pietzuch. 273-285. (<em>Stockholmer Germanistische Forschungen <\/em>78)<\/p>\n<p style=\"text-align: left\">2011: Zur Verwendung und Bedeutung ausgew\u00e4hlter litauischer kurativer Verben mit Ausblick auf das Deutsche. <em>Moderne Sprachen<\/em> 55\/2, 123-133.<\/p>\n<p style=\"text-align: left\">2011: Zur Verbsemantik in ausgew\u00e4hlten mit dem lateinischen Gerundiv vergleichbaren deutschen und litauischen Konstruktionen: Eine Analyse anhand juristischer Texte. <em>Kalba ir kontekstai<\/em> IV (1), 252-261.<\/p>\n<p style=\"text-align: left\">2011: Gerundivum und vergleichbare Konstruktionen des Deutschen sowie des Litauischen. Eine kontrastive Beispielanalyse anhand juristischer Texte.<em> \u201eIch war immer zwischen Ost und West&#8230;\u201c Grenz\u00fcberschreitende Beitr\u00e4ge zur Sprache und Literatur. Gedenkschrift f\u00fcr Ina Meiksinait\u0117 zum 90. Geburtstag<\/em>. V. \u017deimantien\u0117, Hg. Vilnius: Vilniaus universiteto leidykla, 229-244.<\/p>\n<p style=\"text-align: left\">2010: Zu einer Grammatik des Deutschen und des Litauischen im Vergleich: Bestandsaufnahme, Konzeption und Perspektiven. <em>Kalbotyra<\/em> 62 (3), 22-40. (su<strong> Klausu Geyeriu<\/strong>) <a href=\"http:\/\/www.journals.vu.lt\/kalbotyra\/article\/view\/7642\">PDF<\/a><\/p>\n<p style=\"text-align: left\">2008: Zur Verwendung und Bedeutung des litauischen Partizips der Notwendigkeit im Vergleich zum Deutschen. <em>Kalbotyra<\/em> 59 (3). 306-312. <a href=\"https:\/\/www.ceeol.com\/search\/article-detail?id=199145\">CEEOL<\/a><\/p>\n<p style=\"text-align: left\">2007: Die modale Infinitivkonverse mit &#8216;sein&#8217; im Vergleich zum Litauischen. <em>Deutsche Grammatik im europ\u00e4ischen Dialog<\/em>. Beitr\u00e4ge zum Kongress Krakau 2006. Herausgegeben von Norbert Fries &amp; Christiane Fries. Online 2006.<\/p>\n<p style=\"text-align: left\">2006: Deutsche subjektlose Passivkonstruktionen und \u201e<em>man<\/em>-S\u00e4tze\u201c im Vergleich zu ihren Entsprechungen im Litauischen. Lucyna Wille\/Jaromin Homa (Hrsg.).<em> Menschen \u2013 Sprachen \u2013 Kulturen<\/em>, Marburg: Tectum Verlag, 379-387.<\/p>\n<p style=\"text-align: left\">2005: Einzelsprachliche Realisierungen des Subjekt-Impersonals: Das Beispiel deutscher <em>man<\/em>-S\u00e4tze und ihrer Entsprechungen im Litauischen. <em>Kalbotyra<\/em> 55 (3), 81-90. <a href=\"https:\/\/www.ceeol.com\/search\/article-detail?id=254367\">CEEOL<\/a><\/p>\n<p style=\"text-align: left\">2003: Entsprechungen der deutschen S\u00e4tze mit dem <em>sein<\/em>-Passiv im Litauischen. <em>Kalbotyra<\/em> 53 (3), 135-143.<\/p>\n<p style=\"text-align: left\">2001: Entsprechungen der deutschen S\u00e4tze mit dem werden-Passiv im Litauischen. <em>Kalbotyra<\/em> 50 (3), 103-112.<\/p>\n<p style=\"text-align: left\">2000: Funktionale Satzperspektive in deutschen Passivs\u00e4tzen und Entsprechungen im Litauischen. <em>Kalbotyra<\/em> 49 (3), 139-145.<\/p>\n<p style=\"text-align: left\">2000: Zur grammatischen Semantik der Partizipien in deutschen und litauischen Passivkonstruktionen. <em>Language Learning\/Teaching in the Context of Social Changes<\/em> 1. Kaunas: Technologija, 59-62.<\/p>\n<p style=\"text-align: left\"><strong>Mokymo priemon\u0117s:<\/strong><\/p>\n<p style=\"text-align: left\">2017: <em><a href=\"http:\/\/web.vu.lt\/flf\/v.zeimantiene\/publikacijos\/deutsche-lerngrammatik-masiulionyte-zeimantiene\/\" rel=\"attachment wp-att-1453\">Deutsche Lerngrammatik unter Ber\u00fccksichtigung des Litauischen: Der verbale Bereich<\/a><\/em>.\u00a0Vilnius: Vilniaus universiteto leidykla. (su<strong> Virginija Masiulionyte<\/strong>)<\/p>\n<p style=\"text-align: left\">2012: <em>S\u00e4tze und Satzglieder im Deutschen. Arbeitsheft zur deutschen Syntax unter Ber\u00fccksichtigung des Litauischen<\/em>. Vilnius: Vilniaus universiteto leidykla. (su<strong> Skaiste Volungevi\u010diene<\/strong>)<\/p>\n<p style=\"text-align: left\">2012. <em>KoGloss: kollaborative korpusbasierte Konstruktionsglossare im Fremdsprachenerwerb der Hochschulen und im Beruf<\/em>. U. Ha\u00df, S. Engert, H. Gollan, A. Petschenka, D. G\u00fcr, V. Sirbu, J. Steube, J. Wrede, E. Zitta, A. Arold, T. Loogus, S. Aluoja, K. Antzon, P. Rinne, D. Katinas, E. Kontutyt\u0117, V. Masiulionyt\u0117, L. Plau\u0161inaityt\u0117, V. \u017deimantien\u0117, A. Isilionis, S. Volungevi\u010dien\u0117, D. Lele-Rozentale, S. Blumberga, A. Dubova, E. Proveja, I. Skripa\u010denoka. Duisburg-Essen, Tartu, Vilnius, Ventspils:\u00a0KoGloss. <a href=\"http:\/\/dspace.ut.ee\/bitstream\/handle\/10062\/28881\/Manual_DE.pdf\">PDF<\/a><\/p>\n<p style=\"text-align: left\">2012: KoGloss: collaborative corpus-based construction glossaries for foreign language learning in academia and advanced training. U. Ha\u00df, S. Engert, H. Gollan, A. Petschenka, D. G\u00fcr, V. Sirbu, J. Steube, J. Wrede, E. Zitta, A. Arold, T. Loogus, S. Aluoja, K. Antzon, P. Rinne, D. Katinas, E. Kontutyt\u0117, V. Masiulionyt\u0117, L. Plau\u0161inaityt\u0117, V. \u017deimantien\u0117, A. Isilionis, S. Volungevi\u010dien\u0117, D. Lele-Rozentale, S. Blumberga, A. Dubova, E. Proveja, I. Skripa\u010denoka. Duisburg-Essen, Tartu, Vilnius, Ventspils: KoGloss. <a href=\"http:\/\/dspace.ut.ee\/bitstream\/handle\/10062\/28890\/Manual_ENG.pdf\">PDF<\/a><\/p>\n<p style=\"text-align: left\"><strong>Sudaryti leidiniai:<\/strong><\/p>\n<p>2025: <a href=\"https:\/\/www.journals.vu.lt\/kalbotyra\/lt\/issue\/view\/2883\"><em>Kalbotyra<\/em><\/a> 78 (2025). Mokslo \u017eurnalas. Jolanta \u0160ink\u016bnien\u0117, Vaiva \u017deimantien\u0117, atsakingosios redaktor\u0117s. Vilnius: Vilniaus universiteto leidykla.<\/p>\n<p>2024: <a href=\"https:\/\/www.journals.vu.lt\/kalbotyra\/issue\/view\/2511\"><em>Kalbotyra<\/em><\/a> 77 (2024). Mokslo \u017eurnalas. Jolanta \u0160ink\u016bnien\u0117, Vaiva \u017deimantien\u0117, atsakingosios redaktor\u0117s. Vilnius: Vilniaus universiteto leidykla.<\/p>\n<p>2024: B\u00e4cker, Iris, Justina Daunorien\u0117, Lina Plau\u0161inaityt\u0117, Vaiva \u017deimantien\u0117, Hg. <em><span data-contrast=\"auto\">XIII.<\/span> Nordisch-Baltisches Germanistik-Treffen 2024, Universit\u00e4t Vilniu<\/em><span data-contrast=\"auto\">s<\/span><span data-contrast=\"auto\">, <\/span><span data-contrast=\"auto\">Abstracts<\/span><span data-contrast=\"auto\">. Vilnius: Vilnius University Press, pp. 76. (<\/span><span data-contrast=\"auto\">Vilnius University Proceedings<\/span> <span data-contrast=\"none\">47<\/span><span data-contrast=\"auto\">) <a href=\"https:\/\/www.zurnalai.vu.lt\/proceedings\/article\/view\/35636\">PDF<\/a><\/span><\/p>\n<p>2023: <a href=\"https:\/\/www.journals.vu.lt\/kalbotyra\/issue\/view\/2385\"><em>Kalbotyra<\/em><\/a> 76 (2023). Mokslo \u017eurnalas. Jolanta \u0160ink\u016bnien\u0117, Vaiva \u017deimantien\u0117, atsakingosios redaktor\u0117s. Vilnius: Vilniaus universiteto leidykla.<\/p>\n<p style=\"text-align: left\">2021: <i>Studies in Baltic and other Languages.\u00a0<\/i><i>A Festschrift for Axel Holvoet on the occasion of his 65th birthday.\u00a0<\/i>Peter Arkadiev, Jurgis Pakerys, Inesa \u0160e\u0161kauskien\u0117, Vaiva \u017deimantien\u0117, eds. Vilnius: Vilnius University Press.\u00a0\u00a0(<a href=\"https:\/\/www.zurnalai.vu.lt\/open-series\/issue\/view\/1914\">Vilnius University Open Series 16<\/a>)<\/p>\n<p style=\"text-align: left\">2020: <em>Germanistik f\u00fcr den Beruf<\/em>. Ulrike Ha\u00df,\u00a0Vaiva \u017deimantien\u0117,\u00a0Egl\u0117 Kontutyt\u0117, Hrsg.\u00a0Berlin, Bern, Bruxelles, New York, Oxford, Warszawa, Wien: Peter Lang. doi: https:\/\/doi.org\/10.3726\/b16605 (Forum Angewandte Linguistik \u2013 F.A.L. 64)<\/p>\n<p style=\"text-align: left\">2016:\u00a0<em>Sprache in der Wissenschaft. Germanistische Einblicke.<\/em> Egl\u0117 Kontutyt\u0117, Vaiva \u017deimantien\u0117, Hrsg. Frankfurt am Main: Peter Lang. doi: https:\/\/doi.org\/10.3726\/978-3-653-05843-7 (Duisburger Arbeiten zur Sprach- und Kulturwissenschaft 111)<\/p>\n<p style=\"text-align: left\">2011: <em>\u201eIch war immer zwischen Ost und West&#8230;\u201c Grenz\u00fcberschreitende Beitr\u00e4ge zur Sprache und Literatur. Gedenkschrift f\u00fcr Ina Meiksinait\u0117 zum 90. Geburtstag<\/em>. Hrsg. von Vaiva \u017deimantien\u0117. Vilnius: Vilniaus universiteto leidykla, 2011.<\/p>\n<p style=\"text-align: left\"><strong>Mokslo recenzijos:<\/strong><\/p>\n<p style=\"text-align: left\">2018: Rolandas Mikulskas. Copular constructions in Lithuanian, Amsterdam, Philadelphia: John Benjamins, 2017 [recenzija]. \u017deimantien\u0117, Vaiva. In: <em>Baltistica<\/em> 2018, T. 53, Nr. 2. 331-339. doi: 10.15388\/Baltistica.53.2.2362 <a href=\"http:\/\/www.baltistica.lt\/index.php\/baltistica\/article\/view\/2362\/2310\">PDF<\/a><\/p>\n<p style=\"text-align: left\"><strong>Kita:<\/strong><\/p>\n<p style=\"text-align: left\">2025: <span data-olk-copy-source=\"MessageBody\">Germanistische Institutspartnerschaft Universit\u00e4t Vilnius (VU)-Universit\u00e4t Duisburg-Essen (UDE). <em>Informationen Deutsch als Fremdsprache<\/em>,\u00a0vol. 52, no. 1, 60\u201368. (su <strong>Ulrike Ha\u00df<\/strong>) DOI: <a class=\"x_product_url\" title=\"https:\/\/degruyter.com\/document\/doi\/10.1515\/infodaf-2025-0011\/html\" href=\"https:\/\/degruyter.com\/document\/doi\/10.1515\/infodaf-2025-0011\/html\" target=\"_blank\" rel=\"noopener noreferrer\" data-auth=\"NotApplicable\" data-linkindex=\"5\" data-olk-copy-source=\"MessageBody\">10.1515\/infodaf-2025-0011<\/a><\/span><\/p>\n<p>2023: 55 Jahre Lehrstuhl f\u00fcr Deutsche Philologie an der Universit\u00e4t Vilnius. Ein Blick zur\u00fcck. <em>Kalbotyra<\/em> 76, 143\u2013154. (su <strong>Egle Kontutyte<\/strong>) <a href=\"https:\/\/www.journals.vu.lt\/kalbotyra\/article\/view\/34295\/32750\">PDF<\/a><\/p>\n<p>2023: In memoriam Irena Marija Norkaitien\u0117 (1943\u20132023). <em>Kalbotyra<\/em> 76, 140\u2013142. <a href=\"https:\/\/www.journals.vu.lt\/kalbotyra\/article\/view\/34294\/32748\">PDF<\/a><\/p>\n<p style=\"text-align: left\">2023: Deutschlehrerpreis 2022: Sprachen, die man auf der Schulbank lernt, begleiten den Menschen das ganze Leben lang. <a href=\"https:\/\/ldv.lt\/images\/PDF\/Miteinander\/2023_Sommer\/Miteinander_Nr_66.pdf\"><em>Miteinander. Informationen des Litauischen Deutschlehrerverbands<\/em><\/a> 1\/2023 (66), 19-20. (su<strong> Justina Daunoriene<\/strong>)<\/p>\n<p style=\"text-align: left\">2022: Korpuskompetenz und Korpusdidaktik: Neues Wissen f\u00fcr Germanistiklehrende und Germanistikstudierende.<em> <a href=\"https:\/\/www.ldv.lt\/images\/PDF\/Miteinander\/2022_Herbst\/Miteinander_2022_Heft_2_Nr_65_digital.pdf\">Miteinander. Informationen des Litauischen Deutschlehrerverbands<\/a><\/em> 2\/2022 (65), 14-16.<\/p>\n<p style=\"text-align: left\">2021: Digitales Deutsch: Eine online Diskussion \u00fcber neue Herausforderungen und M\u00f6glichkeiten. <em>Miteinander.\u00a0Informationen des Litauischen Deutschlehrerverbands<\/em> 2\/2021 (63), 15-17. <a href=\"https:\/\/ldv.lt\/images\/PDF\/Miteinander\/2021_Herbst\/Miteinander_Nr_63_digital_r.pdf\">PDF<\/a><\/p>\n<p style=\"text-align: left\">2020:\u00a0Germanistik und Germanistikstudium: Berufliche Perspektiven und M\u00f6glichkeiten mit Deutsch in den Baltischen L\u00e4ndern. <em>Miteinander. Informationen des Litauischen Deutschlehrerverbands <\/em>2\/2020 (61), 26-27. <a href=\"https:\/\/www.ldv.lt\/images\/PDF\/Miteinander\/2020_Herbst\/Miteinander_2020_Nr._61_digital.pdf\">PDF<\/a><\/p>\n<p style=\"text-align: left\">2019:\u00a0Internationale wissenschaftliche Tagung an der Universit\u00e4t Vilnius \u201eFeste Wortverbindungen in Forschung und Lehre. Phraseologismen, Kollokationen und Verwandtes. In Erinnerung an Saulius Lapinskas (1954\u20132014)\u201c. <em>Miteinander<\/em> 2\/2019 (59), 28-29. (su<strong> Justina Daunoriene<\/strong>)<\/p>\n<p style=\"text-align: left\">2016: Sprache in der Wissenschaft: Germanistische Einblicke. Internationale wissenschaftliche Tagung an der Universit\u00e4t Vilnius.<em> Jahrbuch Deutsch als Fremdsprache. Intercultural German Studies<\/em> 40 (2014). IUDICIUM Verlag. 341-346.\u00a0(su<strong> Egle Kontutyte<\/strong>)<\/p>\n<p style=\"text-align: left\">2014: Kur baigiasi nacionalin\u0117 ir prasideda angl\u0173 kalba. <a href=\"https:\/\/www.goethe.de\/ins\/lt\/lt\/kul\/mag\/20548749.html\">https:\/\/www.goethe.de\/ins\/lt\/lt\/kul\/mag\/20548749.html<\/a>,<br \/>\n<a href=\"https:\/\/www.goethe.de\/ins\/lt\/de\/kul\/mag\/20548749.html\">https:\/\/www.goethe.de\/ins\/lt\/de\/kul\/mag\/20548749.html<\/a><\/p>\n<p style=\"text-align: left\">2011: Bibliografie von Ina Meiksinait\u0117.<em> \u201eIch war immer zwischen Ost und West&#8230;\u201c Grenz\u00fcberschreitende Beitr\u00e4ge zur Sprache und Literatur. Gedenkschrift f\u00fcr Ina Meiksinait\u0117 zum 90. Geburtstag<\/em>. Vaiva \u017deimantien\u0117, Hg. Vilnius: Vilniaus universiteto leidykla, 14-19. (su<strong> Brone Stund\u017eiene<\/strong>)<\/p>\n<p style=\"text-align: left\">2009: Anglistik und Germanistik an der Universit\u00e4t Vilnius: internationaler Dialog \u00fcber Tradition und Perspektiven (18.-20. September 2008). <em>Triangulum<\/em>. 205-208. (su<strong> Inesa \u0160e\u0161kauskiene<\/strong>)<\/p>\n<p style=\"text-align: left\">2009: Bibliographie zum Deutsch-Litauischen Sprachvergleich (1974-2008). <em>Kalbotyra <\/em>60 (3), 112-120. <a href=\"http:\/\/www.zurnalai.vu.lt\/kalbotyra\/article\/view\/7633\/5509\">PDF<\/a><\/p>\n","protected":false},"excerpt":{"rendered":"<p>Straipsniai mokslo leidiniuose: 2024: Eine korpusgest\u00fctzte Untersuchung zu deutschen nachdem-S\u00e4tzen: Tempusformen, Funktionen und formelhafte Muster.\u00a0Einheit des Faches \u2013 Vielfalt der Perspektiven. Ausgew\u00e4hlte Beitr\u00e4ge zum XII. Nordisch-Baltischen Germanistentreffen in Reykjav\u00edk vom 8. \u2013 10. Juni 2022. Oddn\u00fd G. Sverrisd\u00f3ttir, Frank Thomas Grub, Ewald Reuter, Hrsg.\u00a0Berlin: Peter Lang. 71\u201382. (Nordeurop\u00e4ische Arbeiten zur Literatur, Sprache und Kultur 18) [&hellip;]<\/p>\n","protected":false},"author":16,"featured_media":0,"parent":0,"menu_order":2,"comment_status":"closed","ping_status":"open","template":"","meta":[],"_links":{"self":[{"href":"http:\/\/web.vu.lt\/flf\/v.zeimantiene\/wp-json\/wp\/v2\/pages\/6"}],"collection":[{"href":"http:\/\/web.vu.lt\/flf\/v.zeimantiene\/wp-json\/wp\/v2\/pages"}],"about":[{"href":"http:\/\/web.vu.lt\/flf\/v.zeimantiene\/wp-json\/wp\/v2\/types\/page"}],"author":[{"embeddable":true,"href":"http:\/\/web.vu.lt\/flf\/v.zeimantiene\/wp-json\/wp\/v2\/users\/16"}],"replies":[{"embeddable":true,"href":"http:\/\/web.vu.lt\/flf\/v.zeimantiene\/wp-json\/wp\/v2\/comments?post=6"}],"version-history":[{"count":107,"href":"http:\/\/web.vu.lt\/flf\/v.zeimantiene\/wp-json\/wp\/v2\/pages\/6\/revisions"}],"predecessor-version":[{"id":2415,"href":"http:\/\/web.vu.lt\/flf\/v.zeimantiene\/wp-json\/wp\/v2\/pages\/6\/revisions\/2415"}],"wp:attachment":[{"href":"http:\/\/web.vu.lt\/flf\/v.zeimantiene\/wp-json\/wp\/v2\/media?parent=6"}],"curies":[{"name":"wp","href":"https:\/\/api.w.org\/{rel}","templated":true}]}}