{"id":2,"date":"2009-03-02T15:13:26","date_gmt":"2009-03-02T13:13:26","guid":{"rendered":""},"modified":"2019-01-14T13:51:05","modified_gmt":"2019-01-14T11:51:05","slug":"apie","status":"publish","type":"page","link":"http:\/\/web.vu.lt\/flf\/v.zeimantiene\/apie\/","title":{"rendered":"Apie mane \/ About me"},"content":{"rendered":"<p>dr. Vaiva \u017deimantien\u0117<br \/>\ndocent\u0117, Vokie\u010di\u0173 filologijos katedros ved\u0117ja\/ Department of German Philology<\/p>\n<p>Baltijos kalb\u0173 ir kult\u016br\u0173 institutas \/\u00a0Institute for the Languages and Cultures of the Baltic<br \/>\nFilologijos fakultetas \/ Faculty of Philology<br \/>\nVilniaus universitetas \/ Vilnius University<br \/>\nUniversiteto g. 5<br \/>\nLT-01513 Vilnius<br \/>\nTel. 00370 5 2687230<\/p>\n<p>vaiva.zeimantiene@flf.vu.lt<\/p>\n","protected":false},"excerpt":{"rendered":"<p>dr. Vaiva \u017deimantien\u0117 docent\u0117, Vokie\u010di\u0173 filologijos katedros ved\u0117ja\/ Department of German Philology Baltijos kalb\u0173 ir kult\u016br\u0173 institutas \/\u00a0Institute for the Languages and Cultures of the Baltic Filologijos fakultetas \/ Faculty of Philology Vilniaus universitetas \/ Vilnius University Universiteto g. 5 LT-01513 Vilnius Tel. 00370 5 2687230 vaiva.zeimantiene@flf.vu.lt<\/p>\n","protected":false},"author":16,"featured_media":0,"parent":0,"menu_order":0,"comment_status":"closed","ping_status":"open","template":"","meta":[],"_links":{"self":[{"href":"http:\/\/web.vu.lt\/flf\/v.zeimantiene\/wp-json\/wp\/v2\/pages\/2"}],"collection":[{"href":"http:\/\/web.vu.lt\/flf\/v.zeimantiene\/wp-json\/wp\/v2\/pages"}],"about":[{"href":"http:\/\/web.vu.lt\/flf\/v.zeimantiene\/wp-json\/wp\/v2\/types\/page"}],"author":[{"embeddable":true,"href":"http:\/\/web.vu.lt\/flf\/v.zeimantiene\/wp-json\/wp\/v2\/users\/16"}],"replies":[{"embeddable":true,"href":"http:\/\/web.vu.lt\/flf\/v.zeimantiene\/wp-json\/wp\/v2\/comments?post=2"}],"version-history":[{"count":14,"href":"http:\/\/web.vu.lt\/flf\/v.zeimantiene\/wp-json\/wp\/v2\/pages\/2\/revisions"}],"predecessor-version":[{"id":2079,"href":"http:\/\/web.vu.lt\/flf\/v.zeimantiene\/wp-json\/wp\/v2\/pages\/2\/revisions\/2079"}],"wp:attachment":[{"href":"http:\/\/web.vu.lt\/flf\/v.zeimantiene\/wp-json\/wp\/v2\/media?parent=2"}],"curies":[{"name":"wp","href":"https:\/\/api.w.org\/{rel}","templated":true}]}}