{"id":14,"date":"2011-04-21T14:13:16","date_gmt":"2011-04-21T12:13:16","guid":{"rendered":"http:\/\/web.vu.lt\/flf\/v.zeimantiene\/"},"modified":"2026-02-16T17:14:37","modified_gmt":"2026-02-16T15:14:37","slug":"projektai","status":"publish","type":"page","link":"http:\/\/web.vu.lt\/flf\/v.zeimantiene\/projektai\/","title":{"rendered":"Projektai \/ Projects"},"content":{"rendered":"<p><span class=\"cf0\">2025<span class=\"Numatytasispastraiposriftas\">\u2013<\/span>2027 m.<\/span><span class=\"cf1\"> Lietuvos mokslo tarybos pagal <\/span><span class=\"cf2\">Lituanistikos 2025<span class=\"Numatytasispastraiposriftas\">\u2013<\/span>2030 m. program<\/span><span class=\"cf1\">\u0105 (sutarties Nr.<\/span>\u00a0<span class=\"cf1\">P-LISs-25-62) finansuojamo projekto \u201eMokslo \u017eurnalo KALBOTYRA leidyba ir sklaida<span class=\"Numatytasispastraiposriftas\">\u201c koordinator\u0117. <a href=\"https:\/\/www.journals.vu.lt\/kalbotyra\/lt\/\"><em>Kalbotyra<\/em><\/a><\/span><\/span><\/p>\n<p>Hamburgo ir Vilniaus universitet\u0173 germanistikos katedr\u0173 bendradarbiavimo projektas \u201eTekstyn\u0173 didaktika ir tekstynais gr\u012fsti stabili\u0173j\u0173 jungini\u0173 tyrimai\u201c (\u201e<a href=\"https:\/\/www.korpuslab.uni-hamburg.de\/kodi-fs\/\">Korpusdidaktik f\u00fcr formelhafte Sprache (KoDi-FS)<\/a>\u201c). Projekto vadov\u0117 prof. dr. Heike Zinsmeister (Hamburgo universitetas), projekto koordinator\u0117s Vilniaus universitete Vaiva \u017deimantien\u0117 ir Skaist\u0117 Volungevi\u010dien\u0117. 2025<span class=\"Numatytasispastraiposriftas\">\u20132027. Projekt\u0105 finansuoja Vokietijos akademini\u0173 main\u0173 tarnyba (Deutscher Akademischer Austauschdienst, DAAD). <\/span><a href=\"https:\/\/www.korpuslab.uni-hamburg.de\/kodi-fs\/\">Projekto svetain\u0117<\/a><\/p>\n<p class=\"TableContents\">Hamburgo ir Vilniaus universitet\u0173 germanistikos katedr\u0173 bendradarbiavimo projektas \u201eTekstyn\u0173 didaktika ir tekstynais gr\u012fsti stabili\u0173j\u0173 jungini\u0173 tyrimai\u201c (\u201e<a href=\"https:\/\/www.korpuslab.uni-hamburg.de\/kodi-fs\/archiv-aktivitaeten-2022-2024.html\">Korpusdidaktik f\u00fcr formelhafte (Fach)Sprache (KoDi-FS)<\/a>\u201c). Projekto vadov\u0117 prof. dr. Heike Zinsmeister (Hamburgo universitetas), projekto koordinator\u0117s Vilniaus universitete Vaiva \u017deimantien\u0117 ir Skaist\u0117 Volungevi\u010dien\u0117. 2022<span class=\"Numatytasispastraiposriftas\">\u20132024. Projekt\u0105 finansuoja Vokietijos akademini\u0173 main\u0173 tarnyba (Deutscher Akademischer Austauschdienst, DAAD). <\/span><a href=\"https:\/\/www.korpuslab.uni-hamburg.de\/kodi-fs\/archiv-aktivitaeten-2022-2024.html\">Projekto svetain\u0117<\/a><\/p>\n<p class=\"TableContents\">Europos S\u0105jungos socialinio fondo\u00a0<span class=\"Numatytasispastraiposriftas\">MTEP projekto \u201eBalt\u0173 kalb\u0173 veiksma\u017eodis: gramemos, kategorijos, domenai\u201c vykdytoja.\u00a0 Tyrimo grup\u0117s\u00a0vadovas prof. dr. Axel Holvoet.\u00a02018 sausis\u20132021 gruodis.<br \/>\nProjekto Nr.: 9.3.3-LMT-K-712-01-0071<br \/>\n<a href=\"https:\/\/www.academiasalensis.org\/projektai\/baltu-kalbu-veiksmazodis-gramemos-kategorijos-domenai\/\">Projekto apra\u0161ymas<\/a><\/span><\/p>\n<p>Valstybin\u0117s lituanistini\u0173 tyrim\u0173 ir sklaidos 2016\u20132024 met\u0173 programos III kvietimo 1 konkurso projekto \u201eAcademia Salensis Quinta Decima\u201c vykdytoja. Projekto trukm\u0117 2018-04-01\u20132018-12-31.<\/p>\n<p>LMT paramos asociacijoms projekto \u201eInformacijos apie asociacijos \u201eAcademia Salensis\u201c veikl\u0105 sklaida\u201c koordinator\u0117. Projekto trukm\u0117 2013-06-01\u20132013-12-31. Projekto Nr. ACO-17\/2013<\/p>\n<p>Mokymosi vis\u0105 gyvenim\u0105 (LLP) programos daugia\u0161alio kalb\u0173 projekto \u201eKoGloss: Konstrukcij\u0173 glosarijai besimokantiems dalykin\u0117s kalbos \u2013 vokie\u010di\u0173, est\u0173, latvi\u0173, lietuvi\u0173\u201c koordinator\u0117 VU, vykdytoja.\u00a02011-01-01\u20132012-12-31. Projekto Nr.: 511437-LLP-1- 2010-1-DE-KA2-KA2MP<br \/>\n<a title=\"KoGloss\" href=\"http:\/\/www.uni-due.de\/kogloss.eu\/index_lt.php\">Projekto svetain\u0117<\/a>\u00a0<a href=\"https:\/\/www.uni-due.de\/kogloss.eu\/index_en.php\">About<\/a><\/p>\n<p>Lietuvos Respublikos Kult\u016bros ministerijos Kult\u016bros r\u0117mimo fondo projekto \u201eAnglistika ir germanistika Lietuvoje ir u\u017e jos rib\u0173: tradicija ir \u0161iandienos i\u0161\u0161\u016bkiai\u201c koordinator\u0117, 2008-07-14\u20132008-12-20.<br \/>\nProjekto Nr.: KRF-S-349\/LSS-180000-1407<\/p>\n<p>ES Leonardo da Vin\u010dio Mobilumo projekto \u201eU\u017esienio kalba kaip profesin\u0117 (teis\u0117s, verslo) kalba \u2013 inovacin\u0117s kryptys ir d\u0117stytoj\u0173 profesin\u0117s kompetencijos pl\u0117tra\u201c koordinator\u0117, vykdytoja. 2006-06-01\u20132007-11-30.<br \/>\nProjekto Nr.: LT\/06\/EX\/2\/1051<\/p>\n","protected":false},"excerpt":{"rendered":"<p>2025\u20132027 m. Lietuvos mokslo tarybos pagal Lituanistikos 2025\u20132030 m. program\u0105 (sutarties Nr.\u00a0P-LISs-25-62) finansuojamo projekto \u201eMokslo \u017eurnalo KALBOTYRA leidyba ir sklaida\u201c koordinator\u0117. Kalbotyra Hamburgo ir Vilniaus universitet\u0173 germanistikos katedr\u0173 bendradarbiavimo projektas \u201eTekstyn\u0173 didaktika ir tekstynais gr\u012fsti stabili\u0173j\u0173 jungini\u0173 tyrimai\u201c (\u201eKorpusdidaktik f\u00fcr formelhafte Sprache (KoDi-FS)\u201c). Projekto vadov\u0117 prof. dr. Heike Zinsmeister (Hamburgo universitetas), projekto koordinator\u0117s Vilniaus universitete [&hellip;]<\/p>\n","protected":false},"author":16,"featured_media":0,"parent":0,"menu_order":4,"comment_status":"closed","ping_status":"open","template":"","meta":[],"_links":{"self":[{"href":"http:\/\/web.vu.lt\/flf\/v.zeimantiene\/wp-json\/wp\/v2\/pages\/14"}],"collection":[{"href":"http:\/\/web.vu.lt\/flf\/v.zeimantiene\/wp-json\/wp\/v2\/pages"}],"about":[{"href":"http:\/\/web.vu.lt\/flf\/v.zeimantiene\/wp-json\/wp\/v2\/types\/page"}],"author":[{"embeddable":true,"href":"http:\/\/web.vu.lt\/flf\/v.zeimantiene\/wp-json\/wp\/v2\/users\/16"}],"replies":[{"embeddable":true,"href":"http:\/\/web.vu.lt\/flf\/v.zeimantiene\/wp-json\/wp\/v2\/comments?post=14"}],"version-history":[{"count":27,"href":"http:\/\/web.vu.lt\/flf\/v.zeimantiene\/wp-json\/wp\/v2\/pages\/14\/revisions"}],"predecessor-version":[{"id":2417,"href":"http:\/\/web.vu.lt\/flf\/v.zeimantiene\/wp-json\/wp\/v2\/pages\/14\/revisions\/2417"}],"wp:attachment":[{"href":"http:\/\/web.vu.lt\/flf\/v.zeimantiene\/wp-json\/wp\/v2\/media?parent=14"}],"curies":[{"name":"wp","href":"https:\/\/api.w.org\/{rel}","templated":true}]}}