{"id":370,"date":"2023-01-13T11:14:14","date_gmt":"2023-01-13T09:14:14","guid":{"rendered":"https:\/\/web.vu.lt\/flf\/v.masiulionyte\/?page_id=370"},"modified":"2025-12-20T12:09:08","modified_gmt":"2025-12-20T10:09:08","slug":"pranesimai-seminaruose-workshops","status":"publish","type":"page","link":"http:\/\/web.vu.lt\/flf\/v.masiulionyte\/konferencijos\/pranesimai-seminaruose-workshops\/","title":{"rendered":"Prane\u0161imai seminaruose \/ Workshops"},"content":{"rendered":"\n<p>Diana \u0160ileikait\u0117-Kaishauri, Virginija Masiulionyt\u0117. <a href=\"https:\/\/arqus-alliance.eu\/event\/arqus-ai-in-teaching-learning-3\/\">Creativity Meets Technology: Using AI to Design Engaging Tasks in Teaching German at Vilnius University<\/a>. Arqus workshop series \u201cAI in teaching &amp; learning: International perspectives and best practices\u201d, Online Workshop (Zoom), 19 December 2025.<\/p>\n<p>Virginija Masiulionyt\u0117, Inesa \u0160e\u0161kauskien\u0117, Jurga Cibulskien\u0117. <a href=\"https:\/\/gfds.de\/events\/framing-im-oeffentlichen-diskurs\/\">Framing im \u00f6ffentlichen Diskurs: Cross-linguistische Perspektiven auf gegenw\u00e4rtige Konflikte<\/a>. <em>GfdS<\/em> (<em>Gesellschaft f\u00fcr deutsche Sprache e.\u2009V.<\/em>) <em>Zweig Vilnius<\/em>, \u201eMS Teams\u201c. 2025 m. lapkri\u010dio 24 d.<\/p>\n<p>Inesa \u0160e\u0161kauskien\u0117, Jurga Cibulskien\u0117, Virginija Masiulionyt\u0117, Vilnius University Constructing the country\u2019s identity through figurative labels: Four perspectives. <em>LTS: Language Thought and Society: an exploration of identities through Cognitive (Socio)Linguistics.<\/em> Online Workshop (Zoom). 15 &amp; 16 March 2025.<\/p>\n<p>Virginija Masiulonyt\u0117, Diana \u0160ileikait\u0117-Kaishauri. VU Germanistische Studienprogramme und Lehrerausbildung an der Universit\u00e4t Vilnius. Curricula f\u00fcr die \u201eGeneration KI\u201c neu denken? Projekto <em>Unistart Deutsch@NBL<\/em> seminaras, Vilniaus universitetas, 2024\u00a0m. bir\u017eelio 11\u00a0d.<\/p>\n<p>Virginija Masiulionyt\u0117, Diana \u0160ileikait\u0117-Kaishauri. K\u00fcnstliche Intelligenz im universit\u00e4ren Bereich: regulatorische Aspekte. <em><a href=\"https:\/\/www.korpuslab.uni-hamburg.de\/kodi-fs\/aktivitaeten\/workshop-3\/kodi-fs-workshop-2024-programm.pdf\">Generative KI, neue Studienformen und Curricula-Entwicklung<\/a><\/em>. Vilniaus universitetas, 2024\u00a0m. kovo 25\u201326\u00a0d.<\/p>\n<p>Virginija Masiulionyt\u0117, Diana \u0160ileikait\u0117-Kaishauri. Vokie\u010di\u0173 kalba interaktyviai. <em><a href=\"https:\/\/intranet.vu.lt\/aktualijos\/1930-renginys-sveskime-kurybiskuma-edukacines-iniciatyvos-2023\">VU Edukacini\u0173 iniciatyv\u0173 renginys \u201e\u0160V\u0118SKIME K\u016aRYBI\u0160KUM\u0104: edukacin\u0117s iniciatyvos 2023\u201c<\/a><\/em>. Vilniaus universitetas, 2023 m. spalio 27 d.<\/p>\n<p>Virginija Masiulionyt\u0117, Jurga Cibulskien\u0117, Inesa \u0160e\u0161kauskien\u0117. Labeling im \u00f6ffentlichen politischen Diskurs: Ermittlung von Mustern und M\u00f6glichkeiten des Einsatzes im DaF-Unterricht. Fallbeispiel Belarus-Krise 2021. <a href=\"_wp_link_placeholder\" data-wplink-edit=\"true\"><em>Korpusgest\u00fctzte Fachphraseologie<\/em><\/a>. Universit\u00e4t Hamburg, 2023 m. bir\u017eelio 15\u201316 d.<\/p>\n<p>Virginija Masiulionyt\u0117, Jurga Cibulskien\u0117, Inesa \u0160e\u0161kauskien\u0117. Etiket\u0117s Baltarusijos \u012fvyki\u0173 diskurse. Po\u017ei\u016brio klausimas? <a href=\"https:\/\/litaka.lt\/2022\/12\/19\/asociacijos-seminaras-7\/\">Lietuvos taikomosios kalbotyros asociacijos (LITAKA) seminaras, 2023\u00a0m. sausio 12\u00a0d<\/a>.<\/p>\n<p>Virginija Masiulionyt\u0117, Diana \u0160ileikait\u0117-Kaishauri. Studienm\u00f6glichkeiten mit Deutsch an der VU und Berufsperspektiven. Projekto <em>Unistart Deutsch@NBL<\/em> seminaras, 2021\u00a0m. gegu\u017e\u0117s 6\u00a0d., \u201eZoom\u201c.<\/p>\n<p>Virginija Masiulionyt\u0117. Berufsbilder litauischer Germanist(inn)en. Untersuchung zum beruflichen Verbleib der Absolvent(inn)en der Universit\u00e4t Vilnius 2002\u20132018. <em>Workshop GIPs vernetzen<\/em>. Duisburgo-Eseno universitetas (Universit\u00e4t Duisburg-Essen, Vokietija), 2019\u00a0m. bir\u017eelio 18\u201119\u00a0d.<\/p>\n<p>Virginija Masiulionyt\u0117, Diana \u0160ileikait\u0117-Kaishauri. VU vokie\u010di\u0173 filologijos absolven\u010di\u0173 (-t\u0173) karjeros steb\u0117senos tyrimas ir rezultatai. <em>BKKI seminaras<\/em>. 2019\u00a0m. baland\u017eio 12\u00a0d.<\/p>\n<p>Inesa \u0160e\u0161kauskien\u0117, Virginija Masiulionyt\u0117. Ironija FB komentaruose lietuvi\u0173 kalbos ir kalbos politikos Lietuvoje tema. <em>Seminaras pas skandinavistus<\/em>. 2016\u00a0m. gruod\u017eio 9\u00a0d.<\/p>\n<p>Virginija Masiulionyt\u0117. Symbole der Grenze in der deutschen und litauischen Phraseologie. <em>Kolloquium Deutsche Sprachwissenschaft<\/em>. Vilniaus universitetas, 2005\u00a0m. gegu\u017e\u0117s 12\u00a0d.<\/p>\n","protected":false},"excerpt":{"rendered":"<p>Diana \u0160ileikait\u0117-Kaishauri, Virginija Masiulionyt\u0117. Creativity Meets Technology: Using AI to Design Engaging Tasks in Teaching German at Vilnius University. Arqus workshop series \u201cAI in teaching &amp; learning: International perspectives and best practices\u201d, Online Workshop (Zoom), 19 December 2025. Virginija Masiulionyt\u0117, Inesa \u0160e\u0161kauskien\u0117, Jurga Cibulskien\u0117. Framing im \u00f6ffentlichen Diskurs: Cross-linguistische Perspektiven auf gegenw\u00e4rtige Konflikte. GfdS (Gesellschaft [&hellip;]<\/p>\n","protected":false},"author":15,"featured_media":0,"parent":12,"menu_order":2,"comment_status":"closed","ping_status":"closed","template":"","meta":[],"_links":{"self":[{"href":"http:\/\/web.vu.lt\/flf\/v.masiulionyte\/wp-json\/wp\/v2\/pages\/370"}],"collection":[{"href":"http:\/\/web.vu.lt\/flf\/v.masiulionyte\/wp-json\/wp\/v2\/pages"}],"about":[{"href":"http:\/\/web.vu.lt\/flf\/v.masiulionyte\/wp-json\/wp\/v2\/types\/page"}],"author":[{"embeddable":true,"href":"http:\/\/web.vu.lt\/flf\/v.masiulionyte\/wp-json\/wp\/v2\/users\/15"}],"replies":[{"embeddable":true,"href":"http:\/\/web.vu.lt\/flf\/v.masiulionyte\/wp-json\/wp\/v2\/comments?post=370"}],"version-history":[{"count":11,"href":"http:\/\/web.vu.lt\/flf\/v.masiulionyte\/wp-json\/wp\/v2\/pages\/370\/revisions"}],"predecessor-version":[{"id":469,"href":"http:\/\/web.vu.lt\/flf\/v.masiulionyte\/wp-json\/wp\/v2\/pages\/370\/revisions\/469"}],"up":[{"embeddable":true,"href":"http:\/\/web.vu.lt\/flf\/v.masiulionyte\/wp-json\/wp\/v2\/pages\/12"}],"wp:attachment":[{"href":"http:\/\/web.vu.lt\/flf\/v.masiulionyte\/wp-json\/wp\/v2\/media?parent=370"}],"curies":[{"name":"wp","href":"https:\/\/api.w.org\/{rel}","templated":true}]}}