{"id":321,"date":"2020-04-06T16:06:49","date_gmt":"2020-04-06T14:06:49","guid":{"rendered":"http:\/\/web.vu.lt\/flf\/v.masiulionyte\/?page_id=321"},"modified":"2024-01-05T16:16:37","modified_gmt":"2024-01-05T14:16:37","slug":"sudaryti-moksliniu-straipsniu-leidiniai","status":"publish","type":"page","link":"http:\/\/web.vu.lt\/flf\/v.masiulionyte\/publikacijos\/sudaryti-moksliniu-straipsniu-leidiniai\/","title":{"rendered":"Sudaryti mokslini\u0173 straipsni\u0173 leidiniai \/ Collected volumes"},"content":{"rendered":"<p><span class=\"\">Masiulionyt\u0117, Virginija; \u0160ileikait\u0117-Kaishauri, Diana (leid.). 2023. <a href=\"https:\/\/duo.germanistik-ucm.eu\/handbuch\/\"><em>Vokie\u010di\u0173 kaip svetimosios kalbos mokymas(is) skaitmenin\u0117je erdv\u0117je. Metodin\u0117s gair\u0117s<\/em><\/a><\/span><em>. <\/em><span class=\"fontstyle0\">Universita sv. Cyrila a Metoda v Trnave<\/span><em>.<\/em><\/p>\n<p>Masiulionyt\u0117, Virginija; Volungevi\u010dien\u0117, Skaist\u0117 (Hrsg.). 2018. <em>Fremde und eigene Sprachen. Linguistische Perspektiven. \/ Foreign and <\/em><em>Own Languages. Linguistic Perspectives. Akten des 51.\u00a0Linguistischen Kolloquiums in Vilnius 2016. \/ Selected Papers of the 51<sup>st<\/sup> Linguistics Colloquium in Vilnius 2016 <\/em>(=\u00a0Linguistik International. Band 40). Frankfurt am Main u. a.: Peter Lang.<\/p>\n","protected":false},"excerpt":{"rendered":"<p>Masiulionyt\u0117, Virginija; \u0160ileikait\u0117-Kaishauri, Diana (leid.). 2023. Vokie\u010di\u0173 kaip svetimosios kalbos mokymas(is) skaitmenin\u0117je erdv\u0117je. Metodin\u0117s gair\u0117s. Universita sv. Cyrila a Metoda v Trnave. Masiulionyt\u0117, Virginija; Volungevi\u010dien\u0117, Skaist\u0117 (Hrsg.). 2018. Fremde und eigene Sprachen. Linguistische Perspektiven. \/ Foreign and Own Languages. Linguistic Perspectives. Akten des 51.\u00a0Linguistischen Kolloquiums in Vilnius 2016. \/ Selected Papers of the 51st Linguistics [&hellip;]<\/p>\n","protected":false},"author":15,"featured_media":0,"parent":19,"menu_order":4,"comment_status":"closed","ping_status":"closed","template":"","meta":[],"_links":{"self":[{"href":"http:\/\/web.vu.lt\/flf\/v.masiulionyte\/wp-json\/wp\/v2\/pages\/321"}],"collection":[{"href":"http:\/\/web.vu.lt\/flf\/v.masiulionyte\/wp-json\/wp\/v2\/pages"}],"about":[{"href":"http:\/\/web.vu.lt\/flf\/v.masiulionyte\/wp-json\/wp\/v2\/types\/page"}],"author":[{"embeddable":true,"href":"http:\/\/web.vu.lt\/flf\/v.masiulionyte\/wp-json\/wp\/v2\/users\/15"}],"replies":[{"embeddable":true,"href":"http:\/\/web.vu.lt\/flf\/v.masiulionyte\/wp-json\/wp\/v2\/comments?post=321"}],"version-history":[{"count":6,"href":"http:\/\/web.vu.lt\/flf\/v.masiulionyte\/wp-json\/wp\/v2\/pages\/321\/revisions"}],"predecessor-version":[{"id":408,"href":"http:\/\/web.vu.lt\/flf\/v.masiulionyte\/wp-json\/wp\/v2\/pages\/321\/revisions\/408"}],"up":[{"embeddable":true,"href":"http:\/\/web.vu.lt\/flf\/v.masiulionyte\/wp-json\/wp\/v2\/pages\/19"}],"wp:attachment":[{"href":"http:\/\/web.vu.lt\/flf\/v.masiulionyte\/wp-json\/wp\/v2\/media?parent=321"}],"curies":[{"name":"wp","href":"https:\/\/api.w.org\/{rel}","templated":true}]}}