{"id":315,"date":"2020-04-06T16:03:42","date_gmt":"2020-04-06T14:03:42","guid":{"rendered":"http:\/\/web.vu.lt\/flf\/v.masiulionyte\/?page_id=315"},"modified":"2024-01-05T16:15:46","modified_gmt":"2024-01-05T14:15:46","slug":"monografijos-studijos","status":"publish","type":"page","link":"http:\/\/web.vu.lt\/flf\/v.masiulionyte\/publikacijos\/monografijos-studijos\/","title":{"rendered":"Monografijos, studijos \/ Monographs"},"content":{"rendered":"<p>Masiulionyt\u0117, Virginija, \u0160ileikait\u0117-Kaishauri, Diana. 2020. <em><a href=\"https:\/\/directory.doabooks.org\/handle\/20.500.12854\/79460\">Germanistikstudium an der Universit\u00e4t Vilnius und Berufsbilder litauischer Germanist(inn)en<\/a>. Untersuchung zum beruflichen Verbleib der Absolvent(inn)en 2002\u20132018<\/em>. Berlin: Peter Lang.<\/p>\n","protected":false},"excerpt":{"rendered":"<p>Masiulionyt\u0117, Virginija, \u0160ileikait\u0117-Kaishauri, Diana. 2020. Germanistikstudium an der Universit\u00e4t Vilnius und Berufsbilder litauischer Germanist(inn)en. Untersuchung zum beruflichen Verbleib der Absolvent(inn)en 2002\u20132018. Berlin: Peter Lang.<\/p>\n","protected":false},"author":15,"featured_media":0,"parent":19,"menu_order":2,"comment_status":"closed","ping_status":"closed","template":"","meta":[],"_links":{"self":[{"href":"http:\/\/web.vu.lt\/flf\/v.masiulionyte\/wp-json\/wp\/v2\/pages\/315"}],"collection":[{"href":"http:\/\/web.vu.lt\/flf\/v.masiulionyte\/wp-json\/wp\/v2\/pages"}],"about":[{"href":"http:\/\/web.vu.lt\/flf\/v.masiulionyte\/wp-json\/wp\/v2\/types\/page"}],"author":[{"embeddable":true,"href":"http:\/\/web.vu.lt\/flf\/v.masiulionyte\/wp-json\/wp\/v2\/users\/15"}],"replies":[{"embeddable":true,"href":"http:\/\/web.vu.lt\/flf\/v.masiulionyte\/wp-json\/wp\/v2\/comments?post=315"}],"version-history":[{"count":5,"href":"http:\/\/web.vu.lt\/flf\/v.masiulionyte\/wp-json\/wp\/v2\/pages\/315\/revisions"}],"predecessor-version":[{"id":406,"href":"http:\/\/web.vu.lt\/flf\/v.masiulionyte\/wp-json\/wp\/v2\/pages\/315\/revisions\/406"}],"up":[{"embeddable":true,"href":"http:\/\/web.vu.lt\/flf\/v.masiulionyte\/wp-json\/wp\/v2\/pages\/19"}],"wp:attachment":[{"href":"http:\/\/web.vu.lt\/flf\/v.masiulionyte\/wp-json\/wp\/v2\/media?parent=315"}],"curies":[{"name":"wp","href":"https:\/\/api.w.org\/{rel}","templated":true}]}}