{"id":310,"date":"2020-04-06T15:59:46","date_gmt":"2020-04-06T13:59:46","guid":{"rendered":"http:\/\/web.vu.lt\/flf\/v.masiulionyte\/?page_id=310"},"modified":"2026-03-31T20:27:34","modified_gmt":"2026-03-31T18:27:34","slug":"straipsniai","status":"publish","type":"page","link":"http:\/\/web.vu.lt\/flf\/v.masiulionyte\/publikacijos\/straipsniai\/","title":{"rendered":"Straipsniai \/ Research papers"},"content":{"rendered":"<p><strong>2025<\/strong><\/p>\n<p>Virginija Masiulionyt\u0117, Jurga Cibulskien\u0117, and Inesa \u0160e\u0161kauskien\u0117. 2025. Evaluative labels in public discourse: A political crisis from diverse perspectives. <em>Language &amp; Communication<\/em> 104, 156\u2013178. <a href=\"https:\/\/doi.org\/10.1016\/j.langcom.2025.07.002\">https:\/\/doi.org\/10.1016\/j.langcom.2025.07.002<\/a>.<\/p>\n<p><strong>2024<\/strong><\/p>\n<p>Jurga Cibulskien\u0117, Inesa \u0160e\u0161kauskien\u0117, and Virginija Masiulionyt\u0117. 2024. <a href=\"https:\/\/www.jbe-platform.com\/content\/journals\/10.1075\/rcl.00206.cib\">Metaphorical framing of political events through ENTERTAINMENT scenarios. A cross-cultural perspective<\/a>. <em>Review of Cognitive Linguistics<\/em>. DOI: <a href=\"https:\/\/doi.org\/10.1075\/rcl.00206.cib.\">https:\/\/doi.org\/10.1075\/rcl.00206.cib.<\/a><\/p>\n<p><strong>2023<\/strong><\/p>\n<p>\u0160ileikait\u0117-Kaishauri, Diana, Masiulionyt\u0117, Virginija. 2023. Entwicklung interaktiver Kompetenzen im Online-Bereich. J\u00e1n Dem\u010di\u0161\u00e1k (Hrsg.). <em><a href=\"https:\/\/duo.germanistik-ucm.eu\/handbuch\/\">DaF-Unterricht im Online-Bereich. Ein methodischer Wegweiser<\/a><\/em>. Univerzita sv. Cyrila a Metoda v Trnave, 117\u2013141.<\/p>\n<p>Masiulionyt\u0117, Virginija, \u0160ileikait\u0117-Kaishauri, Diana. 2023. Zukunftskompetenzen (nicht nur) in der Schule. J\u00e1n Dem\u010di\u0161\u00e1k (Hrsg.). <em><a href=\"https:\/\/duo.germanistik-ucm.eu\/handbuch\/\">DaF-Unterricht im Online-Bereich. Ein methodischer Wegweiser<\/a><\/em>. Univerzita sv. Cyrila a Metoda v Trnave, 11\u201324.<\/p>\n<p><strong>2022<\/strong><\/p>\n<p>Masiulionyt\u0117, Virginija, \u0160ileikait\u0117-Kaishauri, Diana. 2022. Deutsch als Fremdsprache in Litauen im Schulbereich: Wie motiviert man die Sch\u00fcler:innen, Deutsch zu lernen? <a href=\"https:\/\/idvnetz.org\/wp-content\/uploads\/2022\/06\/IDV-Magazin_Nr._101.pdf\"><em>IDV-Magazin<\/em> 101<\/a>, 32\u201335.<\/p>\n<p><strong>2020<\/strong><\/p>\n<p>Masiulionyt\u0117, Virginija, \u0160ileikait\u0117-Kaishauri, Diana. 2020. Germanistik und Deutsch an der Universit\u00e4t Vilnius: Studienm\u00f6glichkeiten und Berufsperspektiven. <a href=\"https:\/\/www.ldv.lt\/images\/PDF\/Miteinander\/2020_Herbst\/Miteinander_2020_Nr._61_digital.pdf\"><em>Miteinander<\/em> Heft 2 (61)<\/a>, 28\u201331.<\/p>\n<p>Masiulionyt\u0117, Virginija. 2020. <a href=\"https:\/\/www.journals.vu.lt\/kalbotyra\/article\/view\/22326\" target=\"_blank\" rel=\"noopener\">Formeln, Wortspiele, Verse und mehr: Wo Humorforschung Phraseologie trifft. <em>Kalbotyra<\/em> 73, 104\u2013131<\/a>.<\/p>\n<p><span class=\"fontstyle2\">\u0160ileikait<\/span><span class=\"fontstyle2\">\u0117<\/span><span class=\"fontstyle2\">&#8211;<\/span><span class=\"fontstyle2\">Kaishauri, <\/span><span class=\"fontstyle0\">Diana, <\/span><span class=\"fontstyle2\">Masiulionyt<\/span><span class=\"fontstyle2\">\u0117, <\/span><span class=\"fontstyle2\">Virginija. <\/span><span class=\"fontstyle2\">2020. <\/span><span class=\"fontstyle4\">Berufsfelder f\u00fcr Auslandsgermanist<\/span><span class=\"fontstyle4\">(<\/span><span class=\"fontstyle4\">inn <\/span><span class=\"fontstyle4\">)<\/span><span class=\"fontstyle4\">en heute und morgen. <\/span><span class=\"fontstyle0\">Ulrike <\/span><span class=\"fontstyle0\">Ha<\/span><span class=\"fontstyle0\">\u00df\/<\/span><span class=\"fontstyle0\">Vaiva <\/span><span class=\"fontstyle2\">\u017d<\/span><span class=\"fontstyle2\">eimantien<\/span><span class=\"fontstyle2\">\u0117\/<\/span><span class=\"fontstyle2\">Egl<\/span><span class=\"fontstyle2\">\u0117 Kontutyt\u0117 <\/span><span class=\"fontstyle0\">(<\/span><span class=\"fontstyle0\">Hrsg<\/span><span class=\"fontstyle0\">.<\/span><span class=\"fontstyle0\">). <em>Germanistik f\u00fcr den Beruf<\/em> (= Forum Angewandte Linguistik Band 64). Berlin et al.: Peter Lang, 129\u2013149.<\/span><\/p>\n<p><strong>2019<\/strong><\/p>\n<p>Masiulionyt\u0117, Virginija, Ryvityt\u0117, Birut\u0117, \u0160e\u0161kauskien\u0117, Inesa. 2019. The euro and Lithuania(ns) in their own eyes: the Russian past and the European future in online jokes. Amei Koll-Stobbe (ed.). <em>Informalization and Hybridization of Speech Practices<\/em>. 2009, Berlin: Lang Verlag, 151\u2013180.<\/p>\n<p><strong>2018<\/strong><\/p>\n<p>Masiulionyt\u0117, Virginija, Ryvityt\u0117, Birut\u0117, \u0160e\u0161kauskien\u0117, Inesa. 2018. \u201eUrlaubsgasthaus\u201c oder doch \u201eHoliday Inn\u201c? Sprachpolitik in Litauen im Spiegel von Facebook-Witzen. Masiulionyt\u0117, Virginija, Volungevi\u010dien\u0117, Skaist\u0117 (Hrsg.). <em>Fremde und eigene Sprachen. Linguistische Perspektiven. \/ Foreign and <\/em><em>Own Languages. Linguistic Perspectives. Akten des 51.\u00a0Linguistischen Kolloquiums in Vilnius 2016. \/ Selected Papers of the 51<sup>st<\/sup> Linguistics Colloquium in Vilnius 2016 <\/em>(=\u00a0Linguistik International. Band 40). Frankfurt am Main u. a.: Peter Lang. 423\u2013441.<\/p>\n<p><strong>2016<\/strong><\/p>\n<p><a href=\"https:\/\/www.google.lt\/url?sa=t&amp;rct=j&amp;q=&amp;esrc=s&amp;source=web&amp;cd=1&amp;cad=rja&amp;uact=8&amp;ved=2ahUKEwiv4PGi-9PoAhWkmIsKHQ14CywQFjAAegQIARAB&amp;url=http%3A%2F%2Fwww.cpe.vgtu.lt%2Findex.php%2Fcpe%2Farticle%2Fdownload%2F303%2F303-1353-1-PB.pdf&amp;usg=AOvVaw1H7i2cHh6va1hkbCCBOpIn\">Masiulionyt\u0117, Virginija, \u017deimantien\u0117, Vaiva. 2016. Kalbos ir j\u0173 vartojimas mokslo darbuose: Vilniaus universiteto mokslo \u017eurnal\u0173 tyrimas. <em>Santalka: Filologija, Edukologija<\/em> 24(2), 101\u2013112.<\/a><\/p>\n<p><a href=\"https:\/\/taikomojikalbotyra.lt\/ojs\/index.php\/taikomoji-kalbotyra\/article\/view\/107\/89\">\u0160e\u0161kauskien\u0117, Inesa, Masiulionyt\u0117, Virginija, Ryvityt\u0117, Birut\u0117. 2016. Humoras ir k\u016brybin\u0117s kalbos galios, arba Kai sentimentai virsta centimentais. <em>Taikomoji kalbotyra<\/em> 8, 213\u2013243.<\/a><\/p>\n<p>Masiulionyt\u0117, Virginija, \u017deimantien\u0117, Vaiva. 2016. Deutsch als Wissenschaftssprache in Litauen: Zur Sprachverwendung in den wissenschaftlichen Zeitschriften der Universit\u00e4t Vilnius im Zeitraum von 2004 bis 2013. Egl\u0117 Kontutyt\u0117, Vaiva \u017deimantien\u0117 (Hrsg.). <em>Sprache in der Wissenschaft. Germanistische Einblicke <\/em>(= Duisburger Arbeiten zur Sprach- und Kulturwissenschaft 111). Frankfurt am Main: Peter Lang. 63\u201185.<\/p>\n<p><strong>2015<\/strong><\/p>\n<p>Masiulionyt\u0117, Virginija, Sem\u0117nien\u0117, Loreta. 2015. Possessive Konstruktionen in der deutschen und litauischen Phraseologie: Idiome mit der Bedeutung \u2018reich sein\u2019. Ioana-Narcisa Cre\u0163u (Hrsg.\/ed.). <em>Quo vadis, Kommunikation? Kommunikation \u2013 Sprache \u2013 Medien<\/em>.<em> Akten des 46. Linguistischen Kolloquiums in Sibiu 2011 <\/em>(= Linguistik International 36). Frankfurt am Main: Peter Lang. 423-432.<\/p>\n<p><strong>2014<\/strong><\/p>\n<p><a href=\"http:\/\/www.kalbotyra.flf.vu.lt\/wp-content\/uploads\/2015\/01\/Kalbotyra_66_46_761.pdf\" target=\"_blank\" rel=\"noopener\">Masiulionyt\u0117, Virginija. 2014. Zum Ausdruck der Bewertung in deutschen und litauischen gerichtlichen Entscheidungen. <em>Kalbotyra<\/em> 66, 46-76.<\/a><\/p>\n<p>Masiulionyt\u0117, Virginija. 2014. Sowjetische Kulturspezifika im Roman \u201eBlaubarts Kinder\u201c von Renata \u0160erelyt\u0117 und ihre \u00dcbertragung ins Deutsche: eine konzeptorientierte Untersuchung. Pasewalck, Silke \/ Neidlinger, Dieter \/ Loogus, Terje (Hrsg.). <em>Interkulturalit\u00e4t und (literarisches) \u00dcbersetzen<\/em>. T\u00fcbingen: Stauffenburg. 285-300.<\/p>\n<p><strong>2012<\/strong><\/p>\n<p>Masiulionyt\u0117, Virginija. 2012. Apie vien\u0105 vaisi\u0173: obuolys lietuvi\u0173 kult\u016broje ir kalboje. <em>Sakralieji balt\u0173 kult\u016bros aspektai<\/em>. Serija \u201eSenov\u0117s balt\u0173 kult\u016bra\u201c. Sudar\u0117 E.\u00a0Usa\u010diovait\u0117. Vilnius: Lietuvos kult\u016bros tyrim\u0173 institutas, 293-309.<\/p>\n<p><strong>2011<\/strong><\/p>\n<p>Masiulionyt\u0117, Virginija, \u0160ileikait\u0117-Kaishauri, Diana. 2011. Das Konzept <em>Regen\/lietus<\/em> im Deutschen und im Litauischen: eine kontrastive Untersuchung. <em>\u201eIch war immer zwischen Ost und West&#8230;\u201c Grenz\u00fcberschreitende Beitr\u00e4ge zur Sprache und Literatur. Gedenkschrift f\u00fcr Ina Meiksinait\u0117 zum 90. Geburtstag<\/em>. V.\u00a0\u017deimantien\u0117 (leid). Vilnius. 135-166.<\/p>\n<p><strong>2010<\/strong><\/p>\n<p>Masiulionyt\u0117, Virginija. 2010. \u201eDAUG\u201c ir \u201eMA\u017dAI\u201c rei\u0161kiantys frazeologizmai vokie\u010di\u0173 ir lietuvi\u0173 kalbose: atitikmen\u0173 beie\u0161kant. <em>Kalb\u0173 studijos<\/em> 16, 15-22.<\/p>\n<p><strong>2009<\/strong><\/p>\n<p>Masiulionyt\u0117, Virginija, \u0160ileikait\u0117-Kaishauri, Diana. 2009. Geschlechtsspezifisch markierte Idiome im Deutschen und Litauischen: Alles rund um die Ehe. <em>Moderne Sprachen <\/em>53\/2, 207-227.<\/p>\n<p><strong>2008<\/strong><\/p>\n<p>Masiulionyt\u0117, Virginija. 2008. Zu den Symbolen <em>Baum und Berg <\/em>in der litauischen und deutschen Phraseologie: eine kultursemiotische Perspektive. <em>Tekstai ir kontekstai<\/em> (2 t.), 253-261.<\/p>\n<p>Masiulionyt\u0117, Virginija. 2008. Riba tarp \u0161iapus ir anapus bei j\u0105 \u017eenklinantys simboliai lietuvi\u0173 tautosakoje ir frazeologijoje. <em>Filologija <\/em>13, 77-91.<\/p>\n<p>Masiulionyt\u0117, Virginija, \u0160ileikait\u0117, Diana. 2008. Ausdrucksm\u00f6glichkeiten der Schlauheit in der deutschen und litauischen Phraseologie. <em>Kalbotyra<\/em> 59 (3), 202-212.<\/p>\n<p><strong>2007<\/strong><\/p>\n<p>Masiulionyt\u0117, Virginija, \u0160ileikait\u0117, Diana. 2007. ?Como enfadarso en lituano? Comparaci\u00f3ns fixas para expresar enfado, carraxe e ruindade na fraseolox?a lituana. <em>Cadernos de Fraseolox?a Galega<\/em> 9, 145-165.<\/p>\n<p>Masiulionyt\u0117, Virginija. 2007. Elster als Symbol im Deutschen und im Litauischen phraseologischen Weltmodell: eine kontrastive Untersuchung. <em>Kalbotyra<\/em> 57 (3), 169-176.<\/p>\n<p>Masiulionyt\u0117, Virginija. 2007. Apie vien\u0105 pasaulio modelio fragment\u0105: orus valdan\u010dios b\u016btyb\u0117s lietuvi\u0173 ir vokie\u010di\u0173 frazeologijoje. <em>Filologija<\/em> 12, 66-84.<\/p>\n","protected":false},"excerpt":{"rendered":"<p>2025 Virginija Masiulionyt\u0117, Jurga Cibulskien\u0117, and Inesa \u0160e\u0161kauskien\u0117. 2025. Evaluative labels in public discourse: A political crisis from diverse perspectives. Language &amp; Communication 104, 156\u2013178. https:\/\/doi.org\/10.1016\/j.langcom.2025.07.002. 2024 Jurga Cibulskien\u0117, Inesa \u0160e\u0161kauskien\u0117, and Virginija Masiulionyt\u0117. 2024. Metaphorical framing of political events through ENTERTAINMENT scenarios. A cross-cultural perspective. Review of Cognitive Linguistics. DOI: https:\/\/doi.org\/10.1075\/rcl.00206.cib. 2023 \u0160ileikait\u0117-Kaishauri, Diana, [&hellip;]<\/p>\n","protected":false},"author":15,"featured_media":0,"parent":19,"menu_order":1,"comment_status":"closed","ping_status":"closed","template":"","meta":[],"_links":{"self":[{"href":"http:\/\/web.vu.lt\/flf\/v.masiulionyte\/wp-json\/wp\/v2\/pages\/310"}],"collection":[{"href":"http:\/\/web.vu.lt\/flf\/v.masiulionyte\/wp-json\/wp\/v2\/pages"}],"about":[{"href":"http:\/\/web.vu.lt\/flf\/v.masiulionyte\/wp-json\/wp\/v2\/types\/page"}],"author":[{"embeddable":true,"href":"http:\/\/web.vu.lt\/flf\/v.masiulionyte\/wp-json\/wp\/v2\/users\/15"}],"replies":[{"embeddable":true,"href":"http:\/\/web.vu.lt\/flf\/v.masiulionyte\/wp-json\/wp\/v2\/comments?post=310"}],"version-history":[{"count":15,"href":"http:\/\/web.vu.lt\/flf\/v.masiulionyte\/wp-json\/wp\/v2\/pages\/310\/revisions"}],"predecessor-version":[{"id":480,"href":"http:\/\/web.vu.lt\/flf\/v.masiulionyte\/wp-json\/wp\/v2\/pages\/310\/revisions\/480"}],"up":[{"embeddable":true,"href":"http:\/\/web.vu.lt\/flf\/v.masiulionyte\/wp-json\/wp\/v2\/pages\/19"}],"wp:attachment":[{"href":"http:\/\/web.vu.lt\/flf\/v.masiulionyte\/wp-json\/wp\/v2\/media?parent=310"}],"curies":[{"name":"wp","href":"https:\/\/api.w.org\/{rel}","templated":true}]}}