{"id":12,"date":"2012-08-28T16:28:57","date_gmt":"2012-08-28T14:28:57","guid":{"rendered":"http:\/\/web.vu.lt\/flf\/v.masiulionyte\/?page_id=12"},"modified":"2026-03-17T10:55:01","modified_gmt":"2026-03-17T08:55:01","slug":"konferencijos","status":"publish","type":"page","link":"http:\/\/web.vu.lt\/flf\/v.masiulionyte\/konferencijos\/","title":{"rendered":"Prane\u0161imai \/ Conference presentations and workshops"},"content":{"rendered":"<p><strong>2025<\/strong><\/p>\n<p>Diana \u0160ileikait\u0117-Kaishauri, Virginija Masiulionyt\u0117. <a href=\"https:\/\/arqus-alliance.eu\/event\/arqus-ai-in-teaching-learning-3\/\">Creativity Meets Technology: Using AI to Design Engaging Tasks in Teaching German at Vilnius University<\/a>. Arqus workshop series \u201cAI in teaching &amp; learning: International perspectives and best practices\u201d, Online Workshop (Zoom), 19 December 2025.<\/p>\n<p>Vitalija Kazlauskien\u0117, Anastasija Belovodskaja, Kinga Geben, Virginija Masiulionyt\u0117, Diana \u0160ileikait\u0117-Kaishauri, Egl\u0117 \u017durauskait\u0117. Generatyvinis dirbtinis intelektas kalb\u0173 ugdyme: tarp technologinio prover\u017eio ir pedagogin\u0117s atsakomyb\u0117s. <a href=\"https:\/\/ltech.ktu.edu\/wp-content\/uploads\/sites\/441\/2025\/05\/Programme_LTech_2025.pdf\"><em>Kalba dirbtinio intelekto am\u017eiuje<\/em><\/a>. Kauno technologijos universitetas, 8\u20139 May 2025.<\/p>\n<p>Virginija Masiulionyt\u0117, Inesa \u0160e\u0161kauskien\u0117, Jurga Cibulskien\u0117. <a href=\"https:\/\/gfds.de\/events\/framing-im-oeffentlichen-diskurs\/\">Framing im \u00f6ffentlichen Diskurs: Cross-linguistische Perspektiven auf gegenw\u00e4rtige Konflikte<\/a>. <em>GfdS<\/em> (<em>Gesellschaft f\u00fcr deutsche Sprache e.\u2009V.<\/em>) <em>Zweig Vilnius<\/em>, Online Lecture (MS Teams), 24 November 2025.<\/p>\n<p>Virginija Masiulionyt\u0117, Inesa \u0160e\u0161kauskien\u0117, Jurga Cibulskien\u0117. Diverging perspectives and figurative language. Framing countries through metaphorical scenarios. 7th International Conference of Applied Linguistics <em><a href=\"https:\/\/litaka.lt\/en\/7-conference\/\">Languages and People<\/a><\/em>, Vilnius University, Lithuania, 25\u201327 September 2025.<\/p>\n<p>Jurga Cibulskien\u0117, Inesa \u0160e\u0161kauskien\u0117<u>,<\/u> Virginija Masiulionyt\u0117. How entertaining are entertainment scenarios in media discourse surrounding the Belarusian crisis? English, German, Lithuanian vs Russian viewpoints. <em>ICCEES11 World Congress: <a href=\"https:\/\/www.iccees2025.org\/\">Disruption<\/a><\/em>, University College London, 21\u201325 July 2025.<\/p>\n<p>Jurga Cibulskien\u0117, Virginija Masiulionyt\u0117, Inesa \u0160e\u0161kauskien\u0117. Identity construction through evaluative labels in the media: Framing Belarus. <a href=\"https:\/\/aabs-balticstudies.org\/cbse-2025-at-cambridge\/\"><em>The 16th Conference on Baltic Studies in Europe (CBSE) \u201cConverging Paths: The Baltic Between East and West\u201c<\/em><\/a>. University of Cambridge, UK, 24-26 April 2025.<\/p>\n<p>Inesa \u0160e\u0161kauskien\u0117, Jurga Cibulskien\u0117, Virginija Masiulionyt\u0117, Vilnius University Constructing the country\u2019s identity through figurative labels: Four perspectives. <em>LTS: Language Thought and Society: an exploration of identities through Cognitive (Socio)Linguistics.<\/em> Online Workshop (Zoom). 15 &amp; 16 March 2025.<\/p>\n<p><strong>2024<br \/>\n<\/strong><\/p>\n<p>Diana \u0160ileikait\u0117-Kaishauri, Virginija Masiulionyt\u0117. Teaching German as a Foreign Language with Generative AI: Experiences from Vilnius University. <em><a href=\"https:\/\/www.leicresearch2024.flf.vu.lt\/about\">The 9th\u202f\u202fInternational Scientific Conference on Linguistic, Educational and Intercultural Research\u202f2024<\/a><\/em>. Vilnius University, 7\u20138 November 2024.<\/p>\n<p>Virginija Masiulionyt\u0117, Diana \u0160ileikait\u0117-Kaishauri. Generative KI in den Geisteswissenschaften: M\u00f6glichkeiten und Herausforderungen am Beispiel der Universit\u00e4t Vilnius. <em><a href=\"https:\/\/www.leicresearch2024.flf.vu.lt\/about\">The 9th\u202f\u202fInternational Scientific Conference on Linguistic, Educational and Intercultural Research\u202f2024<\/a><\/em>. Vilnius University, 7\u20138 November 2024.<\/p>\n<p>Justina Daunorien\u0117, Virginija Masiulionyt\u0117, Diana \u0160ileikait\u0117-Kaishauri. Deutsch als Teil des Curriculums an der Universit\u00e4t Vilnius in der Zwischenkriegszeit: Lehrf\u00e4cher, Lehrpersonal, Lehrmaterialien. <em><a href=\"https:\/\/www.nbgt.flf.vu.lt\/conference-2\/programme1\">XIII. Nordisch-Baltisches Germanistiktreffen 2024<\/a><\/em>. Vilniaus universitetas, 2024-06-12 to 2024-06-14.<\/p>\n<p>Virginija Masiulonyt\u0117, Diana \u0160ileikait\u0117-Kaishauri. VU Germanistische Studienprogramme und Lehrerausbildung an der Universit\u00e4t Vilnius. Curricula f\u00fcr die \u201eGeneration KI\u201c neu denken? Workshop <em>Unistart Deutsch@NBL<\/em>, Vilniaus universitetas, 2024-06-11.<\/p>\n<p>Diana \u0160ileikait\u0117-Kaishauri, Virginija Masiulionyt\u0117. Generative k\u00fcnstliche Intelligenz (GKI) als Lehrerassistent:in. <em>Lietuvos vokie\u010di\u0173 kalbos mokytoj\u0173 asociacijos konferencija <a href=\"https:\/\/www.ldv.lt\/index.php\/138-jahrestagung-kuenstliche-intelligenz-fuer-den-deutschunterricht-pro-contra\">\u201eK\u00fcnstliche Intelligenz f\u00fcr den Deutschunterricht. Pro\/Contra?\u201c<\/a><\/em>. \u0160iauli\u0173 \u201eRomuvos\u201c gimnazija, 2024-04-06.<\/p>\n<p>Virginija Masiulionyt\u0117, Diana \u0160ileikait\u0117-Kaishauri. K\u00fcnstliche Intelligenz im universit\u00e4ren Bereich: regulatorische Aspekte. <em><a href=\"https:\/\/www.korpuslab.uni-hamburg.de\/kodi-fs\/aktivitaeten\/workshop-3\/kodi-fs-workshop-2024-programm.pdf\">Generative KI, neue Studienformen und Curricula-Entwicklung<\/a><\/em>. Vilniaus universitetas, 2024-03-25 to 2024-03-26.<\/p>\n<p><strong>2023<\/strong><br \/>\nVirginija Masiulionyt\u0117, Diana \u0160ileikait\u0117-Kaishauri. Vokie\u010di\u0173 kalba interaktyviai. <em><a href=\"https:\/\/intranet.vu.lt\/aktualijos\/1930-renginys-sveskime-kurybiskuma-edukacines-iniciatyvos-2023\">VU Edukacini\u0173 iniciatyv\u0173 renginys \u201e\u0160V\u0118SKIME K\u016aRYBI\u0160KUM\u0104: edukacin\u0117s iniciatyvos 2023\u201c<\/a><\/em>. Vilniaus universitetas, 2023-10-27 .<\/p>\n<p>\u0160e\u0161kauskien\u0117, Inesa, Jurga Cibulskien\u0117, Virginija Masiulionyt\u0117. Expressing attitudes through irony. The Belarusian crisis in a cross-cultural perspective. <a href=\"https:\/\/sites.google.com\/view\/ftl7symposium\/home-page\/book-of-abstracts\"><em>FTL7: 7<sup>th<\/sup> International Symposium on Figurative Thought and Language. Cognitive, bodily, and Cultural Processes in Figurative Thought and Language<\/em>.<\/a> Universit\u00e0 di Genova, 2023-09-20 to 2023-09-22.<\/p>\n<p>Jurga Cibulskien\u0117, Inesa \u0160e\u0161kauskien\u0117, Virginija Masiulionyt\u0117. Evaluation through metaphorical labels: Is Belarus a cancer of Europe or a country led by a kind old man? <em><a href=\"https:\/\/raam16.com\/\">RaAM16: Metaphor in Public Discourse<\/a>. <a href=\"https:\/\/www.uam.es\">Universidad Aut\u00f3noma de Madrid<\/a>, <a href=\"https:\/\/www.uah.es\">Universidad de Alcal\u00e1<\/a><\/em>, 2023-06-28 to 2023-06-30.<\/p>\n<p>Virginija Masiulionyt\u0117, Jurga Cibulskien\u0117, Inesa \u0160e\u0161kauskien\u0117. Labeling im \u00f6ffentlichen politischen Diskurs: Ermittlung von Mustern und M\u00f6glichkeiten des Einsatzes im DaF-Unterricht. Fallbeispiel Belarus-Krise 2021. <a href=\"_wp_link_placeholder\" data-wplink-edit=\"true\"><em>Korpusgest\u00fctzte Fachphraseologie<\/em><\/a>. Universit\u00e4t Hamburg, 2023-06-15 to 2023-06-16.<\/p>\n<p>Jurga Cibulskien\u0117, Inesa \u0160e\u0161kauskien\u0117, Virginija Masiulionyt\u0117. Evaluation and shifting viewpoints in the discourse of the Belarusian political crisis. <a href=\"https:\/\/polmo365.blogspot.com\/\"><em>Political Language in Motion<\/em><\/a>. Aristotle University, Thessaloniki, 2023-01-28.<\/p>\n<p><strong>2022<\/strong><br \/>\nVirginija Masiulionyt\u0117, Jurga Cibulskien\u0117, Inesa \u0160e\u0161kauskien\u0117. Paskutinis diktatorius ar nepakei\u010diamas lyderis? Vertinamosios etiket\u0117s Baltarusijos kriz\u0117s diskurse. <em><a href=\"https:\/\/litaka.lt\/en\/sixth-conference\/\">6th International Conference in Applied Linguistics Languages and People: Problems and Solutions<\/a><\/em>. Vilniaus universitetas, 2022-09-29 to 2022-09-30.<\/p>\n<p>Inesa \u0160e\u0161kauskien\u0117, Jurga Cibulskien\u0117, Virginija Masiulionyt\u0117. Irony in public discourse. The Belorusian crisis from different perspectives. <em><a href=\"https:\/\/raam15.uwb.edu.pl\/\">RaAM15: The Social Impact of Metaphor<\/a><\/em>. Uniwersytet w Bia\u0142ymstoku, 2022-09-21 to 2022-09-24.<\/p>\n<p>Jurga Cibulskien\u0117, Inesa \u0160e\u0161kauskien\u0117, Virginija Masiulionyt\u0117. A war or a performance? Framing attitudes to the Belarusian crisis through figurative language. <em><a href=\"http:\/\/ftl6.amu.edu.pl\/\">FTL6: Dynamicity, Schematicity and Variation in Figurative Thought and Language<\/a>. <\/em>Adam Mickiewicz University, Pozna\u0144, 2022-04-21 to 2022-04-24.<\/p>\n<p>Aina B\u016bdvytyt\u0117, Virginija Masiulionyt\u0117, Diana \u0160ileikait\u0117-Kaishauri. Deutschunterricht online (DUO): Digitale Tools zur Leistungsbewertung\u201c. <em>Lietuvos vokie\u010di\u0173 kalbos mokytoj\u0173 asociacijos konferencija \u201eMit Deutsch \u2013 mehr Immunit\u00e4t in der heutigen Welt\u201c<\/em>. 2022-04-02, via \u201eZoom\u201c.<\/p>\n<p><strong>2021<\/strong><br \/>\nVirginija Masiulionyt\u0117, Diana \u0160ileikait\u0117-Kaishauri. Studienm\u00f6glichkeiten mit Deutsch an der VU und Berufsperspektiven. <em>Lietuvos vokie\u010di\u0173 kalbos mokytoj\u0173 asociacijos konferencija \u201eDeutsch k\u00f6nnen \u2013 Traumberuf erlernen\u201c<\/em>, 2021-04-10, via \u201eZoom\u201c.<\/p>\n<p><strong>2019<\/strong><br \/>\nVirginija Masiulionyt\u0117, Diana \u0160ileikait\u0117-Kaishauri. Studiengang <em>Deutsche Philologie<\/em> an der Universit\u00e4t Vilnius aus der Sicht seiner Absolvent(inn)en: gegenw\u00e4rtige Entwicklungen und k\u00fcnftige Perspektiven DAAD konferencija \u201eZwischen Kontinuit\u00e4t und Wandel. Die Germanistik in Nordeuropa und im Baltikum\u201c. Riga, 2019-12-05 to 2019-12-08.<\/p>\n<p>Virginija Masiulionyt\u0117. Formeln, Wortspiele, Verse und mehr: Wo Humorforschung Phraseologie trifft. <em>Feste Wortverbindungen in Forschung und Lehre: Phraseologismen, Kollokationen und Verwandtes. In Erinnerung an Saulius Lapinskas (1954\u20132014)<\/em>. Vilniaus universitetas, 2019-10-11 to 2019-10-12.<\/p>\n<p><strong>2018<\/strong><br \/>\nVirginija Masiulionyt\u0117, Diana \u0160ileikait\u0117-Kaishauri. Zum beruflichen Verbleib der litauischen Germanist(inn)en. Ergebnisse einer Umfrage der Absolvent(inn)en der Deutschen Philologie an der Universit\u00e4t Vilnius (Jahrg\u00e4nge 2002 bis 2018). <em>Baltische Germanistentage 2018 \u201eOffenheit und Geschlossenheit in Sprache und Kultur\u201c<\/em>. Vilniaus universitetas, 2018-10-25 to 2018-10-27.<\/p>\n<p>Virginija Masiulionyt\u0117. Zum spielerischen Umgang mit der Sprache: Der Fall deutscher Star-Wars-Witze. <em>53.<\/em>\u00a0<em>Linguistisches Kolloquium. Sprachliche Variation und Vielfalt. <\/em>Syddansk Universitet, Odense. 2018-09-24 to 2018-09-27.<\/p>\n<p><strong>2016<\/strong><br \/>\nVirginija Masiulionyt\u0117, Birute Ryvityt\u0117, Inesa \u0160e\u0161kauskien\u0117. \u201eUrlaubsgasthaus\u201c oder doch \u201eHolliday Inn\u201c? Sprachpolitik in Litauen im Spiegel der Facebook-Witze. <em>51.<\/em>\u00a0<em>Linguistisches Kolloquium<\/em>. <em>Fremde und eigene Sprachen. Linguistische Perspektiven.<\/em> Vilniaus universitetas, 2016-09-8 to 2016-09-10.<\/p>\n<p><strong>2014<\/strong><br \/>\nVirginija Masiulionyt\u0117, Vaiva \u017deimantien\u0117. Deutsch als Wissenschaftssprache in Litauen: Zur Sprachverwendung in den wissenschaftlichen Zeitschriften der Universit\u00e4t Vilnius im Zeitraum von 2004 bis 2013. <em>Sprache in der Wissenschaft: Germanistische Einblicke<\/em>. Vilniaus universitetas, 2014-09-24 to 2014-09-26.<\/p>\n<p><strong>2013<\/strong><br \/>\nVirginija Masiulionyt\u0117. Sprachliche Mittel zum Ausdruck der Einstellung des Gerichts zum Sachverhalt in deutschen und litauischen Urteilen. <em>48. Linguistisches Kolloquium<\/em>. <em>Linguistische Einsichten: Studien \u00fcber Sprachen. <\/em>Universidad de Alcal\u00e1, 2013-09-05 to 2013-09-06.<\/p>\n<p><strong>2012<\/strong><br \/>\nVirginija Masiulionyt\u0117. Kollokationen und andere klischeehafte Ausdr\u00fccke in den deutschen und litauischen Gerichtsurteilen in Zivilsachen. <em>47.\u00a0Linguistisches Kolloquium<\/em>. <em>Materialit\u00e4t und Medialit\u00e4t der Sprache<\/em>. Uniwersytet Warmi\u0144sko-Mazurski w Olsztynie, 2012-09-06 to 2012-09-08.<\/p>\n<p><strong>2011<\/strong><br \/>\nVirginija Masiulionyt\u0117. Sowjetische Kulturspezifika im Roman \u201eBlaubarts Kinder\u201c von Renata \u0160erelyt\u0117 und ihre \u00dcbertragung ins Deutsche: eine konzeptorientierte Untersuchung. <em>Interkulturalit\u00e4t und (literarisches) \u00dcbersetzen: Internationale und interdisziplin\u00e4re Tagung zu Wechselwirkungen zwischen Translatologie und Literaturwissenschaft<\/em>. Tartu \u00dclikool, 2011-09-30 to 2011-10-02.<\/p>\n<p>Virginija Masiulionyt\u0117, Loreta Sem\u0117nien\u0117. Possessive Konstruktionen in der deutschen und litauischen Phraseologie: Idiome mit der Bedeutung \u201ereich sein\u201c. <em>46.\u00a0Linguistisches Kolloquium. <\/em>\u201e<em>Quo vadis, Kommunikation?\u201c. Kommunikation-Sprache-Medien<\/em>. Universitatea \u201eLucian Blaga\u201d din Sibiu, 2011-09-14 to 2011-09-17.<\/p>\n<p>Virginija Masiulionyt\u0117, Diana \u0160ileikait\u0117-Kaishauri. Das Konzept <em>Regen\/lietus<\/em> im Deutschen und im Litauischen: eine kontrastive Untersuchung. <em>Mokslin\u0117 konferencija Inai Meiksinaitei atminti<\/em>. Vilniaus universitetas, 2011-01-19.<\/p>\n<p><strong>2010<\/strong><br \/>\nVirginija Masiulionyt\u0117. Apie vien\u0105 simbol\u012f: <em>OBUOLYS<\/em> lietuvi\u0173 kult\u016broje ir kalboje. <em>Religinis simbolis \u2013 jos prasm\u0117 ir esm\u0117 balt\u0173 kult\u016broje. <\/em>Lietuvi\u0173 kult\u016bros tyrim\u0173 institutas, 2010-10-27 to 2010-10-28.<\/p>\n<p><strong>2009<\/strong><br \/>\nVirginija Masiulionyt\u0117. Daug ir ma\u017eai rei\u0161kiantys frazeologizmai vokie\u010di\u0173 ir lietuvi\u0173 kalbose: atitikmen\u0173 beie\u0161kant. <em>Kalbos teorija ir praktika.<\/em> Kauno technologijos universitetas, 2009-11-20.<\/p>\n<p><strong>2008<\/strong><br \/>\nVirginija Masiulionyt\u0117. Ausdrucksm\u00f6glichkeiten der Schlauheit in der deutschen und litauischen Phraseologie (kartu su Diana \u0160ileikaite). <em>Litauische Anglistik und Germanistik im internationalen Dialog: Tradition und Perspektiven<\/em>. Vilniaus universitetas, 2008-09-19.<\/p>\n<p>Virginija Masiulionyt\u0117. Riba tarp \u0161iapus ir anapus bei j\u0105 \u017eenklinantys simboliai lietuvi\u0173 tautosakoje ir frazeologijoje. <em>Pasaulio vaizdas kalboje. <\/em>\u0160iauli\u0173 universitetas, 2008-10-23 to 2008-10-24.<\/p>\n<p><strong>2007<\/strong><br \/>\nVirginija Masiulionyt\u0117, Lina Plau\u0161inaityt\u0117. \u201eGegenwartsdeutsch I (1-2)\u201c: naujovi\u0161ka ir patrauklu. <em>Kalbos Lietuvoje: siekiai ir laim\u0117jimai<\/em>. Lietuvos kalb\u0173 pedagog\u0173 asociacija, Valstyb\u0117s institucij\u0173 kalb\u0173 centras, 2007-06-18 to 2007-06-19.<\/p>\n<p><strong>2006<\/strong><br \/>\nVirginija Masiulionyt\u0117. Apie vien\u0105 pasaulio modelio fragment\u0105: orus valdan\u010dios b\u016btyb\u0117s lietuvi\u0173 ir vokie\u010di\u0173 frazeologijoje. <em>Pasaulio vaizdas kalboje<\/em>. \u0160iauli\u0173 universitetas, 2006-10-12 to 2006-10-13.<\/p>\n<p><strong>2005<\/strong><br \/>\nVirginija Masiulionyt\u0117. Zu den Symbolen <em>Baum <\/em>und <em>Berg <\/em>in der litauischen und deutschen Phraseologie: eine kultursemiotische Perspektive. <em>Tekstai ir kontekstai: transformacij\u0173 sklaida.<\/em> Vilniaus universiteto Kauno humanitarinis fakultetas, 2005-10-13 to 2005-10-14.<\/p>\n","protected":false},"excerpt":{"rendered":"<p>2025 Diana \u0160ileikait\u0117-Kaishauri, Virginija Masiulionyt\u0117. Creativity Meets Technology: Using AI to Design Engaging Tasks in Teaching German at Vilnius University. Arqus workshop series \u201cAI in teaching &amp; learning: International perspectives and best practices\u201d, Online Workshop (Zoom), 19 December 2025. Vitalija Kazlauskien\u0117, Anastasija Belovodskaja, Kinga Geben, Virginija Masiulionyt\u0117, Diana \u0160ileikait\u0117-Kaishauri, Egl\u0117 \u017durauskait\u0117. Generatyvinis dirbtinis intelektas kalb\u0173 [&hellip;]<\/p>\n","protected":false},"author":15,"featured_media":0,"parent":0,"menu_order":3,"comment_status":"open","ping_status":"closed","template":"","meta":[],"_links":{"self":[{"href":"http:\/\/web.vu.lt\/flf\/v.masiulionyte\/wp-json\/wp\/v2\/pages\/12"}],"collection":[{"href":"http:\/\/web.vu.lt\/flf\/v.masiulionyte\/wp-json\/wp\/v2\/pages"}],"about":[{"href":"http:\/\/web.vu.lt\/flf\/v.masiulionyte\/wp-json\/wp\/v2\/types\/page"}],"author":[{"embeddable":true,"href":"http:\/\/web.vu.lt\/flf\/v.masiulionyte\/wp-json\/wp\/v2\/users\/15"}],"replies":[{"embeddable":true,"href":"http:\/\/web.vu.lt\/flf\/v.masiulionyte\/wp-json\/wp\/v2\/comments?post=12"}],"version-history":[{"count":44,"href":"http:\/\/web.vu.lt\/flf\/v.masiulionyte\/wp-json\/wp\/v2\/pages\/12\/revisions"}],"predecessor-version":[{"id":475,"href":"http:\/\/web.vu.lt\/flf\/v.masiulionyte\/wp-json\/wp\/v2\/pages\/12\/revisions\/475"}],"wp:attachment":[{"href":"http:\/\/web.vu.lt\/flf\/v.masiulionyte\/wp-json\/wp\/v2\/media?parent=12"}],"curies":[{"name":"wp","href":"https:\/\/api.w.org\/{rel}","templated":true}]}}