{"id":2,"date":"2009-02-23T11:44:16","date_gmt":"2009-02-23T09:44:16","guid":{"rendered":"http:\/\/web.vu.lt\/flf\/s.volungeviciene"},"modified":"2022-12-03T19:18:19","modified_gmt":"2022-12-03T17:18:19","slug":"1-2","status":"publish","type":"page","link":"http:\/\/web.vu.lt\/flf\/s.volungeviciene\/","title":{"rendered":"Naujienos"},"content":{"rendered":"<p style=\"text-align: center\"><span style=\"color: #993366\"><strong><span style=\"color: #993366\"><span style=\"color: #993366\"><strong><span style=\"color: #993366\"><strong><a href=\"http:\/\/web.vu.lt\/flf\/s.volungeviciene\/files\/2009\/02\/20150708_122820.jpg\"><img loading=\"lazy\" class=\"alignleft wp-image-1069 size-thumbnail\" src=\"http:\/\/web.vu.lt\/flf\/s.volungeviciene\/files\/2009\/02\/20150708_122820-150x150.jpg\" alt=\"20150708_122820\" width=\"150\" height=\"150\" \/><\/a><\/strong><\/span><\/strong><\/span><\/span><\/strong><\/span><span style=\"color: #993366\"><strong><span style=\"color: #993366\"><span style=\"color: #993366\"><strong><span style=\"color: #993366\"><strong><br \/>\nJ<\/strong><\/span><\/strong><\/span><\/span><\/strong><\/span><span style=\"color: #993366\"><strong><span style=\"color: #993300\">ei turite klausim\u0173, ra\u0161ykite el. pa\u0161tu<\/span><\/strong><\/span><\/p>\n<p style=\"text-align: center\"><span style=\"color: #000080\"><a style=\"color: #000080\" href=\"mailto:skaiste.zabarauskaite@flf.vu.lt\">skaiste.zabarauskaite@flf.vu.lt<\/a>\u00a0<strong>\/ <\/strong><a style=\"color: #000080\" href=\"mailto:volungevicienes@gmail.com\">volungevicienes@gmail.com<\/a>\u00a0<\/span><span style=\"color: #993300\"><strong><br \/>\n<\/strong><\/span><\/p>\n<p style=\"text-align: left\"><span style=\"color: #993300\"><strong>\u00a0\u00a0\u00a0\u00a0\u00a0\u00a0\u00a0\u00a0\u00a0\u00a0\u00a0\u00a0\u00a0\u00a0\u00a0\u00a0\u00a0\u00a0\u00a0\u00a0\u00a0\u00a0\u00a0\u00a0\u00a0\u00a0\u00a0\u00a0\u00a0\u00a0\u00a0\u00a0\u00a0\u00a0\u00a0\u00a0\u00a0\u00a0\u00a0\u00a0\u00a0\u00a0\u00a0\u00a0\u00a0\u00a0\u00a0\u00a0\u00a0\u00a0\u00a0<\/strong><\/span><\/p>\n<p style=\"text-align: left\">\n","protected":false},"excerpt":{"rendered":"<p>Jei turite klausim\u0173, ra\u0161ykite el. pa\u0161tu skaiste.zabarauskaite@flf.vu.lt\u00a0\/ volungevicienes@gmail.com\u00a0 \u00a0\u00a0\u00a0\u00a0\u00a0\u00a0\u00a0\u00a0\u00a0\u00a0\u00a0\u00a0\u00a0\u00a0\u00a0\u00a0\u00a0\u00a0\u00a0\u00a0\u00a0\u00a0\u00a0\u00a0\u00a0\u00a0\u00a0\u00a0\u00a0\u00a0\u00a0\u00a0\u00a0\u00a0\u00a0\u00a0\u00a0\u00a0\u00a0\u00a0\u00a0\u00a0\u00a0\u00a0\u00a0\u00a0\u00a0\u00a0\u00a0\u00a0\u00a0<\/p>\n","protected":false},"author":13,"featured_media":0,"parent":0,"menu_order":0,"comment_status":"closed","ping_status":"closed","template":"","meta":[],"_links":{"self":[{"href":"http:\/\/web.vu.lt\/flf\/s.volungeviciene\/wp-json\/wp\/v2\/pages\/2"}],"collection":[{"href":"http:\/\/web.vu.lt\/flf\/s.volungeviciene\/wp-json\/wp\/v2\/pages"}],"about":[{"href":"http:\/\/web.vu.lt\/flf\/s.volungeviciene\/wp-json\/wp\/v2\/types\/page"}],"author":[{"embeddable":true,"href":"http:\/\/web.vu.lt\/flf\/s.volungeviciene\/wp-json\/wp\/v2\/users\/13"}],"replies":[{"embeddable":true,"href":"http:\/\/web.vu.lt\/flf\/s.volungeviciene\/wp-json\/wp\/v2\/comments?post=2"}],"version-history":[{"count":83,"href":"http:\/\/web.vu.lt\/flf\/s.volungeviciene\/wp-json\/wp\/v2\/pages\/2\/revisions"}],"predecessor-version":[{"id":1268,"href":"http:\/\/web.vu.lt\/flf\/s.volungeviciene\/wp-json\/wp\/v2\/pages\/2\/revisions\/1268"}],"wp:attachment":[{"href":"http:\/\/web.vu.lt\/flf\/s.volungeviciene\/wp-json\/wp\/v2\/media?parent=2"}],"curies":[{"name":"wp","href":"https:\/\/api.w.org\/{rel}","templated":true}]}}