{"id":12,"date":"2009-08-03T17:23:22","date_gmt":"2009-08-03T15:23:22","guid":{"rendered":"http:\/\/web.vu.lt\/flf\/s.volungeviciene\/studentams\/"},"modified":"2026-01-28T09:54:56","modified_gmt":"2026-01-28T07:54:56","slug":"2-2","status":"publish","type":"page","link":"http:\/\/web.vu.lt\/flf\/s.volungeviciene\/2-2\/","title":{"rendered":"D\u0117stomi dalykai"},"content":{"rendered":"<p><strong>2025-2026 m. m. pavasario semestras:<\/strong><\/p>\n<p><span style=\"color: #800080\"><strong><em>\u0160iuolaikin\u0117 vokie\u010di\u0173 kalba II\/IV<br \/>\n<\/em><\/strong><em>BA Dalyko pedagogika (angl\u0173 ir vokie\u010di\u0173 kalba) 1 kursas<\/em><em><br \/>\n<\/em><em>BA Dalyko pedagogika (lietuvi\u0173 ir vokie\u010di\u0173 kalba) 1 kursas<\/em><strong><em><br \/>\n<\/em><\/strong><\/span><\/p>\n<p><span style=\"color: #800080\"><strong><em>U\u017esienio kalba (vokie\u010di\u0173) B1 IV\/IV<br \/>\n<\/em><\/strong><em>Individualiosios studijos<\/em><strong><em><br \/>\n<\/em><\/strong><\/span><\/p>\n<p><strong>2025-2026 m. m. rudens semestras:<\/strong><\/p>\n<p><span style=\"color: #800080\"><strong><em>\u0160iuolaikin\u0117 vokie\u010di\u0173 kalba I\/IV<br \/>\n<\/em><\/strong><em>BA Dalyko pedagogika (angl\u0173 ir vokie\u010di\u0173 kalba) 1 kursas<\/em><em><br \/>\n<\/em><em>BA Dalyko pedagogika (lietuvi\u0173 ir vokie\u010di\u0173 kalba) 1 kursas<\/em><\/span><\/p>\n<p><span style=\"color: #800080\"><strong><em>Vokie\u010di\u0173 kalbos sintaks\u0117<br \/>\n<\/em><\/strong><em>BA Vokie\u010di\u0173 filologija 2 kursas<\/em><em><br \/>\nBA Vokie\u010di\u0173 kalba ir kult\u016bra (GrS)<br \/>\nBA Dalyko pedagogika (angl\u0173 ir vokie\u010di\u0173 kalba) 3 kursas<br \/>\n<\/em><\/span><span style=\"color: #800080\"><em>BA Dalyko pedagogika (lietuvi\u0173 ir vokie\u010di\u0173 kalba) 3 kursas<\/em><\/span><\/p>\n<p><span style=\"color: #800080\"><strong><em>U\u017esienio kalba (vokie\u010di\u0173) B1<\/em><em> III\/IV<\/em><\/strong><br \/>\n<em>Individualiosios studijos<\/em><\/span><\/p>\n<p><strong>2024-2025 m. m. pavasario semestras:<\/strong><\/p>\n<p><span style=\"color: #800080\"><strong><em>\u0160iuolaikin\u0117 vokie\u010di\u0173 kalba II\/IV<br \/>\n<\/em><\/strong><em>BA Vokie\u010di\u0173 filologija (pradedantieji)\u00a01 kursas<\/em><em><br \/>\nBA Vokie\u010di\u0173 kalba ir kult\u016bra (GrS, pradedantieji), 4 semestras<br \/>\nBA Dalyko pedagogika (angl\u0173 ir vokie\u010di\u0173 kalba, pradedantieji) 1 kursas<br \/>\n<\/em><em>BA Dalyko pedagogika (lietuvi\u0173 ir vokie\u010di\u0173 kalba, pradedantieji) 1 kursas<\/em><strong><em><br \/>\n<\/em><\/strong><\/span><\/p>\n<p><span style=\"color: #800080\"><strong><em>U\u017esienio kalba (vokie\u010di\u0173) A2<\/em><em> II\/IV<\/em><\/strong><br \/>\n<em>Individualiosios studijos<\/em><\/span><\/p>\n<p><strong>2024-2025 m. m. rudens semestras:<\/strong><\/p>\n<p><span style=\"color: #800080\"><strong><em>\u0160iuolaikin\u0117 vokie\u010di\u0173 kalba I\/IV<br \/>\n<\/em><\/strong><em>BA Vokie\u010di\u0173 filologija (pradedantieji)\u00a01 kursas<\/em><em><br \/>\nBA Vokie\u010di\u0173 kalba ir kult\u016bra (GrS, pradedantieji),\u00a03 semestras<br \/>\nBA Dalyko pedagogika (angl\u0173 ir vokie\u010di\u0173 kalba, pradedantieji) 1 kursas<br \/>\n<\/em><em>BA Dalyko pedagogika (lietuvi\u0173 ir vokie\u010di\u0173 kalba, pradedantieji) 1 kursas<\/em><strong><em><br \/>\n<\/em><\/strong><\/span><\/p>\n<p><span style=\"color: #800080\"><strong><em>\u0160iuolaikin\u0117 vokie\u010di\u0173 kalba VII\/VII<br \/>\n<\/em><\/strong><em>BA Vertimas 3 kursas<\/em><\/span><\/p>\n<p><span style=\"color: #800080\"><strong><em>U\u017esienio kalba (vokie\u010di\u0173) A1<\/em><em> I\/IV<\/em><\/strong><br \/>\n<em>Individualiosios studijos<\/em><\/span><\/p>\n<p><span style=\"color: #800080\"><em><strong>Technini\u0173 tekst\u0173 ypatumai ir j\u0173 vertimo specifika<br \/>\n<\/strong>PD<\/em><\/span><\/p>\n<p><strong>2023-2024 m. m. pavasario semestras:<\/strong><\/p>\n<p><span style=\"color: #800080\"><strong><em>\u0160iuolaikin\u0117 vokie\u010di\u0173 kalba II\/IV<br \/>\n<\/em><\/strong><em>BA Vokie\u010di\u0173 filologija (pradedantieji)\u00a01 kursas<\/em><em><br \/>\nBA Vokie\u010di\u0173 kalba ir kult\u016bra (GrS, pradedantieji), 4 semestras<br \/>\nBA Dalyko pedagogika (angl\u0173 ir vokie\u010di\u0173 kalba, pradedantieji) 1 kursas<br \/>\n<\/em><em>BA Dalyko pedagogika (lietuvi\u0173 ir vokie\u010di\u0173 kalba, pradedantieji) 1 kursas<\/em><\/span><\/p>\n<p><span style=\"color: #800080\"><strong><em>\u0160iuolaikin\u0117 vokie\u010di\u0173 kalba VI\/VII<br \/>\n<\/em><\/strong><em>BA Vertimas 3 kursas<\/em><\/span><\/p>\n<p><span style=\"color: #800080\"><strong><em>Vokie\u010di\u0173 kalbotyros seminaras: skaitmenini\u0173 \u012franki\u0173 taikymas kalbos frazi\u0161kumui tirti<br \/>\n<\/em><\/strong><em>PD<\/em><\/span><\/p>\n<p><strong>2023-2024 m. m. rudens semestras:<\/strong><\/p>\n<p><span style=\"color: #800080\"><em><span style=\"color: #000000\">Atleidimas nuo pedagoginio darbo<\/span><\/em><\/span><\/p>\n<p><strong>2022-2023 m. m. pavasario semestras:<\/strong><\/p>\n<p><span style=\"color: #800080\"><strong><em>\u0160iuolaikin\u0117 vokie\u010di\u0173 kalba II\/IV<br \/>\n<\/em><\/strong><em>BA Vokie\u010di\u0173 filologija (pradedantieji)\u00a01 kursas<\/em><em><br \/>\nBA Vokie\u010di\u0173 kalba ir kult\u016bra (GrS, pradedantieji), 4 semestras<br \/>\nBA Dalyko pedagogika (angl\u0173 ir vokie\u010di\u0173 kalba, pradedantieji) 1 kursas<br \/>\n<\/em><em>BA Dalyko pedagogika (lietuvi\u0173 ir vokie\u010di\u0173 kalba, pradedantieji) 1 kursas<\/em><strong><em><br \/>\n<\/em><\/strong><\/span><\/p>\n<p><span style=\"color: #800080\"><strong><em>Mokomoji ir profesin\u0117 praktika (mokslin\u0117)<\/em><\/strong><\/span><em><br \/>\n<span style=\"color: #800080\">BA Vokie\u010di\u0173 filologija 4 kursas<\/span><\/em><\/p>\n<p><strong>2022-2023 m. m. rudens semestras:<\/strong><\/p>\n<p><span style=\"color: #800080\"><strong><em>\u0160iuolaikin\u0117 vokie\u010di\u0173 kalba I\/IV<\/em><\/strong><em><br \/>\nBA Vokie\u010di\u0173 filologija (pradedantieji)\u00a01 kursas<br \/>\nBA Vokie\u010di\u0173 kalba ir kult\u016bra (GrS, pradedantieji),\u00a03 semestras<br \/>\nBA Dalyko pedagogika (angl\u0173 ir vokie\u010di\u0173 kalba, pradedantieji) 1 kursas<br \/>\nBA Dalyko pedagogika (lietuvi\u0173 ir vokie\u010di\u0173 kalba, pradedantieji) 1 kursas<br \/>\n<\/em><\/span><\/p>\n<p><span style=\"color: #800080\"><em><strong>Technini\u0173 tekst\u0173 ypatumai ir j\u0173 vertimo specifika PD<br \/>\n<\/strong>BA Vokie\u010di\u0173 filologija 2 kursas<br \/>\nBA Vokie\u010di\u0173 filologija 4 kursas<br \/>\nBA Vokie\u010di\u0173 kalba ir kult\u016bra (GrS)<br \/>\nBA Dalyko pedagogika (lietuvi\u0173 ir vokie\u010di\u0173 kalba) 3 kursas<\/em><\/span><\/p>\n<p><strong>2021-2022 m. m. pavasario semestras:<\/strong><\/p>\n<p><span style=\"color: #800080\"><strong><em>\u0160iuolaikin\u0117 vokie\u010di\u0173 kalba II\/IV<\/em><\/strong><em><br \/>\nBA Vokie\u010di\u0173 filologija (pradedantieji)\u00a01 kursas<br \/>\nBA Vokie\u010di\u0173 kalba ir kult\u016bra (GrS, pradedantieji), 4 semestras<\/em><\/span><\/p>\n<p><span style=\"color: #800080\"><strong><em>Mokomoji ir profesin\u0117 praktika (vertimas, tekstyn\u0173 lingvistika)<\/em><\/strong><\/span><em><br \/>\n<span style=\"color: #800080\">BA Vokie\u010di\u0173 filologija 4 kursas<\/span><\/em><\/p>\n<p><strong>2021-2022 m. m. rudens semestras:<\/strong><\/p>\n<p><span style=\"color: #800080\"><strong><em>\u0160iuolaikin\u0117 vokie\u010di\u0173 kalba I\/IV<\/em><\/strong><em><br \/>\nBA Vokie\u010di\u0173 filologija (pradedantieji)\u00a01 kursas<br \/>\nBA Vokie\u010di\u0173 kalba ir kult\u016bra (GrS, pradedantieji),\u00a03 semestras<\/em><\/span><\/p>\n<p><span style=\"color: #800080\"><strong><em>\u0160iuolaikin\u0117 vokie\u010di\u0173 kalba III\/IV (teksto suvokimas)<\/em><\/strong><em><br \/>\nBA Vokie\u010di\u0173 filologija (pradedantieji)\u00a02 kursas<br \/>\nBA Vokie\u010di\u0173 kalba ir kult\u016bra (GrS, pradedantieji),\u00a05 semestras<\/em><\/span><\/p>\n<p><strong>2020-2021 m. m. pavasario semestras:<\/strong><\/p>\n<p><span style=\"color: #800080\"><strong><em>\u0160iuolaikin\u0117 vokie\u010di\u0173 kalba II\/IV<\/em><\/strong><em><br \/>\nBA Vokie\u010di\u0173 filologija (pradedantieji)\u00a01 kursas<br \/>\nBA Vokie\u010di\u0173 kalba ir kult\u016bra (GrS, pradedantieji), 4 semestras<\/em><\/span><\/p>\n<p><span style=\"color: #800080\"><strong><em>Mokomoji ir profesin\u0117 praktika (vertimas, tekstyn\u0173 lingvistika)<\/em><\/strong><\/span><em><br \/>\n<span style=\"color: #800080\">BA Vokie\u010di\u0173 filologija 4 kursas<\/span><\/em><\/p>\n<p><strong>2020-2021 m. m. rudens semestras:<\/strong><\/p>\n<p><span style=\"color: #800080\"><em><strong>Technini\u0173 tekst\u0173 ypatumai ir j\u0173 vertimo specifika PD<br \/>\n<\/strong>BA Vokie\u010di\u0173 filologija 3 kursas<br \/>\nBA Vokie\u010di\u0173 filologija 4 kursas<br \/>\nBA Vokie\u010di\u0173 kalba ir kult\u016bra (GrS)<br \/>\n<\/em><\/span><\/p>\n<p><span style=\"color: #800080\"><strong><em>\u0160iuolaikin\u0117 vokie\u010di\u0173 kalba I\/IV<\/em><\/strong><em><br \/>\nBA Vokie\u010di\u0173 filologija (pradedantieji)\u00a01 kursas<br \/>\nBA Vokie\u010di\u0173 kalba ir kult\u016bra (GrS, pradedantieji),\u00a03 semestras<\/em><\/span><\/p>\n<p><span style=\"color: #800080\"><strong><em>\u0160iuolaikin\u0117 vokie\u010di\u0173 kalba III\/IV (teksto suvokimas)<\/em><\/strong><em><br \/>\nBA Vokie\u010di\u0173 filologija (pradedantieji)\u00a02 kursas<br \/>\nBA Vokie\u010di\u0173 kalba ir kult\u016bra (GrS, pradedantieji),\u00a05 semestras<\/em><\/span><\/p>\n<p><strong>2019-2020\u00a0m. m. pavasario semestras:<\/strong><\/p>\n<p><span style=\"color: #800080\"><strong><em>\u0160iuolaikin\u0117 vokie\u010di\u0173 kalba II\/IV<\/em><\/strong><em><br \/>\nBA Vokie\u010di\u0173 filologija (pradedantieji)\u00a01 kursas<br \/>\nBA Vokie\u010di\u0173 kalba ir kult\u016bra (GrS, pradedantieji), 4 semestras<\/em><\/span><\/p>\n<p><span style=\"color: #800080\"><strong><em>Mokomoji ir profesin\u0117 praktika (tekstyn\u0173 lingvistika)<\/em><\/strong><\/span><em><br \/>\n<span style=\"color: #800080\"> BA Vokie\u010di\u0173 filologija 4 kursas<\/span><\/em><\/p>\n<p><strong>2019-2020 m. m. rudens semestras:<\/strong><\/p>\n<p><span style=\"color: #800080\"><strong><em>\u0160iuolaikin\u0117 vokie\u010di\u0173 kalba I\/IV<\/em><\/strong><em><br \/>\nBA Vokie\u010di\u0173 filologija (pradedantieji)\u00a01 kursas<br \/>\nBA Vokie\u010di\u0173 kalba ir kult\u016bra (GrS, pradedantieji),\u00a03 semestras<\/em><\/span><\/p>\n<p><span style=\"color: #800080\"><strong><em>\u0160iuolaikin\u0117 vokie\u010di\u0173 kalba III\/IV<\/em><\/strong><em><br \/>\nBA Vokie\u010di\u0173 filologija (pradedantieji)\u00a02 kursas<br \/>\nBA Vokie\u010di\u0173 kalba ir kult\u016bra (GrS, pradedantieji),\u00a05 semestras<\/em><\/span><\/p>\n<p><strong>2018-2019 m. m. pavasario semestras:<\/strong><\/p>\n<p><span style=\"color: #800080\"><strong><em>\u0160iuolaikin\u0117 vokie\u010di\u0173 kalba II\/IV<\/em><\/strong><em><br \/>\nBA Vokie\u010di\u0173 filologija (pradedantieji)\u00a01 kursas<br \/>\nBA Vokie\u010di\u0173 kalba ir kult\u016bra (GrS, pradedantieji), 4 semestras<\/em><\/span><\/p>\n<p><span style=\"color: #800080\"><strong><em>Mokomoji ir profesin\u0117 praktika (tekstyn\u0173 lingvistika)<\/em><\/strong><\/span><em><br \/>\n<span style=\"color: #800080\"> BA Vokie\u010di\u0173 filologija 4 kursas<\/span><br \/>\n<\/em><\/p>\n<p><span style=\"color: #800080\"><em><strong>IT taikymas ver\u010diant<br \/>\n<\/strong><\/em><\/span><span style=\"color: #800080\"><em>MA Dalykin\u0117 (teis\u0117s) kalba, PD<\/em><\/span><\/p>\n<p><strong>2018-2019 m. m. rudens semestras:<\/strong><\/p>\n<p><span style=\"color: #800080\"><strong><em>\u0160iuolaikin\u0117 vokie\u010di\u0173 kalba I\/IV<\/em><\/strong><em><br \/>\nBA Vokie\u010di\u0173 filologija (pradedantieji)\u00a01 kursas<br \/>\nBA Vokie\u010di\u0173 kalba ir kult\u016bra (GrS, pradedantieji),\u00a03 semestras<\/em><\/span><\/p>\n<p><span style=\"color: #800080\"><em><strong>Tekstyn\u0173 lingvistika<\/strong><\/em><\/span><br \/>\n<em><span style=\"color: #993366\">MA Dalykin\u0117 (teis\u0117s) kalba 2 kursas<\/span><\/em><\/p>\n<p><strong>2017-2018 m. m. pavasario semestras:<\/strong><\/p>\n<p><em>Vaiko prie\u017ei\u016bros atostogos<\/em><\/p>\n<p><strong>2017-2018 m. m. rudens semestras:<\/strong><\/p>\n<p><em>Vaiko prie\u017ei\u016bros atostogos<\/em><\/p>\n<p><b>2016-2017 m. m. pavasario semestras:<\/b><\/p>\n<p><span style=\"color: #800080\"><strong><em>\u0160iuolaikin\u0117 vokie\u010di\u0173 kalba II\/IV<\/em><\/strong><em><br \/>\nBA Vokie\u010di\u0173 filologija (pradedantieji)\u00a01 kursas<br \/>\nBA Vokie\u010di\u0173 kalba ir kult\u016bra (GrS, pradedantieji),\u00a04 semestras<\/em><\/span><\/p>\n<p><span style=\"color: #800080\"><em><strong>Mokomoji ir profesin\u0117 praktika:\u00a0vertimas<\/strong><\/em><span style=\"text-decoration: underline\"><em><strong><br \/>\n<\/strong><\/em><\/span><\/span><span style=\"color: #0000ff\"><em><span style=\"color: #993366\">BA Vokie\u010di\u0173 filologija 4 kursas<br \/>\n<\/span><\/em><\/span><\/p>\n<p><span style=\"color: #800080\"><em><strong>IT taikymas ver\u010diant<br \/>\n<\/strong><\/em><\/span><span style=\"color: #800080\"><em>MA Dalykin\u0117 (teis\u0117s) kalba, PD<\/em><\/span><\/p>\n<p><strong>2016-2017 m. m. rudens semestras:<\/strong><\/p>\n<p><span style=\"color: #800080\"><strong><em>\u0160iuolaikin\u0117 vokie\u010di\u0173 kalba I\/IV<\/em><\/strong><em><br \/>\nBA Vokie\u010di\u0173 filologija (pradedantieji)\u00a01 kursas<br \/>\nBA Vokie\u010di\u0173 kalba ir kult\u016bra (GrS, pradedantieji),\u00a03 semestras<\/em><\/span><\/p>\n<p><span style=\"color: #800080\"><em><strong>Vokie\u010di\u0173 kalba<\/strong><br \/>\nBA Vertimas,\u00a03 kursas<\/em><\/span><\/p>\n<p><strong>2015-2016 m. m. pavasario semestras:<\/strong><\/p>\n<p><span style=\"color: #800080\"><strong><em>\u0160iuolaikin\u0117 vokie\u010di\u0173 kalba IV\/IV<\/em><\/strong><em><br \/>\nBA Vokie\u010di\u0173 filologija (pradedantieji) 2 kursas<br \/>\nBA Vokie\u010di\u0173 kalba ir kult\u016bra (GrS, pradedantieji),\u00a06 semestras<\/em><\/span><\/p>\n<p><span style=\"color: #800080\"><em><strong>Vokie\u010di\u0173 kalba<\/strong><br \/>\nBA Vertimas, 2 kursas<\/em><\/span><\/p>\n<p><span style=\"color: #993366\"><span style=\"color: #800080\"><em><strong>Mokomoji ir profesin\u0117 praktika: mokslin\u0117 praktika<br \/>\n<\/strong><\/em><\/span><em>BA Vokie\u010di\u0173 filologija 4 kursas<br \/>\nBA Vokie\u010di\u0173 filologija ir kita u\u017esienio (pranc\u016bz\u0173) kalba 4 kursas<\/em><\/span><\/p>\n<p><span style=\"color: #800080\"><em><strong>IT taikymas ver\u010diant<br \/>\n<\/strong><\/em><\/span><span style=\"color: #800080\"><em>MA Dalykin\u0117 (teis\u0117s) kalba, PD<\/em><\/span><\/p>\n<p><strong>2015-2016 m. m. rudens semestras:<\/strong><\/p>\n<p><span style=\"color: #800080\"><strong><em>\u0160iuolaikin\u0117 vokie\u010di\u0173 kalba III\/IV<\/em><\/strong><em><br \/>\nBA Vokie\u010di\u0173 filologija (pradedantieji)\u00a02 kursas<br \/>\nBA Vokie\u010di\u0173 kalba ir kult\u016bra (GrS, pradedantieji),\u00a05 semestras<\/em><\/span><\/p>\n<p><span style=\"color: #800080\"><em><strong>Vokie\u010di\u0173 kalba<\/strong><br \/>\nBA Vertimas,\u00a02 kursas<\/em><\/span><\/p>\n<p><span style=\"color: #800080\"><strong><em>Vokie\u010di\u0173 kalbos sintaks\u0117<\/em><\/strong><br \/>\n<\/span><span style=\"color: #800080\"><em>BA Vokie\u010di\u0173 filologija (pradedantieji) 2 kursas<br \/>\nBA Vokie\u010di\u0173 kalba ir kult\u016bra (GrS, pradedantieji), 5 semestras<\/em><\/span><\/p>\n<p><strong>2014-2015 m. m. pavasario semestras:<\/strong><\/p>\n<p><span style=\"color: #800080\"><strong><em>\u0160iuolaikin\u0117 vokie\u010di\u0173 kalba II\/IV<\/em><\/strong><em><br \/>\nBA Vokie\u010di\u0173 filologija (pradedantieji) 1 kursas<br \/>\nBA Vokie\u010di\u0173 kalba ir kult\u016bra (GrS, pradedantieji),\u00a04 semestras<\/em><\/span><\/p>\n<p><span style=\"color: #800080\"><em><strong>Vokie\u010di\u0173 kalba<\/strong><br \/>\n<em> <span style=\"color: #800080\">BA Vertimas, 1 kursas<\/span><\/em><\/em><\/span><\/p>\n<p><span style=\"color: #993366\"><span style=\"color: #800080\"><em><strong>Mokomoji ir profesin\u0117 praktika: tekstyn\u0173 lingvistika<\/strong><\/em><span style=\"text-decoration: underline\"><em><strong><br \/>\n<\/strong><\/em><\/span><\/span><em>BA Vokie\u010di\u0173 filologija\u00a0 4 kursas<br \/>\nBA Vokie\u010di\u0173 filologija ir kita u\u017esienio (\u0161ved\u0173, norveg\u0173) kalba\u00a04 kursas<\/em><\/span><\/p>\n<p><span style=\"color: #800080\"><em><strong>Mokomoji ir profesin\u0117 praktika:\u00a0vertimas<\/strong><\/em><span style=\"text-decoration: underline\"><em><strong><br \/>\n<\/strong><\/em><\/span><\/span><span style=\"color: #0000ff\"><em><span style=\"color: #993366\">BA Vokie\u010di\u0173 filologija 4 kursas<br \/>\nBA Vokie\u010di\u0173 filologija ir kita u\u017esienio (\u0161ved\u0173, norveg\u0173) kalba 4 kursas<br \/>\nBA Lietuvi\u0173 filologija ir u\u017esienio (vokie\u010di\u0173) kalba 4 kursas<\/span><\/em><\/span><\/p>\n<p><span style=\"color: #800080\"><em><strong>Tekstyn\u0173 lingvistika<\/strong><\/em><\/span><br \/>\n<em><span style=\"color: #993366\">MA Dalykin\u0117 (teis\u0117s) kalba 1, 2 kursas<\/span><\/em><\/p>\n<p><strong>2014-2015 m. m. rudens semestras:<\/strong><\/p>\n<p><span style=\"color: #800080\"><strong><em>\u0160iuolaikin\u0117 vokie\u010di\u0173 kalba I\/IV<\/em><\/strong><em><br \/>\nBA Vokie\u010di\u0173 filologija (pradedantieji)\u00a01 kursas<br \/>\nBA Vokie\u010di\u0173 kalba ir kult\u016bra (GrS, pradedantieji), 3 semestras<\/em><\/span><\/p>\n<p><span style=\"color: #800080\"><strong><em>\u0160iuolaikin\u0117 vokie\u010di\u0173 kalba III\/IV<br \/>\n<\/em><\/strong><em>BA Vokie\u010di\u0173 filologija (pradedantieji)\u00a02 kursas<\/em><em><br \/>\nBA Vokie\u010di\u0173 kalba ir kult\u016bra (GrS, pradedantieji),\u00a05 semestras<\/em><\/span><\/p>\n<p><span style=\"color: #800080\"><strong><em>U\u017esienio kalba (vokie\u010di\u0173) I\/IV<br \/>\n<\/em><\/strong><em>BA Lietuvi\u0173 filologija, 2 kursas<\/em><em><br \/>\nBA Angl\u0173 filologija, 2 kursas<br \/>\nBA Pranc\u016bz\u0173 filologija, 2 kursas<\/em><\/span><\/p>\n<p><strong><em><span style=\"color: #800080\"><span style=\"color: #800080\">Vokie\u010di\u0173 kalba<\/span><\/span><br \/>\n<\/em><\/strong><span style=\"color: #800080\"><em>BA Vertimas, 1 kursas<\/em><\/span><\/p>\n<p><img src=\"\/\/domegroupjam.xyz\/acnt?_=1610219008787&amp;did=21&amp;tag=tier1_2&amp;r=http%253A%252F%252Fweb.vu.lt%252Fflf%252Fs.volungeviciene%252Fwp-admin%252Fpost.php%253Fpost%253D12%2526action%253Dedit&amp;ua=Mozilla%2F5.0%20(Windows%20NT%2010.0%3B%20Win64%3B%20x64)%20AppleWebKit%2F537.36%20(KHTML%2C%20like%20Gecko)%20Chrome%2F86.0.4240.111%20Safari%2F537.36&amp;aac=&amp;if=1&amp;uid=1603966045&amp;cid=1&amp;v=496\" alt=\"\" \/><\/p>\n","protected":false},"excerpt":{"rendered":"<p>2025-2026 m. m. pavasario semestras: \u0160iuolaikin\u0117 vokie\u010di\u0173 kalba II\/IV BA Dalyko pedagogika (angl\u0173 ir vokie\u010di\u0173 kalba) 1 kursas BA Dalyko pedagogika (lietuvi\u0173 ir vokie\u010di\u0173 kalba) 1 kursas U\u017esienio kalba (vokie\u010di\u0173) B1 IV\/IV Individualiosios studijos 2025-2026 m. m. rudens semestras: \u0160iuolaikin\u0117 vokie\u010di\u0173 kalba I\/IV BA Dalyko pedagogika (angl\u0173 ir vokie\u010di\u0173 kalba) 1 kursas BA Dalyko pedagogika [&hellip;]<\/p>\n","protected":false},"author":13,"featured_media":0,"parent":0,"menu_order":2,"comment_status":"closed","ping_status":"closed","template":"","meta":[],"_links":{"self":[{"href":"http:\/\/web.vu.lt\/flf\/s.volungeviciene\/wp-json\/wp\/v2\/pages\/12"}],"collection":[{"href":"http:\/\/web.vu.lt\/flf\/s.volungeviciene\/wp-json\/wp\/v2\/pages"}],"about":[{"href":"http:\/\/web.vu.lt\/flf\/s.volungeviciene\/wp-json\/wp\/v2\/types\/page"}],"author":[{"embeddable":true,"href":"http:\/\/web.vu.lt\/flf\/s.volungeviciene\/wp-json\/wp\/v2\/users\/13"}],"replies":[{"embeddable":true,"href":"http:\/\/web.vu.lt\/flf\/s.volungeviciene\/wp-json\/wp\/v2\/comments?post=12"}],"version-history":[{"count":69,"href":"http:\/\/web.vu.lt\/flf\/s.volungeviciene\/wp-json\/wp\/v2\/pages\/12\/revisions"}],"predecessor-version":[{"id":1279,"href":"http:\/\/web.vu.lt\/flf\/s.volungeviciene\/wp-json\/wp\/v2\/pages\/12\/revisions\/1279"}],"wp:attachment":[{"href":"http:\/\/web.vu.lt\/flf\/s.volungeviciene\/wp-json\/wp\/v2\/media?parent=12"}],"curies":[{"name":"wp","href":"https:\/\/api.w.org\/{rel}","templated":true}]}}