{"id":2,"date":"2016-09-14T06:39:07","date_gmt":"2016-09-14T08:39:07","guid":{"rendered":"http:\/\/web.vu.lt\/flf\/r.zukiene\/?page_id=2"},"modified":"2016-09-14T06:39:07","modified_gmt":"2016-09-14T08:39:07","slug":"puslapio-pavyzdys","status":"publish","type":"page","link":"http:\/\/web.vu.lt\/flf\/r.zukiene\/puslapio-pavyzdys\/","title":{"rendered":"Puslapio pavyzdys"},"content":{"rendered":"<p>Tai WordPress puslapio pavyzdys. Si\u016blome j\u012f pakeisti ir pateikti \u010dia informacijos apie save ar savo tinklalap\u012f, kad lankytojai \u017einot\u0173, kas j\u016bs esate ir apie k\u0105 galvojate. Galite sukurti kiek norite toki\u0173 puslapi\u0173, susijusi\u0173 hierarchiniais ry\u0161iais, ir tokiu b\u016bdu valdyti vis\u0105 tinklalapio turin\u012f per WordPress.<\/p>\n","protected":false},"excerpt":{"rendered":"<p>Tai WordPress puslapio pavyzdys. Si\u016blome j\u012f pakeisti ir pateikti \u010dia informacijos apie save ar savo tinklalap\u012f, kad lankytojai \u017einot\u0173, kas j\u016bs esate ir apie k\u0105 galvojate. Galite sukurti kiek norite toki\u0173 puslapi\u0173, susijusi\u0173 hierarchiniais ry\u0161iais, ir tokiu b\u016bdu valdyti vis\u0105 tinklalapio turin\u012f per WordPress.<\/p>\n","protected":false},"author":41,"featured_media":0,"parent":0,"menu_order":0,"comment_status":"closed","ping_status":"open","template":"","meta":[],"_links":{"self":[{"href":"http:\/\/web.vu.lt\/flf\/r.zukiene\/wp-json\/wp\/v2\/pages\/2"}],"collection":[{"href":"http:\/\/web.vu.lt\/flf\/r.zukiene\/wp-json\/wp\/v2\/pages"}],"about":[{"href":"http:\/\/web.vu.lt\/flf\/r.zukiene\/wp-json\/wp\/v2\/types\/page"}],"author":[{"embeddable":true,"href":"http:\/\/web.vu.lt\/flf\/r.zukiene\/wp-json\/wp\/v2\/users\/41"}],"replies":[{"embeddable":true,"href":"http:\/\/web.vu.lt\/flf\/r.zukiene\/wp-json\/wp\/v2\/comments?post=2"}],"version-history":[{"count":0,"href":"http:\/\/web.vu.lt\/flf\/r.zukiene\/wp-json\/wp\/v2\/pages\/2\/revisions"}],"wp:attachment":[{"href":"http:\/\/web.vu.lt\/flf\/r.zukiene\/wp-json\/wp\/v2\/media?parent=2"}],"curies":[{"name":"wp","href":"https:\/\/api.w.org\/{rel}","templated":true}]}}