{"id":956,"date":"2026-02-23T14:01:28","date_gmt":"2026-02-23T12:01:28","guid":{"rendered":"https:\/\/web.vu.lt\/flf\/r.jukneviciene\/?page_id=956"},"modified":"2026-02-23T14:05:16","modified_gmt":"2026-02-23T12:05:16","slug":"learner-corpora-and-the-cefr","status":"publish","type":"page","link":"http:\/\/web.vu.lt\/flf\/r.jukneviciene\/?page_id=956","title":{"rendered":"Learner corpora and the CEFR"},"content":{"rendered":"\n<p>Project aims: exploration of corpora of spoken and written learner English to identify CEFR criterial features<\/p>\n<p>Background publication:<\/p>\n<p>Juknevi\u010dien\u0117, R. and I. \u0160e\u0161kauskien\u0117. (2014). The National Examination of English in Lithuania: Searching for Evidence of CEFR Criterial Achievement Levels. <em>Studies About Languages<\/em>, <em>25<\/em>, 88\u201396. <a href=\"https:\/\/doi.org\/10.5755\/j01.sal.0.25.8579\">https:\/\/doi.org\/10.5755\/j01.sal.0.25.8579<\/a><\/p>\n<p>Research group: Rita Juknevi\u010dien\u0117, Vitalija Jankauskait\u0117-Jok\u016bbaitien\u0117, Inesa Gilyt\u0117<\/p>\n","protected":false},"excerpt":{"rendered":"<p>Project aims: exploration of corpora of spoken and written learner English to identify CEFR criterial features Background publication: Juknevi\u010dien\u0117, R. and I. \u0160e\u0161kauskien\u0117. (2014). The National Examination of English in Lithuania: Searching for Evidence of CEFR Criterial Achievement Levels. Studies About Languages, 25, 88\u201396. https:\/\/doi.org\/10.5755\/j01.sal.0.25.8579 Research group: Rita Juknevi\u010dien\u0117, Vitalija Jankauskait\u0117-Jok\u016bbaitien\u0117, Inesa Gilyt\u0117<\/p>\n","protected":false},"author":8,"featured_media":0,"parent":875,"menu_order":-3,"comment_status":"closed","ping_status":"closed","template":"","meta":[],"_links":{"self":[{"href":"http:\/\/web.vu.lt\/flf\/r.jukneviciene\/index.php?rest_route=\/wp\/v2\/pages\/956"}],"collection":[{"href":"http:\/\/web.vu.lt\/flf\/r.jukneviciene\/index.php?rest_route=\/wp\/v2\/pages"}],"about":[{"href":"http:\/\/web.vu.lt\/flf\/r.jukneviciene\/index.php?rest_route=\/wp\/v2\/types\/page"}],"author":[{"embeddable":true,"href":"http:\/\/web.vu.lt\/flf\/r.jukneviciene\/index.php?rest_route=\/wp\/v2\/users\/8"}],"replies":[{"embeddable":true,"href":"http:\/\/web.vu.lt\/flf\/r.jukneviciene\/index.php?rest_route=%2Fwp%2Fv2%2Fcomments&post=956"}],"version-history":[{"count":2,"href":"http:\/\/web.vu.lt\/flf\/r.jukneviciene\/index.php?rest_route=\/wp\/v2\/pages\/956\/revisions"}],"predecessor-version":[{"id":959,"href":"http:\/\/web.vu.lt\/flf\/r.jukneviciene\/index.php?rest_route=\/wp\/v2\/pages\/956\/revisions\/959"}],"up":[{"embeddable":true,"href":"http:\/\/web.vu.lt\/flf\/r.jukneviciene\/index.php?rest_route=\/wp\/v2\/pages\/875"}],"wp:attachment":[{"href":"http:\/\/web.vu.lt\/flf\/r.jukneviciene\/index.php?rest_route=%2Fwp%2Fv2%2Fmedia&parent=956"}],"curies":[{"name":"wp","href":"https:\/\/api.w.org\/{rel}","templated":true}]}}