{"id":938,"date":"2025-11-06T16:56:45","date_gmt":"2025-11-06T14:56:45","guid":{"rendered":"https:\/\/web.vu.lt\/flf\/r.jukneviciene\/?page_id=938"},"modified":"2025-11-28T11:07:42","modified_gmt":"2025-11-28T09:07:42","slug":"locole","status":"publish","type":"page","link":"http:\/\/web.vu.lt\/flf\/r.jukneviciene\/?page_id=938","title":{"rendered":"LOCOLE"},"content":{"rendered":"\n\n\n<p>WORK-IN-PROGRESS<\/p>\n<p>LOCOLE is a longitudinal corpus of learner English developed at the Centre of Multilingual Studies, Faculty of Philology, Vilnius University<\/p>\n<p>Team:<\/p>\n<p>Rita Juknevi\u010dien\u0117, Laura Vilkait\u0117-Lozdien\u0117, Jurga Kasteckien\u0117, Palina Salei<\/p>\n<p>Stages:\u00a0<\/p>\n<p>November 2025: release of the first batch of the corpus<\/p>\n<p>Reference to corpus depository: Juknevi\u010dien\u0117, R., L. Vilkait\u0117-Lozdien\u0117, J. Kasteckien\u0117, J. and P. Salei. 2025.\u00a0<br \/>LOCOLE (Longitudinal Corpus of Learner English), CLARIN-LT digital library in the Republic of Lithuania,<br \/><a title=\"http:\/\/hdl.handle.net\/20.500.11821\/74\" href=\"http:\/\/hdl.handle.net\/20.500.11821\/74\" target=\"_blank\" rel=\"noopener noreferrer\" data-auth=\"NotApplicable\" data-linkindex=\"0\">http:\/\/hdl.handle.net\/20.500.11821\/74<\/a>.<\/p>\n","protected":false},"excerpt":{"rendered":"<p>WORK-IN-PROGRESS LOCOLE is a longitudinal corpus of learner English developed at the Centre of Multilingual Studies, Faculty of Philology, Vilnius University Team: Rita Juknevi\u010dien\u0117, Laura Vilkait\u0117-Lozdien\u0117, Jurga Kasteckien\u0117, Palina Salei Stages:\u00a0 November 2025: release of the first batch of the corpus Reference to corpus depository: Juknevi\u010dien\u0117, R., L. Vilkait\u0117-Lozdien\u0117, J. Kasteckien\u0117, J. and P. Salei. [&hellip;]<\/p>\n","protected":false},"author":8,"featured_media":0,"parent":875,"menu_order":3,"comment_status":"closed","ping_status":"closed","template":"","meta":[],"_links":{"self":[{"href":"http:\/\/web.vu.lt\/flf\/r.jukneviciene\/index.php?rest_route=\/wp\/v2\/pages\/938"}],"collection":[{"href":"http:\/\/web.vu.lt\/flf\/r.jukneviciene\/index.php?rest_route=\/wp\/v2\/pages"}],"about":[{"href":"http:\/\/web.vu.lt\/flf\/r.jukneviciene\/index.php?rest_route=\/wp\/v2\/types\/page"}],"author":[{"embeddable":true,"href":"http:\/\/web.vu.lt\/flf\/r.jukneviciene\/index.php?rest_route=\/wp\/v2\/users\/8"}],"replies":[{"embeddable":true,"href":"http:\/\/web.vu.lt\/flf\/r.jukneviciene\/index.php?rest_route=%2Fwp%2Fv2%2Fcomments&post=938"}],"version-history":[{"count":2,"href":"http:\/\/web.vu.lt\/flf\/r.jukneviciene\/index.php?rest_route=\/wp\/v2\/pages\/938\/revisions"}],"predecessor-version":[{"id":945,"href":"http:\/\/web.vu.lt\/flf\/r.jukneviciene\/index.php?rest_route=\/wp\/v2\/pages\/938\/revisions\/945"}],"up":[{"embeddable":true,"href":"http:\/\/web.vu.lt\/flf\/r.jukneviciene\/index.php?rest_route=\/wp\/v2\/pages\/875"}],"wp:attachment":[{"href":"http:\/\/web.vu.lt\/flf\/r.jukneviciene\/index.php?rest_route=%2Fwp%2Fv2%2Fmedia&parent=938"}],"curies":[{"name":"wp","href":"https:\/\/api.w.org\/{rel}","templated":true}]}}