{"id":85,"date":"2011-10-13T16:28:35","date_gmt":"2011-10-13T13:28:35","guid":{"rendered":"http:\/\/web.vu.lt\/flf\/p.lavrinec\/?page_id=85"},"modified":"2011-10-13T17:37:42","modified_gmt":"2011-10-13T14:37:42","slug":"studijos","status":"publish","type":"page","link":"http:\/\/web.vu.lt\/flf\/p.lavrinec\/studijos\/","title":{"rendered":"Studijos \u25cf \u0423\u0447\u0451\u0431\u0430"},"content":{"rendered":"<p><a title=\"kursini\u0173 darb\u0173 temos\" href=\"http:\/\/web.vu.lt\/flf\/p.lavrinec\/studijos\/temos\/\" target=\"_blank\">Kursinini\u0173 ir baigiam\u0173j\u0173 darb\u0173 temos \u2022 \u0422\u0435\u043c\u044b \u043a\u0443\u0440\u0441\u043e\u0432\u044b\u0445 \u0438 \u0431\u0430\u043a\u0430\u043b\u0430\u0432\u0440\u0441\u043a\u0438\u0445 \u0440\u0430\u0431\u043e\u0442<\/a><\/p>\n<p>Skaitomi dalykai \u2022 \u0427\u0438\u0442\u0430\u0435\u043c\u044b\u0435 \u043a\u0443\u0440\u0441\u044b<\/p>\n","protected":false},"excerpt":{"rendered":"<p>Kursinini\u0173 ir baigiam\u0173j\u0173 darb\u0173 temos \u2022 \u0422\u0435\u043c\u044b \u043a\u0443\u0440\u0441\u043e\u0432\u044b\u0445 \u0438 \u0431\u0430\u043a\u0430\u043b\u0430\u0432\u0440\u0441\u043a\u0438\u0445 \u0440\u0430\u0431\u043e\u0442 Skaitomi dalykai \u2022 \u0427\u0438\u0442\u0430\u0435\u043c\u044b\u0435 \u043a\u0443\u0440\u0441\u044b<\/p>\n","protected":false},"author":25,"featured_media":0,"parent":0,"menu_order":4,"comment_status":"open","ping_status":"open","template":"","meta":[],"_links":{"self":[{"href":"http:\/\/web.vu.lt\/flf\/p.lavrinec\/wp-json\/wp\/v2\/pages\/85"}],"collection":[{"href":"http:\/\/web.vu.lt\/flf\/p.lavrinec\/wp-json\/wp\/v2\/pages"}],"about":[{"href":"http:\/\/web.vu.lt\/flf\/p.lavrinec\/wp-json\/wp\/v2\/types\/page"}],"author":[{"embeddable":true,"href":"http:\/\/web.vu.lt\/flf\/p.lavrinec\/wp-json\/wp\/v2\/users\/25"}],"replies":[{"embeddable":true,"href":"http:\/\/web.vu.lt\/flf\/p.lavrinec\/wp-json\/wp\/v2\/comments?post=85"}],"version-history":[{"count":8,"href":"http:\/\/web.vu.lt\/flf\/p.lavrinec\/wp-json\/wp\/v2\/pages\/85\/revisions"}],"predecessor-version":[{"id":89,"href":"http:\/\/web.vu.lt\/flf\/p.lavrinec\/wp-json\/wp\/v2\/pages\/85\/revisions\/89"}],"wp:attachment":[{"href":"http:\/\/web.vu.lt\/flf\/p.lavrinec\/wp-json\/wp\/v2\/media?parent=85"}],"curies":[{"name":"wp","href":"https:\/\/api.w.org\/{rel}","templated":true}]}}