{"id":63,"date":"2011-10-13T00:11:26","date_gmt":"2011-10-12T21:11:26","guid":{"rendered":"http:\/\/web.vu.lt\/flf\/p.lavrinec\/?page_id=63"},"modified":"2012-10-09T19:49:04","modified_gmt":"2012-10-09T16:49:04","slug":"straipsniai-%e2%97%8f-%d1%81%d1%82%d0%b0%d1%82%d1%8c%d0%b8","status":"publish","type":"page","link":"http:\/\/web.vu.lt\/flf\/p.lavrinec\/mokslas\/publikacijos\/straipsniai-%e2%97%8f-%d1%81%d1%82%d0%b0%d1%82%d1%8c%d0%b8\/","title":{"rendered":"Straipsniai \u25cf \u0421\u0442\u0430\u0442\u044c\u0438"},"content":{"rendered":"<p>Baltai ir slavai: dvasini\u0173 kult\u016br\u0173 sankirtos * \u0411\u0430\u043b\u0442\u044b \u0438 \u0441\u043b\u0430\u0432\u044f\u043d\u0435: \u043f\u0435\u0440\u0435\u0441\u0435\u0447\u0435\u043d\u0438\u044f \u0434\u0443\u0445\u043e\u0432\u043d\u044b\u0445 \u043a\u0443\u043b\u044c\u0442\u0443\u0440. \u041c\u0435\u0436\u0434\u0443\u043d\u0430\u0440\u043e\u0434\u043d\u0430\u044f \u043d\u0430\u0443\u0447\u043d\u0430\u044f \u043a\u043e\u043d\u0444\u0435\u0440\u0435\u043d\u0446\u0438\u044f, \u043f\u043e\u0441\u0432\u044f\u0449\u0435\u043d\u043d\u0430\u044f \u0430\u043a\u0430\u0434\u0435\u043c\u0438\u043a\u0443 \u0412. \u041d. \u0422\u043e\u043f\u043e\u0440\u043e\u0432\u0443. <a href=\"http:\/\/web.vu.lt\/flf\/p.lavrinec\/files\/2011\/10\/Programa.pdf\">\u041f\u0440\u043e\u0433\u0440\u0430\u043c\u043c\u0430<\/a><\/p>\n","protected":false},"excerpt":{"rendered":"<p>Baltai ir slavai: dvasini\u0173 kult\u016br\u0173 sankirtos * \u0411\u0430\u043b\u0442\u044b \u0438 \u0441\u043b\u0430\u0432\u044f\u043d\u0435: \u043f\u0435\u0440\u0435\u0441\u0435\u0447\u0435\u043d\u0438\u044f \u0434\u0443\u0445\u043e\u0432\u043d\u044b\u0445 \u043a\u0443\u043b\u044c\u0442\u0443\u0440. \u041c\u0435\u0436\u0434\u0443\u043d\u0430\u0440\u043e\u0434\u043d\u0430\u044f \u043d\u0430\u0443\u0447\u043d\u0430\u044f \u043a\u043e\u043d\u0444\u0435\u0440\u0435\u043d\u0446\u0438\u044f, \u043f\u043e\u0441\u0432\u044f\u0449\u0435\u043d\u043d\u0430\u044f \u0430\u043a\u0430\u0434\u0435\u043c\u0438\u043a\u0443 \u0412. \u041d. \u0422\u043e\u043f\u043e\u0440\u043e\u0432\u0443. \u041f\u0440\u043e\u0433\u0440\u0430\u043c\u043c\u0430<\/p>\n","protected":false},"author":25,"featured_media":0,"parent":6,"menu_order":0,"comment_status":"closed","ping_status":"open","template":"","meta":[],"_links":{"self":[{"href":"http:\/\/web.vu.lt\/flf\/p.lavrinec\/wp-json\/wp\/v2\/pages\/63"}],"collection":[{"href":"http:\/\/web.vu.lt\/flf\/p.lavrinec\/wp-json\/wp\/v2\/pages"}],"about":[{"href":"http:\/\/web.vu.lt\/flf\/p.lavrinec\/wp-json\/wp\/v2\/types\/page"}],"author":[{"embeddable":true,"href":"http:\/\/web.vu.lt\/flf\/p.lavrinec\/wp-json\/wp\/v2\/users\/25"}],"replies":[{"embeddable":true,"href":"http:\/\/web.vu.lt\/flf\/p.lavrinec\/wp-json\/wp\/v2\/comments?post=63"}],"version-history":[{"count":6,"href":"http:\/\/web.vu.lt\/flf\/p.lavrinec\/wp-json\/wp\/v2\/pages\/63\/revisions"}],"predecessor-version":[{"id":352,"href":"http:\/\/web.vu.lt\/flf\/p.lavrinec\/wp-json\/wp\/v2\/pages\/63\/revisions\/352"}],"up":[{"embeddable":true,"href":"http:\/\/web.vu.lt\/flf\/p.lavrinec\/wp-json\/wp\/v2\/pages\/6"}],"wp:attachment":[{"href":"http:\/\/web.vu.lt\/flf\/p.lavrinec\/wp-json\/wp\/v2\/media?parent=63"}],"curies":[{"name":"wp","href":"https:\/\/api.w.org\/{rel}","templated":true}]}}